{"id":62061,"date":"2020-12-14T09:18:15","date_gmt":"2020-12-14T08:18:15","guid":{"rendered":"https:\/\/ew-nutrition.com\/hayvan-besleme\/"},"modified":"2022-06-20T10:22:21","modified_gmt":"2022-06-20T08:22:21","slug":"animal-nutrition","status":"publish","type":"page","link":"https:\/\/ew-nutrition.com\/tr\/animal-nutrition\/","title":{"rendered":"Hayvan Besleme"},"content":{"rendered":"<section class=\"l-section wpb_row height_small with_img\"><div class=\"l-section-img\" role=\"img\" aria-label=\"ewn header white 1\" data-img-width=\"\" data-img-height=\"\" style=\"background-image: url(https:\/\/ew-nutrition.com\/wp-content\/uploads\/headerimages\/basic-swooshes\/ewn_header_white-1.svg);background-position: bottom center;background-repeat: no-repeat;\"><\/div><div class=\"l-section-h i-cf\"><div class=\"g-cols vc_row via_flex valign_middle type_default stacking_default\"><div class=\"vc_col-sm-6 wpb_column vc_column_container us_animate_afl\"><div class=\"vc_column-inner\"><div class=\"wpb_wrapper\"><nav class=\"g-breadcrumbs us_custom_a46129b6 has_text_color separator_icon align_none\" itemscope itemtype=\"http:\/\/schema.org\/BreadcrumbList\"><div class=\"g-breadcrumbs-item\">Pages<\/div><\/nav><div class=\"ult-spacer spacer-69e5919c8f57c\" data-id=\"69e5919c8f57c\" data-height=\"100\" data-height-mobile=\"40\" data-height-tab=\"40\" data-height-tab-portrait=\"60\" data-height-mobile-landscape=\"40\" style=\"clear:both;display:block;\"><\/div><div class=\"wpb_text_column\"><div class=\"wpb_wrapper\"><h1 style=\"text-align: left;\"><strong>Hayvan Besleme<\/strong>,<br \/>\nhayvan refah\u0131n\u0131n anahtar\u0131<\/h1>\n<\/div><\/div><div class=\"ult-spacer spacer-69e5919c8f7e1\" data-id=\"69e5919c8f7e1\" data-height=\"40\" data-height-mobile=\"20\" data-height-tab=\"30\" data-height-tab-portrait=\"40\" data-height-mobile-landscape=\"20\" style=\"clear:both;display:block;\"><\/div><div class=\"g-cols wpb_row via_flex valign_top type_default stacking_default\"><div class=\"vc_col-sm-12 wpb_column vc_column_container\"><div class=\"vc_column-inner\"><div class=\"wpb_wrapper\"><div class=\"wpb_text_column\"><div class=\"wpb_wrapper\"><h5>Daha fazla \u00fcretkenlik i\u00e7in hedeflenen \u00e7\u00f6z\u00fcmler<\/h5>\n<p>Besleme , hayvan performans\u0131n\u0131n \u00f6nemli bir bile\u015fenidir. Hayvanlar\u0131n beslemesini optimize etmek, onlar\u0131 izlemek ve onlar i\u00e7in temiz ve g\u00fcvenli bir alan yaratmak, sorunlar\u0131 \u00f6nlemenize, performans\u0131 iyile\u015ftirmenize ve nihayetinde karl\u0131l\u0131\u011f\u0131 art\u0131rman\u0131za yard\u0131mc\u0131 olacakt\u0131r.<\/p>\n<\/div><\/div><\/div><\/div><\/div><\/div><div class=\"ult-spacer spacer-69e5919c8fbec\" data-id=\"69e5919c8fbec\" data-height=\"120\" data-height-mobile=\"0\" data-height-tab=\"80\" data-height-tab-portrait=\"80\" data-height-mobile-landscape=\"0\" style=\"clear:both;display:block;\"><\/div><\/div><\/div><\/div><div class=\"vc_col-sm-6 wpb_column vc_column_container us_animate_afc stretched\"><div class=\"vc_column-inner\"><div class=\"wpb_wrapper\"><div class=\"ult-spacer spacer-69e5919c8fc92\" data-id=\"69e5919c8fc92\" data-height=\"40\" data-height-mobile=\"0\" data-height-tab=\"40\" data-height-tab-portrait=\"40\" data-height-mobile-landscape=\"0\" style=\"clear:both;display:block;\"><\/div><div class=\"w-image align_none\"><div class=\"w-image-h\"><img fetchpriority=\"high\" decoding=\"async\" width=\"1856\" height=\"1088\" src=\"https:\/\/ew-nutrition.com\/wp-content\/uploads\/headerimages\/header-graphics\/headervisual_toxin-risk-management.png\" class=\"attachment-full size-full\" alt=\"headervisual toxin risk management\" loading=\"eager\" srcset=\"https:\/\/ew-nutrition.com\/wp-content\/uploads\/headerimages\/header-graphics\/headervisual_toxin-risk-management.png 1856w, https:\/\/ew-nutrition.com\/wp-content\/uploads\/headerimages\/header-graphics\/headervisual_toxin-risk-management-300x176.png 300w, https:\/\/ew-nutrition.com\/wp-content\/uploads\/headerimages\/header-graphics\/headervisual_toxin-risk-management-150x88.png 150w, https:\/\/ew-nutrition.com\/wp-content\/uploads\/headerimages\/header-graphics\/headervisual_toxin-risk-management-120x70.png 120w, https:\/\/ew-nutrition.com\/wp-content\/uploads\/headerimages\/header-graphics\/headervisual_toxin-risk-management-36x21.png 36w, https:\/\/ew-nutrition.com\/wp-content\/uploads\/headerimages\/header-graphics\/headervisual_toxin-risk-management-600x352.png 600w, https:\/\/ew-nutrition.com\/wp-content\/uploads\/headerimages\/header-graphics\/headervisual_toxin-risk-management-225x132.png 225w\" sizes=\"auto, (max-width: 1856px) 100vw, 1856px\" \/><\/div><\/div><div class=\"ult-spacer spacer-69e5919c8ff5e\" data-id=\"69e5919c8ff5e\" data-height=\"0\" data-height-mobile=\"80\" data-height-tab=\"0\" data-height-tab-portrait=\"0\" data-height-mobile-landscape=\"80\" style=\"clear:both;display:block;\"><\/div><\/div><\/div><\/div><\/div><\/div><\/section><!-- Row Backgrounds --><div class=\"upb_color\" data-bg-override=\"0\" data-bg-color=\"#e8e100\" data-fadeout=\"\" data-fadeout-percentage=\"30\" data-parallax-content=\"\" data-parallax-content-sense=\"30\" data-row-effect-mobile-disable=\"true\" data-img-parallax-mobile-disable=\"true\" data-rtl=\"false\"  data-custom-vc-row=\"\"  data-vc=\"8.7.2\"  data-is_old_vc=\"\"  data-theme-support=\"\"   data-overlay=\"false\" data-overlay-color=\"\" data-overlay-pattern=\"\" data-overlay-pattern-opacity=\"\" data-overlay-pattern-size=\"\"    ><\/div><section class=\"l-section wpb_row height_small\" id=\"intro section\"><div class=\"l-section-overlay\" style=\"background:linear-gradient(180deg,#e8e100,#fbf800)\"><\/div><div class=\"l-section-h i-cf\"><div class=\"g-cols vc_row via_flex valign_top type_default stacking_default\"><div class=\"vc_col-sm-12 wpb_column vc_column_container us_animate_afb\" style=\"animation-delay:0.5s\"><div class=\"vc_column-inner\"><div class=\"wpb_wrapper\"><div class=\"ult-spacer spacer-69e5919c9021f\" data-id=\"69e5919c9021f\" data-height=\"100\" data-height-mobile=\"40\" data-height-tab=\"60\" data-height-tab-portrait=\"80\" data-height-mobile-landscape=\"40\" style=\"clear:both;display:block;\"><\/div><div class=\"g-cols wpb_row via_flex valign_top type_default stacking_default\"><div class=\"vc_col-sm-6 wpb_column vc_column_container\"><div class=\"vc_column-inner\"><div class=\"wpb_wrapper\"><div class=\"wpb_text_column\"><div class=\"wpb_wrapper\"><h2><strong>Kar\u015f\u0131la\u015ft\u0131\u011f\u0131n\u0131z zorluklar <\/strong> nelerdir?<br \/>\n<span style=\"color: #ffffff;\"><strong>__________<\/strong><\/span><\/h2>\n<\/div><\/div><\/div><\/div><\/div><div class=\"vc_col-sm-6 wpb_column vc_column_container\"><div class=\"vc_column-inner\"><div class=\"wpb_wrapper\"><div class=\"wpb_text_column\"><div class=\"wpb_wrapper\"><p>Kulland\u0131\u011f\u0131n\u0131z \u00fcretim \u015fekli ne olursa olsun, yol boyunca baz\u0131 zorluklar olacakt\u0131r. T\u00fcre veya cinse \u00f6zg\u00fc sorunlar, \u00f6ng\u00f6r\u00fclemeyen olaylar, tesis i\u00e7i problemler veya d\u0131\u015f fakt\u00f6rler sorun olu\u015fturabilir. Sebep ne olursa olsun, bizler yard\u0131mc\u0131 olmak ve \u00e7\u00f6z\u00fcm \u00fcretmek i\u00e7in buraday\u0131z.<\/p>\n<\/div><\/div><\/div><\/div><\/div><\/div><div class=\"ult-spacer spacer-69e5919c90562\" data-id=\"69e5919c90562\" data-height=\"80\" data-height-mobile=\"20\" data-height-tab=\"40\" data-height-tab-portrait=\"60\" data-height-mobile-landscape=\"20\" style=\"clear:both;display:block;\"><\/div><div class=\"g-cols wpb_row via_flex valign_top type_default stacking_default\"><div class=\"vc_col-sm-4 wpb_column vc_column_container\"><div class=\"vc_column-inner\"><div class=\"wpb_wrapper\"><div class=\"aio-icon-component    style_2\"><a class=\"aio-icon-box-link\" href=\"\/tr\/animal-nutrition\/challenges\/gut-health\/\" ><div id=\"Info-box-wrap-6441\" class=\"aio-icon-box top-icon\" style=\"\"  ><div class=\"aio-icon-top\"><div class=\"ult-just-icon-wrapper  \"><div class=\"align-icon\" style=\"text-align:center;\">\n<div class=\"aio-icon-img \" style=\"font-size:150px;display:inline-block;\" >\n\t<img decoding=\"async\" class=\"img-icon\" alt=\"null\" src=\"https:\/\/ew-nutrition.com\/wp-content\/uploads\/icons\/icons-species_challenges\/icon_program_gut-health-antibiotic-reduction.svg\"\/>\n<\/div><\/div><\/div><\/div><div class=\"aio-icon-description ult-responsive\"  data-ultimate-target='#Info-box-wrap-6441 .aio-icon-description'  data-responsive-json-new='{\"font-size\":\"\",\"line-height\":\"\"}'  style=\"\">\n<h6 style=\"text-align: center;\">Ba\u011f\u0131rsak Sa\u011fl\u0131\u011f\u0131<br \/>\nAntibiyotik Azaltma<\/h6>\n<\/div> <!-- description --><\/div> <!-- aio-icon-box --><\/a><\/div> <!-- aio-icon-component --><div class=\"w-separator size_custom with_line width_50 thick_1 style_solid color_border align_center\" style=\"height:20px\"><div class=\"w-separator-h\"><\/div><\/div><\/div><\/div><\/div><div class=\"vc_col-sm-4 wpb_column vc_column_container\"><div class=\"vc_column-inner\"><div class=\"wpb_wrapper\"><div class=\"aio-icon-component    style_2\"><a class=\"aio-icon-box-link\" href=\"\/tr\/animal-nutrition\/challenges\/toxin-risk-management\/\" ><div id=\"Info-box-wrap-7276\" class=\"aio-icon-box top-icon\" style=\"\"  ><div class=\"aio-icon-top\"><div class=\"ult-just-icon-wrapper  \"><div class=\"align-icon\" style=\"text-align:center;\">\n<div class=\"aio-icon-img \" style=\"font-size:150px;display:inline-block;\" data-animation=\"fadeIn\" data-animation-delay=\"03\">\n\t<img decoding=\"async\" class=\"img-icon\" alt=\"null\" src=\"https:\/\/ew-nutrition.com\/wp-content\/uploads\/icons\/icons-species_challenges\/icon_program_toxin-risk-management.svg\"\/>\n<\/div><\/div><\/div><\/div><div class=\"aio-icon-description ult-responsive\"  data-ultimate-target='#Info-box-wrap-7276 .aio-icon-description'  data-responsive-json-new='{\"font-size\":\"\",\"line-height\":\"\"}'  style=\"\">\n<h6 style=\"text-align: center;\">Toksin Risk<br \/>\nY\u00f6netimi<\/h6>\n<\/div> <!-- description --><\/div> <!-- aio-icon-box --><\/a><\/div> <!-- aio-icon-component --><div class=\"w-separator size_custom with_line width_50 thick_1 style_solid color_border align_center\" style=\"height:20px\"><div class=\"w-separator-h\"><\/div><\/div><\/div><\/div><\/div><div class=\"vc_col-sm-4 wpb_column vc_column_container\"><div class=\"vc_column-inner\"><div class=\"wpb_wrapper\"><div class=\"aio-icon-component    style_2\"><a class=\"aio-icon-box-link\" href=\"\/tr\/animal-nutrition\/challenges\/young-animal-nutrition\/\" ><div id=\"Info-box-wrap-5854\" class=\"aio-icon-box top-icon\" style=\"\"  ><div class=\"aio-icon-top\"><div class=\"ult-just-icon-wrapper  \"><div class=\"align-icon\" style=\"text-align:center;\">\n<div class=\"aio-icon-img \" style=\"font-size:150px;display:inline-block;\" data-animation=\"fadeInUp\" data-animation-delay=\"03\">\n\t<img decoding=\"async\" class=\"img-icon\" alt=\"null\" src=\"https:\/\/ew-nutrition.com\/wp-content\/uploads\/icons\/icons-species_challenges\/icon_program_young-animal-nutrition-2.svg\"\/>\n<\/div><\/div><\/div><\/div><div class=\"aio-icon-description ult-responsive\"  data-ultimate-target='#Info-box-wrap-5854 .aio-icon-description'  data-responsive-json-new='{\"font-size\":\"\",\"line-height\":\"\"}'  style=\"\">\n<h6 style=\"text-align: center;\">Gen\u00e7 Hayvan<br \/>\nBeslenmesi<\/h6>\n<\/div> <!-- description --><\/div> <!-- aio-icon-box --><\/a><\/div> <!-- aio-icon-component --><div class=\"w-separator size_custom with_line width_50 thick_1 style_solid color_border align_center\" style=\"height:20px\"><div class=\"w-separator-h\"><\/div><\/div><\/div><\/div><\/div><\/div><div class=\"ult-spacer spacer-69e5919c90d8c\" data-id=\"69e5919c90d8c\" data-height=\"120\" data-height-mobile=\"40\" data-height-tab=\"60\" data-height-tab-portrait=\"80\" data-height-mobile-landscape=\"40\" style=\"clear:both;display:block;\"><\/div><\/div><\/div><\/div><\/div><\/div><\/section><section class=\"l-section wpb_row height_small color_alternate with_img parallax_fixed\"><div class=\"l-section-img\" role=\"img\" aria-label=\"solutions animal nutrition industry\" data-img-width=\"1920\" data-img-height=\"1080\" style=\"background-image: url(https:\/\/ew-nutrition.com\/wp-content\/uploads\/backgrounds\/brighter\/solutions-animal-nutrition-industry.jpg);\"><\/div><div class=\"l-section-overlay\" style=\"background:linear-gradient(270deg,rgba(150,150,150,0.75),rgba(235,235,235,0.75))\"><\/div><div class=\"l-section-h i-cf\"><div class=\"g-cols vc_row via_flex valign_top type_default stacking_default\"><div class=\"vc_col-sm-12 wpb_column vc_column_container us_animate_afb\"><div class=\"vc_column-inner\"><div class=\"wpb_wrapper\"><div class=\"g-cols wpb_row via_flex valign_top type_default stacking_default\"><div class=\"vc_col-sm-2 wpb_column vc_column_container\"><div class=\"vc_column-inner\"><div class=\"wpb_wrapper\"><\/div><\/div><\/div><div class=\"vc_col-sm-8 wpb_column vc_column_container\"><div class=\"vc_column-inner\"><div class=\"wpb_wrapper\"><div class=\"ult-spacer spacer-69e5919c91113\" data-id=\"69e5919c91113\" data-height=\"100\" data-height-mobile=\"40\" data-height-tab=\"60\" data-height-tab-portrait=\"80\" data-height-mobile-landscape=\"40\" style=\"clear:both;display:block;\"><\/div><div class=\"wpb_text_column\"><div class=\"wpb_wrapper\"><h2 style=\"text-align: center;\"><strong>Hayvan besleme end\u00fcstrisi<\/strong> i\u00e7in \u00e7\u00f6z\u00fcmler<\/h2>\n<\/div><\/div><div class=\"ult-spacer spacer-69e5919c911ff\" data-id=\"69e5919c911ff\" data-height=\"60\" data-height-mobile=\"60\" data-height-tab=\"60\" data-height-tab-portrait=\"\" data-height-mobile-landscape=\"\" style=\"clear:both;display:block;\"><\/div><\/div><\/div><\/div><div class=\"vc_col-sm-2 wpb_column vc_column_container\"><div class=\"vc_column-inner\"><div class=\"wpb_wrapper\"><\/div><\/div><\/div><\/div><div class=\"g-cols wpb_row via_flex valign_top type_default stacking_default\"><div class=\"vc_col-sm-6 wpb_column vc_column_container\"><div class=\"vc_column-inner\"><div class=\"wpb_wrapper\"><div class=\"w-flipbox white-flip animation_cubeflip direction_w\"><div class=\"w-flipbox-h easing_ease\" style=\"transition-duration:0.5s;\"><div class=\"w-flipbox-hh\"><div class=\"w-flipbox-front us_custom_53defef0\" style=\"background:#ffffff;color:#282828;\"><div class=\"w-flipbox-front-h\"><h2 class=\"w-flipbox-front-title\">Kanatl\u0131<\/h2><div class=\"w-flipbox-front-icon type_image\" style=\"width:150px;\"><img decoding=\"async\" width=\"280\" height=\"280\" src=\"https:\/\/ew-nutrition.com\/wp-content\/uploads\/icons\/icons-species_challenges\/icon-poultry-300x300.png\" class=\"attachment-medium size-medium\" alt=\"icon poultry\" srcset=\"https:\/\/ew-nutrition.com\/wp-content\/uploads\/icons\/icons-species_challenges\/icon-poultry-300x300.png 300w, https:\/\/ew-nutrition.com\/wp-content\/uploads\/icons\/icons-species_challenges\/icon-poultry-150x150.png 150w, https:\/\/ew-nutrition.com\/wp-content\/uploads\/icons\/icons-species_challenges\/icon-poultry-120x120.png 120w, https:\/\/ew-nutrition.com\/wp-content\/uploads\/icons\/icons-species_challenges\/icon-poultry-36x36.png 36w, https:\/\/ew-nutrition.com\/wp-content\/uploads\/icons\/icons-species_challenges\/icon-poultry-225x225.png 225w, https:\/\/ew-nutrition.com\/wp-content\/uploads\/icons\/icons-species_challenges\/icon-poultry-80x80.png 80w, https:\/\/ew-nutrition.com\/wp-content\/uploads\/icons\/icons-species_challenges\/icon-poultry-48x48.png 48w, https:\/\/ew-nutrition.com\/wp-content\/uploads\/icons\/icons-species_challenges\/icon-poultry-64x64.png 64w, https:\/\/ew-nutrition.com\/wp-content\/uploads\/icons\/icons-species_challenges\/icon-poultry-28x28.png 28w, https:\/\/ew-nutrition.com\/wp-content\/uploads\/icons\/icons-species_challenges\/icon-poultry-50x50.png 50w, https:\/\/ew-nutrition.com\/wp-content\/uploads\/icons\/icons-species_challenges\/icon-poultry.png 750w\" sizes=\"(max-width: 280px) 100vw, 280px\" loading=\"eager\" \/><\/div><div class=\"w-flipbox-front-desc\"><p>DAHA<\/p>\n<\/div><\/div><\/div><div class=\"w-flipbox-back us_custom_53defef0\" style=\"display:none;background:linear-gradient(103deg, #E8E100 0%, #FBF800 100%);color:#282828;\"><div class=\"w-flipbox-back-h\"><h2 class=\"w-flipbox-back-title\">Kanatl\u0131<\/h2><div class=\"w-flipbox-back-desc\"><p>Ba\u011f\u0131rsak sa\u011fl\u0131\u011f\u0131, v\u00fccut a\u011f\u0131rl\u0131\u011f\u0131 art\u0131\u015f\u0131, hastal\u0131klar\u0131 \u00f6nleme, performans ve daha fazlas\u0131 i\u00e7in \u00e7\u00f6z\u00fcmler<\/p>\n<\/div><a href=\"\/tr\/animal-nutrition\/species\/poultry\/\" class=\"w-btn us-btn-style_9\"><span class=\"w-btn-label\">DAHA FAZLA B\u0130LG\u0130<\/span><\/a><\/div><\/div><div class=\"w-flipbox-yflank\" style=\"display:none;background:#f0f0f0;\"><\/div><\/div><\/div><\/div><\/div><\/div><\/div><div class=\"vc_col-sm-6 wpb_column vc_column_container\"><div class=\"vc_column-inner\"><div class=\"wpb_wrapper\"><div class=\"w-flipbox white-flip animation_cubeflip direction_w\"><div class=\"w-flipbox-h easing_ease\" style=\"transition-duration:0.5s;\"><div class=\"w-flipbox-hh\"><div class=\"w-flipbox-front us_custom_53defef0\" style=\"background:#ffffff;color:#282828;\"><div class=\"w-flipbox-front-h\"><h2 class=\"w-flipbox-front-title\">Ruminant<\/h2><div class=\"w-flipbox-front-icon type_image\" style=\"width:150px;\"><img decoding=\"async\" width=\"280\" height=\"280\" src=\"https:\/\/ew-nutrition.com\/wp-content\/uploads\/icons\/icons-species_challenges\/icon-ruminants-300x300.png\" class=\"attachment-medium size-medium\" alt=\"icon ruminants\" srcset=\"https:\/\/ew-nutrition.com\/wp-content\/uploads\/icons\/icons-species_challenges\/icon-ruminants-300x300.png 300w, https:\/\/ew-nutrition.com\/wp-content\/uploads\/icons\/icons-species_challenges\/icon-ruminants-150x150.png 150w, https:\/\/ew-nutrition.com\/wp-content\/uploads\/icons\/icons-species_challenges\/icon-ruminants-120x120.png 120w, https:\/\/ew-nutrition.com\/wp-content\/uploads\/icons\/icons-species_challenges\/icon-ruminants-36x36.png 36w, https:\/\/ew-nutrition.com\/wp-content\/uploads\/icons\/icons-species_challenges\/icon-ruminants-225x225.png 225w, https:\/\/ew-nutrition.com\/wp-content\/uploads\/icons\/icons-species_challenges\/icon-ruminants-80x80.png 80w, https:\/\/ew-nutrition.com\/wp-content\/uploads\/icons\/icons-species_challenges\/icon-ruminants-48x48.png 48w, https:\/\/ew-nutrition.com\/wp-content\/uploads\/icons\/icons-species_challenges\/icon-ruminants-64x64.png 64w, https:\/\/ew-nutrition.com\/wp-content\/uploads\/icons\/icons-species_challenges\/icon-ruminants-28x28.png 28w, https:\/\/ew-nutrition.com\/wp-content\/uploads\/icons\/icons-species_challenges\/icon-ruminants-50x50.png 50w, https:\/\/ew-nutrition.com\/wp-content\/uploads\/icons\/icons-species_challenges\/icon-ruminants.png 750w\" sizes=\"(max-width: 280px) 100vw, 280px\" loading=\"eager\" \/><\/div><div class=\"w-flipbox-front-desc\"><p>DAHA<\/p>\n<\/div><\/div><\/div><div class=\"w-flipbox-back us_custom_53defef0\" style=\"display:none;background:linear-gradient(103deg, #E8E100 0%, #FBF800 100%);color:#282828;\"><div class=\"w-flipbox-back-h\"><h2 class=\"w-flipbox-back-title\">Ruminant<\/h2><div class=\"w-flipbox-back-desc\"><p>Rumen dengesi, yem verimlili\u011fi ve daha fazlas\u0131 i\u00e7in destek<\/p>\n<\/div><a href=\"\/tr\/animal-nutrition\/species\/ruminants\/\" class=\"w-btn us-btn-style_9\"><span class=\"w-btn-label\">DAHA FAZLA B\u0130LG\u0130<\/span><\/a><\/div><\/div><div class=\"w-flipbox-yflank\" style=\"display:none;background:#f0f0f0;\"><\/div><\/div><\/div><\/div><\/div><\/div><\/div><\/div><div class=\"ult-spacer spacer-69e5919c918d5\" data-id=\"69e5919c918d5\" data-height=\"80\" data-height-mobile=\"40\" data-height-tab=\"60\" data-height-tab-portrait=\"80\" data-height-mobile-landscape=\"40\" style=\"clear:both;display:block;\"><\/div><div class=\"g-cols wpb_row us_custom_ff2487b6 via_flex valign_top type_boxes stacking_default\"><div class=\"vc_col-sm-2 wpb_column vc_column_container\"><div class=\"vc_column-inner\"><div class=\"wpb_wrapper\"><\/div><\/div><\/div><div class=\"vc_col-sm-8 wpb_column vc_column_container us_animate_afb\"><div class=\"vc_column-inner\"><div class=\"wpb_wrapper\"><div class=\"wpb_text_column\"><div class=\"wpb_wrapper\"><h2 style=\"text-align: center;\"><strong>\u00dcr\u00fcnlerimiz<\/strong><\/h2>\n<\/div><\/div><div class=\"ult-spacer spacer-69e5919c91b23\" data-id=\"69e5919c91b23\" data-height=\"10\" data-height-mobile=\"10\" data-height-tab=\"10\" data-height-tab-portrait=\"\" data-height-mobile-landscape=\"\" style=\"clear:both;display:block;\"><\/div><div class=\"wpb_text_column\"><div class=\"wpb_wrapper\"><p style=\"text-align: center;\">Genel olarak bak\u0131ld\u0131\u011f\u0131nda k\u00fcmes hayvanlar\u0131, domuz ve ruminantlar\u0131n refah\u0131na y\u00f6nelik geni\u015f \u00fcr\u00fcn yelpazemiz ile her zaman yan\u0131n\u0131zday\u0131z. Tek ba\u015f\u0131na veya daha da iyisi kombine edilerek geni\u015f -letilmi\u015f kullan\u0131m program\u0131 teklifleri, operasyonunuza \u00f6l\u00e7\u00fclebilir faydalar sa\u011flayacakt\u0131r.<\/p>\n<\/div><\/div><div class=\"ult-spacer spacer-69e5919c91bdf\" data-id=\"69e5919c91bdf\" data-height=\"10\" data-height-mobile=\"10\" data-height-tab=\"10\" data-height-tab-portrait=\"\" data-height-mobile-landscape=\"\" style=\"clear:both;display:block;\"><\/div><div class=\"w-btn-wrapper align_center\"><a class=\"w-btn us-btn-style_1\" href=\"\/tr\/animal-nutrition\/products\/\"><span class=\"w-btn-label\">\u00dcr\u00fcnlerimizi inceleyin<\/span><\/a><\/div><\/div><\/div><\/div><div class=\"vc_col-sm-2 wpb_column vc_column_container\"><div class=\"vc_column-inner\"><div class=\"wpb_wrapper\"><\/div><\/div><\/div><\/div><div class=\"ult-spacer spacer-69e5919c91d74\" data-id=\"69e5919c91d74\" data-height=\"120\" data-height-mobile=\"40\" data-height-tab=\"60\" data-height-tab-portrait=\"80\" data-height-mobile-landscape=\"40\" style=\"clear:both;display:block;\"><\/div><\/div><\/div><\/div><\/div><\/div><\/section><!-- Row Backgrounds -->\n","protected":false},"excerpt":{"rendered":"PagesHayvan Besleme, hayvan refah\u0131n\u0131n anahtar\u0131 Daha fazla \u00fcretkenlik i\u00e7in hedeflenen \u00e7\u00f6z\u00fcmler Besleme , hayvan performans\u0131n\u0131n \u00f6nemli bir bile\u015fenidir. Hayvanlar\u0131n beslemesini optimize etmek, onlar\u0131 izlemek ve onlar i\u00e7in temiz ve g\u00fcvenli bir alan yaratmak, sorunlar\u0131 \u00f6nlemenize, performans\u0131 iyile\u015ftirmenize ve nihayetinde karl\u0131l\u0131\u011f\u0131 art\u0131rman\u0131za yard\u0131mc\u0131 olacakt\u0131r. Kar\u015f\u0131la\u015ft\u0131\u011f\u0131n\u0131z zorluklar nelerdir? __________ Kulland\u0131\u011f\u0131n\u0131z \u00fcretim \u015fekli ne olursa olsun, yol boyunca...","protected":false},"author":8,"featured_media":0,"parent":0,"menu_order":0,"comment_status":"closed","ping_status":"closed","template":"","meta":{"_acf_changed":false,"footnotes":""},"class_list":["post-62061","page","type-page","status-publish","hentry"],"acf":[],"yoast_head":"<!-- This site is optimized with the Yoast SEO Premium plugin v26.5 (Yoast SEO v27.4) - https:\/\/yoast.com\/product\/yoast-seo-premium-wordpress\/ -->\n<title>Hayvan Besleme - EW Nutrition<\/title>\n<meta name=\"robots\" content=\"index, follow, max-snippet:-1, max-image-preview:large, max-video-preview:-1\" \/>\n<link rel=\"canonical\" href=\"https:\/\/ew-nutrition.com\/tr\/animal-nutrition\/\" \/>\n<meta property=\"og:locale\" content=\"tr_TR\" \/>\n<meta property=\"og:type\" content=\"article\" \/>\n<meta property=\"og:title\" content=\"Hayvan Besleme\" \/>\n<meta property=\"og:url\" content=\"https:\/\/ew-nutrition.com\/tr\/animal-nutrition\/\" \/>\n<meta property=\"og:site_name\" content=\"EW Nutrition\" \/>\n<meta property=\"article:modified_time\" content=\"2022-06-20T08:22:21+00:00\" \/>\n<meta name=\"twitter:card\" content=\"summary_large_image\" \/>\n<meta name=\"twitter:site\" content=\"@EWNutritionGmbH\" \/>\n<meta name=\"twitter:label1\" content=\"Est. reading time\" \/>\n\t<meta name=\"twitter:data1\" content=\"2 minutes\" \/>\n<!-- \/ Yoast SEO Premium plugin. -->","yoast_head_json":{"title":"Hayvan Besleme - EW Nutrition","robots":{"index":"index","follow":"follow","max-snippet":"max-snippet:-1","max-image-preview":"max-image-preview:large","max-video-preview":"max-video-preview:-1"},"canonical":"https:\/\/ew-nutrition.com\/tr\/animal-nutrition\/","og_locale":"tr_TR","og_type":"article","og_title":"Hayvan Besleme","og_url":"https:\/\/ew-nutrition.com\/tr\/animal-nutrition\/","og_site_name":"EW Nutrition","article_modified_time":"2022-06-20T08:22:21+00:00","twitter_card":"summary_large_image","twitter_site":"@EWNutritionGmbH","twitter_misc":{"Est. reading time":"2 minutes"},"schema":{"@context":"https:\/\/schema.org","@graph":[{"@type":"WebPage","@id":"https:\/\/ew-nutrition.com\/tr\/animal-nutrition\/","url":"https:\/\/ew-nutrition.com\/tr\/animal-nutrition\/","name":"Hayvan Besleme - EW Nutrition","isPartOf":{"@id":"https:\/\/ew-nutrition.com\/#website"},"datePublished":"2020-12-14T08:18:15+00:00","dateModified":"2022-06-20T08:22:21+00:00","breadcrumb":{"@id":"https:\/\/ew-nutrition.com\/tr\/animal-nutrition\/#breadcrumb"},"inLanguage":"tr","potentialAction":[{"@type":"ReadAction","target":["https:\/\/ew-nutrition.com\/tr\/animal-nutrition\/"]}]},{"@type":"BreadcrumbList","@id":"https:\/\/ew-nutrition.com\/tr\/animal-nutrition\/#breadcrumb","itemListElement":[{"@type":"ListItem","position":1,"name":"Home","item":"https:\/\/ew-nutrition.com\/tr\/"},{"@type":"ListItem","position":2,"name":"Hayvan Besleme"}]},{"@type":"WebSite","@id":"https:\/\/ew-nutrition.com\/#website","url":"https:\/\/ew-nutrition.com\/","name":"EW Nutrition","description":"Functional Innovations backed by Science","publisher":{"@id":"https:\/\/ew-nutrition.com\/#organization"},"potentialAction":[{"@type":"SearchAction","target":{"@type":"EntryPoint","urlTemplate":"https:\/\/ew-nutrition.com\/?s={search_term_string}"},"query-input":{"@type":"PropertyValueSpecification","valueRequired":true,"valueName":"search_term_string"}}],"inLanguage":"tr"},{"@type":"Organization","@id":"https:\/\/ew-nutrition.com\/#organization","name":"EW Nutrition GmbH","url":"https:\/\/ew-nutrition.com\/","logo":{"@type":"ImageObject","inLanguage":"tr","@id":"https:\/\/ew-nutrition.com\/#\/schema\/logo\/image\/","url":"","contentUrl":"","caption":"EW Nutrition GmbH"},"image":{"@id":"https:\/\/ew-nutrition.com\/#\/schema\/logo\/image\/"},"sameAs":["https:\/\/x.com\/EWNutritionGmbH","https:\/\/www.instagram.com\/ewnutrition\/","https:\/\/www.linkedin.com\/company\/ew-nutrition","https:\/\/www.youtube.com\/channel\/UCIvcb19uSOJXrUecTY8n_dA"]}]}},"_links":{"self":[{"href":"https:\/\/ew-nutrition.com\/tr\/wp-json\/wp\/v2\/pages\/62061","targetHints":{"allow":["GET"]}}],"collection":[{"href":"https:\/\/ew-nutrition.com\/tr\/wp-json\/wp\/v2\/pages"}],"about":[{"href":"https:\/\/ew-nutrition.com\/tr\/wp-json\/wp\/v2\/types\/page"}],"author":[{"embeddable":true,"href":"https:\/\/ew-nutrition.com\/tr\/wp-json\/wp\/v2\/users\/8"}],"replies":[{"embeddable":true,"href":"https:\/\/ew-nutrition.com\/tr\/wp-json\/wp\/v2\/comments?post=62061"}],"version-history":[{"count":0,"href":"https:\/\/ew-nutrition.com\/tr\/wp-json\/wp\/v2\/pages\/62061\/revisions"}],"wp:attachment":[{"href":"https:\/\/ew-nutrition.com\/tr\/wp-json\/wp\/v2\/media?parent=62061"}],"curies":[{"name":"wp","href":"https:\/\/api.w.org\/{rel}","templated":true}]}}