{"id":62057,"date":"2020-12-14T09:18:10","date_gmt":"2020-12-14T08:18:10","guid":{"rendered":"https:\/\/ew-nutrition.com\/hakkimizda\/"},"modified":"2020-12-17T10:11:40","modified_gmt":"2020-12-17T09:11:40","slug":"about-us","status":"publish","type":"page","link":"https:\/\/ew-nutrition.com\/tr\/about-us\/","title":{"rendered":"Hakk\u0131m\u0131zda"},"content":{"rendered":"<section class=\"l-section wpb_row height_small with_img\"><div class=\"l-section-img\" role=\"img\" aria-label=\"ewn header yellow 1\" data-img-width=\"\" data-img-height=\"\" style=\"background-image: url(https:\/\/ew-nutrition.com\/wp-content\/uploads\/headerimages\/basic-swooshes\/ewn_header_yellow-1.svg);background-position: bottom center;background-repeat: no-repeat;\"><\/div><div class=\"l-section-h i-cf\"><div class=\"g-cols vc_row via_flex valign_top type_default stacking_default\"><div class=\"vc_col-sm-6 wpb_column vc_column_container us_animate_afl\" style=\"animation-delay:0.5s\"><div class=\"vc_column-inner\"><div class=\"wpb_wrapper\"><nav class=\"g-breadcrumbs us_custom_a46129b6 has_text_color separator_icon align_none\" itemscope itemtype=\"http:\/\/schema.org\/BreadcrumbList\"><div class=\"g-breadcrumbs-item\">Pages<\/div><\/nav><div class=\"ult-spacer spacer-69d765623732c\" data-id=\"69d765623732c\" data-height=\"100\" data-height-mobile=\"40\" data-height-tab=\"40\" data-height-tab-portrait=\"60\" data-height-mobile-landscape=\"40\" style=\"clear:both;display:block;\"><\/div><div class=\"wpb_text_column\"><div class=\"wpb_wrapper\"><h1><strong>Hakk\u0131m\u0131zdaki ger\u00e7ekler <\/strong><\/h1>\n<\/div><\/div><div class=\"ult-spacer spacer-69d765623768d\" data-id=\"69d765623768d\" data-height=\"40\" data-height-mobile=\"20\" data-height-tab=\"30\" data-height-tab-portrait=\"40\" data-height-mobile-landscape=\"20\" style=\"clear:both;display:block;\"><\/div><div class=\"wpb_text_column\"><div class=\"wpb_wrapper\"><h5>Uzman deste\u011fiyle \u00f6l\u00e7\u00fclebilir avantajlar.<\/h5>\n<p>EW Nutrition s\u00fcreklilik arzeden ,\u00f6ng\u00f6r\u00fclebilir, s\u00fcrd\u00fcr\u00fclebilir b\u00fcy\u00fcme i\u00e7in sizi ve i\u015finizi desteklemek \u00fczerine kurulmu\u015ftur.<\/p>\n<\/div><\/div><div class=\"ult-spacer spacer-69d76562377c2\" data-id=\"69d76562377c2\" data-height=\"120\" data-height-mobile=\"0\" data-height-tab=\"80\" data-height-tab-portrait=\"80\" data-height-mobile-landscape=\"0\" style=\"clear:both;display:block;\"><\/div><\/div><\/div><\/div><div class=\"vc_col-sm-6 wpb_column vc_column_container us_animate_afc stretched\" style=\"animation-delay:0.25s\"><div class=\"vc_column-inner\"><div class=\"wpb_wrapper\"><div class=\"ult-spacer spacer-69d76562378da\" data-id=\"69d76562378da\" data-height=\"40\" data-height-mobile=\"0\" data-height-tab=\"40\" data-height-tab-portrait=\"40\" data-height-mobile-landscape=\"0\" style=\"clear:both;display:block;\"><\/div><div class=\"w-image align_center\"><div class=\"w-image-h\"><img fetchpriority=\"high\" decoding=\"async\" width=\"1856\" height=\"1088\" src=\"https:\/\/ew-nutrition.com\/wp-content\/uploads\/headerimages\/header-graphics\/headervisual_ewn.png\" class=\"attachment-full size-full\" alt=\"headervisual ewn\" loading=\"eager\" srcset=\"https:\/\/ew-nutrition.com\/wp-content\/uploads\/headerimages\/header-graphics\/headervisual_ewn.png 1856w, https:\/\/ew-nutrition.com\/wp-content\/uploads\/headerimages\/header-graphics\/headervisual_ewn-300x176.png 300w, https:\/\/ew-nutrition.com\/wp-content\/uploads\/headerimages\/header-graphics\/headervisual_ewn-150x88.png 150w, https:\/\/ew-nutrition.com\/wp-content\/uploads\/headerimages\/header-graphics\/headervisual_ewn-120x70.png 120w, https:\/\/ew-nutrition.com\/wp-content\/uploads\/headerimages\/header-graphics\/headervisual_ewn-36x21.png 36w, https:\/\/ew-nutrition.com\/wp-content\/uploads\/headerimages\/header-graphics\/headervisual_ewn-600x352.png 600w, https:\/\/ew-nutrition.com\/wp-content\/uploads\/headerimages\/header-graphics\/headervisual_ewn-225x132.png 225w\" sizes=\"auto, (max-width: 1856px) 100vw, 1856px\" \/><\/div><\/div><div class=\"ult-spacer spacer-69d7656237f14\" data-id=\"69d7656237f14\" data-height=\"0\" data-height-mobile=\"80\" data-height-tab=\"0\" data-height-tab-portrait=\"0\" data-height-mobile-landscape=\"80\" style=\"clear:both;display:block;\"><\/div><\/div><\/div><\/div><\/div><\/div><\/section><section class=\"l-section wpb_row height_small\"><div class=\"l-section-h i-cf\"><div class=\"g-cols vc_row via_flex valign_top type_default stacking_default\"><div class=\"vc_col-sm-12 wpb_column vc_column_container us_animate_fade\" style=\"animation-delay:0.75s\"><div class=\"vc_column-inner\"><div class=\"wpb_wrapper\"><div class=\"ult-spacer spacer-69d7656238315\" data-id=\"69d7656238315\" data-height=\"100\" data-height-mobile=\"40\" data-height-tab=\"60\" data-height-tab-portrait=\"80\" data-height-mobile-landscape=\"40\" style=\"clear:both;display:block;\"><\/div><div class=\"g-cols wpb_row via_flex valign_top type_default stacking_default\"><div class=\"vc_col-sm-6 wpb_column vc_column_container\"><div class=\"vc_column-inner\"><div class=\"wpb_wrapper\"><div class=\"wpb_text_column\"><div class=\"wpb_wrapper\"><h2>Zorluklar\u0131n\u0131z, <strong>avantajlar\u0131n\u0131z<\/strong>, k\u00e2r\u0131n\u0131z<br \/>\n<span style=\"color: #e8e100;\"><strong>__________<\/strong><\/span><\/h2>\n<\/div><\/div><\/div><\/div><\/div><div class=\"vc_col-sm-6 wpb_column vc_column_container\"><div class=\"vc_column-inner\"><div class=\"wpb_wrapper\"><div class=\"wpb_text_column\"><div class=\"wpb_wrapper\"><p><strong>Do\u011fru besleme sayesinde daha iyi sa\u011fl\u0131k, refah ve kazan\u00e7.<\/strong> Sizler ve d\u00fcnya i\u00e7in iyi olan d\u00fcr\u00fcst uygulamalarla sa\u011flam, tutarl\u0131, karl\u0131 bir i\u015f kurman\u0131z i\u00e7in en yak\u0131n orta\u011f\u0131n\u0131z\u0131z.<\/p>\n<\/div><\/div><div class=\"ult-spacer spacer-69d76562389f5\" data-id=\"69d76562389f5\" data-height=\"20\" data-height-mobile=\"20\" data-height-tab=\"20\" data-height-tab-portrait=\"20\" data-height-mobile-landscape=\"20\" style=\"clear:both;display:block;\"><\/div><div class=\"w-btn-wrapper align_none\"><a class=\"w-btn us-btn-style_1\" href=\"\/tr\/about-us\/company\/\"><span class=\"w-btn-label\">\u015eirketimiz<\/span><\/a><\/div><\/div><\/div><\/div><\/div><div class=\"ult-spacer spacer-69d7656238bb2\" data-id=\"69d7656238bb2\" data-height=\"120\" data-height-mobile=\"40\" data-height-tab=\"60\" data-height-tab-portrait=\"80\" data-height-mobile-landscape=\"40\" style=\"clear:both;display:block;\"><\/div><\/div><\/div><\/div><\/div><\/div><\/section><section class=\"l-section wpb_row height_small with_img parallax_fixed\"><div class=\"l-section-img\" role=\"img\" aria-label=\"career meeting\" data-img-width=\"1920\" data-img-height=\"1080\" style=\"background-image: url(https:\/\/ew-nutrition.com\/wp-content\/uploads\/backgrounds\/brighter\/career_meeting.jpg);background-repeat: no-repeat;\"><\/div><div class=\"l-section-overlay\" style=\"background:var(--color-content-overlay)\"><\/div><div class=\"l-section-h i-cf\"><div class=\"g-cols vc_row via_flex valign_top type_default stacking_default\"><div class=\"vc_col-sm-2 wpb_column vc_column_container\"><div class=\"vc_column-inner\"><div class=\"wpb_wrapper\"><\/div><\/div><\/div><div class=\"vc_col-sm-8 wpb_column vc_column_container\"><div class=\"vc_column-inner\"><div class=\"wpb_wrapper\"><div class=\"ult-spacer spacer-69d7656239097\" data-id=\"69d7656239097\" data-height=\"100\" data-height-mobile=\"40\" data-height-tab=\"60\" data-height-tab-portrait=\"80\" data-height-mobile-landscape=\"40\" style=\"clear:both;display:block;\"><\/div><div class=\"wpb_text_column us_custom_6df4bc3a has_text_color\"><div class=\"wpb_wrapper\"><h1 style=\"text-align: center;\"><span style=\"color: #ffffff;\">Global ekibimize <strong>kat\u0131l\u0131n<\/strong><\/span><\/h1>\n<\/div><\/div><div class=\"ult-spacer spacer-69d76562391f3\" data-id=\"69d76562391f3\" data-height=\"40\" data-height-mobile=\"20\" data-height-tab=\"20\" data-height-tab-portrait=\"40\" data-height-mobile-landscape=\"20\" style=\"clear:both;display:block;\"><\/div><div class=\"wpb_text_column us_custom_6df4bc3a has_text_color\"><div class=\"wpb_wrapper\"><p style=\"text-align: center;\">Hayvansal \u00fcretim end\u00fcstrisinin nabz\u0131n\u0131 tutan ve de\u011fer odakl\u0131 b\u00fcy\u00fcme g\u00f6z\u00fcyle hareket eden h\u0131rsl\u0131 bir profesyonel misiniz?<\/p>\n<\/div><\/div><div class=\"wpb_text_column us_custom_6df4bc3a has_text_color\"><div class=\"wpb_wrapper\"><p style=\"text-align: center;\">D\u00fcnyay\u0131 kurtarmaya hevesli ve \/ veya hayvan beslemesini anlamaya istekli bir \u00f6\u011frenci misiniz?<\/p>\n<\/div><\/div><div class=\"wpb_text_column us_custom_6df4bc3a has_text_color\"><div class=\"wpb_wrapper\"><p style=\"text-align: center;\">\u00dcniversiteden yeni mezun oldunuz ve \u015firketlerin yenilik\u00e7i ve m\u00fc\u015fteri odakl\u0131 \u00e7al\u0131\u015fmas\u0131yla ne kadar g\u00fc\u00e7l\u00fc k\u00e2r sa\u011flad\u0131\u011f\u0131n\u0131 \u00f6\u011frenmek mi istiyorsunuz?<\/p>\n<p style=\"text-align: center;\"><strong>Her iki durumda da arad\u0131\u011f\u0131n\u0131z pozisyon bizde olabilir.<\/strong><\/p>\n<\/div><\/div><div class=\"ult-spacer spacer-69d7656239530\" data-id=\"69d7656239530\" data-height=\"40\" data-height-mobile=\"20\" data-height-tab=\"20\" data-height-tab-portrait=\"40\" data-height-mobile-landscape=\"20\" style=\"clear:both;display:block;\"><\/div><div class=\"w-btn-wrapper align_center\"><a class=\"w-btn us-btn-style_1\" href=\"\/tr\/about-us\/career\/\"><span class=\"w-btn-label\">Daha fazlas\u0131n\u0131 bul<\/span><\/a><\/div><div class=\"ult-spacer spacer-69d76562395de\" data-id=\"69d76562395de\" data-height=\"120\" data-height-mobile=\"40\" data-height-tab=\"60\" data-height-tab-portrait=\"80\" data-height-mobile-landscape=\"40\" style=\"clear:both;display:block;\"><\/div><div class=\"ult-spacer spacer-69d7656239601\" data-id=\"69d7656239601\" data-height=\"120\" data-height-mobile=\"40\" data-height-tab=\"60\" data-height-tab-portrait=\"80\" data-height-mobile-landscape=\"40\" style=\"clear:both;display:block;\"><\/div><\/div><\/div><\/div><div class=\"vc_col-sm-2 wpb_column vc_column_container\"><div class=\"vc_column-inner\"><div class=\"wpb_wrapper\"><\/div><\/div><\/div><\/div><\/div><\/section><section class=\"l-section wpb_row height_small\"><div class=\"l-section-h i-cf\"><div class=\"g-cols vc_row via_flex valign_top type_default stacking_default\"><div class=\"vc_col-sm-12 wpb_column vc_column_container\"><div class=\"vc_column-inner\"><div class=\"wpb_wrapper\"><div class=\"ult-spacer spacer-69d765623997c\" data-id=\"69d765623997c\" data-height=\"100\" data-height-mobile=\"40\" data-height-tab=\"60\" data-height-tab-portrait=\"80\" data-height-mobile-landscape=\"40\" style=\"clear:both;display:block;\"><\/div><div class=\"g-cols wpb_row via_flex valign_top type_default stacking_default\"><div class=\"vc_col-sm-3 wpb_column vc_column_container\"><div class=\"vc_column-inner\"><div class=\"wpb_wrapper\"><\/div><\/div><\/div><div class=\"vc_col-sm-6 wpb_column vc_column_container\"><div class=\"vc_column-inner\"><div class=\"wpb_wrapper\"><div class=\"wpb_text_column\"><div class=\"wpb_wrapper\"><h2 style=\"text-align: center;\"><strong>Bize<\/strong> ula\u015f\u0131n<\/h2>\n<\/div><\/div><div class=\"wpb_text_column\"><div class=\"wpb_wrapper\"><p style=\"text-align: center;\">Spesifik durumunuzu hedef alan s\u00fcrd\u00fcr\u00fclebilir, b\u00fct\u00fcnsel \u00e7\u00f6z\u00fcmlerle i\u015fletmenize nas\u0131l yard\u0131mc\u0131 olabilece\u011fimizi \u00f6\u011frenin.<\/p>\n<\/div><\/div><div class=\"ult-spacer spacer-69d7656239d6d\" data-id=\"69d7656239d6d\" data-height=\"40\" data-height-mobile=\"20\" data-height-tab=\"20\" data-height-tab-portrait=\"40\" data-height-mobile-landscape=\"20\" style=\"clear:both;display:block;\"><\/div><div class=\"w-btn-wrapper align_center\"><a class=\"w-btn us-btn-style_1\" href=\"\/tr\/about-us\/contact\/\"><span class=\"w-btn-label\">Sohbeti ba\u015flat\u0131n<\/span><\/a><\/div><\/div><\/div><\/div><div class=\"vc_col-sm-3 wpb_column vc_column_container\"><div class=\"vc_column-inner\"><div class=\"wpb_wrapper\"><\/div><\/div><\/div><\/div><div class=\"w-separator size_medium with_line width_default thick_1 style_solid color_border align_center\"><div class=\"w-separator-h\"><\/div><\/div><div class=\"wpb_text_column us_custom_6f9c3709\"><div class=\"wpb_wrapper\"><p style=\"text-align: center;\">\u0130rtibat kurmak istedi\u011finiz ki\u015fiye ula\u015fmak i\u00e7in <strong>b\u00f6lgeyi se\u00e7iniz.<\/strong> :<\/p>\n<\/div><\/div><div class='ult_hotspot_container ult-adjust-bottom-margin ult-hotspot-tooltip-wrapper ' style=>  <img class='ult_hotspot_image' src=https:\/\/ew-nutrition.com\/wp-content\/uploads\/backgrounds\/worldmap_contact.svg alt='null'\/>     <div class='utl-hotspot-items ult-hotspot-item'><div class='ult-hotspot-item  ' style='top:-webkit-calc(47.561961206896555% - 16px);top:-moz-calc(47.561961206896555% - 16px);top:calc(47.561961206896555% - 16px);left: -webkit-calc(17.20142602495544% - 16px);left: -moz-calc(17.20142602495544% - 16px);left: calc(17.20142602495544% - 16px);' >  <div style='z-index: 39;position: relative;'>   <a data-link_style='simple' class='ult-tooltipstered ult-hotspot-tooltip' href=\"\/about-us\/contact\/#americas\"  data-status='hide'><div class=\"ult-just-icon-wrapper  \"><div class=\"align-icon\" style=\"text-align:center;\">\n<div class=\"aio-icon advanced \"  style=\"color:#282828;background:#e8e100;border-style:solid;border-color:#ffffff;border-width:2px;width:48px;height:48px;line-height:48px;border-radius:500px;font-size:32px;display:inline-block;\">\n\t<i class=\"Defaults-map-marker\"><\/i>\n<\/div><\/div><\/div>  <\/a> <\/div><!-- ICON WRAP --> <div class='ult-glow' ><\/div><\/div><div class='ult-hotspot-item  ' style='top:-webkit-calc(47.618534482758626% - 16px);top:-moz-calc(47.618534482758626% - 16px);top:calc(47.618534482758626% - 16px);left: -webkit-calc(48.752228163992875% - 16px);left: -moz-calc(48.752228163992875% - 16px);left: calc(48.752228163992875% - 16px);' >  <div style='z-index: 39;position: relative;'>   <a data-link_style='simple' class='ult-tooltipstered ult-hotspot-tooltip' href=\"\/about-us\/contact\/#europe-mea\"  data-status='hide'><div class=\"ult-just-icon-wrapper  \"><div class=\"align-icon\" style=\"text-align:center;\">\n<div class=\"aio-icon advanced \"  style=\"color:#282828;background:#e8e100;border-style:solid;border-color:#ffffff;border-width:2px;width:48px;height:48px;line-height:48px;border-radius:500px;font-size:32px;display:inline-block;\">\n\t<i class=\"Defaults-map-marker\"><\/i>\n<\/div><\/div><\/div>  <\/a> <\/div><!-- ICON WRAP --> <div class='ult-glow' ><\/div><\/div><div class='ult-hotspot-item  ' style='top:-webkit-calc(47.60506465517241% - 16px);top:-moz-calc(47.60506465517241% - 16px);top:calc(47.60506465517241% - 16px);left: -webkit-calc(80.3030303030303% - 16px);left: -moz-calc(80.3030303030303% - 16px);left: calc(80.3030303030303% - 16px);' >  <div style='z-index: 39;position: relative;'>   <a data-link_style='simple' class='ult-tooltipstered ult-hotspot-tooltip' href=\"\/about-us\/contact\/#asia-pacific\"  data-status='hide'><div class=\"ult-just-icon-wrapper  \"><div class=\"align-icon\" style=\"text-align:center;\">\n<div class=\"aio-icon advanced \"  style=\"color:#282828;background:#e8e100;border-style:solid;border-color:#ffffff;border-width:2px;width:48px;height:48px;line-height:48px;border-radius:500px;font-size:32px;display:inline-block;\">\n\t<i class=\"Defaults-map-marker\"><\/i>\n<\/div><\/div><\/div>  <\/a> <\/div><!-- ICON WRAP --> <div class='ult-glow' ><\/div><\/div>\n<\/div>     <div style='color:#000;' data-image='    '><\/div><\/div><div class=\"ult-spacer spacer-69d765623a61a\" data-id=\"69d765623a61a\" data-height=\"120\" data-height-mobile=\"40\" data-height-tab=\"60\" data-height-tab-portrait=\"80\" data-height-mobile-landscape=\"40\" style=\"clear:both;display:block;\"><\/div><\/div><\/div><\/div><\/div><\/div><\/section><!-- Row Backgrounds --><div class=\"upb_color\" data-bg-override=\"0\" data-bg-color=\"#f4f4f4\" data-fadeout=\"\" data-fadeout-percentage=\"30\" data-parallax-content=\"\" data-parallax-content-sense=\"30\" data-row-effect-mobile-disable=\"true\" data-img-parallax-mobile-disable=\"true\" data-rtl=\"false\"  data-custom-vc-row=\"\"  data-vc=\"8.7.2\"  data-is_old_vc=\"\"  data-theme-support=\"\"   data-overlay=\"false\" data-overlay-color=\"\" data-overlay-pattern=\"\" data-overlay-pattern-opacity=\"\" data-overlay-pattern-size=\"\"    ><\/div>\n","protected":false},"excerpt":{"rendered":"PagesHakk\u0131m\u0131zdaki ger\u00e7ekler Uzman deste\u011fiyle \u00f6l\u00e7\u00fclebilir avantajlar. EW Nutrition s\u00fcreklilik arzeden ,\u00f6ng\u00f6r\u00fclebilir, s\u00fcrd\u00fcr\u00fclebilir b\u00fcy\u00fcme i\u00e7in sizi ve i\u015finizi desteklemek \u00fczerine kurulmu\u015ftur. Zorluklar\u0131n\u0131z, avantajlar\u0131n\u0131z, k\u00e2r\u0131n\u0131z __________ Do\u011fru besleme sayesinde daha iyi sa\u011fl\u0131k, refah ve kazan\u00e7. Sizler ve d\u00fcnya i\u00e7in iyi olan d\u00fcr\u00fcst uygulamalarla sa\u011flam, tutarl\u0131, karl\u0131 bir i\u015f kurman\u0131z i\u00e7in en yak\u0131n orta\u011f\u0131n\u0131z\u0131z. \u015eirketimizGlobal ekibimize kat\u0131l\u0131n Hayvansal...","protected":false},"author":8,"featured_media":0,"parent":0,"menu_order":0,"comment_status":"closed","ping_status":"closed","template":"","meta":{"_acf_changed":false,"footnotes":""},"class_list":["post-62057","page","type-page","status-publish","hentry"],"acf":[],"yoast_head":"<!-- This site is optimized with the Yoast SEO Premium plugin v26.5 (Yoast SEO v27.3) - https:\/\/yoast.com\/product\/yoast-seo-premium-wordpress\/ -->\n<title>Hakk\u0131m\u0131zda - EW Nutrition<\/title>\n<meta name=\"robots\" content=\"index, follow, max-snippet:-1, max-image-preview:large, max-video-preview:-1\" \/>\n<link rel=\"canonical\" href=\"https:\/\/ew-nutrition.com\/tr\/about-us\/\" \/>\n<meta property=\"og:locale\" content=\"tr_TR\" \/>\n<meta property=\"og:type\" content=\"article\" \/>\n<meta property=\"og:title\" content=\"Hakk\u0131m\u0131zda\" \/>\n<meta property=\"og:url\" content=\"https:\/\/ew-nutrition.com\/tr\/about-us\/\" \/>\n<meta property=\"og:site_name\" content=\"EW Nutrition\" \/>\n<meta property=\"article:modified_time\" content=\"2020-12-17T09:11:40+00:00\" \/>\n<meta name=\"twitter:card\" content=\"summary_large_image\" \/>\n<meta name=\"twitter:site\" content=\"@EWNutritionGmbH\" \/>\n<meta name=\"twitter:label1\" content=\"Est. reading time\" \/>\n\t<meta name=\"twitter:data1\" content=\"5 minutes\" \/>\n<!-- \/ Yoast SEO Premium plugin. -->","yoast_head_json":{"title":"Hakk\u0131m\u0131zda - EW Nutrition","robots":{"index":"index","follow":"follow","max-snippet":"max-snippet:-1","max-image-preview":"max-image-preview:large","max-video-preview":"max-video-preview:-1"},"canonical":"https:\/\/ew-nutrition.com\/tr\/about-us\/","og_locale":"tr_TR","og_type":"article","og_title":"Hakk\u0131m\u0131zda","og_url":"https:\/\/ew-nutrition.com\/tr\/about-us\/","og_site_name":"EW Nutrition","article_modified_time":"2020-12-17T09:11:40+00:00","twitter_card":"summary_large_image","twitter_site":"@EWNutritionGmbH","twitter_misc":{"Est. reading time":"5 minutes"},"schema":{"@context":"https:\/\/schema.org","@graph":[{"@type":"WebPage","@id":"https:\/\/ew-nutrition.com\/tr\/about-us\/","url":"https:\/\/ew-nutrition.com\/tr\/about-us\/","name":"Hakk\u0131m\u0131zda - EW Nutrition","isPartOf":{"@id":"https:\/\/ew-nutrition.com\/#website"},"datePublished":"2020-12-14T08:18:10+00:00","dateModified":"2020-12-17T09:11:40+00:00","breadcrumb":{"@id":"https:\/\/ew-nutrition.com\/tr\/about-us\/#breadcrumb"},"inLanguage":"tr","potentialAction":[{"@type":"ReadAction","target":["https:\/\/ew-nutrition.com\/tr\/about-us\/"]}]},{"@type":"BreadcrumbList","@id":"https:\/\/ew-nutrition.com\/tr\/about-us\/#breadcrumb","itemListElement":[{"@type":"ListItem","position":1,"name":"Home","item":"https:\/\/ew-nutrition.com\/tr\/"},{"@type":"ListItem","position":2,"name":"Hakk\u0131m\u0131zda"}]},{"@type":"WebSite","@id":"https:\/\/ew-nutrition.com\/#website","url":"https:\/\/ew-nutrition.com\/","name":"EW Nutrition","description":"Functional Innovations backed by Science","publisher":{"@id":"https:\/\/ew-nutrition.com\/#organization"},"potentialAction":[{"@type":"SearchAction","target":{"@type":"EntryPoint","urlTemplate":"https:\/\/ew-nutrition.com\/?s={search_term_string}"},"query-input":{"@type":"PropertyValueSpecification","valueRequired":true,"valueName":"search_term_string"}}],"inLanguage":"tr"},{"@type":"Organization","@id":"https:\/\/ew-nutrition.com\/#organization","name":"EW Nutrition GmbH","url":"https:\/\/ew-nutrition.com\/","logo":{"@type":"ImageObject","inLanguage":"tr","@id":"https:\/\/ew-nutrition.com\/#\/schema\/logo\/image\/","url":"","contentUrl":"","caption":"EW Nutrition GmbH"},"image":{"@id":"https:\/\/ew-nutrition.com\/#\/schema\/logo\/image\/"},"sameAs":["https:\/\/x.com\/EWNutritionGmbH","https:\/\/www.instagram.com\/ewnutrition\/","https:\/\/www.linkedin.com\/company\/ew-nutrition","https:\/\/www.youtube.com\/channel\/UCIvcb19uSOJXrUecTY8n_dA"]}]}},"_links":{"self":[{"href":"https:\/\/ew-nutrition.com\/tr\/wp-json\/wp\/v2\/pages\/62057","targetHints":{"allow":["GET"]}}],"collection":[{"href":"https:\/\/ew-nutrition.com\/tr\/wp-json\/wp\/v2\/pages"}],"about":[{"href":"https:\/\/ew-nutrition.com\/tr\/wp-json\/wp\/v2\/types\/page"}],"author":[{"embeddable":true,"href":"https:\/\/ew-nutrition.com\/tr\/wp-json\/wp\/v2\/users\/8"}],"replies":[{"embeddable":true,"href":"https:\/\/ew-nutrition.com\/tr\/wp-json\/wp\/v2\/comments?post=62057"}],"version-history":[{"count":0,"href":"https:\/\/ew-nutrition.com\/tr\/wp-json\/wp\/v2\/pages\/62057\/revisions"}],"wp:attachment":[{"href":"https:\/\/ew-nutrition.com\/tr\/wp-json\/wp\/v2\/media?parent=62057"}],"curies":[{"name":"wp","href":"https:\/\/api.w.org\/{rel}","templated":true}]}}