{"id":62047,"date":"2020-12-14T09:16:52","date_gmt":"2020-12-14T08:16:52","guid":{"rendered":"https:\/\/ew-nutrition.com\/yazilarimiz\/"},"modified":"2021-05-21T14:38:31","modified_gmt":"2021-05-21T12:38:31","slug":"articles","status":"publish","type":"page","link":"https:\/\/ew-nutrition.com\/tr\/infocenter\/articles\/","title":{"rendered":"Yaz\u0131lar\u0131m\u0131z"},"content":{"rendered":"<section class=\"l-section wpb_row height_small with_img\"><div class=\"l-section-img\" role=\"img\" aria-label=\"ewn header yellow 1\" data-img-width=\"\" data-img-height=\"\" style=\"background-image: url(https:\/\/ew-nutrition.com\/wp-content\/uploads\/headerimages\/basic-swooshes\/ewn_header_yellow-1.svg);background-position: bottom center;background-repeat: no-repeat;\"><\/div><div class=\"l-section-h i-cf\"><div class=\"g-cols vc_row via_flex valign_top type_default stacking_default\"><div class=\"vc_col-sm-12 wpb_column vc_column_container\"><div class=\"vc_column-inner\"><div class=\"wpb_wrapper\"><nav class=\"g-breadcrumbs us_custom_a46129b6 has_text_color separator_icon align_none\" itemscope itemtype=\"http:\/\/schema.org\/BreadcrumbList\"><div class=\"g-breadcrumbs-item\">Pages<\/div><\/nav><div class=\"ult-spacer spacer-69d76562deb79\" data-id=\"69d76562deb79\" data-height=\"100\" data-height-mobile=\"40\" data-height-tab=\"40\" data-height-tab-portrait=\"60\" data-height-mobile-landscape=\"40\" style=\"clear:both;display:block;\"><\/div><\/div><\/div><\/div><div class=\"vc_col-sm-6 wpb_column vc_column_container us_animate_afl\" style=\"animation-delay:0.5s\"><div class=\"vc_column-inner\"><div class=\"wpb_wrapper\"><div class=\"wpb_text_column\"><div class=\"wpb_wrapper\"><h1><strong>Makalelerimiz<\/strong><\/h1>\n<\/div><\/div><div class=\"ult-spacer spacer-69d76562dee51\" data-id=\"69d76562dee51\" data-height=\"80\" data-height-mobile=\"40\" data-height-tab=\"60\" data-height-tab-portrait=\"80\" data-height-mobile-landscape=\"40\" style=\"clear:both;display:block;\"><\/div><\/div><\/div><\/div><div class=\"vc_col-sm-6 wpb_column vc_column_container us_animate_afc\" style=\"animation-delay:0.25s\"><div class=\"vc_column-inner\"><div class=\"wpb_wrapper\"><\/div><\/div><\/div><\/div><\/div><\/section><section class=\"l-section wpb_row height_small\"><div class=\"l-section-h i-cf\"><div class=\"g-cols vc_row via_flex valign_top type_default stacking_default\"><div class=\"vc_col-sm-12 wpb_column vc_column_container\"><div class=\"vc_column-inner\"><div class=\"wpb_wrapper\"><div class=\"ult-spacer spacer-69d76562df1cc\" data-id=\"69d76562df1cc\" data-height=\"80\" data-height-mobile=\"40\" data-height-tab=\"60\" data-height-tab-portrait=\"80\" data-height-mobile-landscape=\"40\" style=\"clear:both;display:block;\"><\/div><div class=\"wpb_text_column\"><div class=\"wpb_wrapper\"><h5>Hayvan besleme sekt\u00f6r\u00fcnde <strong>en \u00e7ok kar\u015f\u0131la\u015f\u0131lan sorunlar\u0131 okuyunuz.<\/strong><\/h5>\n<\/div><\/div><div class=\"wpb_text_column us_custom_18eea1bd\"><div class=\"wpb_wrapper\"><p><strong>Makalelerimizi en yayg\u0131n konular i\u00e7in filtreleyin:<\/strong><\/p>\n<\/div><\/div><div class=\"w-grid us_grid with_filters type_grid layout_46133 cols_2 pagination_ajax overflow_hidden preload_style_spinner\" id=\"us_grid_1\" style=\"--columns:2;--gap:1.5rem;\"><style>@media (max-width:600px){#us_grid_1{--columns:1!important}}.layout_46133 .w-grid-item-h{background:var(--color-content-bg);color:var(--color-content-text);box-shadow:0 0rem 0rem rgba(0,0,0,0.1),0 0rem 0rem rgba(0,0,0,0.1);transition-duration:0.3s}.no-touch .layout_46133 .w-grid-item-h:hover{box-shadow:0 0.1rem 0.2rem rgba(0,0,0,0.1),0 0.33rem 1rem rgba(0,0,0,0.15);z-index:4}.layout_46133 .usg_post_title_2{transition-duration:0.3s;transform-origin:50% 50%;transform:scale(1) translate(0%,0%)}.layout_46133 .w-grid-item-h:focus-within .usg_post_title_2,.layout_46133 .w-grid-item-h:hover .usg_post_title_2{transform:scale(1) translate(0%,0%);opacity:1;color:var(--color-content-text)!important}.layout_46133 .usg_post_image_1{margin-bottom:calc(-13px - 1.4rem)!important}.layout_46133 .usg_vwrapper_1{padding:1.4rem 1.4rem 0.5rem 1.4rem!important}.layout_46133 .usg_post_taxonomy_1{font-weight:700!important;text-transform:uppercase!important;font-size:10px!important}.layout_46133 .usg_hwrapper_1{font-weight:400!important;font-size:13px!important;line-height:24px!important;padding:0 1.8em 0 1.8em!important}.layout_46133 .usg_vwrapper_2{padding:0.5rem 1.4rem 1.4rem 1.4rem!important}.layout_46133 .usg_post_title_2{font-family:var(--h1-font-family)!important;font-weight:600!important;font-size:18px!important;line-height:25px!important;margin-bottom:0.3rem!important}.layout_46133 .usg_post_content_2{font-size:13px!important;line-height:19px!important}.layout_46133 .usg_post_taxonomy_2{font-size:10px!important}<\/style><div class=\"g-filters style_3 align_left\"><button class=\"g-filters-item active\" data-taxonomy=\"*\"><span>All<\/span><\/button><button class=\"g-filters-item\" data-taxonomy=\"feed-tr\" data-amount=\"1\"><span>Feed<\/span><span class=\"g-filters-item-amount\">1<\/span><\/button><\/div><div class=\"w-grid-list\" data-filter_taxonomy_name=\"category\" data-filter_default_taxonomies=\"toxins-3,immunoglobulins,gut-health,gut-health-2,antibiotic-reduction,biosecurity,covid-19,ew-nutrition,feed,poultry-2,products,ruminants,toxins,pig\">\t<article class=\"w-grid-item size_1x1 post-83474 post type-post status-publish format-standard has-post-thumbnail hentry category-feed-tr category-feed-toxins-tr tag-feed-tr\" data-id=\"83474\">\r\n\t\t<div class=\"w-grid-item-h\">\r\n\t\t\t\t\t\t<div class=\"w-post-elm post_image usg_post_image_1 has_ratio\"><a href=\"https:\/\/ew-nutrition.com\/tr\/hasat-2021-onemli-kalite-zorluklari\/\" aria-label=\"Hasat 2021: Avrupal\u0131 yem \u00fcreticileri \u00f6nemli kalite zorluklar\u0131yla kar\u015f\u0131 kar\u015f\u0131ya\"><img fetchpriority=\"high\" decoding=\"async\" width=\"809\" height=\"539\" src=\"https:\/\/ew-nutrition.com\/wp-content\/uploads\/articles\/featured-images\/img_0396-smaller.jpg\" class=\"attachment-us_920_539 size-us_920_539 wp-post-image\" alt=\"img 0396 smaller\" loading=\"eager\" \/><\/a><div style=\"padding-bottom:44.4444%\"><\/div><\/div><div class=\"w-vwrapper usg_vwrapper_1 align_left valign_top\"><div class=\"w-post-elm post_taxonomy usg_post_taxonomy_1 style_badge color_link_inherit\"><div class=\"w-post-elm-list\"><a class=\"w-btn us-btn-style_21 term-8603 term-feed-tr\" href=\"https:\/\/ew-nutrition.com\/tr\/category\/feed-tr\/\"><span class=\"w-btn-label\">Feed<\/span><\/a><a class=\"w-btn us-btn-style_21 term-8604 term-feed-toxins-tr\" href=\"https:\/\/ew-nutrition.com\/tr\/category\/feed-toxins-tr\/\"><span class=\"w-btn-label\">Feed toxins<\/span><\/a><\/div><\/div><\/div><div class=\"w-hwrapper usg_hwrapper_1 align_left valign_top\" style=\"--hwrapper-gap:0.35rem\"><time class=\"w-post-elm post_date usg_post_date_1 entry-date published\" datetime=\"2021-10-20T11:19:28+02:00\">Oct 20<\/time><span class=\"w-post-elm post_custom_field usg_post_custom_field_1 reading_time type_text color_link_inherit\"><i class=\"far fa-clock\"><\/i><span class=\"w-post-elm-value\">3<\/span><span class=\"w-post-elm-after\"> min read<\/span><\/span><\/div><div class=\"w-vwrapper usg_vwrapper_2 align_left valign_top\"><h2 class=\"w-post-elm post_title usg_post_title_2 entry-title\"><a href=\"https:\/\/ew-nutrition.com\/tr\/hasat-2021-onemli-kalite-zorluklari\/\">Hasat 2021: Avrupal\u0131 yem \u00fcreticileri \u00f6nemli kalite zorluklar\u0131yla kar\u015f\u0131 kar\u015f\u0131ya<\/a><\/h2><div class=\"w-post-elm post_content usg_post_content_2\">Bu y\u0131l, yem ve hayvan \u00fcreticilerini, tedarik zincirindeki aksamalardan ham madde bulunamamas\u0131na, ayr\u0131ca hava ko\u015fullar\u0131na ba\u011fl\u0131 zorluklardan mahsul miktar\u0131na ve kalitesine kadar t\u00fcm cephelerde zorluklarla kar\u015f\u0131 kar\u015f\u0131ya b\u0131rakt\u0131. Avrupa&#8217;n\u0131n yem&hellip;<\/div><div class=\"w-post-elm post_taxonomy usg_post_taxonomy_2 style_simple color_link_inherit\"><span class=\"w-post-elm-before\">Tags: <\/span><a class=\"term-9044 term-feed-tr\" href=\"https:\/\/ew-nutrition.com\/tr\/tag\/feed-tr\/\">feed<\/a><\/div><\/div>\t\t<\/div>\r\n\t\t\t<\/article>\r\n<\/div>\t<div class=\"w-grid-preloader\">\r\n\t\t<div class=\"g-preloader type_2\">\r\n\t\t\t<div><\/div>\r\n\t\t<\/div>\r\n\t<\/div>\r\n\t\t<div class=\"w-grid-json hidden\" onclick='return {&quot;action&quot;:&quot;us_ajax_grid&quot;,&quot;infinite_scroll&quot;:0,&quot;max_num_pages&quot;:1,&quot;pagination&quot;:&quot;ajax&quot;,&quot;template_vars&quot;:{&quot;columns&quot;:&quot;2&quot;,&quot;exclude_items&quot;:&quot;none&quot;,&quot;img_size&quot;:&quot;default&quot;,&quot;ignore_items_size&quot;:0,&quot;items_layout&quot;:&quot;46133&quot;,&quot;items_offset&quot;:&quot;1&quot;,&quot;load_animation&quot;:&quot;none&quot;,&quot;overriding_link&quot;:&quot;{\\&quot;url\\&quot;:\\&quot;\\&quot;}&quot;,&quot;post_id&quot;:0,&quot;query_args&quot;:{&quot;post_type&quot;:[&quot;post&quot;],&quot;tax_query&quot;:[{&quot;taxonomy&quot;:&quot;category&quot;,&quot;field&quot;:&quot;slug&quot;,&quot;terms&quot;:[&quot;toxins-3&quot;,&quot;immunoglobulins&quot;,&quot;gut-health&quot;,&quot;gut-health-2&quot;,&quot;antibiotic-reduction&quot;,&quot;biosecurity&quot;,&quot;covid-19&quot;,&quot;ew-nutrition&quot;,&quot;feed&quot;,&quot;poultry-2&quot;,&quot;products&quot;,&quot;ruminants&quot;,&quot;toxins&quot;,&quot;pig&quot;]}],&quot;post_status&quot;:[&quot;publish&quot;,&quot;acf-disabled&quot;],&quot;posts_per_page&quot;:&quot;16&quot;},&quot;orderby_query_args&quot;:{&quot;orderby&quot;:{&quot;date&quot;:&quot;DESC&quot;}},&quot;type&quot;:&quot;grid&quot;,&quot;us_grid_post_type&quot;:&quot;post&quot;,&quot;us_grid_ajax_index&quot;:1,&quot;us_grid_filter_query_string&quot;:null,&quot;us_grid_index&quot;:1,&quot;page_args&quot;:[],&quot;lang&quot;:&quot;tr&quot;}}'><\/div>\r\n\t<\/div><div class=\"ult-spacer spacer-69d76562e5a0f\" data-id=\"69d76562e5a0f\" data-height=\"120\" data-height-mobile=\"40\" data-height-tab=\"80\" data-height-tab-portrait=\"80\" data-height-mobile-landscape=\"40\" style=\"clear:both;display:block;\"><\/div><\/div><\/div><\/div><\/div><\/div><\/section>\n","protected":false},"excerpt":{"rendered":"Bu y\u0131l, yem ve hayvan \u00fcreticilerini, tedarik zincirindeki aksamalardan ham madde bulunamamas\u0131na, ayr\u0131ca hava ko\u015fullar\u0131na ba\u011fl\u0131 zorluklardan mahsul miktar\u0131na ve kalitesine kadar t\u00fcm cephelerde zorluklarla kar\u015f\u0131 kar\u015f\u0131ya b\u0131rakt\u0131. Avrupa'n\u0131n yem cephesindeki son haberler hi\u00e7 de iyi de\u011fil. Bir yandan, genel tah\u0131l \u00fcretiminin y\u0131ll\u0131k bazda %4'e varan hafif bir art\u0131\u015f g\u00f6rmesi bekleniyor. \u00d6te yandan, Avrupa'n\u0131n baz\u0131...","protected":false},"author":8,"featured_media":0,"parent":62040,"menu_order":0,"comment_status":"closed","ping_status":"closed","template":"","meta":{"_acf_changed":false,"footnotes":""},"class_list":["post-62047","page","type-page","status-publish","hentry"],"acf":[],"yoast_head":"<!-- This site is optimized with the Yoast SEO Premium plugin v26.5 (Yoast SEO v27.3) - https:\/\/yoast.com\/product\/yoast-seo-premium-wordpress\/ -->\n<title>Yaz\u0131lar\u0131m\u0131z - EW Nutrition<\/title>\n<meta name=\"robots\" content=\"index, follow, max-snippet:-1, max-image-preview:large, max-video-preview:-1\" \/>\n<link rel=\"canonical\" href=\"https:\/\/ew-nutrition.com\/tr\/infocenter\/articles\/\" \/>\n<meta property=\"og:locale\" content=\"tr_TR\" \/>\n<meta property=\"og:type\" content=\"article\" \/>\n<meta property=\"og:title\" content=\"Yaz\u0131lar\u0131m\u0131z\" \/>\n<meta property=\"og:url\" content=\"https:\/\/ew-nutrition.com\/tr\/infocenter\/articles\/\" \/>\n<meta property=\"og:site_name\" content=\"EW Nutrition\" \/>\n<meta property=\"article:modified_time\" content=\"2021-05-21T12:38:31+00:00\" \/>\n<meta name=\"twitter:card\" content=\"summary_large_image\" \/>\n<meta name=\"twitter:site\" content=\"@EWNutritionGmbH\" \/>\n<meta name=\"twitter:label1\" content=\"Est. reading time\" \/>\n\t<meta name=\"twitter:data1\" content=\"1 minute\" \/>\n<!-- \/ Yoast SEO Premium plugin. -->","yoast_head_json":{"title":"Yaz\u0131lar\u0131m\u0131z - EW Nutrition","robots":{"index":"index","follow":"follow","max-snippet":"max-snippet:-1","max-image-preview":"max-image-preview:large","max-video-preview":"max-video-preview:-1"},"canonical":"https:\/\/ew-nutrition.com\/tr\/infocenter\/articles\/","og_locale":"tr_TR","og_type":"article","og_title":"Yaz\u0131lar\u0131m\u0131z","og_url":"https:\/\/ew-nutrition.com\/tr\/infocenter\/articles\/","og_site_name":"EW Nutrition","article_modified_time":"2021-05-21T12:38:31+00:00","twitter_card":"summary_large_image","twitter_site":"@EWNutritionGmbH","twitter_misc":{"Est. reading time":"1 minute"},"schema":{"@context":"https:\/\/schema.org","@graph":[{"@type":"WebPage","@id":"https:\/\/ew-nutrition.com\/tr\/infocenter\/articles\/","url":"https:\/\/ew-nutrition.com\/tr\/infocenter\/articles\/","name":"Yaz\u0131lar\u0131m\u0131z - EW Nutrition","isPartOf":{"@id":"https:\/\/ew-nutrition.com\/#website"},"datePublished":"2020-12-14T08:16:52+00:00","dateModified":"2021-05-21T12:38:31+00:00","breadcrumb":{"@id":"https:\/\/ew-nutrition.com\/tr\/infocenter\/articles\/#breadcrumb"},"inLanguage":"tr","potentialAction":[{"@type":"ReadAction","target":["https:\/\/ew-nutrition.com\/tr\/infocenter\/articles\/"]}]},{"@type":"BreadcrumbList","@id":"https:\/\/ew-nutrition.com\/tr\/infocenter\/articles\/#breadcrumb","itemListElement":[{"@type":"ListItem","position":1,"name":"Home","item":"https:\/\/ew-nutrition.com\/tr\/"},{"@type":"ListItem","position":2,"name":"Bilgi merkezi","item":"https:\/\/ew-nutrition.com\/tr\/infocenter\/"},{"@type":"ListItem","position":3,"name":"Yaz\u0131lar\u0131m\u0131z"}]},{"@type":"WebSite","@id":"https:\/\/ew-nutrition.com\/#website","url":"https:\/\/ew-nutrition.com\/","name":"EW Nutrition","description":"Functional Innovations backed by Science","publisher":{"@id":"https:\/\/ew-nutrition.com\/#organization"},"potentialAction":[{"@type":"SearchAction","target":{"@type":"EntryPoint","urlTemplate":"https:\/\/ew-nutrition.com\/?s={search_term_string}"},"query-input":{"@type":"PropertyValueSpecification","valueRequired":true,"valueName":"search_term_string"}}],"inLanguage":"tr"},{"@type":"Organization","@id":"https:\/\/ew-nutrition.com\/#organization","name":"EW Nutrition GmbH","url":"https:\/\/ew-nutrition.com\/","logo":{"@type":"ImageObject","inLanguage":"tr","@id":"https:\/\/ew-nutrition.com\/#\/schema\/logo\/image\/","url":"","contentUrl":"","caption":"EW Nutrition GmbH"},"image":{"@id":"https:\/\/ew-nutrition.com\/#\/schema\/logo\/image\/"},"sameAs":["https:\/\/x.com\/EWNutritionGmbH","https:\/\/www.instagram.com\/ewnutrition\/","https:\/\/www.linkedin.com\/company\/ew-nutrition","https:\/\/www.youtube.com\/channel\/UCIvcb19uSOJXrUecTY8n_dA"]}]}},"_links":{"self":[{"href":"https:\/\/ew-nutrition.com\/tr\/wp-json\/wp\/v2\/pages\/62047","targetHints":{"allow":["GET"]}}],"collection":[{"href":"https:\/\/ew-nutrition.com\/tr\/wp-json\/wp\/v2\/pages"}],"about":[{"href":"https:\/\/ew-nutrition.com\/tr\/wp-json\/wp\/v2\/types\/page"}],"author":[{"embeddable":true,"href":"https:\/\/ew-nutrition.com\/tr\/wp-json\/wp\/v2\/users\/8"}],"replies":[{"embeddable":true,"href":"https:\/\/ew-nutrition.com\/tr\/wp-json\/wp\/v2\/comments?post=62047"}],"version-history":[{"count":0,"href":"https:\/\/ew-nutrition.com\/tr\/wp-json\/wp\/v2\/pages\/62047\/revisions"}],"up":[{"embeddable":true,"href":"https:\/\/ew-nutrition.com\/tr\/wp-json\/wp\/v2\/pages\/62040"}],"wp:attachment":[{"href":"https:\/\/ew-nutrition.com\/tr\/wp-json\/wp\/v2\/media?parent=62047"}],"curies":[{"name":"wp","href":"https:\/\/api.w.org\/{rel}","templated":true}]}}