{"id":62008,"date":"2020-12-14T09:12:33","date_gmt":"2020-12-14T08:12:33","guid":{"rendered":"https:\/\/ew-nutrition.com\/basin-yayinlari\/"},"modified":"2021-05-26T10:51:33","modified_gmt":"2021-05-26T08:51:33","slug":"press-releases","status":"publish","type":"page","link":"https:\/\/ew-nutrition.com\/tr\/infocenter\/press-releases\/","title":{"rendered":"Bas\u0131n yay\u0131nlar\u0131"},"content":{"rendered":"<section class=\"l-section wpb_row height_small with_img\"><div class=\"l-section-img\" role=\"img\" aria-label=\"ewn header yellow 1\" data-img-width=\"\" data-img-height=\"\" style=\"background-image: url(https:\/\/ew-nutrition.com\/wp-content\/uploads\/headerimages\/basic-swooshes\/ewn_header_yellow-1.svg);background-position: bottom center;background-repeat: no-repeat;\"><\/div><div class=\"l-section-h i-cf\"><div class=\"g-cols vc_row via_flex valign_top type_default stacking_default\"><div class=\"vc_col-sm-12 wpb_column vc_column_container\"><div class=\"vc_column-inner\"><div class=\"wpb_wrapper\"><nav class=\"g-breadcrumbs us_custom_a46129b6 has_text_color separator_icon align_none\" itemscope itemtype=\"http:\/\/schema.org\/BreadcrumbList\"><div class=\"g-breadcrumbs-item\">Pages<\/div><\/nav><div class=\"ult-spacer spacer-69de4b59cf66a\" data-id=\"69de4b59cf66a\" data-height=\"100\" data-height-mobile=\"40\" data-height-tab=\"40\" data-height-tab-portrait=\"60\" data-height-mobile-landscape=\"40\" style=\"clear:both;display:block;\"><\/div><\/div><\/div><\/div><div class=\"vc_col-sm-6 wpb_column vc_column_container us_animate_afl\" style=\"animation-delay:0.5s\"><div class=\"vc_column-inner\"><div class=\"wpb_wrapper\"><div class=\"wpb_text_column\"><div class=\"wpb_wrapper\"><h1><strong>Bas\u0131n<\/strong> B\u00fcltenleri<\/h1>\n<\/div><\/div><div class=\"ult-spacer spacer-69de4b59cfa03\" data-id=\"69de4b59cfa03\" data-height=\"80\" data-height-mobile=\"40\" data-height-tab=\"60\" data-height-tab-portrait=\"80\" data-height-mobile-landscape=\"40\" style=\"clear:both;display:block;\"><\/div><\/div><\/div><\/div><div class=\"vc_col-sm-6 wpb_column vc_column_container us_animate_afc\" style=\"animation-delay:0.25s\"><div class=\"vc_column-inner\"><div class=\"wpb_wrapper\"><\/div><\/div><\/div><\/div><\/div><\/section><section class=\"l-section wpb_row height_small\"><div class=\"l-section-h i-cf\"><div class=\"g-cols vc_row via_flex valign_top type_default stacking_default\"><div class=\"vc_col-sm-12 wpb_column vc_column_container\"><div class=\"vc_column-inner\"><div class=\"wpb_wrapper\"><div class=\"ult-spacer spacer-69de4b59cfe09\" data-id=\"69de4b59cfe09\" data-height=\"80\" data-height-mobile=\"40\" data-height-tab=\"60\" data-height-tab-portrait=\"80\" data-height-mobile-landscape=\"40\" style=\"clear:both;display:block;\"><\/div><div class=\"wpb_text_column\"><div class=\"wpb_wrapper\"><h5>\u015eirketimiz ve faaliyetlerimiz <strong>hakk\u0131nda en son haberleri g\u00f6r\u00fcn<\/strong><\/h5>\n<\/div><\/div><div class=\"w-grid us_grid type_grid layout_46133 cols_2 overflow_hidden preload_style_spinner\" id=\"us_grid_1\" style=\"--columns:2;--gap:1.5rem;\" data-filterable=\"true\"><style>@media (max-width:600px){#us_grid_1{--columns:1!important}}.layout_46133 .w-grid-item-h{background:var(--color-content-bg);color:var(--color-content-text);box-shadow:0 0rem 0rem rgba(0,0,0,0.1),0 0rem 0rem rgba(0,0,0,0.1);transition-duration:0.3s}.no-touch .layout_46133 .w-grid-item-h:hover{box-shadow:0 0.1rem 0.2rem rgba(0,0,0,0.1),0 0.33rem 1rem rgba(0,0,0,0.15);z-index:4}.layout_46133 .usg_post_title_2{transition-duration:0.3s;transform-origin:50% 50%;transform:scale(1) translate(0%,0%)}.layout_46133 .w-grid-item-h:focus-within .usg_post_title_2,.layout_46133 .w-grid-item-h:hover .usg_post_title_2{transform:scale(1) translate(0%,0%);opacity:1;color:var(--color-content-text)!important}.layout_46133 .usg_post_image_1{margin-bottom:calc(-13px - 1.4rem)!important}.layout_46133 .usg_vwrapper_1{padding:1.4rem 1.4rem 0.5rem 1.4rem!important}.layout_46133 .usg_post_taxonomy_1{font-weight:700!important;text-transform:uppercase!important;font-size:10px!important}.layout_46133 .usg_hwrapper_1{font-weight:400!important;font-size:13px!important;line-height:24px!important;padding:0 1.8em 0 1.8em!important}.layout_46133 .usg_vwrapper_2{padding:0.5rem 1.4rem 1.4rem 1.4rem!important}.layout_46133 .usg_post_title_2{font-family:var(--h1-font-family)!important;font-weight:600!important;font-size:18px!important;line-height:25px!important;margin-bottom:0.3rem!important}.layout_46133 .usg_post_content_2{font-size:13px!important;line-height:19px!important}.layout_46133 .usg_post_taxonomy_2{font-size:10px!important}<\/style><div class=\"w-grid-list\">\t<article class=\"w-grid-item size_1x1 post-83599 post type-post status-publish format-standard has-post-thumbnail hentry category-poultry-gut-health-tr category-press-release-tr tag-gut-health-tr tag-poultry-tr\" data-id=\"83599\">\r\n\t\t<div class=\"w-grid-item-h\">\r\n\t\t\t\t\t\t<div class=\"w-post-elm post_image usg_post_image_1 has_ratio\"><a href=\"https:\/\/ew-nutrition.com\/tr\/ventar-d-suruldu\/\" aria-label=\"EW Nutrition, yeni nesil Ba\u011f\u0131rsak Sa\u011fl\u0131\u011f\u0131n\u0131 optimize edici Ventar D ad\u0131ndaki \u00fcr\u00fcn\u00fcn\u00fc piyasaya s\u00fcrd\u00fc\"><img decoding=\"async\" src=\"https:\/\/ew-nutrition.com\/wp-content\/uploads\/logos\/product-logos-color\/graphics_product-logos-square_ventar-d.svg\" class=\"attachment-full size-full wp-post-image\" alt=\"graphics product logos square ventar d\" loading=\"eager\" \/><\/a><div style=\"padding-bottom:44.4444%\"><\/div><\/div><div class=\"w-vwrapper usg_vwrapper_1 align_left valign_top\"><div class=\"w-post-elm post_taxonomy usg_post_taxonomy_1 style_badge color_link_inherit\"><div class=\"w-post-elm-list\"><a class=\"w-btn us-btn-style_21 term-8473 term-poultry-gut-health-tr\" href=\"https:\/\/ew-nutrition.com\/tr\/category\/poultry-gut-health-tr\/\"><span class=\"w-btn-label\">Poultry gut health<\/span><\/a><a class=\"w-btn us-btn-style_21 term-8321 term-press-release-tr\" href=\"https:\/\/ew-nutrition.com\/tr\/category\/press-release-tr\/\"><span class=\"w-btn-label\">Press release<\/span><\/a><\/div><\/div><\/div><div class=\"w-hwrapper usg_hwrapper_1 align_left valign_top\" style=\"--hwrapper-gap:0.35rem\"><time class=\"w-post-elm post_date usg_post_date_1 entry-date published\" datetime=\"2021-10-21T15:49:19+02:00\">Oct 21<\/time><span class=\"w-post-elm post_custom_field usg_post_custom_field_1 reading_time type_text color_link_inherit\"><i class=\"far fa-clock\"><\/i><span class=\"w-post-elm-value\">2<\/span><span class=\"w-post-elm-after\"> min read<\/span><\/span><\/div><div class=\"w-vwrapper usg_vwrapper_2 align_left valign_top\"><h2 class=\"w-post-elm post_title usg_post_title_2 entry-title\"><a href=\"https:\/\/ew-nutrition.com\/tr\/ventar-d-suruldu\/\">EW Nutrition, yeni nesil Ba\u011f\u0131rsak Sa\u011fl\u0131\u011f\u0131n\u0131 optimize edici Ventar D ad\u0131ndaki \u00fcr\u00fcn\u00fcn\u00fc piyasaya s\u00fcrd\u00fc<\/a><\/h2><div class=\"w-post-elm post_content usg_post_content_2\">VISBEK, 18 Ekim &#8211; EW Nutrition, s\u0131n\u0131f\u0131n\u0131n en iyisi yeni nesil ba\u011f\u0131rsak sa\u011fl\u0131\u011f\u0131 d\u00fczenleyicisini piyasaya s\u00fcrd\u00fc\u011f\u00fcn\u00fc duyurdu. Ventar D, yeni bir da\u011f\u0131t\u0131m mekanizmas\u0131 ile fitomolek\u00fcllerin yenilik\u00e7i ve patentli bir kar\u0131\u015f\u0131m\u0131d\u0131r.\u00a0&hellip;<\/div><div class=\"w-post-elm post_taxonomy usg_post_taxonomy_2 style_simple color_link_inherit\"><span class=\"w-post-elm-before\">Tags: <\/span><a class=\"term-9043 term-gut-health-tr\" href=\"https:\/\/ew-nutrition.com\/tr\/tag\/gut-health-tr\/\">gut health<\/a><b>, <\/b><a class=\"term-9014 term-poultry-tr\" href=\"https:\/\/ew-nutrition.com\/tr\/tag\/poultry-tr\/\">poultry<\/a><\/div><\/div>\t\t<\/div>\r\n\t\t\t<\/article>\r\n<\/div>\t<div class=\"w-grid-preloader\">\r\n\t\t<div class=\"g-preloader type_2\">\r\n\t\t\t<div><\/div>\r\n\t\t<\/div>\r\n\t<\/div>\r\n\t\t<div class=\"w-grid-json hidden\" onclick='return {&quot;action&quot;:&quot;us_ajax_grid&quot;,&quot;infinite_scroll&quot;:0,&quot;max_num_pages&quot;:1,&quot;pagination&quot;:&quot;none&quot;,&quot;template_vars&quot;:{&quot;columns&quot;:&quot;2&quot;,&quot;exclude_items&quot;:&quot;none&quot;,&quot;img_size&quot;:&quot;full&quot;,&quot;ignore_items_size&quot;:0,&quot;items_layout&quot;:&quot;46133&quot;,&quot;items_offset&quot;:&quot;1&quot;,&quot;load_animation&quot;:&quot;none&quot;,&quot;overriding_link&quot;:&quot;{\\&quot;url\\&quot;:\\&quot;\\&quot;}&quot;,&quot;post_id&quot;:0,&quot;query_args&quot;:{&quot;post_type&quot;:[&quot;post&quot;],&quot;tax_query&quot;:[{&quot;taxonomy&quot;:&quot;category&quot;,&quot;field&quot;:&quot;slug&quot;,&quot;terms&quot;:[&quot;press-releases&quot;,&quot;press-release&quot;]}],&quot;post_status&quot;:[&quot;publish&quot;,&quot;acf-disabled&quot;],&quot;posts_per_page&quot;:&quot;16&quot;},&quot;orderby_query_args&quot;:{&quot;orderby&quot;:{&quot;modified&quot;:&quot;DESC&quot;,&quot;date&quot;:&quot;DESC&quot;}},&quot;type&quot;:&quot;grid&quot;,&quot;us_grid_post_type&quot;:&quot;post&quot;,&quot;us_grid_ajax_index&quot;:1,&quot;us_grid_filter_query_string&quot;:null,&quot;us_grid_index&quot;:1,&quot;page_args&quot;:[],&quot;lang&quot;:&quot;tr&quot;}}'><\/div>\r\n\t<\/div><div class=\"ult-spacer spacer-69de4b59d502d\" data-id=\"69de4b59d502d\" data-height=\"120\" data-height-mobile=\"40\" data-height-tab=\"80\" data-height-tab-portrait=\"80\" data-height-mobile-landscape=\"40\" style=\"clear:both;display:block;\"><\/div><\/div><\/div><\/div><\/div><\/div><\/section><!-- Row Backgrounds -->\n","protected":false},"excerpt":{"rendered":"VISBEK, 18 Ekim - EW Nutrition, s\u0131n\u0131f\u0131n\u0131n en iyisi yeni nesil ba\u011f\u0131rsak sa\u011fl\u0131\u011f\u0131 d\u00fczenleyicisini piyasaya s\u00fcrd\u00fc\u011f\u00fcn\u00fc duyurdu. Ventar D, yeni bir da\u011f\u0131t\u0131m mekanizmas\u0131 ile fitomolek\u00fcllerin yenilik\u00e7i ve patentli bir kar\u0131\u015f\u0131m\u0131d\u0131r.\u00a0 Ventar D, hayvan besleme end\u00fcstrisinin temel gereksinimlerini kar\u015f\u0131lar. \u00dcr\u00fcn, ba\u011f\u0131rsak sa\u011fl\u0131\u011f\u0131n\u0131 desteklemek ve performans\u0131 iyile\u015ftirmek i\u00e7in form\u00fcle edilmi\u015ftir, bu da m\u00fc\u015fteri i\u00e7in karl\u0131l\u0131kta bir art\u0131\u015f...","protected":false},"author":8,"featured_media":0,"parent":62040,"menu_order":0,"comment_status":"closed","ping_status":"closed","template":"","meta":{"_acf_changed":false,"footnotes":""},"class_list":["post-62008","page","type-page","status-publish","hentry"],"acf":[],"yoast_head":"<!-- This site is optimized with the Yoast SEO Premium plugin v26.5 (Yoast SEO v27.4) - https:\/\/yoast.com\/product\/yoast-seo-premium-wordpress\/ -->\n<title>Bas\u0131n yay\u0131nlar\u0131 - EW Nutrition<\/title>\n<meta name=\"robots\" content=\"index, follow, max-snippet:-1, max-image-preview:large, max-video-preview:-1\" \/>\n<link rel=\"canonical\" href=\"https:\/\/ew-nutrition.com\/tr\/infocenter\/press-releases\/\" \/>\n<meta property=\"og:locale\" content=\"tr_TR\" \/>\n<meta property=\"og:type\" content=\"article\" \/>\n<meta property=\"og:title\" content=\"Bas\u0131n yay\u0131nlar\u0131\" \/>\n<meta property=\"og:url\" content=\"https:\/\/ew-nutrition.com\/tr\/infocenter\/press-releases\/\" \/>\n<meta property=\"og:site_name\" content=\"EW Nutrition\" \/>\n<meta property=\"article:modified_time\" content=\"2021-05-26T08:51:33+00:00\" \/>\n<meta name=\"twitter:card\" content=\"summary_large_image\" \/>\n<meta name=\"twitter:site\" content=\"@EWNutritionGmbH\" \/>\n<meta name=\"twitter:label1\" content=\"Est. reading time\" \/>\n\t<meta name=\"twitter:data1\" content=\"1 minute\" \/>\n<!-- \/ Yoast SEO Premium plugin. -->","yoast_head_json":{"title":"Bas\u0131n yay\u0131nlar\u0131 - EW Nutrition","robots":{"index":"index","follow":"follow","max-snippet":"max-snippet:-1","max-image-preview":"max-image-preview:large","max-video-preview":"max-video-preview:-1"},"canonical":"https:\/\/ew-nutrition.com\/tr\/infocenter\/press-releases\/","og_locale":"tr_TR","og_type":"article","og_title":"Bas\u0131n yay\u0131nlar\u0131","og_url":"https:\/\/ew-nutrition.com\/tr\/infocenter\/press-releases\/","og_site_name":"EW Nutrition","article_modified_time":"2021-05-26T08:51:33+00:00","twitter_card":"summary_large_image","twitter_site":"@EWNutritionGmbH","twitter_misc":{"Est. reading time":"1 minute"},"schema":{"@context":"https:\/\/schema.org","@graph":[{"@type":"WebPage","@id":"https:\/\/ew-nutrition.com\/tr\/infocenter\/press-releases\/","url":"https:\/\/ew-nutrition.com\/tr\/infocenter\/press-releases\/","name":"Bas\u0131n yay\u0131nlar\u0131 - EW Nutrition","isPartOf":{"@id":"https:\/\/ew-nutrition.com\/#website"},"datePublished":"2020-12-14T08:12:33+00:00","dateModified":"2021-05-26T08:51:33+00:00","breadcrumb":{"@id":"https:\/\/ew-nutrition.com\/tr\/infocenter\/press-releases\/#breadcrumb"},"inLanguage":"tr","potentialAction":[{"@type":"ReadAction","target":["https:\/\/ew-nutrition.com\/tr\/infocenter\/press-releases\/"]}]},{"@type":"BreadcrumbList","@id":"https:\/\/ew-nutrition.com\/tr\/infocenter\/press-releases\/#breadcrumb","itemListElement":[{"@type":"ListItem","position":1,"name":"Home","item":"https:\/\/ew-nutrition.com\/tr\/"},{"@type":"ListItem","position":2,"name":"Bilgi merkezi","item":"https:\/\/ew-nutrition.com\/tr\/infocenter\/"},{"@type":"ListItem","position":3,"name":"Bas\u0131n yay\u0131nlar\u0131"}]},{"@type":"WebSite","@id":"https:\/\/ew-nutrition.com\/#website","url":"https:\/\/ew-nutrition.com\/","name":"EW Nutrition","description":"Functional Innovations backed by Science","publisher":{"@id":"https:\/\/ew-nutrition.com\/#organization"},"potentialAction":[{"@type":"SearchAction","target":{"@type":"EntryPoint","urlTemplate":"https:\/\/ew-nutrition.com\/?s={search_term_string}"},"query-input":{"@type":"PropertyValueSpecification","valueRequired":true,"valueName":"search_term_string"}}],"inLanguage":"tr"},{"@type":"Organization","@id":"https:\/\/ew-nutrition.com\/#organization","name":"EW Nutrition GmbH","url":"https:\/\/ew-nutrition.com\/","logo":{"@type":"ImageObject","inLanguage":"tr","@id":"https:\/\/ew-nutrition.com\/#\/schema\/logo\/image\/","url":"","contentUrl":"","caption":"EW Nutrition GmbH"},"image":{"@id":"https:\/\/ew-nutrition.com\/#\/schema\/logo\/image\/"},"sameAs":["https:\/\/x.com\/EWNutritionGmbH","https:\/\/www.instagram.com\/ewnutrition\/","https:\/\/www.linkedin.com\/company\/ew-nutrition","https:\/\/www.youtube.com\/channel\/UCIvcb19uSOJXrUecTY8n_dA"]}]}},"_links":{"self":[{"href":"https:\/\/ew-nutrition.com\/tr\/wp-json\/wp\/v2\/pages\/62008","targetHints":{"allow":["GET"]}}],"collection":[{"href":"https:\/\/ew-nutrition.com\/tr\/wp-json\/wp\/v2\/pages"}],"about":[{"href":"https:\/\/ew-nutrition.com\/tr\/wp-json\/wp\/v2\/types\/page"}],"author":[{"embeddable":true,"href":"https:\/\/ew-nutrition.com\/tr\/wp-json\/wp\/v2\/users\/8"}],"replies":[{"embeddable":true,"href":"https:\/\/ew-nutrition.com\/tr\/wp-json\/wp\/v2\/comments?post=62008"}],"version-history":[{"count":0,"href":"https:\/\/ew-nutrition.com\/tr\/wp-json\/wp\/v2\/pages\/62008\/revisions"}],"up":[{"embeddable":true,"href":"https:\/\/ew-nutrition.com\/tr\/wp-json\/wp\/v2\/pages\/62040"}],"wp:attachment":[{"href":"https:\/\/ew-nutrition.com\/tr\/wp-json\/wp\/v2\/media?parent=62008"}],"curies":[{"name":"wp","href":"https:\/\/api.w.org\/{rel}","templated":true}]}}