{"id":59246,"date":"2020-12-04T11:35:22","date_gmt":"2020-12-04T10:35:22","guid":{"rendered":"https:\/\/ew-nutrition.com\/informacje-prasowe\/"},"modified":"2021-05-26T10:59:28","modified_gmt":"2021-05-26T08:59:28","slug":"press-releases","status":"publish","type":"page","link":"https:\/\/ew-nutrition.com\/pl\/infocenter\/press-releases\/","title":{"rendered":"Informacje prasowe"},"content":{"rendered":"<section class=\"l-section wpb_row height_small with_img\"><div class=\"l-section-img\" role=\"img\" aria-label=\"ewn header yellow 1\" data-img-width=\"\" data-img-height=\"\" style=\"background-image: url(https:\/\/ew-nutrition.com\/wp-content\/uploads\/headerimages\/basic-swooshes\/ewn_header_yellow-1.svg);background-position: bottom center;background-repeat: no-repeat;\"><\/div><div class=\"l-section-h i-cf\"><div class=\"g-cols vc_row via_flex valign_top type_default stacking_default\"><div class=\"vc_col-sm-12 wpb_column vc_column_container\"><div class=\"vc_column-inner\"><div class=\"wpb_wrapper\"><nav class=\"g-breadcrumbs us_custom_a46129b6 has_text_color separator_icon align_none\" itemscope itemtype=\"http:\/\/schema.org\/BreadcrumbList\"><div class=\"g-breadcrumbs-item\">Pages<\/div><\/nav><div class=\"ult-spacer spacer-69d04ef51f925\" data-id=\"69d04ef51f925\" data-height=\"100\" data-height-mobile=\"40\" data-height-tab=\"40\" data-height-tab-portrait=\"60\" data-height-mobile-landscape=\"40\" style=\"clear:both;display:block;\"><\/div><\/div><\/div><\/div><div class=\"vc_col-sm-6 wpb_column vc_column_container us_animate_afl\" style=\"animation-delay:0.5s\"><div class=\"vc_column-inner\"><div class=\"wpb_wrapper\"><div class=\"wpb_text_column\"><div class=\"wpb_wrapper\"><h1><strong>Informacje<\/strong> prasowe<\/h1>\n<\/div><\/div><div class=\"ult-spacer spacer-69d04ef51fc32\" data-id=\"69d04ef51fc32\" data-height=\"80\" data-height-mobile=\"40\" data-height-tab=\"60\" data-height-tab-portrait=\"80\" data-height-mobile-landscape=\"40\" style=\"clear:both;display:block;\"><\/div><\/div><\/div><\/div><div class=\"vc_col-sm-6 wpb_column vc_column_container us_animate_afc\" style=\"animation-delay:0.25s\"><div class=\"vc_column-inner\"><div class=\"wpb_wrapper\"><\/div><\/div><\/div><\/div><\/div><\/section><section class=\"l-section wpb_row height_small\"><div class=\"l-section-h i-cf\"><div class=\"g-cols vc_row via_flex valign_top type_default stacking_default\"><div class=\"vc_col-sm-12 wpb_column vc_column_container\"><div class=\"vc_column-inner\"><div class=\"wpb_wrapper\"><div class=\"ult-spacer spacer-69d04ef51ffc5\" data-id=\"69d04ef51ffc5\" data-height=\"80\" data-height-mobile=\"40\" data-height-tab=\"60\" data-height-tab-portrait=\"80\" data-height-mobile-landscape=\"40\" style=\"clear:both;display:block;\"><\/div><div class=\"wpb_text_column\"><div class=\"wpb_wrapper\"><h5><strong>Zobacz naj\u015bwie\u017csze informacje<\/strong> o naszej firmie i dzia\u0142aniach<\/h5>\n<\/div><\/div><div class=\"w-grid us_grid type_grid layout_46133 cols_2 overflow_hidden preload_style_spinner\" id=\"us_grid_1\" style=\"--columns:2;--gap:1.5rem;\" data-filterable=\"true\"><style>@media (max-width:600px){#us_grid_1{--columns:1!important}}.layout_46133 .w-grid-item-h{background:var(--color-content-bg);color:var(--color-content-text);box-shadow:0 0rem 0rem rgba(0,0,0,0.1),0 0rem 0rem rgba(0,0,0,0.1);transition-duration:0.3s}.no-touch .layout_46133 .w-grid-item-h:hover{box-shadow:0 0.1rem 0.2rem rgba(0,0,0,0.1),0 0.33rem 1rem rgba(0,0,0,0.15);z-index:4}.layout_46133 .usg_post_title_2{transition-duration:0.3s;transform-origin:50% 50%;transform:scale(1) translate(0%,0%)}.layout_46133 .w-grid-item-h:focus-within .usg_post_title_2,.layout_46133 .w-grid-item-h:hover .usg_post_title_2{transform:scale(1) translate(0%,0%);opacity:1;color:var(--color-content-text)!important}.layout_46133 .usg_post_image_1{margin-bottom:calc(-13px - 1.4rem)!important}.layout_46133 .usg_vwrapper_1{padding:1.4rem 1.4rem 0.5rem 1.4rem!important}.layout_46133 .usg_post_taxonomy_1{font-weight:700!important;text-transform:uppercase!important;font-size:10px!important}.layout_46133 .usg_hwrapper_1{font-weight:400!important;font-size:13px!important;line-height:24px!important;padding:0 1.8em 0 1.8em!important}.layout_46133 .usg_vwrapper_2{padding:0.5rem 1.4rem 1.4rem 1.4rem!important}.layout_46133 .usg_post_title_2{font-family:var(--h1-font-family)!important;font-weight:600!important;font-size:18px!important;line-height:25px!important;margin-bottom:0.3rem!important}.layout_46133 .usg_post_content_2{font-size:13px!important;line-height:19px!important}.layout_46133 .usg_post_taxonomy_2{font-size:10px!important}<\/style><div class=\"w-grid-list\">\t<article class=\"w-grid-item size_1x1 post-194394 post type-post status-publish format-standard has-post-thumbnail hentry category-press-release-pl\" data-id=\"194394\">\r\n\t\t<div class=\"w-grid-item-h\">\r\n\t\t\t\t\t\t<div class=\"w-post-elm post_image usg_post_image_1 has_ratio\"><a href=\"https:\/\/ew-nutrition.com\/pl\/ew-nutrition-serdecznie-wita-jana-vanbrabanta-na-stanowisku-nowego-dyrektora-generalnego\/\" aria-label=\"EW Nutrition serdecznie wita Jana Vanbrabanta na stanowisku nowego Dyrektora Generalnego\"><img fetchpriority=\"high\" decoding=\"async\" width=\"5701\" height=\"2066\" src=\"https:\/\/ew-nutrition.com\/wp-content\/uploads\/header-corporate.png\" class=\"attachment-full size-full wp-post-image\" alt=\"Header Corporate\" loading=\"eager\" \/><\/a><div style=\"padding-bottom:44.4444%\"><\/div><\/div><div class=\"w-vwrapper usg_vwrapper_1 align_left valign_top\"><div class=\"w-post-elm post_taxonomy usg_post_taxonomy_1 style_badge color_link_inherit\"><a class=\"w-btn us-btn-style_21 term-8303 term-press-release-pl\" href=\"https:\/\/ew-nutrition.com\/pl\/category\/press-release-pl\/\"><span class=\"w-btn-label\">Press release<\/span><\/a><\/div><\/div><div class=\"w-hwrapper usg_hwrapper_1 align_left valign_top\" style=\"--hwrapper-gap:0.35rem\"><time class=\"w-post-elm post_date usg_post_date_1 entry-date published\" datetime=\"2023-09-01T17:42:43+02:00\">Sep 1<\/time><span class=\"w-post-elm post_custom_field usg_post_custom_field_1 reading_time type_text color_link_inherit\"><i class=\"far fa-clock\"><\/i><span class=\"w-post-elm-value\">2<\/span><span class=\"w-post-elm-after\"> min read<\/span><\/span><\/div><div class=\"w-vwrapper usg_vwrapper_2 align_left valign_top\"><h2 class=\"w-post-elm post_title usg_post_title_2 entry-title\"><a href=\"https:\/\/ew-nutrition.com\/pl\/ew-nutrition-serdecznie-wita-jana-vanbrabanta-na-stanowisku-nowego-dyrektora-generalnego\/\">EW Nutrition serdecznie wita Jana Vanbrabanta na stanowisku nowego Dyrektora Generalnego<\/a><\/h2><div class=\"w-post-elm post_content usg_post_content_2\">VISBEK (Niemcy), 1 wrze\u015bnia 2023 r. \u2014 EW Nutrition, wiod\u0105cy \u015bwiatowy dostawca rozwi\u0105za\u0144 w zakresie funkcjonalnego \u017cywienia zwierz\u0105t, wita Jana Vanbrabanta jako \u00a0nowego \u00a0Dyrektora Naczelnego. Jan posiada stopie\u0144 doktora mikrobiologii&hellip;<\/div><\/div>\t\t<\/div>\r\n\t\t\t<\/article>\r\n\t<article class=\"w-grid-item size_1x1 post-69604 post type-post status-publish format-standard has-post-thumbnail hentry category-press-release-pl\" data-id=\"69604\">\r\n\t\t<div class=\"w-grid-item-h\">\r\n\t\t\t\t\t\t<div class=\"w-post-elm post_image usg_post_image_1 has_ratio\"><a href=\"https:\/\/ew-nutrition.com\/pl\/ewn-acquires-feed-quality-pigment\/\" aria-label=\"EW Nutrition przejmuje dzia\u0142alno\u015b\u0107 w zakresie jako\u015bci paszy i pigment\u00f3w od Novus International\"><img decoding=\"async\" width=\"1920\" height=\"1080\" src=\"https:\/\/ew-nutrition.com\/wp-content\/uploads\/articles\/featured-images\/new_products.png\" class=\"attachment-full size-full wp-post-image\" alt=\"new products\" loading=\"eager\" \/><\/a><div style=\"padding-bottom:44.4444%\"><\/div><\/div><div class=\"w-vwrapper usg_vwrapper_1 align_left valign_top\"><div class=\"w-post-elm post_taxonomy usg_post_taxonomy_1 style_badge color_link_inherit\"><a class=\"w-btn us-btn-style_21 term-8303 term-press-release-pl\" href=\"https:\/\/ew-nutrition.com\/pl\/category\/press-release-pl\/\"><span class=\"w-btn-label\">Press release<\/span><\/a><\/div><\/div><div class=\"w-hwrapper usg_hwrapper_1 align_left valign_top\" style=\"--hwrapper-gap:0.35rem\"><time class=\"w-post-elm post_date usg_post_date_1 entry-date published\" datetime=\"2021-02-01T16:00:47+01:00\">Feb 1<\/time><\/div><div class=\"w-vwrapper usg_vwrapper_2 align_left valign_top\"><h2 class=\"w-post-elm post_title usg_post_title_2 entry-title\"><a href=\"https:\/\/ew-nutrition.com\/pl\/ewn-acquires-feed-quality-pigment\/\">EW Nutrition przejmuje dzia\u0142alno\u015b\u0107 w zakresie jako\u015bci paszy i pigment\u00f3w od Novus International<\/a><\/h2><div class=\"w-post-elm post_content usg_post_content_2\">VISBEK (1 lutego 2021) &#8211; EW Nutrition, globalny dostawca rozwi\u0105za\u0144 w zakresie \u017cywienia zwierz\u0105t,\u00a0og\u0142osi\u0142o dzisiaj, \u017ce przej\u0119\u0142o dzia\u0142alno\u015b\u0107 zwi\u0105zan\u0105 z jako\u015bci\u0105 pasz i pigmentami od\u00a0Novus International, Inc. Zgodnie z warunkami&hellip;<\/div><\/div>\t\t<\/div>\r\n\t\t\t<\/article>\r\n<\/div>\t<div class=\"w-grid-preloader\">\r\n\t\t<div class=\"g-preloader type_2\">\r\n\t\t\t<div><\/div>\r\n\t\t<\/div>\r\n\t<\/div>\r\n\t\t<div class=\"w-grid-json hidden\" onclick='return {&quot;action&quot;:&quot;us_ajax_grid&quot;,&quot;infinite_scroll&quot;:0,&quot;max_num_pages&quot;:1,&quot;pagination&quot;:&quot;none&quot;,&quot;template_vars&quot;:{&quot;columns&quot;:&quot;2&quot;,&quot;exclude_items&quot;:&quot;none&quot;,&quot;img_size&quot;:&quot;full&quot;,&quot;ignore_items_size&quot;:0,&quot;items_layout&quot;:&quot;46133&quot;,&quot;items_offset&quot;:&quot;1&quot;,&quot;load_animation&quot;:&quot;none&quot;,&quot;overriding_link&quot;:&quot;{\\&quot;url\\&quot;:\\&quot;\\&quot;}&quot;,&quot;post_id&quot;:0,&quot;query_args&quot;:{&quot;post_type&quot;:[&quot;post&quot;],&quot;tax_query&quot;:[{&quot;taxonomy&quot;:&quot;category&quot;,&quot;field&quot;:&quot;slug&quot;,&quot;terms&quot;:[&quot;press-releases&quot;,&quot;press-release&quot;]}],&quot;post_status&quot;:[&quot;publish&quot;,&quot;acf-disabled&quot;],&quot;posts_per_page&quot;:&quot;16&quot;},&quot;orderby_query_args&quot;:{&quot;orderby&quot;:{&quot;modified&quot;:&quot;DESC&quot;,&quot;date&quot;:&quot;DESC&quot;}},&quot;type&quot;:&quot;grid&quot;,&quot;us_grid_post_type&quot;:&quot;post&quot;,&quot;us_grid_ajax_index&quot;:1,&quot;us_grid_filter_query_string&quot;:null,&quot;us_grid_index&quot;:1,&quot;page_args&quot;:[],&quot;lang&quot;:&quot;pl&quot;}}'><\/div>\r\n\t<\/div><div class=\"ult-spacer spacer-69d04ef524985\" data-id=\"69d04ef524985\" data-height=\"120\" data-height-mobile=\"40\" data-height-tab=\"80\" data-height-tab-portrait=\"80\" data-height-mobile-landscape=\"40\" style=\"clear:both;display:block;\"><\/div><\/div><\/div><\/div><\/div><\/div><\/section><!-- Row Backgrounds -->\n","protected":false},"excerpt":{"rendered":"VISBEK (1 lutego 2021) - EW Nutrition, globalny dostawca rozwi\u0105za\u0144 w zakresie \u017cywienia zwierz\u0105t,\u00a0og\u0142osi\u0142o dzisiaj, \u017ce przej\u0119\u0142o dzia\u0142alno\u015b\u0107 zwi\u0105zan\u0105 z jako\u015bci\u0105 pasz i pigmentami od\u00a0Novus International, Inc. Zgodnie z warunkami umowy, EW Nutrition staje si\u0119 w\u0142a\u015bcicielem\u00a0znanych na ca\u0142ym \u015bwiecie marek, takich jak Santoquin\u00ae - konserwant paszowy, SURF\u25cfACE\u00ae - \u015brodek wspomagaj\u0105cy obr\u00f3bk\u0119 w m\u0142ynach paszowych oraz...","protected":false},"author":8,"featured_media":0,"parent":59237,"menu_order":0,"comment_status":"closed","ping_status":"closed","template":"","meta":{"_acf_changed":false,"footnotes":""},"class_list":["post-59246","page","type-page","status-publish","hentry"],"acf":[],"yoast_head":"<!-- This site is optimized with the Yoast SEO Premium plugin v26.5 (Yoast SEO v27.3) - https:\/\/yoast.com\/product\/yoast-seo-premium-wordpress\/ -->\n<title>Informacje prasowe - EW Nutrition<\/title>\n<meta name=\"robots\" content=\"index, follow, max-snippet:-1, max-image-preview:large, max-video-preview:-1\" \/>\n<link rel=\"canonical\" href=\"https:\/\/ew-nutrition.com\/pl\/infocenter\/press-releases\/\" \/>\n<meta property=\"og:locale\" content=\"pl_PL\" \/>\n<meta property=\"og:type\" content=\"article\" \/>\n<meta property=\"og:title\" content=\"Informacje prasowe\" \/>\n<meta property=\"og:url\" content=\"https:\/\/ew-nutrition.com\/pl\/infocenter\/press-releases\/\" \/>\n<meta property=\"og:site_name\" content=\"EW Nutrition\" \/>\n<meta property=\"article:modified_time\" content=\"2021-05-26T08:59:28+00:00\" \/>\n<meta name=\"twitter:card\" content=\"summary_large_image\" \/>\n<meta name=\"twitter:site\" content=\"@EWNutritionGmbH\" \/>\n<meta name=\"twitter:label1\" content=\"Est. reading time\" \/>\n\t<meta name=\"twitter:data1\" content=\"1 minute\" \/>\n<!-- \/ Yoast SEO Premium plugin. -->","yoast_head_json":{"title":"Informacje prasowe - EW Nutrition","robots":{"index":"index","follow":"follow","max-snippet":"max-snippet:-1","max-image-preview":"max-image-preview:large","max-video-preview":"max-video-preview:-1"},"canonical":"https:\/\/ew-nutrition.com\/pl\/infocenter\/press-releases\/","og_locale":"pl_PL","og_type":"article","og_title":"Informacje prasowe","og_url":"https:\/\/ew-nutrition.com\/pl\/infocenter\/press-releases\/","og_site_name":"EW Nutrition","article_modified_time":"2021-05-26T08:59:28+00:00","twitter_card":"summary_large_image","twitter_site":"@EWNutritionGmbH","twitter_misc":{"Est. reading time":"1 minute"},"schema":{"@context":"https:\/\/schema.org","@graph":[{"@type":"WebPage","@id":"https:\/\/ew-nutrition.com\/pl\/infocenter\/press-releases\/","url":"https:\/\/ew-nutrition.com\/pl\/infocenter\/press-releases\/","name":"Informacje prasowe - EW Nutrition","isPartOf":{"@id":"https:\/\/ew-nutrition.com\/#website"},"datePublished":"2020-12-04T10:35:22+00:00","dateModified":"2021-05-26T08:59:28+00:00","breadcrumb":{"@id":"https:\/\/ew-nutrition.com\/pl\/infocenter\/press-releases\/#breadcrumb"},"inLanguage":"pl","potentialAction":[{"@type":"ReadAction","target":["https:\/\/ew-nutrition.com\/pl\/infocenter\/press-releases\/"]}]},{"@type":"BreadcrumbList","@id":"https:\/\/ew-nutrition.com\/pl\/infocenter\/press-releases\/#breadcrumb","itemListElement":[{"@type":"ListItem","position":1,"name":"Home","item":"https:\/\/ew-nutrition.com\/pl\/"},{"@type":"ListItem","position":2,"name":"Infocenter","item":"https:\/\/ew-nutrition.com\/pl\/infocenter\/"},{"@type":"ListItem","position":3,"name":"Informacje prasowe"}]},{"@type":"WebSite","@id":"https:\/\/ew-nutrition.com\/#website","url":"https:\/\/ew-nutrition.com\/","name":"EW Nutrition","description":"Functional Innovations backed by Science","publisher":{"@id":"https:\/\/ew-nutrition.com\/#organization"},"potentialAction":[{"@type":"SearchAction","target":{"@type":"EntryPoint","urlTemplate":"https:\/\/ew-nutrition.com\/?s={search_term_string}"},"query-input":{"@type":"PropertyValueSpecification","valueRequired":true,"valueName":"search_term_string"}}],"inLanguage":"pl"},{"@type":"Organization","@id":"https:\/\/ew-nutrition.com\/#organization","name":"EW Nutrition GmbH","url":"https:\/\/ew-nutrition.com\/","logo":{"@type":"ImageObject","inLanguage":"pl","@id":"https:\/\/ew-nutrition.com\/#\/schema\/logo\/image\/","url":"","contentUrl":"","caption":"EW Nutrition GmbH"},"image":{"@id":"https:\/\/ew-nutrition.com\/#\/schema\/logo\/image\/"},"sameAs":["https:\/\/x.com\/EWNutritionGmbH","https:\/\/www.instagram.com\/ewnutrition\/","https:\/\/www.linkedin.com\/company\/ew-nutrition","https:\/\/www.youtube.com\/channel\/UCIvcb19uSOJXrUecTY8n_dA"]}]}},"_links":{"self":[{"href":"https:\/\/ew-nutrition.com\/pl\/wp-json\/wp\/v2\/pages\/59246","targetHints":{"allow":["GET"]}}],"collection":[{"href":"https:\/\/ew-nutrition.com\/pl\/wp-json\/wp\/v2\/pages"}],"about":[{"href":"https:\/\/ew-nutrition.com\/pl\/wp-json\/wp\/v2\/types\/page"}],"author":[{"embeddable":true,"href":"https:\/\/ew-nutrition.com\/pl\/wp-json\/wp\/v2\/users\/8"}],"replies":[{"embeddable":true,"href":"https:\/\/ew-nutrition.com\/pl\/wp-json\/wp\/v2\/comments?post=59246"}],"version-history":[{"count":0,"href":"https:\/\/ew-nutrition.com\/pl\/wp-json\/wp\/v2\/pages\/59246\/revisions"}],"up":[{"embeddable":true,"href":"https:\/\/ew-nutrition.com\/pl\/wp-json\/wp\/v2\/pages\/59237"}],"wp:attachment":[{"href":"https:\/\/ew-nutrition.com\/pl\/wp-json\/wp\/v2\/media?parent=59246"}],"curies":[{"name":"wp","href":"https:\/\/api.w.org\/{rel}","templated":true}]}}