{"id":59208,"date":"2020-12-04T11:31:12","date_gmt":"2020-12-04T10:31:12","guid":{"rendered":"https:\/\/ew-nutrition.com\/artykuly\/"},"modified":"2021-05-21T14:27:58","modified_gmt":"2021-05-21T12:27:58","slug":"articles","status":"publish","type":"page","link":"https:\/\/ew-nutrition.com\/pl\/infocenter\/articles\/","title":{"rendered":"Artyku\u0142y"},"content":{"rendered":"<section class=\"l-section wpb_row height_small with_img\"><div class=\"l-section-img\" role=\"img\" aria-label=\"ewn header yellow 1\" data-img-width=\"\" data-img-height=\"\" style=\"background-image: url(https:\/\/ew-nutrition.com\/wp-content\/uploads\/headerimages\/basic-swooshes\/ewn_header_yellow-1.svg);background-position: bottom center;background-repeat: no-repeat;\"><\/div><div class=\"l-section-h i-cf\"><div class=\"g-cols vc_row via_flex valign_top type_default stacking_default\"><div class=\"vc_col-sm-12 wpb_column vc_column_container\"><div class=\"vc_column-inner\"><div class=\"wpb_wrapper\"><nav class=\"g-breadcrumbs us_custom_a46129b6 has_text_color separator_icon align_none\" itemscope itemtype=\"http:\/\/schema.org\/BreadcrumbList\"><div class=\"g-breadcrumbs-item\">Pages<\/div><\/nav><div class=\"ult-spacer spacer-69deaa52dca34\" data-id=\"69deaa52dca34\" data-height=\"100\" data-height-mobile=\"40\" data-height-tab=\"40\" data-height-tab-portrait=\"60\" data-height-mobile-landscape=\"40\" style=\"clear:both;display:block;\"><\/div><\/div><\/div><\/div><div class=\"vc_col-sm-6 wpb_column vc_column_container us_animate_afl\" style=\"animation-delay:0.5s\"><div class=\"vc_column-inner\"><div class=\"wpb_wrapper\"><div class=\"wpb_text_column\"><div class=\"wpb_wrapper\"><h1>Nasze <strong>Artyku\u0142y<\/strong><\/h1>\n<\/div><\/div><div class=\"ult-spacer spacer-69deaa52dcde2\" data-id=\"69deaa52dcde2\" data-height=\"80\" data-height-mobile=\"40\" data-height-tab=\"60\" data-height-tab-portrait=\"80\" data-height-mobile-landscape=\"40\" style=\"clear:both;display:block;\"><\/div><\/div><\/div><\/div><div class=\"vc_col-sm-6 wpb_column vc_column_container us_animate_afc\" style=\"animation-delay:0.25s\"><div class=\"vc_column-inner\"><div class=\"wpb_wrapper\"><\/div><\/div><\/div><\/div><\/div><\/section><section class=\"l-section wpb_row height_small\"><div class=\"l-section-h i-cf\"><div class=\"g-cols vc_row via_flex valign_top type_default stacking_default\"><div class=\"vc_col-sm-12 wpb_column vc_column_container\"><div class=\"vc_column-inner\"><div class=\"wpb_wrapper\"><div class=\"ult-spacer spacer-69deaa52dd15d\" data-id=\"69deaa52dd15d\" data-height=\"80\" data-height-mobile=\"40\" data-height-tab=\"60\" data-height-tab-portrait=\"80\" data-height-mobile-landscape=\"40\" style=\"clear:both;display:block;\"><\/div><div class=\"wpb_text_column\"><div class=\"wpb_wrapper\"><h5><strong>Przeczytaj o najcz\u0119stszych wyzwaniach<\/strong> w bran\u017cy \u017cywienia zwierz\u0105t<\/h5>\n<\/div><\/div><div class=\"wpb_text_column us_custom_18eea1bd\"><div class=\"wpb_wrapper\"><p><strong>Filtruj nasze artyku\u0142y wed\u0142ug najpopularniejszych temat\u00f3w:<\/strong><\/p>\n<\/div><\/div><div class=\"w-grid us_grid with_filters type_grid layout_46133 cols_2 pagination_ajax overflow_hidden preload_style_spinner\" id=\"us_grid_1\" style=\"--columns:2;--gap:1.5rem;\"><style>@media (max-width:600px){#us_grid_1{--columns:1!important}}.layout_46133 .w-grid-item-h{background:var(--color-content-bg);color:var(--color-content-text);box-shadow:0 0rem 0rem rgba(0,0,0,0.1),0 0rem 0rem rgba(0,0,0,0.1);transition-duration:0.3s}.no-touch .layout_46133 .w-grid-item-h:hover{box-shadow:0 0.1rem 0.2rem rgba(0,0,0,0.1),0 0.33rem 1rem rgba(0,0,0,0.15);z-index:4}.layout_46133 .usg_post_title_2{transition-duration:0.3s;transform-origin:50% 50%;transform:scale(1) translate(0%,0%)}.layout_46133 .w-grid-item-h:focus-within .usg_post_title_2,.layout_46133 .w-grid-item-h:hover .usg_post_title_2{transform:scale(1) translate(0%,0%);opacity:1;color:var(--color-content-text)!important}.layout_46133 .usg_post_image_1{margin-bottom:calc(-13px - 1.4rem)!important}.layout_46133 .usg_vwrapper_1{padding:1.4rem 1.4rem 0.5rem 1.4rem!important}.layout_46133 .usg_post_taxonomy_1{font-weight:700!important;text-transform:uppercase!important;font-size:10px!important}.layout_46133 .usg_hwrapper_1{font-weight:400!important;font-size:13px!important;line-height:24px!important;padding:0 1.8em 0 1.8em!important}.layout_46133 .usg_vwrapper_2{padding:0.5rem 1.4rem 1.4rem 1.4rem!important}.layout_46133 .usg_post_title_2{font-family:var(--h1-font-family)!important;font-weight:600!important;font-size:18px!important;line-height:25px!important;margin-bottom:0.3rem!important}.layout_46133 .usg_post_content_2{font-size:13px!important;line-height:19px!important}.layout_46133 .usg_post_taxonomy_2{font-size:10px!important}<\/style><div class=\"g-filters style_3 align_left\"><button class=\"g-filters-item active\" data-taxonomy=\"*\"><span>All<\/span><\/button><button class=\"g-filters-item\" data-taxonomy=\"antibiotic-reduction-pl\" data-amount=\"2\"><span>Antibiotic reduction<\/span><span class=\"g-filters-item-amount\">2<\/span><\/button><button class=\"g-filters-item\" data-taxonomy=\"feed-pl\" data-amount=\"1\"><span>Feed<\/span><span class=\"g-filters-item-amount\">1<\/span><\/button><button class=\"g-filters-item\" data-taxonomy=\"gut-health-pl\" data-amount=\"1\"><span>gut health<\/span><span class=\"g-filters-item-amount\">1<\/span><\/button><button class=\"g-filters-item\" data-taxonomy=\"poultry-2-pl\" data-amount=\"3\"><span>Poultry<\/span><span class=\"g-filters-item-amount\">3<\/span><\/button><\/div><div class=\"w-grid-list\" data-filter_taxonomy_name=\"category\" data-filter_default_taxonomies=\"toxins-3,immunoglobulins,gut-health,gut-health-2,antibiotic-reduction,biosecurity,covid-19,ew-nutrition,feed,poultry-2,products,ruminants,toxins,pig\">\t<article class=\"w-grid-item size_1x1 post-194331 post type-post status-publish format-standard has-post-thumbnail hentry category-coccidiosis-pl category-poultry-2-pl\" data-id=\"194331\">\r\n\t\t<div class=\"w-grid-item-h\">\r\n\t\t\t\t\t\t<div class=\"w-post-elm post_image usg_post_image_1 has_ratio\"><a href=\"https:\/\/ew-nutrition.com\/pl\/coccidiostats-european-union-challenges-perspectives\/\" aria-label=\"Kokcydiostatyki w Unii Europejskiej: Wyzwania i perspektywy\"><img fetchpriority=\"high\" decoding=\"async\" width=\"920\" height=\"452\" src=\"https:\/\/ew-nutrition.com\/wp-content\/uploads\/articles\/coccidiostats-in-the-european-union-challenges-and-perspectives\/header-920x452.jpg\" class=\"attachment-us_920_539 size-us_920_539 wp-post-image\" alt=\"\" loading=\"eager\" \/><\/a><div style=\"padding-bottom:44.4444%\"><\/div><\/div><div class=\"w-vwrapper usg_vwrapper_1 align_left valign_top\"><div class=\"w-post-elm post_taxonomy usg_post_taxonomy_1 style_badge color_link_inherit\"><div class=\"w-post-elm-list\"><a class=\"w-btn us-btn-style_21 term-9166 term-coccidiosis-pl\" href=\"https:\/\/ew-nutrition.com\/pl\/category\/coccidiosis-pl\/\"><span class=\"w-btn-label\">Coccidiosis<\/span><\/a><a class=\"w-btn us-btn-style_21 term-8435 term-poultry-2-pl\" href=\"https:\/\/ew-nutrition.com\/pl\/category\/poultry-2-pl\/\"><span class=\"w-btn-label\">Poultry<\/span><\/a><\/div><\/div><\/div><div class=\"w-hwrapper usg_hwrapper_1 align_left valign_top\" style=\"--hwrapper-gap:0.35rem\"><time class=\"w-post-elm post_date usg_post_date_1 entry-date published\" datetime=\"2023-07-10T07:15:10+02:00\">Jul 10<\/time><span class=\"w-post-elm post_custom_field usg_post_custom_field_1 reading_time type_text color_link_inherit\"><i class=\"far fa-clock\"><\/i><span class=\"w-post-elm-value\">10<\/span><span class=\"w-post-elm-after\"> min read<\/span><\/span><\/div><div class=\"w-vwrapper usg_vwrapper_2 align_left valign_top\"><h2 class=\"w-post-elm post_title usg_post_title_2 entry-title\"><a href=\"https:\/\/ew-nutrition.com\/pl\/coccidiostats-european-union-challenges-perspectives\/\">Kokcydiostatyki w Unii Europejskiej: Wyzwania i perspektywy<\/a><\/h2><div class=\"w-post-elm post_content usg_post_content_2\">Twan\u00a0van Gerwe, DVM PhD (EBVS), Dyrektor Techniczny, EW Nutrition Kontrolowanie kokcydiozy jest powa\u017cny problem w dzia\u0142alno\u015bci drobiarskiej. Jednak od dziesi\u0119cioleci niekt\u00f3re z tych \u015brodk\u00f3w kontroli maj\u0105 coraz bardziej widoczny wp\u0142yw&hellip;<\/div><\/div>\t\t<\/div>\r\n\t\t\t<\/article>\r\n\t<article class=\"w-grid-item size_1x1 post-194344 post type-post status-publish format-standard has-post-thumbnail hentry category-antibiotic-reduction-pl category-coccidiosis-pl category-gut-health-pl category-phytomolecules-pl category-poultry-2-pl category-pretect-pl\" data-id=\"194344\">\r\n\t\t<div class=\"w-grid-item-h\">\r\n\t\t\t\t\t\t<div class=\"w-post-elm post_image usg_post_image_1 has_ratio\"><a href=\"https:\/\/ew-nutrition.com\/pl\/future-coccidiosis-control\/\" aria-label=\"Przysz\u0142o\u015b\u0107 kontroli kokcydiozy\"><img decoding=\"async\" width=\"920\" height=\"518\" src=\"https:\/\/ew-nutrition.com\/wp-content\/uploads\/articles\/the-future-of-coccidiosis-control\/dsc00382-920x518.jpg\" class=\"attachment-us_920_539 size-us_920_539 wp-post-image\" alt=\"\" loading=\"eager\" \/><\/a><div style=\"padding-bottom:44.4444%\"><\/div><\/div><div class=\"w-vwrapper usg_vwrapper_1 align_left valign_top\"><div class=\"w-post-elm post_taxonomy usg_post_taxonomy_1 style_badge color_link_inherit\"><div class=\"w-post-elm-list\"><a class=\"w-btn us-btn-style_21 term-8433 term-antibiotic-reduction-pl\" href=\"https:\/\/ew-nutrition.com\/pl\/category\/antibiotic-reduction-pl\/\"><span class=\"w-btn-label\">Antibiotic reduction<\/span><\/a><a class=\"w-btn us-btn-style_21 term-9166 term-coccidiosis-pl\" href=\"https:\/\/ew-nutrition.com\/pl\/category\/coccidiosis-pl\/\"><span class=\"w-btn-label\">Coccidiosis<\/span><\/a><a class=\"w-btn us-btn-style_21 term-9170 term-gut-health-pl\" href=\"https:\/\/ew-nutrition.com\/pl\/category\/gut-health-pl\/\"><span class=\"w-btn-label\">gut health<\/span><\/a><a class=\"w-btn us-btn-style_21 term-9169 term-phytomolecules-pl\" href=\"https:\/\/ew-nutrition.com\/pl\/category\/phytomolecules-pl\/\"><span class=\"w-btn-label\">Phytomolecules<\/span><\/a><a class=\"w-btn us-btn-style_21 term-8435 term-poultry-2-pl\" href=\"https:\/\/ew-nutrition.com\/pl\/category\/poultry-2-pl\/\"><span class=\"w-btn-label\">Poultry<\/span><\/a><a class=\"w-btn us-btn-style_21 term-9171 term-pretect-pl\" href=\"https:\/\/ew-nutrition.com\/pl\/category\/pretect-pl\/\"><span class=\"w-btn-label\">Pretect<\/span><\/a><\/div><\/div><\/div><div class=\"w-hwrapper usg_hwrapper_1 align_left valign_top\" style=\"--hwrapper-gap:0.35rem\"><time class=\"w-post-elm post_date usg_post_date_1 entry-date published\" datetime=\"2023-07-04T17:57:20+02:00\">Jul 4<\/time><span class=\"w-post-elm post_custom_field usg_post_custom_field_1 reading_time type_text color_link_inherit\"><i class=\"far fa-clock\"><\/i><span class=\"w-post-elm-value\">7<\/span><span class=\"w-post-elm-after\"> min read<\/span><\/span><\/div><div class=\"w-vwrapper usg_vwrapper_2 align_left valign_top\"><h2 class=\"w-post-elm post_title usg_post_title_2 entry-title\"><a href=\"https:\/\/ew-nutrition.com\/pl\/future-coccidiosis-control\/\">Przysz\u0142o\u015b\u0107 kontroli kokcydiozy<\/a><\/h2><div class=\"w-post-elm post_content usg_post_content_2\">Madalina\u00a0Diaconu, Product Manager Pretect D, EW Nutrition i Dr Twan van Gerwe, dyrektor techniczny, EW Nutrition Przy kosztach przekraczaj\u0105cych 14 miliard\u00f3w USD rocznie (Blake, 2020), kokcydioza jest jednym z najbardziej&hellip;<\/div><\/div>\t\t<\/div>\r\n\t\t\t<\/article>\r\n\t<article class=\"w-grid-item size_1x1 post-194336 post type-post status-publish format-standard has-post-thumbnail hentry category-antibiotic-reduction-pl category-poultry-2-pl category-poultry-gut-health-pl category-ventar-d-pl tag-gut-en-uk-pl\" data-id=\"194336\">\r\n\t\t<div class=\"w-grid-item-h\">\r\n\t\t\t\t\t\t<div class=\"w-post-elm post_image usg_post_image_1 has_ratio\"><a href=\"https:\/\/ew-nutrition.com\/pl\/managing-gut-health-key-challenge-abf-broiler-production\/\" aria-label=\"Zarz\u0105dzanie zdrowiem jelit \u2013 kluczowe wyzwanie w produkcji brojler\u00f3w ABF\"><img decoding=\"async\" width=\"920\" height=\"489\" src=\"https:\/\/ew-nutrition.com\/wp-content\/uploads\/articles\/managing-gut-health\/header-image-920x489.jpg\" class=\"attachment-us_920_539 size-us_920_539 wp-post-image\" alt=\"\" loading=\"eager\" \/><\/a><div style=\"padding-bottom:44.4444%\"><\/div><\/div><div class=\"w-vwrapper usg_vwrapper_1 align_left valign_top\"><div class=\"w-post-elm post_taxonomy usg_post_taxonomy_1 style_badge color_link_inherit\"><div class=\"w-post-elm-list\"><a class=\"w-btn us-btn-style_21 term-8433 term-antibiotic-reduction-pl\" href=\"https:\/\/ew-nutrition.com\/pl\/category\/antibiotic-reduction-pl\/\"><span class=\"w-btn-label\">Antibiotic reduction<\/span><\/a><a class=\"w-btn us-btn-style_21 term-8435 term-poultry-2-pl\" href=\"https:\/\/ew-nutrition.com\/pl\/category\/poultry-2-pl\/\"><span class=\"w-btn-label\">Poultry<\/span><\/a><a class=\"w-btn us-btn-style_21 term-8436 term-poultry-gut-health-pl\" href=\"https:\/\/ew-nutrition.com\/pl\/category\/poultry-gut-health-pl\/\"><span class=\"w-btn-label\">Poultry gut health<\/span><\/a><a class=\"w-btn us-btn-style_21 term-9167 term-ventar-d-pl\" href=\"https:\/\/ew-nutrition.com\/pl\/category\/ventar-d-pl\/\"><span class=\"w-btn-label\">Ventar D<\/span><\/a><\/div><\/div><\/div><div class=\"w-hwrapper usg_hwrapper_1 align_left valign_top\" style=\"--hwrapper-gap:0.35rem\"><time class=\"w-post-elm post_date usg_post_date_1 entry-date published\" datetime=\"2023-02-01T12:28:32+01:00\">Feb 1<\/time><span class=\"w-post-elm post_custom_field usg_post_custom_field_1 reading_time type_text color_link_inherit\"><i class=\"far fa-clock\"><\/i><span class=\"w-post-elm-value\">13<\/span><span class=\"w-post-elm-after\"> min read<\/span><\/span><\/div><div class=\"w-vwrapper usg_vwrapper_2 align_left valign_top\"><h2 class=\"w-post-elm post_title usg_post_title_2 entry-title\"><a href=\"https:\/\/ew-nutrition.com\/pl\/managing-gut-health-key-challenge-abf-broiler-production\/\">Zarz\u0105dzanie zdrowiem jelit \u2013 kluczowe wyzwanie w produkcji brojler\u00f3w ABF<\/a><\/h2><div class=\"w-post-elm post_content usg_post_content_2\">Przez\u00a0Dr.\u00a0Ajay Bhoyar, globalny kierownik techniczny ds. drobiu, EW Nutrition Zdrowie jelit jest krytycznym wyzwaniem w produkcji bez antybiotyk\u00f3w (ABF), poniewa\u017c odgrywa istotn\u0105 rol\u0119 w og\u00f3lnym zdrowiu i dobrostanie zwierz\u0105t. Antybiotyki&hellip;<\/div><div class=\"w-post-elm post_taxonomy usg_post_taxonomy_2 style_simple color_link_inherit\"><span class=\"w-post-elm-before\">Tags: <\/span><a class=\"term-9168 term-gut-en-uk-pl\" href=\"https:\/\/ew-nutrition.com\/pl\/tag\/gut-en-uk-pl\/\">gut<\/a><\/div><\/div>\t\t<\/div>\r\n\t\t\t<\/article>\r\n\t<article class=\"w-grid-item size_1x1 post-194340 post type-post status-publish format-standard has-post-thumbnail hentry category-bez-kategorii category-feed-pl category-phytomolecules-pl tag-phytomolecules-pl\" data-id=\"194340\">\r\n\t\t<div class=\"w-grid-item-h\">\r\n\t\t\t\t\t\t<div class=\"w-post-elm post_image usg_post_image_1 has_ratio\"><a href=\"https:\/\/ew-nutrition.com\/pl\/phytomolecules-the-balancing-act-between-superior-process-stability-and-desired-acting-in-the-animal\/\" aria-label=\"Skuteczne fitomoleku\u0142y \u0142\u0105cz\u0105 w sobie doskona\u0142\u0105 stabilno\u015b\u0107 obr\u00f3bki i silne dzia\u0142anie u zwierz\u0119cia\"><img decoding=\"async\" width=\"920\" height=\"531\" src=\"https:\/\/ew-nutrition.com\/wp-content\/uploads\/articles\/the-balancing-act-between-superior-process-stability-and-desired-acting-in-the-animal\/phytomolecules-920x531.jpg\" class=\"attachment-us_920_539 size-us_920_539 wp-post-image\" alt=\"\" loading=\"eager\" \/><\/a><div style=\"padding-bottom:44.4444%\"><\/div><\/div><div class=\"w-vwrapper usg_vwrapper_1 align_left valign_top\"><div class=\"w-post-elm post_taxonomy usg_post_taxonomy_1 style_badge color_link_inherit\"><div class=\"w-post-elm-list\"><a class=\"w-btn us-btn-style_21 term-1693 term-bez-kategorii\" href=\"https:\/\/ew-nutrition.com\/pl\/category\/bez-kategorii\/\"><span class=\"w-btn-label\">Bez kategorii<\/span><\/a><a class=\"w-btn us-btn-style_21 term-8635 term-feed-pl\" href=\"https:\/\/ew-nutrition.com\/pl\/category\/feed-pl\/\"><span class=\"w-btn-label\">Feed<\/span><\/a><a class=\"w-btn us-btn-style_21 term-9169 term-phytomolecules-pl\" href=\"https:\/\/ew-nutrition.com\/pl\/category\/phytomolecules-pl\/\"><span class=\"w-btn-label\">Phytomolecules<\/span><\/a><\/div><\/div><\/div><div class=\"w-hwrapper usg_hwrapper_1 align_left valign_top\" style=\"--hwrapper-gap:0.35rem\"><time class=\"w-post-elm post_date usg_post_date_1 entry-date published\" datetime=\"2022-10-06T07:22:39+02:00\">Oct 6<\/time><span class=\"w-post-elm post_custom_field usg_post_custom_field_1 reading_time type_text color_link_inherit\"><i class=\"far fa-clock\"><\/i><span class=\"w-post-elm-value\">8<\/span><span class=\"w-post-elm-after\"> min read<\/span><\/span><\/div><div class=\"w-vwrapper usg_vwrapper_2 align_left valign_top\"><h2 class=\"w-post-elm post_title usg_post_title_2 entry-title\"><a href=\"https:\/\/ew-nutrition.com\/pl\/phytomolecules-the-balancing-act-between-superior-process-stability-and-desired-acting-in-the-animal\/\">Skuteczne fitomoleku\u0142y \u0142\u0105cz\u0105 w sobie doskona\u0142\u0105 stabilno\u015b\u0107 obr\u00f3bki i silne dzia\u0142anie u zwierz\u0119cia<\/a><\/h2><div class=\"w-post-elm post_content usg_post_content_2\">Przez\u00a0Dr.\u00a0Inge Heinzl, redaktor i\u00a0dr Ruturaj Patil, Global Product Manager \u2013 Phytogenics, EW Nutrition\u00a0 Przez tysi\u0105clecia ro\u015bliny by\u0142y wykorzystywane do cel\u00f3w leczniczych w medycynie ludzkiej i weterynaryjnej oraz jako przyprawy w&hellip;<\/div><div class=\"w-post-elm post_taxonomy usg_post_taxonomy_2 style_simple color_link_inherit\"><span class=\"w-post-elm-before\">Tags: <\/span><a class=\"term-8442 term-phytomolecules-pl\" href=\"https:\/\/ew-nutrition.com\/pl\/tag\/phytomolecules-pl\/\">phytomolecules<\/a><\/div><\/div>\t\t<\/div>\r\n\t\t\t<\/article>\r\n<\/div>\t<div class=\"w-grid-preloader\">\r\n\t\t<div class=\"g-preloader type_2\">\r\n\t\t\t<div><\/div>\r\n\t\t<\/div>\r\n\t<\/div>\r\n\t\t<div class=\"w-grid-json hidden\" onclick='return {&quot;action&quot;:&quot;us_ajax_grid&quot;,&quot;infinite_scroll&quot;:0,&quot;max_num_pages&quot;:1,&quot;pagination&quot;:&quot;ajax&quot;,&quot;template_vars&quot;:{&quot;columns&quot;:&quot;2&quot;,&quot;exclude_items&quot;:&quot;none&quot;,&quot;img_size&quot;:&quot;default&quot;,&quot;ignore_items_size&quot;:0,&quot;items_layout&quot;:&quot;46133&quot;,&quot;items_offset&quot;:&quot;1&quot;,&quot;load_animation&quot;:&quot;none&quot;,&quot;overriding_link&quot;:&quot;{\\&quot;url\\&quot;:\\&quot;\\&quot;}&quot;,&quot;post_id&quot;:0,&quot;query_args&quot;:{&quot;post_type&quot;:[&quot;post&quot;],&quot;tax_query&quot;:[{&quot;taxonomy&quot;:&quot;category&quot;,&quot;field&quot;:&quot;slug&quot;,&quot;terms&quot;:[&quot;toxins-3&quot;,&quot;immunoglobulins&quot;,&quot;gut-health&quot;,&quot;gut-health-2&quot;,&quot;antibiotic-reduction&quot;,&quot;biosecurity&quot;,&quot;covid-19&quot;,&quot;ew-nutrition&quot;,&quot;feed&quot;,&quot;poultry-2&quot;,&quot;products&quot;,&quot;ruminants&quot;,&quot;toxins&quot;,&quot;pig&quot;]}],&quot;post_status&quot;:[&quot;publish&quot;,&quot;acf-disabled&quot;],&quot;posts_per_page&quot;:&quot;16&quot;},&quot;orderby_query_args&quot;:{&quot;orderby&quot;:{&quot;date&quot;:&quot;DESC&quot;}},&quot;type&quot;:&quot;grid&quot;,&quot;us_grid_post_type&quot;:&quot;post&quot;,&quot;us_grid_ajax_index&quot;:1,&quot;us_grid_filter_query_string&quot;:null,&quot;us_grid_index&quot;:1,&quot;page_args&quot;:[],&quot;lang&quot;:&quot;pl&quot;}}'><\/div>\r\n\t<\/div><div class=\"ult-spacer spacer-69deaa52e8078\" data-id=\"69deaa52e8078\" data-height=\"120\" data-height-mobile=\"40\" data-height-tab=\"80\" data-height-tab-portrait=\"80\" data-height-mobile-landscape=\"40\" style=\"clear:both;display:block;\"><\/div><\/div><\/div><\/div><\/div><\/div><\/section>\n","protected":false},"excerpt":{"rendered":"Przez\u00a0Dr.\u00a0Inge Heinzl, redaktor i\u00a0dr Ruturaj Patil, Global Product Manager \u2013 Phytogenics, EW Nutrition\u00a0 Przez tysi\u0105clecia ro\u015bliny by\u0142y wykorzystywane do cel\u00f3w leczniczych w medycynie ludzkiej i weterynaryjnej oraz jako przyprawy w kuchni. Od czasu wprowadzenia zakazu stosowania antybiotykowych stymulator\u00f3w wzrostu w 2006 r. przez Uni\u0119 Europejsk\u0105, znalaz\u0142y one r\u00f3wnie\u017c nacisk na \u017cywienie zwierz\u0105t. Ze wzgl\u0119du na...","protected":false},"author":8,"featured_media":0,"parent":59237,"menu_order":0,"comment_status":"closed","ping_status":"closed","template":"","meta":{"_acf_changed":false,"footnotes":""},"class_list":["post-59208","page","type-page","status-publish","hentry"],"acf":[],"yoast_head":"<!-- This site is optimized with the Yoast SEO Premium plugin v26.5 (Yoast SEO v27.4) - https:\/\/yoast.com\/product\/yoast-seo-premium-wordpress\/ -->\n<title>Artyku\u0142y - EW Nutrition<\/title>\n<meta name=\"robots\" content=\"index, follow, max-snippet:-1, max-image-preview:large, max-video-preview:-1\" \/>\n<link rel=\"canonical\" href=\"https:\/\/ew-nutrition.com\/pl\/infocenter\/articles\/\" \/>\n<meta property=\"og:locale\" content=\"pl_PL\" \/>\n<meta property=\"og:type\" content=\"article\" \/>\n<meta property=\"og:title\" content=\"Artyku\u0142y\" \/>\n<meta property=\"og:url\" content=\"https:\/\/ew-nutrition.com\/pl\/infocenter\/articles\/\" \/>\n<meta property=\"og:site_name\" content=\"EW Nutrition\" \/>\n<meta property=\"article:modified_time\" content=\"2021-05-21T12:27:58+00:00\" \/>\n<meta name=\"twitter:card\" content=\"summary_large_image\" \/>\n<meta name=\"twitter:site\" content=\"@EWNutritionGmbH\" \/>\n<meta name=\"twitter:label1\" content=\"Est. reading time\" \/>\n\t<meta name=\"twitter:data1\" content=\"1 minute\" \/>\n<!-- \/ Yoast SEO Premium plugin. -->","yoast_head_json":{"title":"Artyku\u0142y - EW Nutrition","robots":{"index":"index","follow":"follow","max-snippet":"max-snippet:-1","max-image-preview":"max-image-preview:large","max-video-preview":"max-video-preview:-1"},"canonical":"https:\/\/ew-nutrition.com\/pl\/infocenter\/articles\/","og_locale":"pl_PL","og_type":"article","og_title":"Artyku\u0142y","og_url":"https:\/\/ew-nutrition.com\/pl\/infocenter\/articles\/","og_site_name":"EW Nutrition","article_modified_time":"2021-05-21T12:27:58+00:00","twitter_card":"summary_large_image","twitter_site":"@EWNutritionGmbH","twitter_misc":{"Est. reading time":"1 minute"},"schema":{"@context":"https:\/\/schema.org","@graph":[{"@type":"WebPage","@id":"https:\/\/ew-nutrition.com\/pl\/infocenter\/articles\/","url":"https:\/\/ew-nutrition.com\/pl\/infocenter\/articles\/","name":"Artyku\u0142y - EW Nutrition","isPartOf":{"@id":"https:\/\/ew-nutrition.com\/#website"},"datePublished":"2020-12-04T10:31:12+00:00","dateModified":"2021-05-21T12:27:58+00:00","breadcrumb":{"@id":"https:\/\/ew-nutrition.com\/pl\/infocenter\/articles\/#breadcrumb"},"inLanguage":"pl","potentialAction":[{"@type":"ReadAction","target":["https:\/\/ew-nutrition.com\/pl\/infocenter\/articles\/"]}]},{"@type":"BreadcrumbList","@id":"https:\/\/ew-nutrition.com\/pl\/infocenter\/articles\/#breadcrumb","itemListElement":[{"@type":"ListItem","position":1,"name":"Home","item":"https:\/\/ew-nutrition.com\/pl\/"},{"@type":"ListItem","position":2,"name":"Infocenter","item":"https:\/\/ew-nutrition.com\/pl\/infocenter\/"},{"@type":"ListItem","position":3,"name":"Artyku\u0142y"}]},{"@type":"WebSite","@id":"https:\/\/ew-nutrition.com\/#website","url":"https:\/\/ew-nutrition.com\/","name":"EW Nutrition","description":"Functional Innovations backed by Science","publisher":{"@id":"https:\/\/ew-nutrition.com\/#organization"},"potentialAction":[{"@type":"SearchAction","target":{"@type":"EntryPoint","urlTemplate":"https:\/\/ew-nutrition.com\/?s={search_term_string}"},"query-input":{"@type":"PropertyValueSpecification","valueRequired":true,"valueName":"search_term_string"}}],"inLanguage":"pl"},{"@type":"Organization","@id":"https:\/\/ew-nutrition.com\/#organization","name":"EW Nutrition GmbH","url":"https:\/\/ew-nutrition.com\/","logo":{"@type":"ImageObject","inLanguage":"pl","@id":"https:\/\/ew-nutrition.com\/#\/schema\/logo\/image\/","url":"","contentUrl":"","caption":"EW Nutrition GmbH"},"image":{"@id":"https:\/\/ew-nutrition.com\/#\/schema\/logo\/image\/"},"sameAs":["https:\/\/x.com\/EWNutritionGmbH","https:\/\/www.instagram.com\/ewnutrition\/","https:\/\/www.linkedin.com\/company\/ew-nutrition","https:\/\/www.youtube.com\/channel\/UCIvcb19uSOJXrUecTY8n_dA"]}]}},"_links":{"self":[{"href":"https:\/\/ew-nutrition.com\/pl\/wp-json\/wp\/v2\/pages\/59208","targetHints":{"allow":["GET"]}}],"collection":[{"href":"https:\/\/ew-nutrition.com\/pl\/wp-json\/wp\/v2\/pages"}],"about":[{"href":"https:\/\/ew-nutrition.com\/pl\/wp-json\/wp\/v2\/types\/page"}],"author":[{"embeddable":true,"href":"https:\/\/ew-nutrition.com\/pl\/wp-json\/wp\/v2\/users\/8"}],"replies":[{"embeddable":true,"href":"https:\/\/ew-nutrition.com\/pl\/wp-json\/wp\/v2\/comments?post=59208"}],"version-history":[{"count":0,"href":"https:\/\/ew-nutrition.com\/pl\/wp-json\/wp\/v2\/pages\/59208\/revisions"}],"up":[{"embeddable":true,"href":"https:\/\/ew-nutrition.com\/pl\/wp-json\/wp\/v2\/pages\/59237"}],"wp:attachment":[{"href":"https:\/\/ew-nutrition.com\/pl\/wp-json\/wp\/v2\/media?parent=59208"}],"curies":[{"name":"wp","href":"https:\/\/api.w.org\/{rel}","templated":true}]}}