{"id":59202,"date":"2020-12-04T11:31:06","date_gmt":"2020-12-04T10:31:06","guid":{"rendered":"https:\/\/ew-nutrition.com\/o-nas\/"},"modified":"2020-12-16T16:14:49","modified_gmt":"2020-12-16T15:14:49","slug":"about-us","status":"publish","type":"page","link":"https:\/\/ew-nutrition.com\/pl\/about-us\/","title":{"rendered":"O nas"},"content":{"rendered":"<section class=\"l-section wpb_row height_small with_img\"><div class=\"l-section-img\" role=\"img\" aria-label=\"ewn header yellow 1\" data-img-width=\"\" data-img-height=\"\" style=\"background-image: url(https:\/\/ew-nutrition.com\/wp-content\/uploads\/headerimages\/basic-swooshes\/ewn_header_yellow-1.svg);background-position: bottom center;background-repeat: no-repeat;\"><\/div><div class=\"l-section-h i-cf\"><div class=\"g-cols vc_row via_flex valign_top type_default stacking_default\"><div class=\"vc_col-sm-6 wpb_column vc_column_container us_animate_afl\" style=\"animation-delay:0.5s\"><div class=\"vc_column-inner\"><div class=\"wpb_wrapper\"><nav class=\"g-breadcrumbs us_custom_a46129b6 has_text_color separator_icon align_none\" itemscope itemtype=\"http:\/\/schema.org\/BreadcrumbList\"><div class=\"g-breadcrumbs-item\">Pages<\/div><\/nav><div class=\"ult-spacer spacer-69d15ef34decc\" data-id=\"69d15ef34decc\" data-height=\"100\" data-height-mobile=\"40\" data-height-tab=\"40\" data-height-tab-portrait=\"60\" data-height-mobile-landscape=\"40\" style=\"clear:both;display:block;\"><\/div><div class=\"wpb_text_column\"><div class=\"wpb_wrapper\"><h1>Tak naprawd\u0119 o <strong>tobie<\/strong>.<\/h1>\n<\/div><\/div><div class=\"ult-spacer spacer-69d15ef34e0d5\" data-id=\"69d15ef34e0d5\" data-height=\"40\" data-height-mobile=\"20\" data-height-tab=\"30\" data-height-tab-portrait=\"40\" data-height-mobile-landscape=\"20\" style=\"clear:both;display:block;\"><\/div><div class=\"wpb_text_column\"><div class=\"wpb_wrapper\"><h5>Wymierne korzy\u015bci przy wsparciu ekspert\u00f3w.<\/h5>\n<p>EW Nutrition ma na celu wspieranie Ciebie i Twojej firmy w ci\u0105g\u0142ym, przewidywalnym i zr\u00f3wnowa\u017conym rozwoju.<\/p>\n<\/div><\/div><div class=\"ult-spacer spacer-69d15ef34e1b3\" data-id=\"69d15ef34e1b3\" data-height=\"120\" data-height-mobile=\"0\" data-height-tab=\"80\" data-height-tab-portrait=\"80\" data-height-mobile-landscape=\"0\" style=\"clear:both;display:block;\"><\/div><\/div><\/div><\/div><div class=\"vc_col-sm-6 wpb_column vc_column_container us_animate_afc stretched\" style=\"animation-delay:0.25s\"><div class=\"vc_column-inner\"><div class=\"wpb_wrapper\"><div class=\"ult-spacer spacer-69d15ef34e2a8\" data-id=\"69d15ef34e2a8\" data-height=\"40\" data-height-mobile=\"0\" data-height-tab=\"40\" data-height-tab-portrait=\"40\" data-height-mobile-landscape=\"0\" style=\"clear:both;display:block;\"><\/div><div class=\"w-image align_center\"><div class=\"w-image-h\"><img fetchpriority=\"high\" decoding=\"async\" width=\"1856\" height=\"1088\" src=\"https:\/\/ew-nutrition.com\/wp-content\/uploads\/headerimages\/header-graphics\/headervisual_ewn.png\" class=\"attachment-full size-full\" alt=\"headervisual ewn\" loading=\"eager\" srcset=\"https:\/\/ew-nutrition.com\/wp-content\/uploads\/headerimages\/header-graphics\/headervisual_ewn.png 1856w, https:\/\/ew-nutrition.com\/wp-content\/uploads\/headerimages\/header-graphics\/headervisual_ewn-300x176.png 300w, https:\/\/ew-nutrition.com\/wp-content\/uploads\/headerimages\/header-graphics\/headervisual_ewn-150x88.png 150w, https:\/\/ew-nutrition.com\/wp-content\/uploads\/headerimages\/header-graphics\/headervisual_ewn-120x70.png 120w, https:\/\/ew-nutrition.com\/wp-content\/uploads\/headerimages\/header-graphics\/headervisual_ewn-36x21.png 36w, https:\/\/ew-nutrition.com\/wp-content\/uploads\/headerimages\/header-graphics\/headervisual_ewn-600x352.png 600w, https:\/\/ew-nutrition.com\/wp-content\/uploads\/headerimages\/header-graphics\/headervisual_ewn-225x132.png 225w\" sizes=\"auto, (max-width: 1856px) 100vw, 1856px\" \/><\/div><\/div><div class=\"ult-spacer spacer-69d15ef34e6a1\" data-id=\"69d15ef34e6a1\" data-height=\"0\" data-height-mobile=\"80\" data-height-tab=\"0\" data-height-tab-portrait=\"0\" data-height-mobile-landscape=\"80\" style=\"clear:both;display:block;\"><\/div><\/div><\/div><\/div><\/div><\/div><\/section><section class=\"l-section wpb_row height_small\"><div class=\"l-section-h i-cf\"><div class=\"g-cols vc_row via_flex valign_top type_default stacking_default\"><div class=\"vc_col-sm-12 wpb_column vc_column_container us_animate_fade\" style=\"animation-delay:0.75s\"><div class=\"vc_column-inner\"><div class=\"wpb_wrapper\"><div class=\"ult-spacer spacer-69d15ef34e94e\" data-id=\"69d15ef34e94e\" data-height=\"100\" data-height-mobile=\"40\" data-height-tab=\"60\" data-height-tab-portrait=\"80\" data-height-mobile-landscape=\"40\" style=\"clear:both;display:block;\"><\/div><div class=\"g-cols wpb_row via_flex valign_top type_default stacking_default\"><div class=\"vc_col-sm-6 wpb_column vc_column_container\"><div class=\"vc_column-inner\"><div class=\"wpb_wrapper\"><div class=\"wpb_text_column\"><div class=\"wpb_wrapper\"><h2>Twoje wyzwania, <strong>Twoje korzy\u015bci<\/strong>, Tw\u00f3j zysk<br \/>\n<span style=\"color: #e8e100;\"><strong>__________<\/strong><\/span><\/h2>\n<\/div><\/div><\/div><\/div><\/div><div class=\"vc_col-sm-6 wpb_column vc_column_container\"><div class=\"vc_column-inner\"><div class=\"wpb_wrapper\"><div class=\"wpb_text_column\"><div class=\"wpb_wrapper\"><p><strong>Lepsze zdrowie, dobrobyt i zyski dzi\u0119ki inteligentnemu \u017cywieniu.<\/strong> Jeste\u015bmy Twoimi partnerami w budowaniu solidnego, konsekwentnego, dochodowego biznesu, opartego na \u015bwiadomych praktykach, kt\u00f3re s\u0105 dobre dla Ciebie i dla \u015bwiata.<\/p>\n<\/div><\/div><div class=\"ult-spacer spacer-69d15ef34ee74\" data-id=\"69d15ef34ee74\" data-height=\"20\" data-height-mobile=\"20\" data-height-tab=\"20\" data-height-tab-portrait=\"20\" data-height-mobile-landscape=\"20\" style=\"clear:both;display:block;\"><\/div><div class=\"w-btn-wrapper align_none\"><a class=\"w-btn us-btn-style_1\" href=\"\/pl\/about-us\/company\/\"><span class=\"w-btn-label\">Nasza firma<\/span><\/a><\/div><\/div><\/div><\/div><\/div><div class=\"ult-spacer spacer-69d15ef34ef9b\" data-id=\"69d15ef34ef9b\" data-height=\"120\" data-height-mobile=\"40\" data-height-tab=\"60\" data-height-tab-portrait=\"80\" data-height-mobile-landscape=\"40\" style=\"clear:both;display:block;\"><\/div><\/div><\/div><\/div><\/div><\/div><\/section><section class=\"l-section wpb_row height_small with_img parallax_fixed\"><div class=\"l-section-img\" role=\"img\" aria-label=\"career meeting\" data-img-width=\"1920\" data-img-height=\"1080\" style=\"background-image: url(https:\/\/ew-nutrition.com\/wp-content\/uploads\/backgrounds\/brighter\/career_meeting.jpg);background-repeat: no-repeat;\"><\/div><div class=\"l-section-overlay\" style=\"background:var(--color-content-overlay)\"><\/div><div class=\"l-section-h i-cf\"><div class=\"g-cols vc_row via_flex valign_top type_default stacking_default\"><div class=\"vc_col-sm-2 wpb_column vc_column_container\"><div class=\"vc_column-inner\"><div class=\"wpb_wrapper\"><\/div><\/div><\/div><div class=\"vc_col-sm-8 wpb_column vc_column_container\"><div class=\"vc_column-inner\"><div class=\"wpb_wrapper\"><div class=\"ult-spacer spacer-69d15ef34f31d\" data-id=\"69d15ef34f31d\" data-height=\"100\" data-height-mobile=\"40\" data-height-tab=\"60\" data-height-tab-portrait=\"80\" data-height-mobile-landscape=\"40\" style=\"clear:both;display:block;\"><\/div><div class=\"wpb_text_column us_custom_6df4bc3a has_text_color\"><div class=\"wpb_wrapper\"><h1 style=\"text-align: center;\"><span style=\"color: #ffffff;\"><strong>Do\u0142\u0105cz do<\/strong> naszego globalnego zespo\u0142u<\/span><\/h1>\n<\/div><\/div><div class=\"ult-spacer spacer-69d15ef34f400\" data-id=\"69d15ef34f400\" data-height=\"40\" data-height-mobile=\"20\" data-height-tab=\"20\" data-height-tab-portrait=\"40\" data-height-mobile-landscape=\"20\" style=\"clear:both;display:block;\"><\/div><div class=\"wpb_text_column us_custom_6df4bc3a has_text_color\"><div class=\"wpb_wrapper\"><p style=\"text-align: center;\">Czy jeste\u015b ambitnym profesjonalist\u0105, kt\u00f3ry trzyma r\u0119k\u0119 na pulsie bran\u017cy produkcji zwierz\u0119cej i ma oko na wzrost oparty na warto\u015bciach?<\/p>\n<\/div><\/div><div class=\"wpb_text_column us_custom_6df4bc3a has_text_color\"><div class=\"wpb_wrapper\"><p style=\"text-align: center;\">Czy jeste\u015b studentem, kt\u00f3ry chce uratowa\u0107 \u015bwiat i \/ lub zrozumie\u0107 \u017cywienie zwierz\u0105t?<\/p>\n<\/div><\/div><div class=\"wpb_text_column us_custom_6df4bc3a has_text_color\"><div class=\"wpb_wrapper\"><p style=\"text-align: center;\">Czy dopiero co sko\u0144czy\u0142e\u015b college i chcesz dowiedzie\u0107 si\u0119, jak silne firmy generuj\u0105 zyski dzi\u0119ki innowacjom i zorientowaniu na klienta?<\/p>\n<p style=\"text-align: center;\"><strong>Tak czy inaczej, mo\u017cemy mie\u0107 w\u0142a\u015bnie pozycj\u0119, kt\u00f3rej szukasz.<\/strong><\/p>\n<\/div><\/div><div class=\"ult-spacer spacer-69d15ef34f616\" data-id=\"69d15ef34f616\" data-height=\"40\" data-height-mobile=\"20\" data-height-tab=\"20\" data-height-tab-portrait=\"40\" data-height-mobile-landscape=\"20\" style=\"clear:both;display:block;\"><\/div><div class=\"w-btn-wrapper align_center\"><a class=\"w-btn us-btn-style_1\" href=\"\/pl\/about-us\/career\/\"><span class=\"w-btn-label\">Dowiedz si\u0119 wi\u0119cej<\/span><\/a><\/div><div class=\"ult-spacer spacer-69d15ef34f68f\" data-id=\"69d15ef34f68f\" data-height=\"120\" data-height-mobile=\"40\" data-height-tab=\"60\" data-height-tab-portrait=\"80\" data-height-mobile-landscape=\"40\" style=\"clear:both;display:block;\"><\/div><div class=\"ult-spacer spacer-69d15ef34f6a6\" data-id=\"69d15ef34f6a6\" data-height=\"120\" data-height-mobile=\"40\" data-height-tab=\"60\" data-height-tab-portrait=\"80\" data-height-mobile-landscape=\"40\" style=\"clear:both;display:block;\"><\/div><\/div><\/div><\/div><div class=\"vc_col-sm-2 wpb_column vc_column_container\"><div class=\"vc_column-inner\"><div class=\"wpb_wrapper\"><\/div><\/div><\/div><\/div><\/div><\/section><section class=\"l-section wpb_row height_small\"><div class=\"l-section-h i-cf\"><div class=\"g-cols vc_row via_flex valign_top type_default stacking_default\"><div class=\"vc_col-sm-12 wpb_column vc_column_container\"><div class=\"vc_column-inner\"><div class=\"wpb_wrapper\"><div class=\"ult-spacer spacer-69d15ef34f8ce\" data-id=\"69d15ef34f8ce\" data-height=\"100\" data-height-mobile=\"40\" data-height-tab=\"60\" data-height-tab-portrait=\"80\" data-height-mobile-landscape=\"40\" style=\"clear:both;display:block;\"><\/div><div class=\"g-cols wpb_row via_flex valign_top type_default stacking_default\"><div class=\"vc_col-sm-3 wpb_column vc_column_container\"><div class=\"vc_column-inner\"><div class=\"wpb_wrapper\"><\/div><\/div><\/div><div class=\"vc_col-sm-6 wpb_column vc_column_container\"><div class=\"vc_column-inner\"><div class=\"wpb_wrapper\"><div class=\"wpb_text_column\"><div class=\"wpb_wrapper\"><h2 style=\"text-align: center;\"><strong>Skontaktuj si\u0119 z<\/strong> nami<\/h2>\n<\/div><\/div><div class=\"wpb_text_column\"><div class=\"wpb_wrapper\"><p style=\"text-align: center;\">Dowiedz si\u0119, jak mo\u017cemy pom\u00f3c Twojej firmie dzi\u0119ki zr\u00f3wnowa\u017conym, ca\u0142o\u015bciowym rozwi\u0105zaniom dostosowanym do Twojej konkretnej sytuacji.<\/p>\n<\/div><\/div><div class=\"ult-spacer spacer-69d15ef34fb76\" data-id=\"69d15ef34fb76\" data-height=\"40\" data-height-mobile=\"20\" data-height-tab=\"20\" data-height-tab-portrait=\"40\" data-height-mobile-landscape=\"20\" style=\"clear:both;display:block;\"><\/div><div class=\"w-btn-wrapper align_center\"><a class=\"w-btn us-btn-style_1\" href=\"\/pl\/about-us\/contact\/\"><span class=\"w-btn-label\">Rozpocznij rozmow\u0119<\/span><\/a><\/div><\/div><\/div><\/div><div class=\"vc_col-sm-3 wpb_column vc_column_container\"><div class=\"vc_column-inner\"><div class=\"wpb_wrapper\"><\/div><\/div><\/div><\/div><div class=\"w-separator size_medium with_line width_default thick_1 style_solid color_border align_center\"><div class=\"w-separator-h\"><\/div><\/div><div class=\"wpb_text_column us_custom_6f9c3709\"><div class=\"wpb_wrapper\"><p style=\"text-align: center;\"><strong>Wybierz region, w<\/strong> kt\u00f3rym szukasz osoby kontaktowej:<\/p>\n<\/div><\/div><div class='ult_hotspot_container ult-adjust-bottom-margin ult-hotspot-tooltip-wrapper ' style=>  <img class='ult_hotspot_image' src=https:\/\/ew-nutrition.com\/wp-content\/uploads\/backgrounds\/worldmap_contact.svg alt='null'\/>     <div class='utl-hotspot-items ult-hotspot-item'><div class='ult-hotspot-item  ' style='top:-webkit-calc(47.561961206896555% - 16px);top:-moz-calc(47.561961206896555% - 16px);top:calc(47.561961206896555% - 16px);left: -webkit-calc(17.20142602495544% - 16px);left: -moz-calc(17.20142602495544% - 16px);left: calc(17.20142602495544% - 16px);' >  <div style='z-index: 39;position: relative;'>   <a data-link_style='simple' class='ult-tooltipstered ult-hotspot-tooltip' href=\"\/about-us\/contact\/#americas\"  data-status='hide'><div class=\"ult-just-icon-wrapper  \"><div class=\"align-icon\" style=\"text-align:center;\">\n<div class=\"aio-icon advanced \"  style=\"color:#282828;background:#e8e100;border-style:solid;border-color:#ffffff;border-width:2px;width:48px;height:48px;line-height:48px;border-radius:500px;font-size:32px;display:inline-block;\">\n\t<i class=\"Defaults-map-marker\"><\/i>\n<\/div><\/div><\/div>  <\/a> <\/div><!-- ICON WRAP --> <div class='ult-glow' ><\/div><\/div><div class='ult-hotspot-item  ' style='top:-webkit-calc(47.618534482758626% - 16px);top:-moz-calc(47.618534482758626% - 16px);top:calc(47.618534482758626% - 16px);left: -webkit-calc(48.752228163992875% - 16px);left: -moz-calc(48.752228163992875% - 16px);left: calc(48.752228163992875% - 16px);' >  <div style='z-index: 39;position: relative;'>   <a data-link_style='simple' class='ult-tooltipstered ult-hotspot-tooltip' href=\"\/about-us\/contact\/#europe-mea\"  data-status='hide'><div class=\"ult-just-icon-wrapper  \"><div class=\"align-icon\" style=\"text-align:center;\">\n<div class=\"aio-icon advanced \"  style=\"color:#282828;background:#e8e100;border-style:solid;border-color:#ffffff;border-width:2px;width:48px;height:48px;line-height:48px;border-radius:500px;font-size:32px;display:inline-block;\">\n\t<i class=\"Defaults-map-marker\"><\/i>\n<\/div><\/div><\/div>  <\/a> <\/div><!-- ICON WRAP --> <div class='ult-glow' ><\/div><\/div><div class='ult-hotspot-item  ' style='top:-webkit-calc(47.60506465517241% - 16px);top:-moz-calc(47.60506465517241% - 16px);top:calc(47.60506465517241% - 16px);left: -webkit-calc(80.3030303030303% - 16px);left: -moz-calc(80.3030303030303% - 16px);left: calc(80.3030303030303% - 16px);' >  <div style='z-index: 39;position: relative;'>   <a data-link_style='simple' class='ult-tooltipstered ult-hotspot-tooltip' href=\"\/about-us\/contact\/#asia-pacific\"  data-status='hide'><div class=\"ult-just-icon-wrapper  \"><div class=\"align-icon\" style=\"text-align:center;\">\n<div class=\"aio-icon advanced \"  style=\"color:#282828;background:#e8e100;border-style:solid;border-color:#ffffff;border-width:2px;width:48px;height:48px;line-height:48px;border-radius:500px;font-size:32px;display:inline-block;\">\n\t<i class=\"Defaults-map-marker\"><\/i>\n<\/div><\/div><\/div>  <\/a> <\/div><!-- ICON WRAP --> <div class='ult-glow' ><\/div><\/div>\n<\/div>     <div style='color:#000;' data-image='    '><\/div><\/div><div class=\"ult-spacer spacer-69d15ef35015c\" data-id=\"69d15ef35015c\" data-height=\"120\" data-height-mobile=\"40\" data-height-tab=\"60\" data-height-tab-portrait=\"80\" data-height-mobile-landscape=\"40\" style=\"clear:both;display:block;\"><\/div><\/div><\/div><\/div><\/div><\/div><\/section><!-- Row Backgrounds --><div class=\"upb_color\" data-bg-override=\"0\" data-bg-color=\"#f4f4f4\" data-fadeout=\"\" data-fadeout-percentage=\"30\" data-parallax-content=\"\" data-parallax-content-sense=\"30\" data-row-effect-mobile-disable=\"true\" data-img-parallax-mobile-disable=\"true\" data-rtl=\"false\"  data-custom-vc-row=\"\"  data-vc=\"8.7.2\"  data-is_old_vc=\"\"  data-theme-support=\"\"   data-overlay=\"false\" data-overlay-color=\"\" data-overlay-pattern=\"\" data-overlay-pattern-opacity=\"\" data-overlay-pattern-size=\"\"    ><\/div>\n","protected":false},"excerpt":{"rendered":"PagesTak naprawd\u0119 o tobie. Wymierne korzy\u015bci przy wsparciu ekspert\u00f3w. EW Nutrition ma na celu wspieranie Ciebie i Twojej firmy w ci\u0105g\u0142ym, przewidywalnym i zr\u00f3wnowa\u017conym rozwoju. Twoje wyzwania, Twoje korzy\u015bci, Tw\u00f3j zysk __________ Lepsze zdrowie, dobrobyt i zyski dzi\u0119ki inteligentnemu \u017cywieniu. Jeste\u015bmy Twoimi partnerami w budowaniu solidnego, konsekwentnego, dochodowego biznesu, opartego na \u015bwiadomych praktykach, kt\u00f3re s\u0105...","protected":false},"author":8,"featured_media":0,"parent":0,"menu_order":0,"comment_status":"closed","ping_status":"closed","template":"","meta":{"_acf_changed":false,"footnotes":""},"class_list":["post-59202","page","type-page","status-publish","hentry"],"acf":[],"yoast_head":"<!-- This site is optimized with the Yoast SEO Premium plugin v26.5 (Yoast SEO v27.3) - https:\/\/yoast.com\/product\/yoast-seo-premium-wordpress\/ -->\n<title>O nas - EW Nutrition<\/title>\n<meta name=\"robots\" content=\"index, follow, max-snippet:-1, max-image-preview:large, max-video-preview:-1\" \/>\n<link rel=\"canonical\" href=\"https:\/\/ew-nutrition.com\/pl\/about-us\/\" \/>\n<meta property=\"og:locale\" content=\"pl_PL\" \/>\n<meta property=\"og:type\" content=\"article\" \/>\n<meta property=\"og:title\" content=\"O nas\" \/>\n<meta property=\"og:url\" content=\"https:\/\/ew-nutrition.com\/pl\/about-us\/\" \/>\n<meta property=\"og:site_name\" content=\"EW Nutrition\" \/>\n<meta property=\"article:modified_time\" content=\"2020-12-16T15:14:49+00:00\" \/>\n<meta name=\"twitter:card\" content=\"summary_large_image\" \/>\n<meta name=\"twitter:site\" content=\"@EWNutritionGmbH\" \/>\n<meta name=\"twitter:label1\" content=\"Est. reading time\" \/>\n\t<meta name=\"twitter:data1\" content=\"5 minutes\" \/>\n<!-- \/ Yoast SEO Premium plugin. -->","yoast_head_json":{"title":"O nas - EW Nutrition","robots":{"index":"index","follow":"follow","max-snippet":"max-snippet:-1","max-image-preview":"max-image-preview:large","max-video-preview":"max-video-preview:-1"},"canonical":"https:\/\/ew-nutrition.com\/pl\/about-us\/","og_locale":"pl_PL","og_type":"article","og_title":"O nas","og_url":"https:\/\/ew-nutrition.com\/pl\/about-us\/","og_site_name":"EW Nutrition","article_modified_time":"2020-12-16T15:14:49+00:00","twitter_card":"summary_large_image","twitter_site":"@EWNutritionGmbH","twitter_misc":{"Est. reading time":"5 minutes"},"schema":{"@context":"https:\/\/schema.org","@graph":[{"@type":"WebPage","@id":"https:\/\/ew-nutrition.com\/pl\/about-us\/","url":"https:\/\/ew-nutrition.com\/pl\/about-us\/","name":"O nas - EW Nutrition","isPartOf":{"@id":"https:\/\/ew-nutrition.com\/#website"},"datePublished":"2020-12-04T10:31:06+00:00","dateModified":"2020-12-16T15:14:49+00:00","breadcrumb":{"@id":"https:\/\/ew-nutrition.com\/pl\/about-us\/#breadcrumb"},"inLanguage":"pl","potentialAction":[{"@type":"ReadAction","target":["https:\/\/ew-nutrition.com\/pl\/about-us\/"]}]},{"@type":"BreadcrumbList","@id":"https:\/\/ew-nutrition.com\/pl\/about-us\/#breadcrumb","itemListElement":[{"@type":"ListItem","position":1,"name":"Home","item":"https:\/\/ew-nutrition.com\/pl\/"},{"@type":"ListItem","position":2,"name":"O nas"}]},{"@type":"WebSite","@id":"https:\/\/ew-nutrition.com\/#website","url":"https:\/\/ew-nutrition.com\/","name":"EW Nutrition","description":"Functional Innovations backed by Science","publisher":{"@id":"https:\/\/ew-nutrition.com\/#organization"},"potentialAction":[{"@type":"SearchAction","target":{"@type":"EntryPoint","urlTemplate":"https:\/\/ew-nutrition.com\/?s={search_term_string}"},"query-input":{"@type":"PropertyValueSpecification","valueRequired":true,"valueName":"search_term_string"}}],"inLanguage":"pl"},{"@type":"Organization","@id":"https:\/\/ew-nutrition.com\/#organization","name":"EW Nutrition GmbH","url":"https:\/\/ew-nutrition.com\/","logo":{"@type":"ImageObject","inLanguage":"pl","@id":"https:\/\/ew-nutrition.com\/#\/schema\/logo\/image\/","url":"","contentUrl":"","caption":"EW Nutrition GmbH"},"image":{"@id":"https:\/\/ew-nutrition.com\/#\/schema\/logo\/image\/"},"sameAs":["https:\/\/x.com\/EWNutritionGmbH","https:\/\/www.instagram.com\/ewnutrition\/","https:\/\/www.linkedin.com\/company\/ew-nutrition","https:\/\/www.youtube.com\/channel\/UCIvcb19uSOJXrUecTY8n_dA"]}]}},"_links":{"self":[{"href":"https:\/\/ew-nutrition.com\/pl\/wp-json\/wp\/v2\/pages\/59202","targetHints":{"allow":["GET"]}}],"collection":[{"href":"https:\/\/ew-nutrition.com\/pl\/wp-json\/wp\/v2\/pages"}],"about":[{"href":"https:\/\/ew-nutrition.com\/pl\/wp-json\/wp\/v2\/types\/page"}],"author":[{"embeddable":true,"href":"https:\/\/ew-nutrition.com\/pl\/wp-json\/wp\/v2\/users\/8"}],"replies":[{"embeddable":true,"href":"https:\/\/ew-nutrition.com\/pl\/wp-json\/wp\/v2\/comments?post=59202"}],"version-history":[{"count":0,"href":"https:\/\/ew-nutrition.com\/pl\/wp-json\/wp\/v2\/pages\/59202\/revisions"}],"wp:attachment":[{"href":"https:\/\/ew-nutrition.com\/pl\/wp-json\/wp\/v2\/media?parent=59202"}],"curies":[{"name":"wp","href":"https:\/\/api.w.org\/{rel}","templated":true}]}}