{"id":60182,"date":"2018-06-06T16:01:16","date_gmt":"2018-06-06T14:01:16","guid":{"rendered":"https:\/\/ew-nutrition.com\/privacy\/"},"modified":"2020-12-16T13:57:18","modified_gmt":"2020-12-16T12:57:18","slug":"privacy","status":"publish","type":"page","link":"https:\/\/ew-nutrition.com\/it\/privacy\/","title":{"rendered":"Politica sulla riservatezza"},"content":{"rendered":"<section class=\"l-section wpb_row height_small with_img\"><div class=\"l-section-img\" role=\"img\" aria-label=\"ewn header yellow 1\" data-img-width=\"\" data-img-height=\"\" style=\"background-image: url(https:\/\/ew-nutrition.com\/wp-content\/uploads\/headerimages\/basic-swooshes\/ewn_header_yellow-1.svg);background-position: bottom center;background-repeat: no-repeat;\"><\/div><div class=\"l-section-h i-cf\"><div class=\"g-cols vc_row via_flex valign_middle type_default stacking_default\"><div class=\"vc_col-sm-6 wpb_column vc_column_container us_animate_afl\"><div class=\"vc_column-inner\"><div class=\"wpb_wrapper\"><nav class=\"g-breadcrumbs us_custom_a46129b6 has_text_color separator_icon align_none\" itemscope itemtype=\"http:\/\/schema.org\/BreadcrumbList\"><div class=\"g-breadcrumbs-item\">Pages<\/div><\/nav><div class=\"ult-spacer spacer-69dec7134efe5\" data-id=\"69dec7134efe5\" data-height=\"100\" data-height-mobile=\"40\" data-height-tab=\"40\" data-height-tab-portrait=\"60\" data-height-mobile-landscape=\"40\" style=\"clear:both;display:block;\"><\/div><div class=\"wpb_text_column\"><div class=\"wpb_wrapper\"><h1 style=\"text-align: left;\">Nostro<strong><br \/>\npolitica sulla riservatezza<\/strong><\/h1>\n<\/div><\/div><div class=\"ult-spacer spacer-69dec7134f245\" data-id=\"69dec7134f245\" data-height=\"40\" data-height-mobile=\"20\" data-height-tab=\"30\" data-height-tab-portrait=\"40\" data-height-mobile-landscape=\"20\" style=\"clear:both;display:block;\"><\/div><div class=\"w-image align_left\"><div class=\"w-image-h\"><img decoding=\"async\" width=\"80\" height=\"80\" src=\"https:\/\/ew-nutrition.com\/wp-content\/uploads\/global-assets\/icons\/icon_cookie-noticer3.svg\" class=\"attachment-us_80_80 size-us_80_80\" alt=\"icon cookie noticer3\" loading=\"eager\" \/><\/div><\/div><div class=\"ult-spacer spacer-69dec7134f532\" data-id=\"69dec7134f532\" data-height=\"20\" data-height-mobile=\"20\" data-height-tab=\"20\" data-height-tab-portrait=\"\" data-height-mobile-landscape=\"\" style=\"clear:both;display:block;\"><\/div><div class=\"w-btn-wrapper align_none\"><a class=\"w-btn us-btn-style_18 borlabs-cookie-preference\" href=\"#\"><span class=\"w-btn-label\">Modifica le impostazioni dei cookie<\/span><\/a><\/div><div class=\"ult-spacer spacer-69dec7134f688\" data-id=\"69dec7134f688\" data-height=\"120\" data-height-mobile=\"0\" data-height-tab=\"80\" data-height-tab-portrait=\"80\" data-height-mobile-landscape=\"0\" style=\"clear:both;display:block;\"><\/div><\/div><\/div><\/div><div class=\"vc_col-sm-6 wpb_column vc_column_container us_animate_afb\"><div class=\"vc_column-inner\"><div class=\"wpb_wrapper\"><div class=\"ult-spacer spacer-69dec7134f77e\" data-id=\"69dec7134f77e\" data-height=\"40\" data-height-mobile=\"0\" data-height-tab=\"40\" data-height-tab-portrait=\"40\" data-height-mobile-landscape=\"0\" style=\"clear:both;display:block;\"><\/div><div class=\"ult-spacer spacer-69dec7134f79c\" data-id=\"69dec7134f79c\" data-height=\"0\" data-height-mobile=\"80\" data-height-tab=\"0\" data-height-tab-portrait=\"0\" data-height-mobile-landscape=\"80\" style=\"clear:both;display:block;\"><\/div><\/div><\/div><\/div><\/div><\/div><\/section><!-- Row Backgrounds --><section class=\"l-section wpb_row height_small\"><div class=\"l-section-h i-cf\"><div class=\"g-cols vc_row via_flex valign_top type_default stacking_default\"><div class=\"vc_col-sm-10 wpb_column vc_column_container\"><div class=\"vc_column-inner\"><div class=\"wpb_wrapper\"><div class=\"ult-spacer spacer-69dec7134fbc1\" data-id=\"69dec7134fbc1\" data-height=\"100\" data-height-mobile=\"40\" data-height-tab=\"60\" data-height-tab-portrait=\"80\" data-height-mobile-landscape=\"40\" style=\"clear:both;display:block;\"><\/div><div class=\"wpb_text_column\"><div class=\"wpb_wrapper\"><h2 style=\"text-align: left;\">Informazione:<br \/>\n<strong><span style=\"color: #e8e100;\">__________<\/span><\/strong><\/h2>\n<\/div><\/div><div class=\"wpb_text_column\"><div class=\"wpb_wrapper\"><p><strong>1. politica sulla riservatezza<\/strong><\/p>\n<p>Ti diamo il benvenuto nel nostro sito web. Desideriamo informarLa sulla gestione dei suoi dati personali ai sensi dell&#8217;Art. 13 Regolamento generale sulla protezione dei dati (GDPR).<\/p>\n<p><strong>2. Controller<\/strong><\/p>\n<p>Il responsabile della raccolta e del trattamento dei dati descritti \u00e8 indicato nell&#8217;impronta<\/p>\n<p><strong>3. Dati di utilizzo<\/strong><\/p>\n<p>Quando visiti il nostro sito web, i dati raccolti dall&#8217;utilizzo del sito web vengono temporaneamente memorizzati sul nostro server web a fini statistici al fine di migliorare la qualit\u00e0 del nostro sito web. Questo set di dati contiene:<\/p>\n<ul class=\"list-black\">\n<li>la pagina dalla quale si richiedono i dati<\/li>\n<li>il nome del file di dati,<\/li>\n<li>la data e l&#8217;ora della query,<\/li>\n<li>la quantit\u00e0 di dati trasferiti,<\/li>\n<li>lo stato di accesso (file trasmesso, file non trovato),<\/li>\n<li>una descrizione del tipo di browser utilizzato,<\/li>\n<li>l&#8217;indirizzo IP del computer richiedente abbreviato a tal punto che non \u00e8 possibile una nuova identificazione dei dati personali.<\/li>\n<\/ul>\n<p>I dati di utilizzo elencati vengono memorizzati in modo anonimo.<\/p>\n<p><strong>4. Memorizzazione del tuo indirizzo IP<\/strong><\/p>\n<p>Non memorizziamo il tuo indirizzo IP.<\/p>\n<p><strong>5. <\/strong><strong>La sicurezza dei dati<\/strong><\/p>\n<p>Per evitare l&#8217;accesso non autorizzato ai tuoi dati, abbiamo implementato misure tecniche e organizzative. Utilizziamo tecnologie di crittografia sul nostro sito web. I tuoi dati verranno trasferiti ai nostri server e viceversa tramite una connessione protetta da una tecnologia di crittografia TLS. Puoi riconoscere che stai navigando su un sito web protetto da crittografia dal simbolo del lucchetto mostrato nella barra degli indirizzi del tuo browser e dalla barra degli indirizzi che inizia con https: \/\/.<\/p>\n<p><strong>6. <\/strong><strong>Cookie necessari <\/strong><\/p>\n<p>Utilizziamo i cookie sul nostro sito Web, necessari per l&#8217;utilizzo del nostro sito Web.<\/p>\n<p>I cookie sono piccoli pezzi di dati che vengono memorizzati e letti nel tuo dispositivo finale. Viene fatta una distinzione tra cookie di sessione, che vengono cancellati alla chiusura del browser, e cookie permanenti, che vengono memorizzati anche dopo la scadenza della visita.<\/p>\n<p>Non utilizziamo questi cookie necessari per scopi di analisi, monitoraggio o pubblicit\u00e0.<\/p>\n<p>I cookie possono contenere dati che consentono il riconoscimento del dispositivo utilizzato. Tuttavia, in alcuni casi i cookie contengono solo informazioni su determinate impostazioni che non sono dati personali.<\/p>\n<p>I dati sono trattati ai sensi dell&#8217;art. 6 par. 1 s. 1 lit. f GDPR e nell&#8217;interesse della guida dell&#8217;utente, della sicurezza e dell&#8217;implementazione del sito.<\/p>\n<p><strong>Tieni presente che puoi impostare il tuo browser in modo da informarti quando i cookie vengono memorizzati o utilizzati sul sito web che stai visitando. Pertanto, qualsiasi utilizzo dei cookie \u00e8 trasparente per te. Hai la possibilit\u00e0 di cancellare la configurazione del tuo browser in qualsiasi momento e impedire qualsiasi utilizzo di nuovi cookie.\u00a0 Nel caso in cui rifiuti l&#8217;uso dei cookie, tieni presente che i nostri siti web potrebbero non essere visualizzati in modo ottimale e alcune funzioni non sarebbero pi\u00f9 tecnicamente disponibili.<\/strong><\/p>\n<p><strong>7. Google Analytics<\/strong><\/p>\n<p>Utilizziamo Google Analytics per creare profili utente pseudonimi per migliorare e progettare il nostro sito web. A tale scopo, i cookie permanenti vengono memorizzati sul tuo dispositivo e possono essere letti da noi. In questo modo siamo in grado di riconoscere e contare i visitatori di ritorno.<\/p>\n<p>Il trattamento dei dati avviene sulla base del vostro consenso ai sensi dell&#8217;art. 6 par. 1 frase 1 lit. a GDPR, a condizione che tu abbia dato il tuo consenso tramite il nostro banner di consenso.<\/p>\n<p>Puoi revocare il tuo consenso in qualsiasi momento. Segui questo link ed effettua le impostazioni appropriate tramite il nostro banner.<\/p>\n<p>Nell&#8217;ambito di Google Analytics, Google ci supporta come elaboratore ai sensi dell&#8217;art. 28 DSGVO. Il trattamento dei dati pu\u00f2 avvenire anche al di fuori dell&#8217;UE o del SEE. Per quanto riguarda Google, \u00e8 garantito un livello adeguato di protezione dei dati ai sensi dell&#8217;art. 45 cpv. 1 GDPR, perch\u00e9 Google partecipa all&#8217;accordo sullo scudo per la privacy.<\/p>\n<p><strong>8. Google Fonts<\/strong><\/p>\n<p>Su queste pagine Internet vengono utilizzati caratteri esterni, Google Fonts. Google Fonts \u00e8 un servizio di Google Inc. (&#8220;Google&#8221;).<\/p>\n<p>Per consentire la visualizzazione di determinati caratteri sul nostro sito Web, viene stabilita una connessione al server di Google negli Stati Uniti ogni volta che si accede al nostro sito Web.<\/p>\n<p>Quando accedi al nostro sito, viene stabilita una connessione a Google da cui Google pu\u00f2 identificare il sito da cui \u00e8 stata inviata la tua richiesta e a quale indirizzo IP vengono trasmessi i caratteri per la visualizzazione.<\/p>\n<p>Ulteriori informazioni possono essere trovate qui:<\/p>\n<p><a href=\"https:\/\/developers.google.com\/fonts\/faq#what_does_using_the_google_fonts_api_mean_for_the_privacy_of_my_users\">https:\/\/developers.google.com\/fonts\/faq#what_does_using_the_google_fonts_api_mean_for_the_privacy_of_my_users<\/a><\/p>\n<p>La base giuridica \u00e8 l&#8217;art. 6 par. 1 lit. f) GDPR. Il nostro legittimo interesse risiede nell&#8217;ottimizzazione e nel funzionamento economico del nostro sito.<\/p>\n<p><strong>9. Modulo di Contatto<\/strong><\/p>\n<p>Puoi contattarci tramite il nostro modulo di contatto web. Per poter utilizzare il nostro modulo di contatto richiediamo i dati contrassegnati come campi obbligatori.<\/p>\n<p>Trattiamo questi dati sulla base dell&#8217;art. 6 par. 1 p. 1 lit. f GDPR per rispondere alla tua richiesta.<\/p>\n<p>Inoltre, puoi decidere autonomamente se desideri fornirci ulteriori informazioni. Queste informazioni sono fornite volontariamente e non sono obbligatorie per contattarci. Trattiamo i tuoi dati volontari sulla base del tuo consenso ai sensi dell&#8217;art. 6 par. 1 S. 1 lit. un GDPR.<\/p>\n<p>I tuoi dati verranno elaborati solo per rispondere alla tua richiesta. Cancelleremo i tuoi dati non appena non saranno pi\u00f9 necessari e non ci saranno obblighi legali per conservarli.<\/p>\n<p>Nella misura in cui i dati trasmessi tramite il modulo di contatto vengono elaborati sulla base dell&#8217;art. 6 par. 1 S. 1 lit. f DSGVO, puoi opporti al trattamento in qualsiasi momento. Inoltre, puoi revocare in qualsiasi momento il tuo consenso al trattamento delle informazioni volontarie. A tal fine, si prega di contattare l&#8217;indirizzo e-mail indicato nell&#8217;impronta.<\/p>\n<p><strong>10. Applicazioni online<\/strong><\/p>\n<p>Hai la possibilit\u00e0 di candidarti per le posizioni aperte tramite il nostro portale di lavoro.<\/p>\n<p>Per la tua registrazione nel portale dell&#8217;applicazione abbiamo bisogno delle seguenti informazioni:<\/p>\n<ul class=\"list-black\">\n<li>Nome e cognome<\/li>\n<li>Indirizzo email<\/li>\n<\/ul>\n<p>La base giuridica del trattamento \u00e8 l&#8217;art. 6 par. 1 frase 1 lit. b GDPR. In linea di principio, memorizziamo queste informazioni per la durata di utilizzo del processo di candidatura. I tuoi dati di registrazione verranno cancellati dopo sei mesi di inattivit\u00e0 del tuo profilo o se la tua richiesta non avr\u00e0 successo.<\/p>\n<p>Per poter prendere in considerazione la tua domanda, sono necessarie almeno le seguenti informazioni:<\/p>\n<ul class=\"list-black\">\n<li>Nome e indirizzo<\/li>\n<li>Indirizzo email<\/li>\n<li>Lettera di presentazione<\/li>\n<li>Curriculum vitae<\/li>\n<li>Certificati e qualifiche<\/li>\n<\/ul>\n<p>Questi sono anche contrassegnati come campi obbligatori nel nostro portale dell&#8217;applicazione. Trattiamo queste informazioni esclusivamente allo scopo di selezionare i candidati ai sensi del \u00a7 26 par. 1 BDSG. Non sar\u00e0 effettuato alcun trattamento dei dati per altre finalit\u00e0.<\/p>\n<p>Inoltre, puoi decidere tu stesso se desideri fornirci ulteriori informazioni, come il tuo numero di telefono, i tuoi interessi per il tempo libero, un&#8217;immagine personale, ecc., Per valutare meglio la tua domanda o per semplificare la comunicazione. Queste informazioni sono fornite volontariamente e non sono obbligatorie per l&#8217;applicazione. Nel nostro portale dell&#8217;applicazione, questi campi sono contrassegnati di conseguenza come volontari. Tratteremo quindi i tuoi dati volontari sulla base del tuo consenso ai sensi dell&#8217;art. 6 par. 1 S. 1 lit. un GDPR. Puoi revocare il tuo consenso in qualsiasi momento con effetto per il futuro. Si prega di contattare la societ\u00e0 indicata nell&#8217;impronta a tale scopo.<\/p>\n<p>I tuoi dati saranno trattati con la massima riservatezza. Se la tua domanda non va a buon fine, i tuoi documenti verranno cancellati al pi\u00f9 tardi sei mesi dopo l&#8217;invio della notifica di rifiuto. La base giuridica di questo trattamento \u00e8 l&#8217;art. 6 par. 1 frase 1 lit. f GDPR nel legittimo interesse di scongiurare eventuali rivendicazioni legali.<\/p>\n<p>Nel caso in cui la tua candidatura debba essere presa in considerazione anche per altri o futuri annunci di lavoro, ci\u00f2 avverr\u00e0 solo sulla base del tuo consenso. Tratteremo quindi i tuoi dati sulla base dell&#8217;art. 6 par. 1 frase 1 lit. a GDPR ed eliminare la domanda dopo due anni. Puoi revocare il tuo consenso in qualsiasi momento con effetto per il futuro. Si prega di inviare la revoca all&#8217;ufficio indicato nell&#8217;impronta.<\/p>\n<p>Troverai ulteriori informazioni su come trattiamo i dati forniti durante il processo di candidatura al seguente link:<\/p>\n<p><a href=\"https:\/\/recruitingapp-5408.de.umantis.com\/Vacancies\/927\/DataProtection\/1\">https:\/\/recruitingapp-5408.de.umantis.com\/Vacancies\/927\/DataProtection\/1<\/a><\/p>\n<p><strong>11. Plugin sociali<\/strong><\/p>\n<p>All&#8217;interno del portale del lavoro abilitiamo l&#8217;utilizzo dei social plugin. Per motivi di protezione dei dati, non integriamo alcun plug-in di social media direttamente nel nostro sito web. Pertanto, quando accedi alle nostre pagine, nessun dato viene trasferito a servizi di social media come Facebook o LinkedIn.<\/p>\n<p>Tuttavia, hai la possibilit\u00e0 di attivare e utilizzare i social plugin integrati nei nostri siti web. A tal fine, utilizziamo una soluzione che significa che in una prima fase tutti i dati e le funzioni necessarie per la visualizzazione del social plugin sono forniti dal nostro server web. Solo quando decidi di attivare il rispettivo social plugin e fai clic sull&#8217;immagine di anteprima o sul simbolo corrispondente, il tuo browser stabilir\u00e0 una connessione ai server dell&#8217;operatore del rispettivo servizio di social media in una seconda fase.<\/p>\n<p>Quando attivi un plug-in, il servizio di social media riceve in particolare il tuo indirizzo IP e le informazioni sulla tua visita ai nostri siti web. Ci\u00f2 accade indipendentemente dal fatto che tu abbia un account con il rispettivo servizio di social media. Se sei loggato, i dati possono essere assegnati direttamente al tuo profilo social media.<\/p>\n<p>Nel complesso, non abbiamo alcuna influenza sul fatto e in quale misura il rispettivo servizio di social media elabora i dati personali dopo l&#8217;attivazione. Tuttavia, \u00e8 probabile che il servizio di social media crei profili utente dai tuoi dati e li utilizzi a fini di pubblicit\u00e0 personalizzata. Inoltre, i tuoi dati verranno utilizzati per informare altri utenti del servizio di social media sulle tue attivit\u00e0 sui nostri siti web.<\/p>\n<p>L&#8217;incorporamento avviene sulla base del tuo consenso ai sensi dell&#8217;art. 6 par. 1 frase 1 lit. a DSGVO, a condizione che tu abbia dato il tuo consenso facendo clic sull&#8217;immagine di anteprima.<\/p>\n<p>Se non desideri pi\u00f9 che i tuoi dati personali vengano elaborati dai plug-in social attivati, puoi impedirne l&#8217;elaborazione futura non facendo pi\u00f9 clic sull&#8217;immagine di anteprima o sul simbolo del rispettivo plug-in social. Testo<\/p>\n<p><strong>12. Diritti come utente<\/strong><\/p>\n<p><em>Come utente del sito web, il GDPR ti garantisce determinati diritti durante il trattamento dei tuoi dati personali. <\/em><\/p>\n<p style=\"padding-left: 40px;\"><strong>a)<\/strong> Diritto di accesso (Art. 15 GDPR):<br \/>\nHai il diritto di ottenere la conferma che sia o meno in corso un trattamento di dati personali che ti riguardano e, in tal caso, di ottenere l&#8217;accesso ai dati personali e alle informazioni di cui all&#8217;art. 15 GDPR.<\/p>\n<p style=\"padding-left: 40px;\"><strong>b)<\/strong> Diritto di rettifica e cancellazione (Art. 16 e 17 GDPR):<br \/>\nHai il diritto di ottenere senza ingiustificato ritardo la rettifica dei dati personali inesatti che ti riguardano e, se necessario, il diritto di ottenere l&#8217;integrazione dei dati personali incompleti.<\/p>\n<p style=\"padding-left: 40px;\">Hai anche il diritto di ottenere la cancellazione dei dati personali che ti riguardano senza ingiustificato ritardo, se sussiste uno dei motivi elencati all&#8217;art. 17 GDPR si applica, ad esempio se i dati non sono pi\u00f9 necessari per lo scopo previsto.<\/p>\n<p style=\"padding-left: 40px;\"><strong>c)<\/strong> Diritto alla limitazione del trattamento (Art. 18 GDPR):<br \/>\nSe una delle condizioni di cui all&#8217;art. 18 GDPR, hai il diritto di limitare il trattamento dei tuoi dati alla mera conservazione, ad esempio se revochi il consenso, al trattamento, per la durata di un eventuale esame.<\/p>\n<p style=\"padding-left: 40px;\"><strong>d)<\/strong> Diritto alla portabilit\u00e0 dei dati (Art. 20 GDPR):<br \/>\nIn alcune situazioni, elencate all&#8217;art. 20 GDPR, hai il diritto di ricevere i dati personali che ti riguardano in un formato strutturato, comune e leggibile da dispositivo automatico o richiedere la trasmissione dei dati a un&#8217;altra terza parte.<\/p>\n<p style=\"padding-left: 40px;\"><strong>e)<\/strong> Diritto di opposizione (Art. 21 GDPR):<br \/>\nSe i dati sono trattati ai sensi dell&#8217;art. 6 par. 1 s. 1 lit. f GDPR (trattamento dei dati per finalit\u00e0 di legittimi interessi), hai il diritto di opporti in qualsiasi momento al trattamento per motivi derivanti dalla tua situazione particolare. Non elaboreremo pi\u00f9 i dati personali, a meno che non vi siano motivi legittimi e dimostrabili convincenti per il trattamento, che prevalgono sugli interessi, i diritti e le libert\u00e0 della persona interessata, o il trattamento serve allo scopo di far valere, esercitare o difendere rivendicazioni legali.<\/p>\n<p style=\"padding-left: 40px;\"><strong>f)<\/strong> Diritto di proporre reclamo a un&#8217;autorit\u00e0 di controllo<br \/>\nAi sensi dell&#8217;art. 77 GDPR, hai il diritto di proporre reclamo a un&#8217;autorit\u00e0 di controllo se ritieni che il trattamento dei dati che ti riguardano violi le norme sulla protezione dei dati. Il diritto di presentare un reclamo pu\u00f2 essere invocato in particolare nello Stato membro di residenza abituale, luogo di lavoro o luogo della presunta violazione.<\/p>\n<p><strong>13. Dettagli di contatto del responsabile della protezione dei dati<\/strong><\/p>\n<p>Si prega di contattare il nostro responsabile della protezione dei dati se avete ulteriori domande, suggerimenti o desideri in merito alla protezione dei dati:<\/p>\n<p>datenschutz nord GmbH<br \/>\nKonsul-Smidt-Stra\u00dfe 88<br \/>\n28217 Brema, Germania<\/p>\n<p>Web: <a href=\"http:\/\/www.datenschutz-nord-guppe.de\">www.datenschutz-nord-gruppe.de<\/a><br \/>\nE-Mail: <a href=\"mailto:office@datenschutz-nord.de\">office@datenschutz-nord.de<\/a><\/p>\n<\/div><\/div><div class=\"ult-spacer spacer-69dec7134ff8f\" data-id=\"69dec7134ff8f\" data-height=\"80\" data-height-mobile=\"40\" data-height-tab=\"40\" data-height-tab-portrait=\"80\" data-height-mobile-landscape=\"40\" style=\"clear:both;display:block;\"><\/div><\/div><\/div><\/div><div class=\"vc_col-sm-2 wpb_column vc_column_container\"><div class=\"vc_column-inner\"><div class=\"wpb_wrapper\"><\/div><\/div><\/div><\/div><\/div><\/section><section class=\"l-section wpb_row height_small\"><div class=\"l-section-overlay\" style=\"background:var(--color-content-bg-alt)\"><\/div><div class=\"l-section-h i-cf\"><div class=\"g-cols vc_row via_flex valign_top type_default stacking_default\"><div class=\"vc_col-sm-12 wpb_column vc_column_container\"><div class=\"vc_column-inner\"><div class=\"wpb_wrapper\"><div class=\"ult-spacer spacer-69dec713501e0\" data-id=\"69dec713501e0\" data-height=\"60\" data-height-mobile=\"60\" data-height-tab=\"60\" data-height-tab-portrait=\"\" data-height-mobile-landscape=\"\" style=\"clear:both;display:block;\"><\/div><div class=\"wpb_text_column\"><div class=\"wpb_wrapper\"><h5 style=\"text-align: left;\">Le nostre altre <strong>pagine legali<\/strong><\/h5>\n<\/div><\/div><div class=\"w-btn-wrapper align_none\"><a class=\"w-btn us-btn-style_9\" href=\"\/it\/imprint\/\"><span class=\"w-btn-label\">Imprint<\/span><\/a><\/div><div class=\"w-btn-wrapper align_none\"><a class=\"w-btn us-btn-style_9\" href=\"\/it\/gtc\/\"><span class=\"w-btn-label\">Termini generali e condizioni<\/span><\/a><\/div><div class=\"ult-spacer spacer-69dec7135037c\" data-id=\"69dec7135037c\" data-height=\"60\" data-height-mobile=\"60\" data-height-tab=\"60\" data-height-tab-portrait=\"\" data-height-mobile-landscape=\"\" style=\"clear:both;display:block;\"><\/div><\/div><\/div><\/div><\/div><\/div><\/section><!-- Row Backgrounds -->\n","protected":false},"excerpt":{"rendered":"PagesNostro politica sulla riservatezza Modifica le impostazioni dei cookieInformazione: __________ 1. politica sulla riservatezza Ti diamo il benvenuto nel nostro sito web. Desideriamo informarLa sulla gestione dei suoi dati personali ai sensi dell&#8217;Art. 13 Regolamento generale sulla protezione dei dati (GDPR). 2. Controller Il responsabile della raccolta e del trattamento dei dati descritti \u00e8 indicato...","protected":false},"author":8,"featured_media":0,"parent":0,"menu_order":0,"comment_status":"closed","ping_status":"closed","template":"","meta":{"_acf_changed":false,"footnotes":""},"class_list":["post-60182","page","type-page","status-publish","hentry"],"acf":[],"yoast_head":"<!-- This site is optimized with the Yoast SEO Premium plugin v26.5 (Yoast SEO v27.4) - https:\/\/yoast.com\/product\/yoast-seo-premium-wordpress\/ -->\n<title>Politica sulla riservatezza - EW Nutrition<\/title>\n<meta name=\"robots\" content=\"index, follow, max-snippet:-1, max-image-preview:large, max-video-preview:-1\" \/>\n<link rel=\"canonical\" href=\"https:\/\/ew-nutrition.com\/it\/privacy\/\" \/>\n<meta property=\"og:locale\" content=\"it_IT\" \/>\n<meta property=\"og:type\" content=\"article\" \/>\n<meta property=\"og:title\" content=\"Politica sulla riservatezza\" \/>\n<meta property=\"og:url\" content=\"https:\/\/ew-nutrition.com\/it\/privacy\/\" \/>\n<meta property=\"og:site_name\" content=\"EW Nutrition\" \/>\n<meta property=\"article:modified_time\" content=\"2020-12-16T12:57:18+00:00\" \/>\n<meta name=\"twitter:card\" content=\"summary_large_image\" \/>\n<meta name=\"twitter:site\" content=\"@EWNutritionGmbH\" \/>\n<meta name=\"twitter:label1\" content=\"Est. reading time\" \/>\n\t<meta name=\"twitter:data1\" content=\"14 minutes\" \/>\n<!-- \/ Yoast SEO Premium plugin. -->","yoast_head_json":{"title":"Politica sulla riservatezza - EW Nutrition","robots":{"index":"index","follow":"follow","max-snippet":"max-snippet:-1","max-image-preview":"max-image-preview:large","max-video-preview":"max-video-preview:-1"},"canonical":"https:\/\/ew-nutrition.com\/it\/privacy\/","og_locale":"it_IT","og_type":"article","og_title":"Politica sulla riservatezza","og_url":"https:\/\/ew-nutrition.com\/it\/privacy\/","og_site_name":"EW Nutrition","article_modified_time":"2020-12-16T12:57:18+00:00","twitter_card":"summary_large_image","twitter_site":"@EWNutritionGmbH","twitter_misc":{"Est. reading time":"14 minutes"},"schema":{"@context":"https:\/\/schema.org","@graph":[{"@type":"WebPage","@id":"https:\/\/ew-nutrition.com\/it\/privacy\/","url":"https:\/\/ew-nutrition.com\/it\/privacy\/","name":"Politica sulla riservatezza - EW Nutrition","isPartOf":{"@id":"https:\/\/ew-nutrition.com\/#website"},"datePublished":"2018-06-06T14:01:16+00:00","dateModified":"2020-12-16T12:57:18+00:00","breadcrumb":{"@id":"https:\/\/ew-nutrition.com\/it\/privacy\/#breadcrumb"},"inLanguage":"it","potentialAction":[{"@type":"ReadAction","target":["https:\/\/ew-nutrition.com\/it\/privacy\/"]}]},{"@type":"BreadcrumbList","@id":"https:\/\/ew-nutrition.com\/it\/privacy\/#breadcrumb","itemListElement":[{"@type":"ListItem","position":1,"name":"Home","item":"https:\/\/ew-nutrition.com\/it\/"},{"@type":"ListItem","position":2,"name":"Politica sulla riservatezza"}]},{"@type":"WebSite","@id":"https:\/\/ew-nutrition.com\/#website","url":"https:\/\/ew-nutrition.com\/","name":"EW Nutrition","description":"Functional Innovations backed by Science","publisher":{"@id":"https:\/\/ew-nutrition.com\/#organization"},"potentialAction":[{"@type":"SearchAction","target":{"@type":"EntryPoint","urlTemplate":"https:\/\/ew-nutrition.com\/?s={search_term_string}"},"query-input":{"@type":"PropertyValueSpecification","valueRequired":true,"valueName":"search_term_string"}}],"inLanguage":"it"},{"@type":"Organization","@id":"https:\/\/ew-nutrition.com\/#organization","name":"EW Nutrition GmbH","url":"https:\/\/ew-nutrition.com\/","logo":{"@type":"ImageObject","inLanguage":"it","@id":"https:\/\/ew-nutrition.com\/#\/schema\/logo\/image\/","url":"","contentUrl":"","caption":"EW Nutrition GmbH"},"image":{"@id":"https:\/\/ew-nutrition.com\/#\/schema\/logo\/image\/"},"sameAs":["https:\/\/x.com\/EWNutritionGmbH","https:\/\/www.instagram.com\/ewnutrition\/","https:\/\/www.linkedin.com\/company\/ew-nutrition","https:\/\/www.youtube.com\/channel\/UCIvcb19uSOJXrUecTY8n_dA"]}]}},"_links":{"self":[{"href":"https:\/\/ew-nutrition.com\/it\/wp-json\/wp\/v2\/pages\/60182","targetHints":{"allow":["GET"]}}],"collection":[{"href":"https:\/\/ew-nutrition.com\/it\/wp-json\/wp\/v2\/pages"}],"about":[{"href":"https:\/\/ew-nutrition.com\/it\/wp-json\/wp\/v2\/types\/page"}],"author":[{"embeddable":true,"href":"https:\/\/ew-nutrition.com\/it\/wp-json\/wp\/v2\/users\/8"}],"replies":[{"embeddable":true,"href":"https:\/\/ew-nutrition.com\/it\/wp-json\/wp\/v2\/comments?post=60182"}],"version-history":[{"count":0,"href":"https:\/\/ew-nutrition.com\/it\/wp-json\/wp\/v2\/pages\/60182\/revisions"}],"wp:attachment":[{"href":"https:\/\/ew-nutrition.com\/it\/wp-json\/wp\/v2\/media?parent=60182"}],"curies":[{"name":"wp","href":"https:\/\/api.w.org\/{rel}","templated":true}]}}