{"id":190492,"date":"2020-12-04T12:26:53","date_gmt":"2020-12-04T11:26:53","guid":{"rendered":"https:\/\/ew-nutrition.com\/animal-nutrition\/"},"modified":"2024-02-01T10:38:12","modified_gmt":"2024-02-01T09:38:12","slug":"animal-nutrition","status":"publish","type":"page","link":"https:\/\/ew-nutrition.com\/fr-ma\/animal-nutrition\/","title":{"rendered":"Nutrition animale"},"content":{"rendered":"<section class=\"l-section wpb_row height_small with_img\"><div class=\"l-section-img\" role=\"img\" aria-label=\"ewn header white 1\" data-img-width=\"\" data-img-height=\"\" style=\"background-image: url(https:\/\/ew-nutrition.com\/wp-content\/uploads\/headerimages\/basic-swooshes\/ewn_header_white-1.svg);background-position: bottom center;background-repeat: no-repeat;\"><\/div><div class=\"l-section-h i-cf\"><div class=\"g-cols vc_row via_flex valign_middle type_default stacking_default\"><div class=\"vc_col-sm-6 wpb_column vc_column_container us_animate_afl\"><div class=\"vc_column-inner\"><div class=\"wpb_wrapper\"><nav class=\"g-breadcrumbs us_custom_a46129b6 has_text_color separator_icon align_none\" itemscope itemtype=\"http:\/\/schema.org\/BreadcrumbList\"><div class=\"g-breadcrumbs-item\">Pages<\/div><\/nav><div class=\"ult-spacer spacer-69d3bf95bb395\" data-id=\"69d3bf95bb395\" data-height=\"100\" data-height-mobile=\"40\" data-height-tab=\"40\" data-height-tab-portrait=\"60\" data-height-mobile-landscape=\"40\" style=\"clear:both;display:block;\"><\/div><div class=\"wpb_text_column\"><div class=\"wpb_wrapper\"><h1 style=\"text-align: left;\"><strong>Nutrition animale<\/strong>,<br \/>\ncl\u00e9 du bien-\u00eatre animal<\/h1>\n<\/div><\/div><div class=\"ult-spacer spacer-69d3bf95bb63f\" data-id=\"69d3bf95bb63f\" data-height=\"40\" data-height-mobile=\"20\" data-height-tab=\"30\" data-height-tab-portrait=\"40\" data-height-mobile-landscape=\"20\" style=\"clear:both;display:block;\"><\/div><div class=\"g-cols wpb_row via_flex valign_top type_default stacking_default\"><div class=\"vc_col-sm-12 wpb_column vc_column_container\"><div class=\"vc_column-inner\"><div class=\"wpb_wrapper\"><div class=\"wpb_text_column\"><div class=\"wpb_wrapper\"><h5>Des solutions cibl\u00e9es pour une productivit\u00e9 am\u00e9lior\u00e9e<\/h5>\n<p>La nutrition est une composante essentielle de la performance animale. Optimiser ce que l\u2019alimentation vos animaux, les surveiller et cr\u00e9er un espace propre et s\u00fbr pour eux vous aidera \u00e0 pr\u00e9venir les probl\u00e8mes, \u00e0 am\u00e9liorer les performances et, finalement, \u00e0 am\u00e9liorer la rentabilit\u00e9.<\/p>\n<\/div><\/div><\/div><\/div><\/div><\/div><div class=\"ult-spacer spacer-69d3bf95bba8b\" data-id=\"69d3bf95bba8b\" data-height=\"120\" data-height-mobile=\"0\" data-height-tab=\"80\" data-height-tab-portrait=\"80\" data-height-mobile-landscape=\"0\" style=\"clear:both;display:block;\"><\/div><\/div><\/div><\/div><div class=\"vc_col-sm-6 wpb_column vc_column_container us_animate_afc stretched\"><div class=\"vc_column-inner\"><div class=\"wpb_wrapper\"><div class=\"ult-spacer spacer-69d3bf95bbb7f\" data-id=\"69d3bf95bbb7f\" data-height=\"40\" data-height-mobile=\"0\" data-height-tab=\"40\" data-height-tab-portrait=\"40\" data-height-mobile-landscape=\"0\" style=\"clear:both;display:block;\"><\/div><div class=\"w-image align_none\"><div class=\"w-image-h\"><img fetchpriority=\"high\" decoding=\"async\" width=\"910\" height=\"533\" src=\"https:\/\/ew-nutrition.com\/wp-content\/uploads\/headerimages\/header-graphics\/headervisual_toxin-risk-management.png\" class=\"attachment-full size-full\" alt=\"headervisual toxin risk management\" loading=\"eager\" srcset=\"https:\/\/ew-nutrition.com\/wp-content\/uploads\/headerimages\/header-graphics\/headervisual_toxin-risk-management.png 910w, https:\/\/ew-nutrition.com\/wp-content\/uploads\/headerimages\/header-graphics\/headervisual_toxin-risk-management-280x164.png 280w, https:\/\/ew-nutrition.com\/wp-content\/uploads\/headerimages\/header-graphics\/headervisual_toxin-risk-management-150x88.png 150w, https:\/\/ew-nutrition.com\/wp-content\/uploads\/headerimages\/header-graphics\/headervisual_toxin-risk-management-120x70.png 120w, https:\/\/ew-nutrition.com\/wp-content\/uploads\/headerimages\/header-graphics\/headervisual_toxin-risk-management-36x21.png 36w, https:\/\/ew-nutrition.com\/wp-content\/uploads\/headerimages\/header-graphics\/headervisual_toxin-risk-management-225x132.png 225w, https:\/\/ew-nutrition.com\/wp-content\/uploads\/headerimages\/header-graphics\/headervisual_toxin-risk-management-80x47.png 80w, https:\/\/ew-nutrition.com\/wp-content\/uploads\/headerimages\/header-graphics\/headervisual_toxin-risk-management-48x28.png 48w, https:\/\/ew-nutrition.com\/wp-content\/uploads\/headerimages\/header-graphics\/headervisual_toxin-risk-management-64x37.png 64w, https:\/\/ew-nutrition.com\/wp-content\/uploads\/headerimages\/header-graphics\/headervisual_toxin-risk-management-28x16.png 28w, https:\/\/ew-nutrition.com\/wp-content\/uploads\/headerimages\/header-graphics\/headervisual_toxin-risk-management-500x293.png 500w, https:\/\/ew-nutrition.com\/wp-content\/uploads\/headerimages\/header-graphics\/headervisual_toxin-risk-management-24x14.png 24w, https:\/\/ew-nutrition.com\/wp-content\/uploads\/headerimages\/header-graphics\/headervisual_toxin-risk-management-170x100.png 170w\" sizes=\"auto, (max-width: 910px) 100vw, 910px\" \/><\/div><\/div><div class=\"ult-spacer spacer-69d3bf95bbfd6\" data-id=\"69d3bf95bbfd6\" data-height=\"0\" data-height-mobile=\"80\" data-height-tab=\"0\" data-height-tab-portrait=\"0\" data-height-mobile-landscape=\"80\" style=\"clear:both;display:block;\"><\/div><\/div><\/div><\/div><\/div><\/div><\/section><!-- Row Backgrounds --><div class=\"upb_color\" data-bg-override=\"0\" data-bg-color=\"#e8e100\" data-fadeout=\"\" data-fadeout-percentage=\"30\" data-parallax-content=\"\" data-parallax-content-sense=\"30\" data-row-effect-mobile-disable=\"true\" data-img-parallax-mobile-disable=\"true\" data-rtl=\"false\"  data-custom-vc-row=\"\"  data-vc=\"8.7.2\"  data-is_old_vc=\"\"  data-theme-support=\"\"   data-overlay=\"false\" data-overlay-color=\"\" data-overlay-pattern=\"\" data-overlay-pattern-opacity=\"\" data-overlay-pattern-size=\"\"    ><\/div><section class=\"l-section wpb_row height_small\" id=\"intro section\"><div class=\"l-section-overlay\" style=\"background:linear-gradient(180deg,#e8e100,#fbf800)\"><\/div><div class=\"l-section-h i-cf\"><div class=\"g-cols vc_row via_flex valign_top type_default stacking_default\"><div class=\"vc_col-sm-12 wpb_column vc_column_container us_animate_afb\" style=\"animation-delay:0.5s\"><div class=\"vc_column-inner\"><div class=\"wpb_wrapper\"><div class=\"ult-spacer spacer-69d3bf95bc3cd\" data-id=\"69d3bf95bc3cd\" data-height=\"100\" data-height-mobile=\"40\" data-height-tab=\"60\" data-height-tab-portrait=\"80\" data-height-mobile-landscape=\"40\" style=\"clear:both;display:block;\"><\/div><div class=\"g-cols wpb_row via_flex valign_top type_default stacking_default\"><div class=\"vc_col-sm-6 wpb_column vc_column_container\"><div class=\"vc_column-inner\"><div class=\"wpb_wrapper\"><div class=\"wpb_text_column\"><div class=\"wpb_wrapper\"><h2>Quels sont <strong>vos d\u00e9fis<\/strong>?<br \/>\n<span style=\"color: #ffffff;\"><strong>__________<\/strong><\/span><\/h2>\n<\/div><\/div><\/div><\/div><\/div><div class=\"vc_col-sm-6 wpb_column vc_column_container\"><div class=\"vc_column-inner\"><div class=\"wpb_wrapper\"><div class=\"wpb_text_column\"><div class=\"wpb_wrapper\"><p>Quelle que soit la forme de production que vous utilisez, vous pourrez rencontrer des d\u00e9fis en cours de route et notamment des probl\u00e8mes sp\u00e9cifiques li\u00e9s \u00e0 une esp\u00e8ce, \u00e0 des \u00e9v\u00e8nements impr\u00e9vus, \u00e0 des facteurs externes. Quelle qu\u2019en soit la cause, nous serons l\u00e0 pour vous aider.<\/p>\n<\/div><\/div><\/div><\/div><\/div><\/div><div class=\"ult-spacer spacer-69d3bf95bc704\" data-id=\"69d3bf95bc704\" data-height=\"80\" data-height-mobile=\"20\" data-height-tab=\"40\" data-height-tab-portrait=\"60\" data-height-mobile-landscape=\"20\" style=\"clear:both;display:block;\"><\/div><div class=\"g-cols wpb_row via_flex valign_top type_default stacking_default\"><div class=\"vc_col-sm-6 wpb_column vc_column_container\"><div class=\"vc_column-inner\"><div class=\"wpb_wrapper\"><div class=\"aio-icon-component    style_2\"><a class=\"aio-icon-box-link\" href=\"\/fr-ma\/animal-nutrition\/challenges\/gut-health\/\" ><div id=\"Info-box-wrap-4215\" class=\"aio-icon-box top-icon\" style=\"\"  ><div class=\"aio-icon-top\"><div class=\"ult-just-icon-wrapper  \"><div class=\"align-icon\" style=\"text-align:center;\">\n<div class=\"aio-icon-img \" style=\"font-size:150px;display:inline-block;\" >\n\t<img decoding=\"async\" class=\"img-icon\" alt=\"null\" src=\"https:\/\/ew-nutrition.com\/wp-content\/uploads\/icons\/icons-species_challenges\/icon_program_gut-health-antibiotic-reduction.svg\"\/>\n<\/div><\/div><\/div><\/div><div class=\"aio-icon-description ult-responsive\"  data-ultimate-target='#Info-box-wrap-4215 .aio-icon-description'  data-responsive-json-new='{\"font-size\":\"\",\"line-height\":\"\"}'  style=\"\">\n<h6 style=\"text-align: center;\">Sant\u00e9 intestinale<br \/>\nR\u00e9duction des antibiotiques<\/h6>\n<\/div> <!-- description --><\/div> <!-- aio-icon-box --><\/a><\/div> <!-- aio-icon-component --><div class=\"w-separator size_custom with_line width_50 thick_1 style_solid color_border align_center\" style=\"height:20px\"><div class=\"w-separator-h\"><\/div><\/div><\/div><\/div><\/div><div class=\"vc_col-sm-6 wpb_column vc_column_container\"><div class=\"vc_column-inner\"><div class=\"wpb_wrapper\"><div class=\"aio-icon-component    style_2\"><a class=\"aio-icon-box-link\" href=\"\/fr-ma\/animal-nutrition\/challenges\/toxin-risk-management\/\" ><div id=\"Info-box-wrap-2174\" class=\"aio-icon-box top-icon\" style=\"\"  ><div class=\"aio-icon-top\"><div class=\"ult-just-icon-wrapper  \"><div class=\"align-icon\" style=\"text-align:center;\">\n<div class=\"aio-icon-img \" style=\"font-size:150px;display:inline-block;\" data-animation=\"fadeIn\" data-animation-delay=\"03\">\n\t<img decoding=\"async\" class=\"img-icon\" alt=\"null\" src=\"https:\/\/ew-nutrition.com\/wp-content\/uploads\/icons\/icons-species_challenges\/icon_program_toxin-risk-management.svg\"\/>\n<\/div><\/div><\/div><\/div><div class=\"aio-icon-description ult-responsive\"  data-ultimate-target='#Info-box-wrap-2174 .aio-icon-description'  data-responsive-json-new='{\"font-size\":\"\",\"line-height\":\"\"}'  style=\"\">\n<h6 style=\"text-align: center;\">Gestion des risques<br \/>\nli\u00e9s aux toxines<\/h6>\n<\/div> <!-- description --><\/div> <!-- aio-icon-box --><\/a><\/div> <!-- aio-icon-component --><div class=\"w-separator size_custom with_line width_50 thick_1 style_solid color_border align_center\" style=\"height:20px\"><div class=\"w-separator-h\"><\/div><\/div><\/div><\/div><\/div><\/div><div class=\"ult-spacer spacer-69d3bf95bcdd1\" data-id=\"69d3bf95bcdd1\" data-height=\"120\" data-height-mobile=\"40\" data-height-tab=\"60\" data-height-tab-portrait=\"80\" data-height-mobile-landscape=\"40\" style=\"clear:both;display:block;\"><\/div><\/div><\/div><\/div><\/div><\/div><\/section><section class=\"l-section wpb_row height_small color_alternate with_img parallax_fixed\"><div class=\"l-section-img\" role=\"img\" aria-label=\"solutions animal nutrition industry\" data-img-width=\"1920\" data-img-height=\"1080\" style=\"background-image: url(https:\/\/ew-nutrition.com\/wp-content\/uploads\/backgrounds\/brighter\/solutions-animal-nutrition-industry.jpg);\"><\/div><div class=\"l-section-overlay\" style=\"background:linear-gradient(270deg,rgba(150,150,150,0.75),rgba(235,235,235,0.75))\"><\/div><div class=\"l-section-h i-cf\"><div class=\"g-cols vc_row via_flex valign_top type_default stacking_default\"><div class=\"vc_col-sm-12 wpb_column vc_column_container us_animate_afb\"><div class=\"vc_column-inner\"><div class=\"wpb_wrapper\"><div class=\"g-cols wpb_row via_flex valign_top type_default stacking_default\"><div class=\"vc_col-sm-2 wpb_column vc_column_container\"><div class=\"vc_column-inner\"><div class=\"wpb_wrapper\"><\/div><\/div><\/div><div class=\"vc_col-sm-8 wpb_column vc_column_container\"><div class=\"vc_column-inner\"><div class=\"wpb_wrapper\"><div class=\"ult-spacer spacer-69d3bf95bd235\" data-id=\"69d3bf95bd235\" data-height=\"100\" data-height-mobile=\"40\" data-height-tab=\"60\" data-height-tab-portrait=\"80\" data-height-mobile-landscape=\"40\" style=\"clear:both;display:block;\"><\/div><div class=\"wpb_text_column\"><div class=\"wpb_wrapper\"><h2 style=\"text-align: center;\">Solutions pour l&#8217; <strong>industrie de la nutrition animale<\/strong><\/h2>\n<\/div><\/div><div class=\"ult-spacer spacer-69d3bf95bd32e\" data-id=\"69d3bf95bd32e\" data-height=\"60\" data-height-mobile=\"60\" data-height-tab=\"60\" data-height-tab-portrait=\"\" data-height-mobile-landscape=\"\" style=\"clear:both;display:block;\"><\/div><\/div><\/div><\/div><div class=\"vc_col-sm-2 wpb_column vc_column_container\"><div class=\"vc_column-inner\"><div class=\"wpb_wrapper\"><\/div><\/div><\/div><\/div><div class=\"g-cols wpb_row via_flex valign_top type_default stacking_default\"><div class=\"vc_col-sm-6 wpb_column vc_column_container\"><div class=\"vc_column-inner\"><div class=\"wpb_wrapper\"><div class=\"w-vwrapper us_custom_fba67a60 align_center valign_top\"><div class=\"wpb_text_column\"><div class=\"wpb_wrapper\"><h5 class=\"w-flipbox-back-title\">Volaille<\/h5>\n<\/div><\/div><div class=\"w-image align_none\"><div class=\"w-image-h\"><img decoding=\"async\" width=\"150\" height=\"150\" src=\"https:\/\/ew-nutrition.com\/wp-content\/uploads\/icons\/icons-species_challenges\/icon-poultry-150x150.png\" class=\"attachment-us_150_150 size-us_150_150\" alt=\"\" loading=\"eager\" srcset=\"https:\/\/ew-nutrition.com\/wp-content\/uploads\/icons\/icons-species_challenges\/icon-poultry-150x150.png 150w, https:\/\/ew-nutrition.com\/wp-content\/uploads\/icons\/icons-species_challenges\/icon-poultry-300x300.png 300w, https:\/\/ew-nutrition.com\/wp-content\/uploads\/icons\/icons-species_challenges\/icon-poultry-120x120.png 120w, https:\/\/ew-nutrition.com\/wp-content\/uploads\/icons\/icons-species_challenges\/icon-poultry-36x36.png 36w, https:\/\/ew-nutrition.com\/wp-content\/uploads\/icons\/icons-species_challenges\/icon-poultry-225x225.png 225w, https:\/\/ew-nutrition.com\/wp-content\/uploads\/icons\/icons-species_challenges\/icon-poultry-80x80.png 80w, https:\/\/ew-nutrition.com\/wp-content\/uploads\/icons\/icons-species_challenges\/icon-poultry-48x48.png 48w, https:\/\/ew-nutrition.com\/wp-content\/uploads\/icons\/icons-species_challenges\/icon-poultry-64x64.png 64w, https:\/\/ew-nutrition.com\/wp-content\/uploads\/icons\/icons-species_challenges\/icon-poultry-28x28.png 28w, https:\/\/ew-nutrition.com\/wp-content\/uploads\/icons\/icons-species_challenges\/icon-poultry-50x50.png 50w, https:\/\/ew-nutrition.com\/wp-content\/uploads\/icons\/icons-species_challenges\/icon-poultry-280x280.png 280w, https:\/\/ew-nutrition.com\/wp-content\/uploads\/icons\/icons-species_challenges\/icon-poultry.png 750w, https:\/\/ew-nutrition.com\/wp-content\/uploads\/icons\/icons-species_challenges\/icon-poultry-539x539.png 539w, https:\/\/ew-nutrition.com\/wp-content\/uploads\/icons\/icons-species_challenges\/icon-poultry-400x400.png 400w, https:\/\/ew-nutrition.com\/wp-content\/uploads\/icons\/icons-species_challenges\/icon-poultry-24x24.png 24w\" sizes=\"auto, (max-width: 150px) 100vw, 150px\" \/><\/div><\/div><span id=\"creative-link-wrap-7721\" class=\"ult_main_cl ult-adjust-bottom-margin custom-read_more \" >\n\t \t\t\t<span class=\"  ult_crlink\" >\n\t\t\t\t\t<a  data-ultimate-target='#creative-link-wrap-7721 .ult_colorlink'  data-responsive-json-new='{\"font-size\":\"desktop:10px;\",\"line-height\":\"\"}'  href=\"\/fr-ma\/animal-nutrition\/species\/poultry\/\"  class=\"ult_colorlink ult-responsive \" style=\"font-weight:bold; \"  data-textcolor=\"#333333\" data-texthover=\"#333333\"data-style=\"\">\n\t\t\t\t\t\t\n\t\t\t\t\t\t<span data-hover=\"PLUS\" style=\"color:#333333;;;\" class=\"ult_btn10_span   \">PLUS<\/span>\n\t\t\t\t\t\t\n\t\t\t\t\t<\/a>\n\t\t\t\t<\/span>\n\t\t\t<\/span><\/div><\/div><\/div><\/div><div class=\"vc_col-sm-6 wpb_column vc_column_container\"><div class=\"vc_column-inner\"><div class=\"wpb_wrapper\"><div class=\"w-vwrapper us_custom_fba67a60 align_center valign_top\"><div class=\"wpb_text_column\"><div class=\"wpb_wrapper\"><h5 class=\"w-flipbox-back-title\">Volaille<\/h5>\n<\/div><\/div><div class=\"w-image align_none\"><div class=\"w-image-h\"><img decoding=\"async\" width=\"150\" height=\"150\" src=\"https:\/\/ew-nutrition.com\/wp-content\/uploads\/icons\/icons-species_challenges\/icon-ruminants-150x150.png\" class=\"attachment-us_150_150 size-us_150_150\" alt=\"\" loading=\"eager\" srcset=\"https:\/\/ew-nutrition.com\/wp-content\/uploads\/icons\/icons-species_challenges\/icon-ruminants-150x150.png 150w, https:\/\/ew-nutrition.com\/wp-content\/uploads\/icons\/icons-species_challenges\/icon-ruminants-300x300.png 300w, https:\/\/ew-nutrition.com\/wp-content\/uploads\/icons\/icons-species_challenges\/icon-ruminants-120x120.png 120w, https:\/\/ew-nutrition.com\/wp-content\/uploads\/icons\/icons-species_challenges\/icon-ruminants-36x36.png 36w, https:\/\/ew-nutrition.com\/wp-content\/uploads\/icons\/icons-species_challenges\/icon-ruminants-225x225.png 225w, https:\/\/ew-nutrition.com\/wp-content\/uploads\/icons\/icons-species_challenges\/icon-ruminants-80x80.png 80w, https:\/\/ew-nutrition.com\/wp-content\/uploads\/icons\/icons-species_challenges\/icon-ruminants-48x48.png 48w, https:\/\/ew-nutrition.com\/wp-content\/uploads\/icons\/icons-species_challenges\/icon-ruminants-64x64.png 64w, https:\/\/ew-nutrition.com\/wp-content\/uploads\/icons\/icons-species_challenges\/icon-ruminants-28x28.png 28w, https:\/\/ew-nutrition.com\/wp-content\/uploads\/icons\/icons-species_challenges\/icon-ruminants-50x50.png 50w, https:\/\/ew-nutrition.com\/wp-content\/uploads\/icons\/icons-species_challenges\/icon-ruminants-280x280.png 280w, https:\/\/ew-nutrition.com\/wp-content\/uploads\/icons\/icons-species_challenges\/icon-ruminants.png 750w, https:\/\/ew-nutrition.com\/wp-content\/uploads\/icons\/icons-species_challenges\/icon-ruminants-539x539.png 539w, https:\/\/ew-nutrition.com\/wp-content\/uploads\/icons\/icons-species_challenges\/icon-ruminants-400x400.png 400w, https:\/\/ew-nutrition.com\/wp-content\/uploads\/icons\/icons-species_challenges\/icon-ruminants-24x24.png 24w\" sizes=\"auto, (max-width: 150px) 100vw, 150px\" \/><\/div><\/div><span id=\"creative-link-wrap-1892\" class=\"ult_main_cl ult-adjust-bottom-margin custom-read_more \" >\n\t \t\t\t<span class=\"  ult_crlink\" >\n\t\t\t\t\t<a  data-ultimate-target='#creative-link-wrap-1892 .ult_colorlink'  data-responsive-json-new='{\"font-size\":\"desktop:10px;\",\"line-height\":\"\"}'  href=\"\/fr-ma\/animal-nutrition\/species\/ruminants\/\"  class=\"ult_colorlink ult-responsive \" style=\"font-weight:bold; \"  data-textcolor=\"#333333\" data-texthover=\"#333333\"data-style=\"\">\n\t\t\t\t\t\t\n\t\t\t\t\t\t<span data-hover=\"PLUS\" style=\"color:#333333;;;\" class=\"ult_btn10_span   \">PLUS<\/span>\n\t\t\t\t\t\t\n\t\t\t\t\t<\/a>\n\t\t\t\t<\/span>\n\t\t\t<\/span><\/div><\/div><\/div><\/div><\/div><div class=\"ult-spacer spacer-69d3bf95be038\" data-id=\"69d3bf95be038\" data-height=\"80\" data-height-mobile=\"40\" data-height-tab=\"60\" data-height-tab-portrait=\"80\" data-height-mobile-landscape=\"40\" style=\"clear:both;display:block;\"><\/div><div class=\"g-cols wpb_row us_custom_ff2487b6 via_flex valign_top type_boxes stacking_default\"><div class=\"vc_col-sm-2 wpb_column vc_column_container\"><div class=\"vc_column-inner\"><div class=\"wpb_wrapper\"><\/div><\/div><\/div><div class=\"vc_col-sm-8 wpb_column vc_column_container us_animate_afb\"><div class=\"vc_column-inner\"><div class=\"wpb_wrapper\"><div class=\"wpb_text_column\"><div class=\"wpb_wrapper\"><h2 style=\"text-align: center;\">Nos <strong>produits<\/strong><\/h2>\n<\/div><\/div><div class=\"ult-spacer spacer-69d3bf95be32a\" data-id=\"69d3bf95be32a\" data-height=\"10\" data-height-mobile=\"10\" data-height-tab=\"10\" data-height-tab-portrait=\"\" data-height-mobile-landscape=\"\" style=\"clear:both;display:block;\"><\/div><div class=\"wpb_text_column\"><div class=\"wpb_wrapper\"><p style=\"text-align: center;\">D\u00e9couvrez notre gamme de produits pour le bien-\u00eatre des volailles, des des ruminants. Seuls ou, mieux encore, en combinaison avec une offre de programmes plus large, ils apportent des avantages quantifiables \u00e0 votre exploitation.<\/p>\n<\/div><\/div><div class=\"ult-spacer spacer-69d3bf95be3ec\" data-id=\"69d3bf95be3ec\" data-height=\"10\" data-height-mobile=\"10\" data-height-tab=\"10\" data-height-tab-portrait=\"\" data-height-mobile-landscape=\"\" style=\"clear:both;display:block;\"><\/div><div class=\"w-btn-wrapper align_center\"><a class=\"w-btn us-btn-style_1\" title=\"Produits\" href=\"\/fr-ma\/animal-nutrition\/products\/\"><span class=\"w-btn-label\">Voir nos produits<\/span><\/a><\/div><\/div><\/div><\/div><div class=\"vc_col-sm-2 wpb_column vc_column_container\"><div class=\"vc_column-inner\"><div class=\"wpb_wrapper\"><\/div><\/div><\/div><\/div><div class=\"ult-spacer spacer-69d3bf95be5ad\" data-id=\"69d3bf95be5ad\" data-height=\"120\" data-height-mobile=\"40\" data-height-tab=\"60\" data-height-tab-portrait=\"80\" data-height-mobile-landscape=\"40\" style=\"clear:both;display:block;\"><\/div><\/div><\/div><\/div><\/div><\/div><\/section><!-- Row Backgrounds -->\n","protected":false},"excerpt":{"rendered":"PagesNutrition animale, cl\u00e9 du bien-\u00eatre animal Des solutions cibl\u00e9es pour une productivit\u00e9 am\u00e9lior\u00e9e La nutrition est une composante essentielle de la performance animale. Optimiser ce que l\u2019alimentation vos animaux, les surveiller et cr\u00e9er un espace propre et s\u00fbr pour eux vous aidera \u00e0 pr\u00e9venir les probl\u00e8mes, \u00e0 am\u00e9liorer les performances et, finalement, \u00e0 am\u00e9liorer la...","protected":false},"author":8,"featured_media":0,"parent":0,"menu_order":0,"comment_status":"closed","ping_status":"closed","template":"","meta":{"_acf_changed":false,"footnotes":""},"class_list":["post-190492","page","type-page","status-publish","hentry"],"acf":[],"yoast_head":"<!-- This site is optimized with the Yoast SEO Premium plugin v26.5 (Yoast SEO v27.3) - https:\/\/yoast.com\/product\/yoast-seo-premium-wordpress\/ -->\n<title>Nutrition animale - EW Nutrition<\/title>\n<meta name=\"robots\" content=\"index, follow, max-snippet:-1, max-image-preview:large, max-video-preview:-1\" \/>\n<link rel=\"canonical\" href=\"https:\/\/ew-nutrition.com\/fr-ma\/animal-nutrition\/\" \/>\n<meta property=\"og:locale\" content=\"fr_FR\" \/>\n<meta property=\"og:type\" content=\"article\" \/>\n<meta property=\"og:title\" content=\"Nutrition animale\" \/>\n<meta property=\"og:url\" content=\"https:\/\/ew-nutrition.com\/fr-ma\/animal-nutrition\/\" \/>\n<meta property=\"og:site_name\" content=\"EW Nutrition\" \/>\n<meta property=\"article:modified_time\" content=\"2024-02-01T09:38:12+00:00\" \/>\n<meta name=\"twitter:card\" content=\"summary_large_image\" \/>\n<meta name=\"twitter:site\" content=\"@EWNutritionGmbH\" \/>\n<meta name=\"twitter:label1\" content=\"Est. reading time\" \/>\n\t<meta name=\"twitter:data1\" content=\"3 minutes\" \/>\n<!-- \/ Yoast SEO Premium plugin. -->","yoast_head_json":{"title":"Nutrition animale - EW Nutrition","robots":{"index":"index","follow":"follow","max-snippet":"max-snippet:-1","max-image-preview":"max-image-preview:large","max-video-preview":"max-video-preview:-1"},"canonical":"https:\/\/ew-nutrition.com\/fr-ma\/animal-nutrition\/","og_locale":"fr_FR","og_type":"article","og_title":"Nutrition animale","og_url":"https:\/\/ew-nutrition.com\/fr-ma\/animal-nutrition\/","og_site_name":"EW Nutrition","article_modified_time":"2024-02-01T09:38:12+00:00","twitter_card":"summary_large_image","twitter_site":"@EWNutritionGmbH","twitter_misc":{"Est. reading time":"3 minutes"},"schema":{"@context":"https:\/\/schema.org","@graph":[{"@type":"WebPage","@id":"https:\/\/ew-nutrition.com\/fr-ma\/animal-nutrition\/","url":"https:\/\/ew-nutrition.com\/fr-ma\/animal-nutrition\/","name":"Nutrition animale - EW Nutrition","isPartOf":{"@id":"https:\/\/ew-nutrition.com\/#website"},"datePublished":"2020-12-04T11:26:53+00:00","dateModified":"2024-02-01T09:38:12+00:00","breadcrumb":{"@id":"https:\/\/ew-nutrition.com\/fr-ma\/animal-nutrition\/#breadcrumb"},"inLanguage":"fr-ma","potentialAction":[{"@type":"ReadAction","target":["https:\/\/ew-nutrition.com\/fr-ma\/animal-nutrition\/"]}]},{"@type":"BreadcrumbList","@id":"https:\/\/ew-nutrition.com\/fr-ma\/animal-nutrition\/#breadcrumb","itemListElement":[{"@type":"ListItem","position":1,"name":"Home","item":"https:\/\/ew-nutrition.com\/fr-ma\/"},{"@type":"ListItem","position":2,"name":"Nutrition animale"}]},{"@type":"WebSite","@id":"https:\/\/ew-nutrition.com\/#website","url":"https:\/\/ew-nutrition.com\/","name":"EW Nutrition","description":"Functional Innovations backed by Science","publisher":{"@id":"https:\/\/ew-nutrition.com\/#organization"},"potentialAction":[{"@type":"SearchAction","target":{"@type":"EntryPoint","urlTemplate":"https:\/\/ew-nutrition.com\/?s={search_term_string}"},"query-input":{"@type":"PropertyValueSpecification","valueRequired":true,"valueName":"search_term_string"}}],"inLanguage":"fr-ma"},{"@type":"Organization","@id":"https:\/\/ew-nutrition.com\/#organization","name":"EW Nutrition GmbH","url":"https:\/\/ew-nutrition.com\/","logo":{"@type":"ImageObject","inLanguage":"fr-ma","@id":"https:\/\/ew-nutrition.com\/#\/schema\/logo\/image\/","url":"","contentUrl":"","caption":"EW Nutrition GmbH"},"image":{"@id":"https:\/\/ew-nutrition.com\/#\/schema\/logo\/image\/"},"sameAs":["https:\/\/x.com\/EWNutritionGmbH","https:\/\/www.instagram.com\/ewnutrition\/","https:\/\/www.linkedin.com\/company\/ew-nutrition","https:\/\/www.youtube.com\/channel\/UCIvcb19uSOJXrUecTY8n_dA"]}]}},"_links":{"self":[{"href":"https:\/\/ew-nutrition.com\/fr-ma\/wp-json\/wp\/v2\/pages\/190492","targetHints":{"allow":["GET"]}}],"collection":[{"href":"https:\/\/ew-nutrition.com\/fr-ma\/wp-json\/wp\/v2\/pages"}],"about":[{"href":"https:\/\/ew-nutrition.com\/fr-ma\/wp-json\/wp\/v2\/types\/page"}],"author":[{"embeddable":true,"href":"https:\/\/ew-nutrition.com\/fr-ma\/wp-json\/wp\/v2\/users\/8"}],"replies":[{"embeddable":true,"href":"https:\/\/ew-nutrition.com\/fr-ma\/wp-json\/wp\/v2\/comments?post=190492"}],"version-history":[{"count":0,"href":"https:\/\/ew-nutrition.com\/fr-ma\/wp-json\/wp\/v2\/pages\/190492\/revisions"}],"wp:attachment":[{"href":"https:\/\/ew-nutrition.com\/fr-ma\/wp-json\/wp\/v2\/media?parent=190492"}],"curies":[{"name":"wp","href":"https:\/\/api.w.org\/{rel}","templated":true}]}}