{"id":190489,"date":"2020-12-04T12:30:21","date_gmt":"2020-12-04T11:30:21","guid":{"rendered":"https:\/\/ew-nutrition.com\/infocenter\/communiques-de-presse\/"},"modified":"2020-12-04T12:30:21","modified_gmt":"2020-12-04T11:30:21","slug":"communiques-de-presse","status":"publish","type":"page","link":"https:\/\/ew-nutrition.com\/fr-ma\/infocenter\/communiques-de-presse\/","title":{"rendered":"Communiqu\u00e9s de presse"},"content":{"rendered":"<section class=\"l-section wpb_row height_small with_img\"><div class=\"l-section-img\" role=\"img\" aria-label=\"ewn header yellow 1\" data-img-width=\"\" data-img-height=\"\" style=\"background-image: url(https:\/\/ew-nutrition.com\/wp-content\/uploads\/headerimages\/basic-swooshes\/ewn_header_yellow-1.svg);background-position: bottom center;background-repeat: no-repeat;\"><\/div><div class=\"l-section-h i-cf\"><div class=\"g-cols vc_row via_flex valign_top type_default stacking_default\"><div class=\"vc_col-sm-12 wpb_column vc_column_container\"><div class=\"vc_column-inner\"><div class=\"wpb_wrapper\"><nav class=\"g-breadcrumbs us_custom_a46129b6 has_text_color separator_icon align_none\" itemscope itemtype=\"http:\/\/schema.org\/BreadcrumbList\"><div class=\"g-breadcrumbs-item\">Pages<\/div><\/nav><div class=\"ult-spacer spacer-69d2acfbc98d8\" data-id=\"69d2acfbc98d8\" data-height=\"100\" data-height-mobile=\"40\" data-height-tab=\"40\" data-height-tab-portrait=\"60\" data-height-mobile-landscape=\"40\" style=\"clear:both;display:block;\"><\/div><\/div><\/div><\/div><div class=\"vc_col-sm-6 wpb_column vc_column_container us_animate_afl\" style=\"animation-delay:0.5s\"><div class=\"vc_column-inner\"><div class=\"wpb_wrapper\"><div class=\"wpb_text_column\"><div class=\"wpb_wrapper\"><h1>Communiqu\u00e9s de <strong>presse<\/strong><\/h1>\n<\/div><\/div><div class=\"ult-spacer spacer-69d2acfbc9c9d\" data-id=\"69d2acfbc9c9d\" data-height=\"80\" data-height-mobile=\"40\" data-height-tab=\"60\" data-height-tab-portrait=\"80\" data-height-mobile-landscape=\"40\" style=\"clear:both;display:block;\"><\/div><\/div><\/div><\/div><div class=\"vc_col-sm-6 wpb_column vc_column_container us_animate_afc\" style=\"animation-delay:0.25s\"><div class=\"vc_column-inner\"><div class=\"wpb_wrapper\"><\/div><\/div><\/div><\/div><\/div><\/section><section class=\"l-section wpb_row height_small\"><div class=\"l-section-h i-cf\"><div class=\"g-cols vc_row via_flex valign_top type_default stacking_default\"><div class=\"vc_col-sm-12 wpb_column vc_column_container\"><div class=\"vc_column-inner\"><div class=\"wpb_wrapper\"><div class=\"ult-spacer spacer-69d2acfbca064\" data-id=\"69d2acfbca064\" data-height=\"80\" data-height-mobile=\"40\" data-height-tab=\"60\" data-height-tab-portrait=\"80\" data-height-mobile-landscape=\"40\" style=\"clear:both;display:block;\"><\/div><div class=\"wpb_text_column\"><div class=\"wpb_wrapper\"><h5><strong>Voir les derni\u00e8res nouvelles<\/strong> sur notre entreprise et nos activit\u00e9s<\/h5>\n<\/div><\/div><div class=\"w-grid us_grid type_grid layout_46133 cols_2 overflow_hidden preload_style_spinner\" id=\"us_grid_1\" style=\"--columns:2;--gap:1.5rem;\" data-filterable=\"true\"><style>@media (max-width:600px){#us_grid_1{--columns:1!important}}.layout_46133 .w-grid-item-h{background:var(--color-content-bg);color:var(--color-content-text);box-shadow:0 0rem 0rem rgba(0,0,0,0.1),0 0rem 0rem rgba(0,0,0,0.1);transition-duration:0.3s}.no-touch .layout_46133 .w-grid-item-h:hover{box-shadow:0 0.1rem 0.2rem rgba(0,0,0,0.1),0 0.33rem 1rem rgba(0,0,0,0.15);z-index:4}.layout_46133 .usg_post_title_2{transition-duration:0.3s;transform-origin:50% 50%;transform:scale(1) translate(0%,0%)}.layout_46133 .w-grid-item-h:focus-within .usg_post_title_2,.layout_46133 .w-grid-item-h:hover .usg_post_title_2{transform:scale(1) translate(0%,0%);opacity:1;color:var(--color-content-text)!important}.layout_46133 .usg_post_image_1{margin-bottom:calc(-13px - 1.4rem)!important}.layout_46133 .usg_vwrapper_1{padding:1.4rem 1.4rem 0.5rem 1.4rem!important}.layout_46133 .usg_post_taxonomy_1{font-weight:700!important;text-transform:uppercase!important;font-size:10px!important}.layout_46133 .usg_hwrapper_1{font-weight:400!important;font-size:13px!important;line-height:24px!important;padding:0 1.8em 0 1.8em!important}.layout_46133 .usg_vwrapper_2{padding:0.5rem 1.4rem 1.4rem 1.4rem!important}.layout_46133 .usg_post_title_2{font-family:var(--h1-font-family)!important;font-weight:600!important;font-size:18px!important;line-height:25px!important;margin-bottom:0.3rem!important}.layout_46133 .usg_post_content_2{font-size:13px!important;line-height:19px!important}.layout_46133 .usg_post_taxonomy_2{font-size:10px!important}<\/style><div class=\"w-grid-list\">\t<article class=\"w-grid-item size_1x1 post-190459 post type-post status-publish format-standard has-post-thumbnail hentry category-poultry-gut-health-fr-ma category-press-release-fr-ma tag-sante-intestinale-fr-ma\" data-id=\"190459\">\r\n\t\t<div class=\"w-grid-item-h\">\r\n\t\t\t\t\t\t<div class=\"w-post-elm post_image usg_post_image_1 has_ratio\"><a href=\"https:\/\/ew-nutrition.com\/fr-ma\/ew-nutrition-lance-ventar-d\/\" aria-label=\"EW Nutrition lance Ventar D, l\u2019optimiseur de sant\u00e9 intestinale de nouvelle g\u00e9n\u00e9ration\"><img fetchpriority=\"high\" decoding=\"async\" width=\"920\" height=\"539\" src=\"https:\/\/ew-nutrition.com\/wp-content\/uploads\/logos\/product-logos-color\/graphics_product-logos-square_ventar-d.svg\" class=\"attachment-us_920_539 size-us_920_539 wp-post-image\" alt=\"\" loading=\"eager\" \/><\/a><div style=\"padding-bottom:44.4444%\"><\/div><\/div><div class=\"w-vwrapper usg_vwrapper_1 align_left valign_top\"><div class=\"w-post-elm post_taxonomy usg_post_taxonomy_1 style_badge color_link_inherit\"><div class=\"w-post-elm-list\"><a class=\"w-btn us-btn-style_21 term-9146 term-poultry-gut-health-fr-ma\" href=\"https:\/\/ew-nutrition.com\/fr-ma\/category\/poultry-gut-health-fr-ma\/\"><span class=\"w-btn-label\">Poultry gut health<\/span><\/a><a class=\"w-btn us-btn-style_21 term-9147 term-press-release-fr-ma\" href=\"https:\/\/ew-nutrition.com\/fr-ma\/category\/press-release-fr-ma\/\"><span class=\"w-btn-label\">Press release<\/span><\/a><\/div><\/div><\/div><div class=\"w-hwrapper usg_hwrapper_1 align_left valign_top\" style=\"--hwrapper-gap:0.35rem\"><time class=\"w-post-elm post_date usg_post_date_1 entry-date published\" datetime=\"2021-10-21T15:54:10+02:00\">Oct 21<\/time><span class=\"w-post-elm post_custom_field usg_post_custom_field_1 reading_time type_text color_link_inherit\"><i class=\"far fa-clock\"><\/i><span class=\"w-post-elm-value\">2<\/span><span class=\"w-post-elm-after\"> min read<\/span><\/span><\/div><div class=\"w-vwrapper usg_vwrapper_2 align_left valign_top\"><h2 class=\"w-post-elm post_title usg_post_title_2 entry-title\"><a href=\"https:\/\/ew-nutrition.com\/fr-ma\/ew-nutrition-lance-ventar-d\/\">EW Nutrition lance Ventar D, l\u2019optimiseur de sant\u00e9 intestinale de nouvelle g\u00e9n\u00e9ration<\/a><\/h2><div class=\"w-post-elm post_content usg_post_content_2\">VISBEK, le 18 octobre &#8211; EW Nutrition annonce le lancement d\u2019un modificateur de sant\u00e9 intestinale de nouvelle g\u00e9n\u00e9ration de premier ordre. Ventar D est un m\u00e9lange exclusif innovant de phytomol\u00e9cules&hellip;<\/div><div class=\"w-post-elm post_taxonomy usg_post_taxonomy_2 style_simple color_link_inherit\"><span class=\"w-post-elm-before\">Tags: <\/span><a class=\"term-9148 term-sante-intestinale-fr-ma\" href=\"https:\/\/ew-nutrition.com\/fr-ma\/tag\/sante-intestinale-fr-ma\/\">sant\u00e9 intestinale<\/a><\/div><\/div>\t\t<\/div>\r\n\t\t\t<\/article>\r\n\t<article class=\"w-grid-item size_1x1 post-190461 post type-post status-publish format-standard has-post-thumbnail hentry category-press-release-fr-ma\" data-id=\"190461\">\r\n\t\t<div class=\"w-grid-item-h\">\r\n\t\t\t\t\t\t<div class=\"w-post-elm post_image usg_post_image_1 has_ratio\"><a href=\"https:\/\/ew-nutrition.com\/fr-ma\/ewn-acquires-feed-quality-pigment\/\" aria-label=\"EW Nutrition acquiert la branche qualit\u00e9 et pigments alimentaires de Novus International\"><img decoding=\"async\" width=\"920\" height=\"518\" src=\"https:\/\/ew-nutrition.com\/wp-content\/uploads\/articles\/featured-images\/new_products.png\" class=\"attachment-us_920_539 size-us_920_539 wp-post-image\" alt=\"\" loading=\"eager\" \/><\/a><div style=\"padding-bottom:44.4444%\"><\/div><\/div><div class=\"w-vwrapper usg_vwrapper_1 align_left valign_top\"><div class=\"w-post-elm post_taxonomy usg_post_taxonomy_1 style_badge color_link_inherit\"><a class=\"w-btn us-btn-style_21 term-9147 term-press-release-fr-ma\" href=\"https:\/\/ew-nutrition.com\/fr-ma\/category\/press-release-fr-ma\/\"><span class=\"w-btn-label\">Press release<\/span><\/a><\/div><\/div><div class=\"w-hwrapper usg_hwrapper_1 align_left valign_top\" style=\"--hwrapper-gap:0.35rem\"><time class=\"w-post-elm post_date usg_post_date_1 entry-date published\" datetime=\"2021-02-01T16:00:20+01:00\">Feb 1<\/time><\/div><div class=\"w-vwrapper usg_vwrapper_2 align_left valign_top\"><h2 class=\"w-post-elm post_title usg_post_title_2 entry-title\"><a href=\"https:\/\/ew-nutrition.com\/fr-ma\/ewn-acquires-feed-quality-pigment\/\">EW Nutrition acquiert la branche qualit\u00e9 et pigments alimentaires de Novus International<\/a><\/h2><div class=\"w-post-elm post_content usg_post_content_2\">VISBEK, Allemagne, 1er f\u00e9vrier 2021 \/PRNewswire\/ &#8212;\u00a0EW Nutrition, un fournisseur mondial de solutions de nutrition animale, a annonc\u00e9 aujourd&#8217;hui qu&#8217;il a acquis les activit\u00e9s de la branche qualit\u00e9 et pigments&hellip;<\/div><\/div>\t\t<\/div>\r\n\t\t\t<\/article>\r\n<\/div>\t<div class=\"w-grid-preloader\">\r\n\t\t<div class=\"g-preloader type_2\">\r\n\t\t\t<div><\/div>\r\n\t\t<\/div>\r\n\t<\/div>\r\n\t\t<div class=\"w-grid-json hidden\" onclick='return {&quot;action&quot;:&quot;us_ajax_grid&quot;,&quot;infinite_scroll&quot;:0,&quot;max_num_pages&quot;:1,&quot;pagination&quot;:&quot;none&quot;,&quot;template_vars&quot;:{&quot;columns&quot;:&quot;2&quot;,&quot;exclude_items&quot;:&quot;none&quot;,&quot;img_size&quot;:&quot;default&quot;,&quot;ignore_items_size&quot;:0,&quot;items_layout&quot;:&quot;46133&quot;,&quot;items_offset&quot;:&quot;1&quot;,&quot;load_animation&quot;:&quot;none&quot;,&quot;overriding_link&quot;:&quot;{\\&quot;url\\&quot;:\\&quot;\\&quot;}&quot;,&quot;post_id&quot;:0,&quot;query_args&quot;:{&quot;post_type&quot;:[&quot;post&quot;],&quot;tax_query&quot;:[{&quot;taxonomy&quot;:&quot;category&quot;,&quot;field&quot;:&quot;slug&quot;,&quot;terms&quot;:[&quot;press-releases&quot;,&quot;press-release&quot;]}],&quot;post_status&quot;:[&quot;publish&quot;,&quot;acf-disabled&quot;],&quot;posts_per_page&quot;:&quot;16&quot;},&quot;orderby_query_args&quot;:{&quot;orderby&quot;:{&quot;modified&quot;:&quot;DESC&quot;,&quot;date&quot;:&quot;DESC&quot;}},&quot;type&quot;:&quot;grid&quot;,&quot;us_grid_post_type&quot;:&quot;post&quot;,&quot;us_grid_ajax_index&quot;:1,&quot;us_grid_filter_query_string&quot;:null,&quot;us_grid_index&quot;:1,&quot;page_args&quot;:[],&quot;lang&quot;:&quot;fr-ma&quot;}}'><\/div>\r\n\t<\/div><div class=\"ult-spacer spacer-69d2acfbcf3d8\" data-id=\"69d2acfbcf3d8\" data-height=\"120\" data-height-mobile=\"40\" data-height-tab=\"80\" data-height-tab-portrait=\"80\" data-height-mobile-landscape=\"40\" style=\"clear:both;display:block;\"><\/div><\/div><\/div><\/div><\/div><\/div><\/section><!-- Row Backgrounds -->\n","protected":false},"excerpt":{"rendered":"VISBEK, Allemagne, 1er f\u00e9vrier 2021 \/PRNewswire\/ --\u00a0EW Nutrition, un fournisseur mondial de solutions de nutrition animale, a annonc\u00e9 aujourd'hui qu'il a acquis les activit\u00e9s de la branche qualit\u00e9 et pigments alimentaires de Novus International, Inc. Selon les termes de l'accord, EW Nutrition devient propri\u00e9taire de marques de renomm\u00e9e mondiale telles que le conservateur pour aliments...","protected":false},"author":8,"featured_media":0,"parent":190467,"menu_order":0,"comment_status":"closed","ping_status":"closed","template":"","meta":{"_acf_changed":false,"footnotes":""},"class_list":["post-190489","page","type-page","status-publish","hentry"],"acf":[],"yoast_head":"<!-- This site is optimized with the Yoast SEO Premium plugin v26.5 (Yoast SEO v27.3) - https:\/\/yoast.com\/product\/yoast-seo-premium-wordpress\/ -->\n<title>Communiqu\u00e9s de presse - EW Nutrition<\/title>\n<meta name=\"robots\" content=\"index, follow, max-snippet:-1, max-image-preview:large, max-video-preview:-1\" \/>\n<link rel=\"canonical\" href=\"https:\/\/ew-nutrition.com\/fr-ma\/infocenter\/communiques-de-presse\/\" \/>\n<meta property=\"og:locale\" content=\"fr_FR\" \/>\n<meta property=\"og:type\" content=\"article\" \/>\n<meta property=\"og:title\" content=\"Communiqu\u00e9s de presse\" \/>\n<meta property=\"og:url\" content=\"https:\/\/ew-nutrition.com\/fr-ma\/infocenter\/communiques-de-presse\/\" \/>\n<meta property=\"og:site_name\" content=\"EW Nutrition\" \/>\n<meta name=\"twitter:card\" content=\"summary_large_image\" \/>\n<meta name=\"twitter:site\" content=\"@EWNutritionGmbH\" \/>\n<meta name=\"twitter:label1\" content=\"Est. reading time\" \/>\n\t<meta name=\"twitter:data1\" content=\"4 minutes\" \/>\n<!-- \/ Yoast SEO Premium plugin. -->","yoast_head_json":{"title":"Communiqu\u00e9s de presse - EW Nutrition","robots":{"index":"index","follow":"follow","max-snippet":"max-snippet:-1","max-image-preview":"max-image-preview:large","max-video-preview":"max-video-preview:-1"},"canonical":"https:\/\/ew-nutrition.com\/fr-ma\/infocenter\/communiques-de-presse\/","og_locale":"fr_FR","og_type":"article","og_title":"Communiqu\u00e9s de presse","og_url":"https:\/\/ew-nutrition.com\/fr-ma\/infocenter\/communiques-de-presse\/","og_site_name":"EW Nutrition","twitter_card":"summary_large_image","twitter_site":"@EWNutritionGmbH","twitter_misc":{"Est. reading time":"4 minutes"},"schema":{"@context":"https:\/\/schema.org","@graph":[{"@type":"WebPage","@id":"https:\/\/ew-nutrition.com\/fr-ma\/infocenter\/communiques-de-presse\/","url":"https:\/\/ew-nutrition.com\/fr-ma\/infocenter\/communiques-de-presse\/","name":"Communiqu\u00e9s de presse - EW Nutrition","isPartOf":{"@id":"https:\/\/ew-nutrition.com\/#website"},"datePublished":"2020-12-04T11:30:21+00:00","breadcrumb":{"@id":"https:\/\/ew-nutrition.com\/fr-ma\/infocenter\/communiques-de-presse\/#breadcrumb"},"inLanguage":"fr-ma","potentialAction":[{"@type":"ReadAction","target":["https:\/\/ew-nutrition.com\/fr-ma\/infocenter\/communiques-de-presse\/"]}]},{"@type":"BreadcrumbList","@id":"https:\/\/ew-nutrition.com\/fr-ma\/infocenter\/communiques-de-presse\/#breadcrumb","itemListElement":[{"@type":"ListItem","position":1,"name":"Home","item":"https:\/\/ew-nutrition.com\/fr-ma\/"},{"@type":"ListItem","position":2,"name":"Infocentre","item":"https:\/\/ew-nutrition.com\/fr-ma\/infocenter\/"},{"@type":"ListItem","position":3,"name":"Communiqu\u00e9s de presse"}]},{"@type":"WebSite","@id":"https:\/\/ew-nutrition.com\/#website","url":"https:\/\/ew-nutrition.com\/","name":"EW Nutrition","description":"Functional Innovations backed by Science","publisher":{"@id":"https:\/\/ew-nutrition.com\/#organization"},"potentialAction":[{"@type":"SearchAction","target":{"@type":"EntryPoint","urlTemplate":"https:\/\/ew-nutrition.com\/?s={search_term_string}"},"query-input":{"@type":"PropertyValueSpecification","valueRequired":true,"valueName":"search_term_string"}}],"inLanguage":"fr-ma"},{"@type":"Organization","@id":"https:\/\/ew-nutrition.com\/#organization","name":"EW Nutrition GmbH","url":"https:\/\/ew-nutrition.com\/","logo":{"@type":"ImageObject","inLanguage":"fr-ma","@id":"https:\/\/ew-nutrition.com\/#\/schema\/logo\/image\/","url":"","contentUrl":"","caption":"EW Nutrition GmbH"},"image":{"@id":"https:\/\/ew-nutrition.com\/#\/schema\/logo\/image\/"},"sameAs":["https:\/\/x.com\/EWNutritionGmbH","https:\/\/www.instagram.com\/ewnutrition\/","https:\/\/www.linkedin.com\/company\/ew-nutrition","https:\/\/www.youtube.com\/channel\/UCIvcb19uSOJXrUecTY8n_dA"]}]}},"_links":{"self":[{"href":"https:\/\/ew-nutrition.com\/fr-ma\/wp-json\/wp\/v2\/pages\/190489","targetHints":{"allow":["GET"]}}],"collection":[{"href":"https:\/\/ew-nutrition.com\/fr-ma\/wp-json\/wp\/v2\/pages"}],"about":[{"href":"https:\/\/ew-nutrition.com\/fr-ma\/wp-json\/wp\/v2\/types\/page"}],"author":[{"embeddable":true,"href":"https:\/\/ew-nutrition.com\/fr-ma\/wp-json\/wp\/v2\/users\/8"}],"replies":[{"embeddable":true,"href":"https:\/\/ew-nutrition.com\/fr-ma\/wp-json\/wp\/v2\/comments?post=190489"}],"version-history":[{"count":0,"href":"https:\/\/ew-nutrition.com\/fr-ma\/wp-json\/wp\/v2\/pages\/190489\/revisions"}],"up":[{"embeddable":true,"href":"https:\/\/ew-nutrition.com\/fr-ma\/wp-json\/wp\/v2\/pages\/190467"}],"wp:attachment":[{"href":"https:\/\/ew-nutrition.com\/fr-ma\/wp-json\/wp\/v2\/media?parent=190489"}],"curies":[{"name":"wp","href":"https:\/\/api.w.org\/{rel}","templated":true}]}}