{"id":59894,"date":"2020-12-08T12:49:03","date_gmt":"2020-12-08T11:49:03","guid":{"rendered":"https:\/\/ew-nutrition.com\/comunicados-de-prensa\/"},"modified":"2021-05-26T10:56:15","modified_gmt":"2021-05-26T08:56:15","slug":"press-releases","status":"publish","type":"page","link":"https:\/\/ew-nutrition.com\/es\/infocenter\/press-releases\/","title":{"rendered":"Comunicados de prensa"},"content":{"rendered":"<section class=\"l-section wpb_row height_small with_img\"><div class=\"l-section-img\" role=\"img\" aria-label=\"ewn header yellow 1\" data-img-width=\"\" data-img-height=\"\" style=\"background-image: url(https:\/\/ew-nutrition.com\/wp-content\/uploads\/headerimages\/basic-swooshes\/ewn_header_yellow-1.svg);background-position: bottom center;background-repeat: no-repeat;\"><\/div><div class=\"l-section-h i-cf\"><div class=\"g-cols vc_row via_flex valign_top type_default stacking_default\"><div class=\"vc_col-sm-12 wpb_column vc_column_container\"><div class=\"vc_column-inner\"><div class=\"wpb_wrapper\"><nav class=\"g-breadcrumbs us_custom_a46129b6 has_text_color separator_icon align_none\" itemscope itemtype=\"http:\/\/schema.org\/BreadcrumbList\"><div class=\"g-breadcrumbs-item\">Pages<\/div><\/nav><div class=\"ult-spacer spacer-69dacf55e0156\" data-id=\"69dacf55e0156\" data-height=\"100\" data-height-mobile=\"40\" data-height-tab=\"40\" data-height-tab-portrait=\"60\" data-height-mobile-landscape=\"40\" style=\"clear:both;display:block;\"><\/div><\/div><\/div><\/div><div class=\"vc_col-sm-6 wpb_column vc_column_container us_animate_afl\" style=\"animation-delay:0.5s\"><div class=\"vc_column-inner\"><div class=\"wpb_wrapper\"><div class=\"wpb_text_column\"><div class=\"wpb_wrapper\"><h1><strong>Comunicados de<\/strong> prensa<\/h1>\n<\/div><\/div><div class=\"ult-spacer spacer-69dacf55e04f9\" data-id=\"69dacf55e04f9\" data-height=\"80\" data-height-mobile=\"40\" data-height-tab=\"60\" data-height-tab-portrait=\"80\" data-height-mobile-landscape=\"40\" style=\"clear:both;display:block;\"><\/div><\/div><\/div><\/div><div class=\"vc_col-sm-6 wpb_column vc_column_container us_animate_afc\" style=\"animation-delay:0.25s\"><div class=\"vc_column-inner\"><div class=\"wpb_wrapper\"><\/div><\/div><\/div><\/div><\/div><\/section><section class=\"l-section wpb_row height_small\"><div class=\"l-section-h i-cf\"><div class=\"g-cols vc_row via_flex valign_top type_default stacking_default\"><div class=\"vc_col-sm-12 wpb_column vc_column_container\"><div class=\"vc_column-inner\"><div class=\"wpb_wrapper\"><div class=\"ult-spacer spacer-69dacf55e0839\" data-id=\"69dacf55e0839\" data-height=\"80\" data-height-mobile=\"40\" data-height-tab=\"60\" data-height-tab-portrait=\"80\" data-height-mobile-landscape=\"40\" style=\"clear:both;display:block;\"><\/div><div class=\"wpb_text_column\"><div class=\"wpb_wrapper\"><h5><strong>Vea las \u00faltimas noticias<\/strong> sobre nuestra empresa y actividades<\/h5>\n<\/div><\/div><div class=\"w-grid us_grid type_grid layout_46133 cols_2 overflow_hidden preload_style_spinner\" id=\"us_grid_1\" style=\"--columns:2;--gap:1.5rem;\" data-filterable=\"true\"><style>@media (max-width:600px){#us_grid_1{--columns:1!important}}.layout_46133 .w-grid-item-h{background:var(--color-content-bg);color:var(--color-content-text);box-shadow:0 0rem 0rem rgba(0,0,0,0.1),0 0rem 0rem rgba(0,0,0,0.1);transition-duration:0.3s}.no-touch .layout_46133 .w-grid-item-h:hover{box-shadow:0 0.1rem 0.2rem rgba(0,0,0,0.1),0 0.33rem 1rem rgba(0,0,0,0.15);z-index:4}.layout_46133 .usg_post_title_2{transition-duration:0.3s;transform-origin:50% 50%;transform:scale(1) translate(0%,0%)}.layout_46133 .w-grid-item-h:focus-within .usg_post_title_2,.layout_46133 .w-grid-item-h:hover .usg_post_title_2{transform:scale(1) translate(0%,0%);opacity:1;color:var(--color-content-text)!important}.layout_46133 .usg_post_image_1{margin-bottom:calc(-13px - 1.4rem)!important}.layout_46133 .usg_vwrapper_1{padding:1.4rem 1.4rem 0.5rem 1.4rem!important}.layout_46133 .usg_post_taxonomy_1{font-weight:700!important;text-transform:uppercase!important;font-size:10px!important}.layout_46133 .usg_hwrapper_1{font-weight:400!important;font-size:13px!important;line-height:24px!important;padding:0 1.8em 0 1.8em!important}.layout_46133 .usg_vwrapper_2{padding:0.5rem 1.4rem 1.4rem 1.4rem!important}.layout_46133 .usg_post_title_2{font-family:var(--h1-font-family)!important;font-weight:600!important;font-size:18px!important;line-height:25px!important;margin-bottom:0.3rem!important}.layout_46133 .usg_post_content_2{font-size:13px!important;line-height:19px!important}.layout_46133 .usg_post_taxonomy_2{font-size:10px!important}<\/style><div class=\"w-grid-list\">\t<article class=\"w-grid-item size_1x1 post-207542 post type-post status-publish format-standard has-post-thumbnail hentry category-corporativo-es category-nota-de-prensa category-sin-categorizar\" data-id=\"207542\">\r\n\t\t<div class=\"w-grid-item-h\">\r\n\t\t\t\t\t\t<div class=\"w-post-elm post_image usg_post_image_1 has_ratio\"><a href=\"https:\/\/ew-nutrition.com\/es\/gustavo-tesolin-director-latam\/\" aria-label=\"Gustavo Tesolin Nombrado Director Regional de EW Nutrition LATAM\"><img fetchpriority=\"high\" decoding=\"async\" width=\"1856\" height=\"1088\" src=\"https:\/\/ew-nutrition.com\/wp-content\/uploads\/headerimages\/header-graphics\/headervisual_ewn.png\" class=\"attachment-full size-full wp-post-image\" alt=\"headervisual ewn\" loading=\"eager\" \/><\/a><div style=\"padding-bottom:44.4444%\"><\/div><\/div><div class=\"w-vwrapper usg_vwrapper_1 align_left valign_top\"><div class=\"w-post-elm post_taxonomy usg_post_taxonomy_1 style_badge color_link_inherit\"><div class=\"w-post-elm-list\"><a class=\"w-btn us-btn-style_21 term-8371 term-corporativo-es\" href=\"https:\/\/ew-nutrition.com\/es\/category\/corporativo-es\/\"><span class=\"w-btn-label\">Corporativo<\/span><\/a><a class=\"w-btn us-btn-style_21 term-8300 term-nota-de-prensa\" href=\"https:\/\/ew-nutrition.com\/es\/category\/nota-de-prensa\/\"><span class=\"w-btn-label\">Nota de prensa<\/span><\/a><a class=\"w-btn us-btn-style_21 term-160 term-sin-categorizar\" href=\"https:\/\/ew-nutrition.com\/es\/category\/sin-categorizar\/\"><span class=\"w-btn-label\">Sin categorizar<\/span><\/a><\/div><\/div><\/div><div class=\"w-hwrapper usg_hwrapper_1 align_left valign_top\" style=\"--hwrapper-gap:0.35rem\"><time class=\"w-post-elm post_date usg_post_date_1 entry-date published\" datetime=\"2024-01-29T13:43:04+01:00\">Jan 29<\/time><span class=\"w-post-elm post_custom_field usg_post_custom_field_1 reading_time type_text color_link_inherit\"><i class=\"far fa-clock\"><\/i><span class=\"w-post-elm-value\">1<\/span><span class=\"w-post-elm-after\"> min read<\/span><\/span><\/div><div class=\"w-vwrapper usg_vwrapper_2 align_left valign_top\"><h2 class=\"w-post-elm post_title usg_post_title_2 entry-title\"><a href=\"https:\/\/ew-nutrition.com\/es\/gustavo-tesolin-director-latam\/\">Gustavo Tesolin Nombrado Director Regional de EW Nutrition LATAM<\/a><\/h2><div class=\"w-post-elm post_content usg_post_content_2\">Gustavo Tesolin 29 de enero de 2024, Visbek &#8211; La empresa alemana EW Nutrition, proveedora global de soluciones funcionales para nutrici\u00f3n animal, ha nombrado a Gustavo Carlos Tesolin como su&hellip;<\/div><\/div>\t\t<\/div>\r\n\t\t\t<\/article>\r\n\t<article class=\"w-grid-item size_1x1 post-194257 post type-post status-publish format-standard has-post-thumbnail hentry category-aves-de-corral-salud-intestinal category-nota-de-prensa category-phytomolecules-es category-reduccion-de-los-antibioticos category-ventar-d-es\" data-id=\"194257\">\r\n\t\t<div class=\"w-grid-item-h\">\r\n\t\t\t\t\t\t<div class=\"w-post-elm post_image usg_post_image_1 has_ratio\"><a href=\"https:\/\/ew-nutrition.com\/es\/ew-nutrition-lanza-ventar-d-la-nueva-generacion-de-mejoradores-de-la-salud-intestinal-ahora-en-mexico\/\" aria-label=\"EW Nutrition lanza Ventar D: La nueva generaci\u00f3n de mejoradores de la salud intestinal, ahora en M\u00e9xico\"><img decoding=\"async\" src=\"https:\/\/ew-nutrition.com\/wp-content\/uploads\/logos\/product-logos-color\/graphics_product-logos-square_ventar-d.svg\" class=\"attachment-full size-full wp-post-image\" alt=\"graphics product logos square ventar d\" loading=\"eager\" \/><\/a><div style=\"padding-bottom:44.4444%\"><\/div><\/div><div class=\"w-vwrapper usg_vwrapper_1 align_left valign_top\"><div class=\"w-post-elm post_taxonomy usg_post_taxonomy_1 style_badge color_link_inherit\"><div class=\"w-post-elm-list\"><a class=\"w-btn us-btn-style_21 term-8456 term-aves-de-corral-salud-intestinal\" href=\"https:\/\/ew-nutrition.com\/es\/category\/aves-de-corral-salud-intestinal\/\"><span class=\"w-btn-label\">Aves de corral, salud intestinal<\/span><\/a><a class=\"w-btn us-btn-style_21 term-8300 term-nota-de-prensa\" href=\"https:\/\/ew-nutrition.com\/es\/category\/nota-de-prensa\/\"><span class=\"w-btn-label\">Nota de prensa<\/span><\/a><a class=\"w-btn us-btn-style_21 term-9175 term-phytomolecules-es\" href=\"https:\/\/ew-nutrition.com\/es\/category\/phytomolecules-es\/\"><span class=\"w-btn-label\">Phytomolecules<\/span><\/a><a class=\"w-btn us-btn-style_21 term-8453 term-reduccion-de-los-antibioticos\" href=\"https:\/\/ew-nutrition.com\/es\/category\/reduccion-de-los-antibioticos\/\"><span class=\"w-btn-label\">Reducci\u00f3n de los antibi\u00f3ticos<\/span><\/a><a class=\"w-btn us-btn-style_21 term-9179 term-ventar-d-es\" href=\"https:\/\/ew-nutrition.com\/es\/category\/ventar-d-es\/\"><span class=\"w-btn-label\">Ventar D<\/span><\/a><\/div><\/div><\/div><div class=\"w-hwrapper usg_hwrapper_1 align_left valign_top\" style=\"--hwrapper-gap:0.35rem\"><time class=\"w-post-elm post_date usg_post_date_1 entry-date published\" datetime=\"2023-08-30T15:35:46+02:00\">Aug 30<\/time><span class=\"w-post-elm post_custom_field usg_post_custom_field_1 reading_time type_text color_link_inherit\"><i class=\"far fa-clock\"><\/i><span class=\"w-post-elm-value\">2<\/span><span class=\"w-post-elm-after\"> min read<\/span><\/span><\/div><div class=\"w-vwrapper usg_vwrapper_2 align_left valign_top\"><h2 class=\"w-post-elm post_title usg_post_title_2 entry-title\"><a href=\"https:\/\/ew-nutrition.com\/es\/ew-nutrition-lanza-ventar-d-la-nueva-generacion-de-mejoradores-de-la-salud-intestinal-ahora-en-mexico\/\">EW Nutrition lanza Ventar D: La nueva generaci\u00f3n de mejoradores de la salud intestinal, ahora en M\u00e9xico<\/a><\/h2><div class=\"w-post-elm post_content usg_post_content_2\">VISBEK, Alemania. El 28 de agosto de 2023, EW Nutrition anunci\u00f3 el lanzamiento de la nueva generaci\u00f3n \u201cmejor en su clase\u201d de un mejorador de la salud intestinal. Ventar D&hellip;<\/div><\/div>\t\t<\/div>\r\n\t\t\t<\/article>\r\n\t<article class=\"w-grid-item size_1x1 post-194392 post type-post status-publish format-standard has-post-thumbnail hentry category-ew-nutrition-es category-nota-de-prensa category-sin-categorizar\" data-id=\"194392\">\r\n\t\t<div class=\"w-grid-item-h\">\r\n\t\t\t\t\t\t<div class=\"w-post-elm post_image usg_post_image_1 has_ratio\"><a href=\"https:\/\/ew-nutrition.com\/es\/ew-nutrition-da-la-bienvenida-a-jan-vanbrabant-como-nuevo-director-general\/\" aria-label=\"EW Nutrition da la bienvenida a Jan Vanbrabant como nuevo director general\"><img decoding=\"async\" width=\"5701\" height=\"2066\" src=\"https:\/\/ew-nutrition.com\/wp-content\/uploads\/header-corporate.png\" class=\"attachment-full size-full wp-post-image\" alt=\"Header Corporate\" loading=\"eager\" \/><\/a><div style=\"padding-bottom:44.4444%\"><\/div><\/div><div class=\"w-vwrapper usg_vwrapper_1 align_left valign_top\"><div class=\"w-post-elm post_taxonomy usg_post_taxonomy_1 style_badge color_link_inherit\"><div class=\"w-post-elm-list\"><a class=\"w-btn us-btn-style_21 term-8299 term-ew-nutrition-es\" href=\"https:\/\/ew-nutrition.com\/es\/category\/ew-nutrition-es\/\"><span class=\"w-btn-label\">EW Nutrition<\/span><\/a><a class=\"w-btn us-btn-style_21 term-8300 term-nota-de-prensa\" href=\"https:\/\/ew-nutrition.com\/es\/category\/nota-de-prensa\/\"><span class=\"w-btn-label\">Nota de prensa<\/span><\/a><a class=\"w-btn us-btn-style_21 term-160 term-sin-categorizar\" href=\"https:\/\/ew-nutrition.com\/es\/category\/sin-categorizar\/\"><span class=\"w-btn-label\">Sin categorizar<\/span><\/a><\/div><\/div><\/div><div class=\"w-hwrapper usg_hwrapper_1 align_left valign_top\" style=\"--hwrapper-gap:0.35rem\"><time class=\"w-post-elm post_date usg_post_date_1 entry-date published\" datetime=\"2023-09-01T17:41:33+02:00\">Sep 1<\/time><span class=\"w-post-elm post_custom_field usg_post_custom_field_1 reading_time type_text color_link_inherit\"><i class=\"far fa-clock\"><\/i><span class=\"w-post-elm-value\">2<\/span><span class=\"w-post-elm-after\"> min read<\/span><\/span><\/div><div class=\"w-vwrapper usg_vwrapper_2 align_left valign_top\"><h2 class=\"w-post-elm post_title usg_post_title_2 entry-title\"><a href=\"https:\/\/ew-nutrition.com\/es\/ew-nutrition-da-la-bienvenida-a-jan-vanbrabant-como-nuevo-director-general\/\">EW Nutrition da la bienvenida a Jan Vanbrabant como nuevo director general<\/a><\/h2><div class=\"w-post-elm post_content usg_post_content_2\">VISBEK (Alemania), 1 de septiembre de 2023 &#8211; EW Nutrition, l\u00edder mundial en proveer soluciones funcionales para la nutrici\u00f3n animal, da la bienvenida a Jan Vanbrabant como su nuevo director&hellip;<\/div><\/div>\t\t<\/div>\r\n\t\t\t<\/article>\r\n\t<article class=\"w-grid-item size_1x1 post-69378 post type-post status-publish format-standard has-post-thumbnail hentry category-corporativo-es category-nota-de-prensa\" data-id=\"69378\">\r\n\t\t<div class=\"w-grid-item-h\">\r\n\t\t\t\t\t\t<div class=\"w-post-elm post_image usg_post_image_1 has_ratio\"><a href=\"https:\/\/ew-nutrition.com\/es\/ewn-acquires-feed-quality-pigment\/\" aria-label=\"EW Nutrition adquiere el negocio de Feed Quality y Pigmentos de Novus International\"><img decoding=\"async\" width=\"1920\" height=\"1080\" src=\"https:\/\/ew-nutrition.com\/wp-content\/uploads\/articles\/featured-images\/new_products.png\" class=\"attachment-full size-full wp-post-image\" alt=\"new products\" loading=\"eager\" \/><\/a><div style=\"padding-bottom:44.4444%\"><\/div><\/div><div class=\"w-vwrapper usg_vwrapper_1 align_left valign_top\"><div class=\"w-post-elm post_taxonomy usg_post_taxonomy_1 style_badge color_link_inherit\"><div class=\"w-post-elm-list\"><a class=\"w-btn us-btn-style_21 term-8371 term-corporativo-es\" href=\"https:\/\/ew-nutrition.com\/es\/category\/corporativo-es\/\"><span class=\"w-btn-label\">Corporativo<\/span><\/a><a class=\"w-btn us-btn-style_21 term-8300 term-nota-de-prensa\" href=\"https:\/\/ew-nutrition.com\/es\/category\/nota-de-prensa\/\"><span class=\"w-btn-label\">Nota de prensa<\/span><\/a><\/div><\/div><\/div><div class=\"w-hwrapper usg_hwrapper_1 align_left valign_top\" style=\"--hwrapper-gap:0.35rem\"><time class=\"w-post-elm post_date usg_post_date_1 entry-date published\" datetime=\"2021-02-01T16:00:20+01:00\">Feb 1<\/time><\/div><div class=\"w-vwrapper usg_vwrapper_2 align_left valign_top\"><h2 class=\"w-post-elm post_title usg_post_title_2 entry-title\"><a href=\"https:\/\/ew-nutrition.com\/es\/ewn-acquires-feed-quality-pigment\/\">EW Nutrition adquiere el negocio de Feed Quality y Pigmentos de Novus International<\/a><\/h2><div class=\"w-post-elm post_content usg_post_content_2\">VISBEK (1 de Febrero del 2021) &#8211; EW Nutrition, un proveedor global de soluciones de nutrici\u00f3n animal, anunci\u00f3 hoy que ha adquirido el negocio de Pigmentos y Feed Quality de&hellip;<\/div><\/div>\t\t<\/div>\r\n\t\t\t<\/article>\r\n<\/div>\t<div class=\"w-grid-preloader\">\r\n\t\t<div class=\"g-preloader type_2\">\r\n\t\t\t<div><\/div>\r\n\t\t<\/div>\r\n\t<\/div>\r\n\t\t<div class=\"w-grid-json hidden\" onclick='return {&quot;action&quot;:&quot;us_ajax_grid&quot;,&quot;infinite_scroll&quot;:0,&quot;max_num_pages&quot;:1,&quot;pagination&quot;:&quot;none&quot;,&quot;template_vars&quot;:{&quot;columns&quot;:&quot;2&quot;,&quot;exclude_items&quot;:&quot;none&quot;,&quot;img_size&quot;:&quot;full&quot;,&quot;ignore_items_size&quot;:0,&quot;items_layout&quot;:&quot;46133&quot;,&quot;items_offset&quot;:&quot;1&quot;,&quot;load_animation&quot;:&quot;none&quot;,&quot;overriding_link&quot;:&quot;{\\&quot;url\\&quot;:\\&quot;\\&quot;}&quot;,&quot;post_id&quot;:0,&quot;query_args&quot;:{&quot;post_type&quot;:[&quot;post&quot;],&quot;tax_query&quot;:[{&quot;taxonomy&quot;:&quot;category&quot;,&quot;field&quot;:&quot;slug&quot;,&quot;terms&quot;:[&quot;press-releases&quot;,&quot;press-release&quot;]}],&quot;post_status&quot;:[&quot;publish&quot;,&quot;acf-disabled&quot;],&quot;posts_per_page&quot;:&quot;16&quot;},&quot;orderby_query_args&quot;:{&quot;orderby&quot;:{&quot;modified&quot;:&quot;DESC&quot;,&quot;date&quot;:&quot;DESC&quot;}},&quot;type&quot;:&quot;grid&quot;,&quot;us_grid_post_type&quot;:&quot;post&quot;,&quot;us_grid_ajax_index&quot;:1,&quot;us_grid_filter_query_string&quot;:null,&quot;us_grid_index&quot;:1,&quot;page_args&quot;:[],&quot;lang&quot;:&quot;es&quot;}}'><\/div>\r\n\t<\/div><div class=\"ult-spacer spacer-69dacf55ecb33\" data-id=\"69dacf55ecb33\" data-height=\"120\" data-height-mobile=\"40\" data-height-tab=\"80\" data-height-tab-portrait=\"80\" data-height-mobile-landscape=\"40\" style=\"clear:both;display:block;\"><\/div><\/div><\/div><\/div><\/div><\/div><\/section><!-- Row Backgrounds -->\n","protected":false},"excerpt":{"rendered":"VISBEK (1 de Febrero del 2021) - EW Nutrition, un proveedor global de soluciones de nutrici\u00f3n animal, anunci\u00f3 hoy que ha adquirido el negocio de Pigmentos y Feed Quality de Novus International, Inc. Seg\u00fan los t\u00e9rminos del acuerdo, EW Nutrition se convierte en el propietario de marcas de renombre mundial como el conservante de piensos...","protected":false},"author":8,"featured_media":0,"parent":59904,"menu_order":0,"comment_status":"closed","ping_status":"closed","template":"","meta":{"_acf_changed":false,"footnotes":""},"class_list":["post-59894","page","type-page","status-publish","hentry"],"acf":[],"yoast_head":"<!-- This site is optimized with the Yoast SEO Premium plugin v26.5 (Yoast SEO v27.3) - https:\/\/yoast.com\/product\/yoast-seo-premium-wordpress\/ -->\n<title>Comunicados de prensa - EW Nutrition<\/title>\n<meta name=\"robots\" content=\"index, follow, max-snippet:-1, max-image-preview:large, max-video-preview:-1\" \/>\n<link rel=\"canonical\" href=\"https:\/\/ew-nutrition.com\/es\/infocenter\/press-releases\/\" \/>\n<meta property=\"og:locale\" content=\"es_ES\" \/>\n<meta property=\"og:type\" content=\"article\" \/>\n<meta property=\"og:title\" content=\"Comunicados de prensa\" \/>\n<meta property=\"og:url\" content=\"https:\/\/ew-nutrition.com\/es\/infocenter\/press-releases\/\" \/>\n<meta property=\"og:site_name\" content=\"EW Nutrition\" \/>\n<meta property=\"article:modified_time\" content=\"2021-05-26T08:56:15+00:00\" \/>\n<meta name=\"twitter:card\" content=\"summary_large_image\" \/>\n<meta name=\"twitter:site\" content=\"@EWNutritionGmbH\" \/>\n<meta name=\"twitter:label1\" content=\"Est. reading time\" \/>\n\t<meta name=\"twitter:data1\" content=\"1 minute\" \/>\n<!-- \/ Yoast SEO Premium plugin. -->","yoast_head_json":{"title":"Comunicados de prensa - EW Nutrition","robots":{"index":"index","follow":"follow","max-snippet":"max-snippet:-1","max-image-preview":"max-image-preview:large","max-video-preview":"max-video-preview:-1"},"canonical":"https:\/\/ew-nutrition.com\/es\/infocenter\/press-releases\/","og_locale":"es_ES","og_type":"article","og_title":"Comunicados de prensa","og_url":"https:\/\/ew-nutrition.com\/es\/infocenter\/press-releases\/","og_site_name":"EW Nutrition","article_modified_time":"2021-05-26T08:56:15+00:00","twitter_card":"summary_large_image","twitter_site":"@EWNutritionGmbH","twitter_misc":{"Est. reading time":"1 minute"},"schema":{"@context":"https:\/\/schema.org","@graph":[{"@type":"WebPage","@id":"https:\/\/ew-nutrition.com\/es\/infocenter\/press-releases\/","url":"https:\/\/ew-nutrition.com\/es\/infocenter\/press-releases\/","name":"Comunicados de prensa - EW Nutrition","isPartOf":{"@id":"https:\/\/ew-nutrition.com\/#website"},"datePublished":"2020-12-08T11:49:03+00:00","dateModified":"2021-05-26T08:56:15+00:00","breadcrumb":{"@id":"https:\/\/ew-nutrition.com\/es\/infocenter\/press-releases\/#breadcrumb"},"inLanguage":"es","potentialAction":[{"@type":"ReadAction","target":["https:\/\/ew-nutrition.com\/es\/infocenter\/press-releases\/"]}]},{"@type":"BreadcrumbList","@id":"https:\/\/ew-nutrition.com\/es\/infocenter\/press-releases\/#breadcrumb","itemListElement":[{"@type":"ListItem","position":1,"name":"Home","item":"https:\/\/ew-nutrition.com\/es\/"},{"@type":"ListItem","position":2,"name":"Infocenter","item":"https:\/\/ew-nutrition.com\/es\/infocenter\/"},{"@type":"ListItem","position":3,"name":"Comunicados de prensa"}]},{"@type":"WebSite","@id":"https:\/\/ew-nutrition.com\/#website","url":"https:\/\/ew-nutrition.com\/","name":"EW Nutrition","description":"Functional Innovations backed by Science","publisher":{"@id":"https:\/\/ew-nutrition.com\/#organization"},"potentialAction":[{"@type":"SearchAction","target":{"@type":"EntryPoint","urlTemplate":"https:\/\/ew-nutrition.com\/?s={search_term_string}"},"query-input":{"@type":"PropertyValueSpecification","valueRequired":true,"valueName":"search_term_string"}}],"inLanguage":"es"},{"@type":"Organization","@id":"https:\/\/ew-nutrition.com\/#organization","name":"EW Nutrition GmbH","url":"https:\/\/ew-nutrition.com\/","logo":{"@type":"ImageObject","inLanguage":"es","@id":"https:\/\/ew-nutrition.com\/#\/schema\/logo\/image\/","url":"","contentUrl":"","caption":"EW Nutrition GmbH"},"image":{"@id":"https:\/\/ew-nutrition.com\/#\/schema\/logo\/image\/"},"sameAs":["https:\/\/x.com\/EWNutritionGmbH","https:\/\/www.instagram.com\/ewnutrition\/","https:\/\/www.linkedin.com\/company\/ew-nutrition","https:\/\/www.youtube.com\/channel\/UCIvcb19uSOJXrUecTY8n_dA"]}]}},"_links":{"self":[{"href":"https:\/\/ew-nutrition.com\/es\/wp-json\/wp\/v2\/pages\/59894","targetHints":{"allow":["GET"]}}],"collection":[{"href":"https:\/\/ew-nutrition.com\/es\/wp-json\/wp\/v2\/pages"}],"about":[{"href":"https:\/\/ew-nutrition.com\/es\/wp-json\/wp\/v2\/types\/page"}],"author":[{"embeddable":true,"href":"https:\/\/ew-nutrition.com\/es\/wp-json\/wp\/v2\/users\/8"}],"replies":[{"embeddable":true,"href":"https:\/\/ew-nutrition.com\/es\/wp-json\/wp\/v2\/comments?post=59894"}],"version-history":[{"count":0,"href":"https:\/\/ew-nutrition.com\/es\/wp-json\/wp\/v2\/pages\/59894\/revisions"}],"up":[{"embeddable":true,"href":"https:\/\/ew-nutrition.com\/es\/wp-json\/wp\/v2\/pages\/59904"}],"wp:attachment":[{"href":"https:\/\/ew-nutrition.com\/es\/wp-json\/wp\/v2\/media?parent=59894"}],"curies":[{"name":"wp","href":"https:\/\/api.w.org\/{rel}","templated":true}]}}