{"id":57815,"date":"2020-11-27T11:23:49","date_gmt":"2020-11-27T10:23:49","guid":{"rendered":"https:\/\/ew-nutrition.com\/impressum\/"},"modified":"2026-01-29T12:37:45","modified_gmt":"2026-01-29T11:37:45","slug":"imprint","status":"publish","type":"page","link":"https:\/\/ew-nutrition.com\/de\/imprint\/","title":{"rendered":"Impressum"},"content":{"rendered":"<section class=\"l-section wpb_row height_small with_img\"><div class=\"l-section-img\" role=\"img\" aria-label=\"ewn header yellow 1\" data-img-width=\"\" data-img-height=\"\" style=\"background-image: url(https:\/\/ew-nutrition.com\/wp-content\/uploads\/headerimages\/basic-swooshes\/ewn_header_yellow-1.svg);background-position: bottom center;background-repeat: no-repeat;\"><\/div><div class=\"l-section-h i-cf\"><div class=\"g-cols vc_row via_flex valign_middle type_default stacking_default\"><div class=\"vc_col-sm-6 wpb_column vc_column_container us_animate_afl\"><div class=\"vc_column-inner\"><div class=\"wpb_wrapper\"><nav class=\"g-breadcrumbs us_custom_a46129b6 has_text_color separator_icon align_none\" itemscope itemtype=\"http:\/\/schema.org\/BreadcrumbList\"><div class=\"g-breadcrumbs-item\">Pages<\/div><\/nav><div class=\"ult-spacer spacer-69d632e9878d3\" data-id=\"69d632e9878d3\" data-height=\"100\" data-height-mobile=\"40\" data-height-tab=\"40\" data-height-tab-portrait=\"60\" data-height-mobile-landscape=\"40\" style=\"clear:both;display:block;\"><\/div><div class=\"wpb_text_column\"><div class=\"wpb_wrapper\"><h1 style=\"text-align: left;\">Unser<strong><br \/>\nImpressum<\/strong><\/h1>\n<\/div><\/div><div class=\"ult-spacer spacer-69d632e987b94\" data-id=\"69d632e987b94\" data-height=\"120\" data-height-mobile=\"0\" data-height-tab=\"80\" data-height-tab-portrait=\"80\" data-height-mobile-landscape=\"0\" style=\"clear:both;display:block;\"><\/div><\/div><\/div><\/div><div class=\"vc_col-sm-6 wpb_column vc_column_container\"><div class=\"vc_column-inner\"><div class=\"wpb_wrapper\"><div class=\"ult-spacer spacer-69d632e987c7a\" data-id=\"69d632e987c7a\" data-height=\"40\" data-height-mobile=\"0\" data-height-tab=\"40\" data-height-tab-portrait=\"40\" data-height-mobile-landscape=\"0\" style=\"clear:both;display:block;\"><\/div><div class=\"ult-spacer spacer-69d632e987c98\" data-id=\"69d632e987c98\" data-height=\"0\" data-height-mobile=\"40\" data-height-tab=\"0\" data-height-tab-portrait=\"0\" data-height-mobile-landscape=\"40\" style=\"clear:both;display:block;\"><\/div><\/div><\/div><\/div><\/div><\/div><\/section><!-- Row Backgrounds --><section class=\"l-section wpb_row height_small\"><div class=\"l-section-h i-cf\"><div class=\"g-cols vc_row via_flex valign_top type_default stacking_default\"><div class=\"vc_col-sm-10 wpb_column vc_column_container\"><div class=\"vc_column-inner\"><div class=\"wpb_wrapper\"><div class=\"ult-spacer spacer-69d632e98805f\" data-id=\"69d632e98805f\" data-height=\"100\" data-height-mobile=\"40\" data-height-tab=\"60\" data-height-tab-portrait=\"80\" data-height-mobile-landscape=\"40\" style=\"clear:both;display:block;\"><\/div><div class=\"wpb_text_column\"><div class=\"wpb_wrapper\"><h2 style=\"text-align: left;\">Information:<br \/>\n<strong><span style=\"color: #e8e100;\">__________<\/span><\/strong><\/h2>\n<\/div><\/div><div class=\"wpb_text_column\"><div class=\"wpb_wrapper\"><p><strong><span>Angaben nach \u00a7 5 Digitale-Dienste-Gesetz<\/span>:<\/strong><br \/>\nEW Nutrition GmbH<br \/>\nHogenb\u00f6gen 1<br \/>\n49429 Visbek<br \/>\nDeutschland<\/p>\n<p><strong>Vertreten durch:<\/strong><br \/>\nJan Vanbrabant, Michael Mueller, Ludger Johannes<\/p>\n<p><strong>Telefon:<\/strong> +49 4445 9868 0<br \/>\n<strong>E-Mail:<\/strong> info@ew-nutrition.com<\/p>\n<p><strong>Eintrag im deutschen Handelsregister:<\/strong><br \/>\nAmtsgerichtsitz: Oldenburg<br \/>\nRegistrationsnummer: HRB 200104<br \/>\nDeutsche Umsatzsteuer-Identifikationsnummer nach \u00a7 27a UstG: DE 245612727<\/p>\n<p><strong>Inhaltlich verantwortlich gem\u00e4\u00df \u00a7 18 Abs. 2 des <b>Medienstaatsvertrages<\/b> (MStV):<\/strong><br \/>\nJan Vanbrabant, Michael Mueller, Ludger Johannes<\/p>\n<h2>Datenschutzerkl\u00e4rung f\u00fcr unsere Social-Media-Seiten<\/h2>\n<p>Wenn Sie unsere Social-Media-Seiten besuchen, werden Sie betreffende Daten verarbeitet. Wir m\u00f6chten Sie daher nachfolgend gem\u00e4\u00df Art. 13 Datenschutz-Grundverordnung (DSGVO) \u00fcber unseren Umgang mit Ihren Daten sowie Ihre hieraus resultierenden Rechte informieren.<\/p>\n<h3>Verantwortlichkeit<\/h3>\n<p>Wir, EW Nutrition GmbH, Hogenb\u00f6gen 1, 49429 Visbek betreiben folgende Social-Media-Seiten:<\/p>\n<ul>\n<li>Instagram: <a href=\"https:\/\/www.instagram.com\/ewnutrition\/\">https:\/\/www.instagram.com\/ewnutrition\/<\/a><\/li>\n<li>LinkedIn: <a href=\"https:\/\/www.linkedin.com\/company\/ew-nutrition\">https:\/\/www.linkedin.com\/company\/ew-nutrition<\/a><\/li>\n<li>Twitter\/X: <a href=\"https:\/\/x.com\/EWNutritionGmbH\">https:\/\/x.com\/EWNutritionGmbH<\/a><\/li>\n<li>YouTube: <a href=\"https:\/\/youtube.com\/channel\/EWNutrition\">https:\/\/youtube.com\/channel\/EWNutrition<\/a><\/li>\n<li>Facebook: <a href=\"https:\/\/www.facebook.com\/ewnutritiongmbh\">https:\/\/www.facebook.com\/ewnutritiongmbh<\/a><\/li>\n<\/ul>\n<p>Unsere Kontaktdaten finden Sie im Impressum.<\/p>\n<h3>Datenverarbeitungen durch uns<\/h3>\n<p><em>\u00d6ffentlichkeitsarbeit<\/em><br \/>\nDie von Ihnen auf unseren Social-Media-Seiten bereitgestellten Daten, wie zum Beispiel Nutzernamen, Kommentare, Videos, Bilder, Likes, \u00f6ffentliche Nachrichten etc. werden durch die Social-Media-Plattform ver\u00f6ffentlicht und von uns zu keiner Zeit f\u00fcr andere Zwecke verarbeitet. Wir behalten uns lediglich vor, Inhalte zu l\u00f6schen, sofern dies erforderlich sein sollte. Gegebenenfalls teilen wir Ihre Inhalte auf unserer Seite, wenn dies eine Funktion der Social-Media-Plattform ist, und kommunizieren \u00fcber die Social-Media-Plattform mit Ihnen.<\/p>\n<p>Sofern Sie uns eine Anfrage auf der Social-Media-Plattform stellen, verweisen wir je nach Inhalt gegebenenfalls auch auf andere, sichere Kommunikationswege, die die Vertraulichkeit garantieren. Sie haben zum Beispiel jederzeit die M\u00f6glichkeit, uns Ihre Anfragen an die im Impressum genannte Anschrift oder E-Mail-Adresse zu senden. Die Wahl des geeigneten Kommunikationsweges liegt hierbei in Ihrer eigenen Verantwortung.<\/p>\n<p>Rechtsgrundlage der genannten Verarbeitungen Ihrer Daten ist Art. 6 Abs. 1 S. 1 lit. f DSGVO. Die Datenverarbeitung erfolgt in dem berechtigten Interesse, \u00d6ffentlichkeitsarbeit f\u00fcr unser Unternehmen zu betreiben und mit Ihnen kommunizieren zu k\u00f6nnen.<\/p>\n<h3>Datenverarbeitungen in gemeinsamer Verantwortlichkeit<\/h3>\n<p>F\u00fcr einige der Verarbeitungst\u00e4tigkeiten sind wir gemeinsam mit dem jeweiligen Betreiber der Social-Media-Plattform verantwortlich.<\/p>\n<p>Wir haben dementsprechend die erforderliche Vereinbarung gem\u00e4\u00df Art. 26 DSGVO abgeschlossen, sofern der Betreiber der Social-Media-Plattform dies erm\u00f6glicht.<\/p>\n<ul>\n<li>Instagram<br \/>\n<a href=\"https:\/\/www.instagram.com\/legal\/privacy\/\">https:\/\/www.instagram.com\/legal\/privacy\/<\/a><br \/>\n<a href=\"https:\/\/www.facebook.com\/legal\/terms\/page_controller_addendum\">https:\/\/www.facebook.com\/legal\/terms\/page_controller_addendum<\/a><\/li>\n<li>LinkedIn<br \/>\n<a href=\"https:\/\/www.linkedin.com\/static?key=privacy_policy\">https:\/\/www.linkedin.com\/static?key=privacy_policy<\/a><br \/>\n<a href=\"https:\/\/legal.linkedin.com\/pages-joint-controller-addendum\">https:\/\/legal.linkedin.com\/pages-joint-controller-addendum<\/a><\/li>\n<li>Twitter<br \/>\n<a href=\"https:\/\/www.twitter.com\/privacy\">https:\/\/www.twitter.com\/privacy<\/a><br \/>\n<a href=\"https:\/\/gdpr.twitter.com\/en\/controller-to-controller-transfers.html\">https:\/\/gdpr.twitter.com\/en\/controller-to-controller-transfers.html<\/a><\/li>\n<li>YouTube<br \/>\n<a href=\"https:\/\/www.youtube.com\/privacy\">https:\/\/www.youtube.com\/privacy<\/a><\/li>\n<\/ul>\n<p>Die wesentlichen Bestandteile der gemeinsamen Verantwortlichkeit finden Sie im nachfolgenden Abschnitt.<\/p>\n<p><em>Statistiken (Insights)<\/em><br \/>\nDie genutzten Social-Media-Plattformen erstellen regelm\u00e4\u00dfig Statistiken (Insights) auf Basis von Nutzungsdaten, die Informationen \u00fcber Ihre Interaktion mit unserer Social-Media-Seite enthalten. Die Durchf\u00fchrung und Zurverf\u00fcgungstellung dieser Statistiken k\u00f6nnen wir nicht beeinflussen und auch nicht unterbinden.<br \/>\nOptionale Statistiken der Social-Media-Plattform nehmen wir allerdings nicht in Anspruch.<br \/>\nDie genannten Informationen (Statistiken) verarbeiten wir nach Art. 6 Abs. 1 S. 1 lit. f DSGVO in dem berechtigten Interesse, den Umgang mit unseren Social-Media-Seiten zu validieren und unsere Inhalte zielgruppenorientiert zu verbessern.<\/p>\n<p><em>Zielgruppenorientierte Werbung<\/em><br \/>\nWir verwenden zur Zielgruppendefinition auch Informationen \u00fcber den Besuch von bzw. die Interaktion mit anderen Webseiten (sog. Remarketing). Hierzu nutzen wir u. a. auch Cookies. In diesen F\u00e4llen holen wir auf den jeweiligen anderen Seiten allerdings vorab \u00fcber ein Einwilligungsbanner die Einwilligung der Nutzer*innen ein und informieren an dieser Stelle \u00fcber die Datenverarbeitung. Diese Einwilligung k\u00f6nnen Sie jederzeit \u00fcber den erneuten Aufruf des Einwilligungsbanners der entsprechenden Webseite widerrufen.<\/p>\n<h3>Datenverarbeitungen durch den Betreiber der Social-Media-Plattform<\/h3>\n<p>Der Betreiber der Social-Media-Plattform setzt Webtrackingmethoden ein. Das Webtracking kann dabei auch unabh\u00e4ngig davon erfolgen, ob Sie bei der Social-Media-Plattform ange\u00admeldet oder registriert sind.<\/p>\n<p>Wir m\u00f6chten Sie daher darauf hinweisen, dass nicht ausgeschlossen werden kann, dass der Betreiber der Social-Media-Plattform Ihre Profil- und Verhaltensdatendaten zu eigenen Zwecken nutzt und auswertet. Wir haben keinen Einfluss auf die Verarbeitung Ihrer Daten durch den Betreiber der Social-Media-Plattform. Bitte beachten Sie dies bei der Nutzung der Social-Media-Plattform.<\/p>\n<p>N\u00e4here Informationen zur Datenverarbeitung durch den Betreiber der Social-Media-Plattform, Konfigurationsm\u00f6glichkeiten zum Schutz Ihrer Privatsph\u00e4re sowie weitere Widerspruchsm\u00f6glichkeiten finden Sie in der Datenschutzerkl\u00e4rung des Betreibers.<\/p>\n<h3>Speicherdauer<\/h3>\n<p>Wir l\u00f6schen Ihre personenbezogenen Daten, wenn sie f\u00fcr die vorgenannten Verarbeitungs\u00adzwecke nicht mehr erforderlich sind und keine gesetzlichen Aufbewahrungspflichten einer L\u00f6schung entgegenstehen.<\/p>\n<h3>Ihre Rechte als Nutzer*in<\/h3>\n<p>Sie haben als Nutzer*in sowohl uns gegen\u00fcber als auch gegen\u00fcber dem Betreiber der Social-Media-Plattform, die M\u00f6glichkeit bei Vorliegen der Voraussetzungen folgende Rechte geltend zu machen:<\/p>\n<h4>Auskunftsrecht (Art. 15 DSGVO)<\/h4>\n<p>Sie haben das Recht eine Best\u00e4tigung dar\u00fcber zu verlangen, ob Sie betreffende personen\u00adbezogene Daten verarbeitet werden; ist dies der Fall, so haben Sie ein Recht auf Auskunft \u00fcber diese personenbezogenen Daten und auf die in Art. 15 DSGVO im Einzelnen aufgef\u00fchrten Informationen.<\/p>\n<h4>Recht auf Berichtigung und L\u00f6schung (Art. 16 und 17 DSGVO)<\/h4>\n<p>Sie haben das Recht, unverz\u00fcglich die Berichtigung Sie betreffender unrichtiger personen\u00adbezogener Daten und ggf. die Vervollst\u00e4ndigung unvollst\u00e4ndiger personenbezogener Daten zu verlangen. Sie haben zudem das Recht, zu verlangen, dass Sie betreffende personen\u00adbezogene Daten unverz\u00fcglich gel\u00f6scht werden, sofern einer der in Art. 17 DSGVO im Einzelnen aufgef\u00fchrten Gr\u00fcnde zutrifft, z. B. wenn die Daten f\u00fcr die verfolgten Zwecke nicht mehr ben\u00f6tigt werden.<\/p>\n<h4>Recht auf Einschr\u00e4nkung der Verarbeitung (Art. 18 DSGVO)<\/h4>\n<p>Sie haben das Recht, die Einschr\u00e4nkung der Verarbeitung zu verlangen, wenn eine der in Art. 18 DSGVO aufgef\u00fchrten Voraussetzungen gegeben ist, zum Beispiel wenn Sie Widerspruch gegen die Verarbeitung eingelegt haben, f\u00fcr die Dauer einer etwaigen Pr\u00fcfung.<\/p>\n<h4>Recht auf Daten\u00fcbertragbarkeit (Art. 20 DSGVO)<\/h4>\n<p>In bestimmten F\u00e4llen, die in Art. 20 DSGVO im Einzelnen aufgef\u00fchrt werden, haben Sie das Recht, die Sie betreffenden personenbezogenen Daten in einem strukturierten, g\u00e4ngigen und maschinenlesbaren Format zu erhalten bzw. die \u00dcbermittlung dieser Daten an einen Dritten zu verlangen.<\/p>\n<h4>Widerspruchsrecht (Art. 21 DSGVO)<\/h4>\n<p>Werden Daten auf Grundlage unseres berechtigten Interesses gem\u00e4\u00df Art. 6 Abs. 1 S. 1 lit. f DSGVO verarbeitet, steht Ihnen das Recht zu, aus Gr\u00fcnden, die sich aus Ihrer besonderen Situation ergeben, jederzeit gegen die Verarbeitung Widerspruch einzulegen. Wir verarbeiten die personenbezogenen Daten dann nicht mehr, es sei denn, es liegen nachweisbar zwingende schutzw\u00fcrdige Gr\u00fcnde f\u00fcr die Verarbeitung vor, die Ihre Interessen, Rechte und Freiheiten \u00fcberwiegen, oder die Verarbeitung dient der Geltend\u00admachung, Aus\u00fcbung oder Verteidigung von Rechtsanspr\u00fcchen.<\/p>\n<p>Werden die Daten auf Grundlage des berechtigten Interesses zum Zwecke der Direktwer\u00adbung verarbeitet, steht Ihnen ein eigenes Widerspruchsrecht zu, das Sie jederzeit ohne Angabe von Gr\u00fcnden geltend machen k\u00f6nnen und dessen Aus\u00fcbung zur Beendigung der Verarbeitung zum Zwecke der Direktwerbung f\u00fchrt.<\/p>\n<h4>Widerrufsrecht (Art. 7 DSGVO)<\/h4>\n<p>Sofern die Verarbeitung von Daten auf Grundlage Ihrer Einwilligung erfolgt, sind Sie nach Art. 7 Abs. 3 DSGVO berechtigt, die Einwilligung in die Verwendung Ihrer personenbezogenen Daten jederzeit zu widerrufen. Bitte beachten Sie, dass der Widerruf erst f\u00fcr die Zukunft wirkt. Verarbeitungen, die vor dem Widerruf erfolgt sind, sind davon nicht betroffen.<\/p>\n<h4>Beschwerderecht bei einer Aufsichtsbeh\u00f6rde<\/h4>\n<p>Sie haben gem. Art. 77 DSGVO das Recht auf Beschwerde bei einer Aufsichtsbeh\u00f6rde, wenn Sie der Ansicht sind, dass die Verarbeitung der Sie betreffenden Daten gegen datenschutzrechtliche Bestimmungen verst\u00f6\u00dft. Das Beschwerderecht kann insbesondere bei einer Aufsichtsbeh\u00f6rde in dem Mitgliedstaat Ihres Aufenthaltsorts, Ihres Arbeitsplatzes oder des Orts des mutma\u00dflichen Versto\u00dfes geltend gemacht werden.<\/p>\n<h3>Kontaktdaten unseres Datenschutzbeauftragten<\/h3>\n<p>Unser externer Datenschutzbeauftragter steht Ihnen gerne f\u00fcr Ausk\u00fcnfte zum Thema Daten\u00adschutz unter folgenden Kontaktdaten zur Verf\u00fcgung:<\/p>\n<p>datenschutz nord GmbH<br \/>\nE-Mail: <a href=\"mailto:office@datenschutz-nord.de\">office@datenschutz-nord.de<\/a><br \/>\nTel.: +49 421 69 66 32-0<\/p>\n<p>Wenn Sie sich an unseren Datenschutzbeauftragten wenden, geben Sie hierbei bitte auch die verantwortliche Stelle an, die im Impressum genannt wird.<\/p>\n<\/div><\/div><div class=\"ult-spacer spacer-69d632e9883cb\" data-id=\"69d632e9883cb\" data-height=\"80\" data-height-mobile=\"40\" data-height-tab=\"40\" data-height-tab-portrait=\"80\" data-height-mobile-landscape=\"40\" style=\"clear:both;display:block;\"><\/div><\/div><\/div><\/div><div class=\"vc_col-sm-2 wpb_column vc_column_container\"><div class=\"vc_column-inner\"><div class=\"wpb_wrapper\"><\/div><\/div><\/div><\/div><\/div><\/section><section class=\"l-section wpb_row height_small\"><div class=\"l-section-overlay\" style=\"background:var(--color-content-bg-alt)\"><\/div><div class=\"l-section-h i-cf\"><div class=\"g-cols vc_row via_flex valign_top type_default stacking_default\"><div class=\"vc_col-sm-12 wpb_column vc_column_container\"><div class=\"vc_column-inner\"><div class=\"wpb_wrapper\"><div class=\"ult-spacer spacer-69d632e988645\" data-id=\"69d632e988645\" data-height=\"60\" data-height-mobile=\"60\" data-height-tab=\"60\" data-height-tab-portrait=\"\" data-height-mobile-landscape=\"\" style=\"clear:both;display:block;\"><\/div><div class=\"wpb_text_column\"><div class=\"wpb_wrapper\"><h5 style=\"text-align: left;\">Unsere anderen <strong>rechtlichen Seiten<\/strong><\/h5>\n<\/div><\/div><div class=\"w-btn-wrapper align_none\"><a class=\"w-btn us-btn-style_9\" title=\"Privacy Policy\" href=\"\/de\/privacy\/\"><span class=\"w-btn-label\">Datenschutz-Bestimmungen<\/span><\/a><\/div><div class=\"w-btn-wrapper align_none\"><a class=\"w-btn us-btn-style_9\" title=\"General terms and conditions\" href=\"\/de\/gtc\/\"><span class=\"w-btn-label\">Allgemeine Gesch\u00e4ftsbedingungen<\/span><\/a><\/div><div class=\"ult-spacer spacer-69d632e98889a\" data-id=\"69d632e98889a\" data-height=\"60\" data-height-mobile=\"60\" data-height-tab=\"60\" data-height-tab-portrait=\"\" data-height-mobile-landscape=\"\" style=\"clear:both;display:block;\"><\/div><\/div><\/div><\/div><\/div><\/div><\/section><!-- Row Backgrounds -->\n","protected":false},"excerpt":{"rendered":"PagesUnser Impressum Information: __________ Angaben nach \u00a7 5 Digitale-Dienste-Gesetz: EW Nutrition GmbH Hogenb\u00f6gen 1 49429 Visbek Deutschland Vertreten durch: Jan Vanbrabant, Michael Mueller, Ludger Johannes Telefon: +49 4445 9868 0 E-Mail: info@ew-nutrition.com Eintrag im deutschen Handelsregister: Amtsgerichtsitz: Oldenburg Registrationsnummer: HRB 200104 Deutsche Umsatzsteuer-Identifikationsnummer nach \u00a7 27a UstG: DE 245612727 Inhaltlich verantwortlich gem\u00e4\u00df \u00a7 18 Abs....","protected":false},"author":8,"featured_media":0,"parent":0,"menu_order":0,"comment_status":"closed","ping_status":"closed","template":"","meta":{"_acf_changed":false,"footnotes":""},"class_list":["post-57815","page","type-page","status-publish","hentry"],"acf":[],"yoast_head":"<!-- This site is optimized with the Yoast SEO Premium plugin v26.5 (Yoast SEO v27.3) - https:\/\/yoast.com\/product\/yoast-seo-premium-wordpress\/ -->\n<title>Impressum - EW Nutrition<\/title>\n<meta name=\"robots\" content=\"index, follow, max-snippet:-1, max-image-preview:large, max-video-preview:-1\" \/>\n<link rel=\"canonical\" href=\"https:\/\/ew-nutrition.com\/de\/imprint\/\" \/>\n<meta property=\"og:locale\" content=\"de_DE\" \/>\n<meta property=\"og:type\" content=\"article\" \/>\n<meta property=\"og:title\" content=\"Impressum\" \/>\n<meta property=\"og:url\" content=\"https:\/\/ew-nutrition.com\/de\/imprint\/\" \/>\n<meta property=\"og:site_name\" content=\"EW Nutrition\" \/>\n<meta property=\"article:modified_time\" content=\"2026-01-29T11:37:45+00:00\" \/>\n<meta name=\"twitter:card\" content=\"summary_large_image\" \/>\n<meta name=\"twitter:site\" content=\"@EWNutritionGmbH\" \/>\n<meta name=\"twitter:label1\" content=\"Est. reading time\" \/>\n\t<meta name=\"twitter:data1\" content=\"6 minutes\" \/>\n<!-- \/ Yoast SEO Premium plugin. -->","yoast_head_json":{"title":"Impressum - EW Nutrition","robots":{"index":"index","follow":"follow","max-snippet":"max-snippet:-1","max-image-preview":"max-image-preview:large","max-video-preview":"max-video-preview:-1"},"canonical":"https:\/\/ew-nutrition.com\/de\/imprint\/","og_locale":"de_DE","og_type":"article","og_title":"Impressum","og_url":"https:\/\/ew-nutrition.com\/de\/imprint\/","og_site_name":"EW Nutrition","article_modified_time":"2026-01-29T11:37:45+00:00","twitter_card":"summary_large_image","twitter_site":"@EWNutritionGmbH","twitter_misc":{"Est. reading time":"6 minutes"},"schema":{"@context":"https:\/\/schema.org","@graph":[{"@type":"WebPage","@id":"https:\/\/ew-nutrition.com\/de\/imprint\/","url":"https:\/\/ew-nutrition.com\/de\/imprint\/","name":"Impressum - EW Nutrition","isPartOf":{"@id":"https:\/\/ew-nutrition.com\/#website"},"datePublished":"2020-11-27T10:23:49+00:00","dateModified":"2026-01-29T11:37:45+00:00","breadcrumb":{"@id":"https:\/\/ew-nutrition.com\/de\/imprint\/#breadcrumb"},"inLanguage":"de","potentialAction":[{"@type":"ReadAction","target":["https:\/\/ew-nutrition.com\/de\/imprint\/"]}]},{"@type":"BreadcrumbList","@id":"https:\/\/ew-nutrition.com\/de\/imprint\/#breadcrumb","itemListElement":[{"@type":"ListItem","position":1,"name":"Home","item":"https:\/\/ew-nutrition.com\/de\/"},{"@type":"ListItem","position":2,"name":"Impressum"}]},{"@type":"WebSite","@id":"https:\/\/ew-nutrition.com\/#website","url":"https:\/\/ew-nutrition.com\/","name":"EW Nutrition","description":"Functional Innovations backed by Science","publisher":{"@id":"https:\/\/ew-nutrition.com\/#organization"},"potentialAction":[{"@type":"SearchAction","target":{"@type":"EntryPoint","urlTemplate":"https:\/\/ew-nutrition.com\/?s={search_term_string}"},"query-input":{"@type":"PropertyValueSpecification","valueRequired":true,"valueName":"search_term_string"}}],"inLanguage":"de"},{"@type":"Organization","@id":"https:\/\/ew-nutrition.com\/#organization","name":"EW Nutrition GmbH","url":"https:\/\/ew-nutrition.com\/","logo":{"@type":"ImageObject","inLanguage":"de","@id":"https:\/\/ew-nutrition.com\/#\/schema\/logo\/image\/","url":"","contentUrl":"","caption":"EW Nutrition GmbH"},"image":{"@id":"https:\/\/ew-nutrition.com\/#\/schema\/logo\/image\/"},"sameAs":["https:\/\/x.com\/EWNutritionGmbH","https:\/\/www.instagram.com\/ewnutrition\/","https:\/\/www.linkedin.com\/company\/ew-nutrition","https:\/\/www.youtube.com\/channel\/UCIvcb19uSOJXrUecTY8n_dA"]}]}},"_links":{"self":[{"href":"https:\/\/ew-nutrition.com\/de\/wp-json\/wp\/v2\/pages\/57815","targetHints":{"allow":["GET"]}}],"collection":[{"href":"https:\/\/ew-nutrition.com\/de\/wp-json\/wp\/v2\/pages"}],"about":[{"href":"https:\/\/ew-nutrition.com\/de\/wp-json\/wp\/v2\/types\/page"}],"author":[{"embeddable":true,"href":"https:\/\/ew-nutrition.com\/de\/wp-json\/wp\/v2\/users\/8"}],"replies":[{"embeddable":true,"href":"https:\/\/ew-nutrition.com\/de\/wp-json\/wp\/v2\/comments?post=57815"}],"version-history":[{"count":0,"href":"https:\/\/ew-nutrition.com\/de\/wp-json\/wp\/v2\/pages\/57815\/revisions"}],"wp:attachment":[{"href":"https:\/\/ew-nutrition.com\/de\/wp-json\/wp\/v2\/media?parent=57815"}],"curies":[{"name":"wp","href":"https:\/\/api.w.org\/{rel}","templated":true}]}}