{"id":57800,"date":"2020-11-27T11:23:11","date_gmt":"2020-11-27T10:23:11","guid":{"rendered":"https:\/\/ew-nutrition.com\/uber-uns\/"},"modified":"2023-12-19T18:16:34","modified_gmt":"2023-12-19T17:16:34","slug":"about-us","status":"publish","type":"page","link":"https:\/\/ew-nutrition.com\/de\/about-us\/","title":{"rendered":"\u00dcber uns"},"content":{"rendered":"<section class=\"l-section wpb_row height_small with_img\"><div class=\"l-section-img\" role=\"img\" aria-label=\"ewn header yellow 1\" data-img-width=\"\" data-img-height=\"\" style=\"background-image: url(https:\/\/ew-nutrition.com\/wp-content\/uploads\/headerimages\/basic-swooshes\/ewn_header_yellow-1.svg);background-position: bottom center;background-repeat: no-repeat;\"><\/div><div class=\"l-section-h i-cf\"><div class=\"g-cols vc_row via_flex valign_top type_default stacking_default\"><div class=\"vc_col-sm-6 wpb_column vc_column_container us_animate_afl\" style=\"animation-delay:0.5s\"><div class=\"vc_column-inner\"><div class=\"wpb_wrapper\"><nav class=\"g-breadcrumbs us_custom_a46129b6 has_text_color separator_icon align_none\" itemscope itemtype=\"http:\/\/schema.org\/BreadcrumbList\"><div class=\"g-breadcrumbs-item\">Pages<\/div><\/nav><div class=\"ult-spacer spacer-69d03ae5c3fe3\" data-id=\"69d03ae5c3fe3\" data-height=\"100\" data-height-mobile=\"40\" data-height-tab=\"40\" data-height-tab-portrait=\"60\" data-height-mobile-landscape=\"40\" style=\"clear:both;display:block;\"><\/div><div class=\"wpb_text_column\"><div class=\"wpb_wrapper\"><h1>Eigentlich \u00fcber Sie<\/h1>\n<\/div><\/div><div class=\"ult-spacer spacer-69d03ae5c4203\" data-id=\"69d03ae5c4203\" data-height=\"40\" data-height-mobile=\"20\" data-height-tab=\"30\" data-height-tab-portrait=\"40\" data-height-mobile-landscape=\"20\" style=\"clear:both;display:block;\"><\/div><div class=\"wpb_text_column\"><div class=\"wpb_wrapper\"><h5>Quantifizierbare Vorteile mit kompetenter Unterst\u00fctzung.<\/h5>\n<p>EW Nutrition will Ihnen und Ihrem Unternehmen Unterst\u00fctzung f\u00fcr kontinuierliches, vorhersehbares und nachhaltiges Wachstum leisten.<\/p>\n<\/div><\/div><div class=\"ult-spacer spacer-69d03ae5c42d3\" data-id=\"69d03ae5c42d3\" data-height=\"120\" data-height-mobile=\"0\" data-height-tab=\"80\" data-height-tab-portrait=\"80\" data-height-mobile-landscape=\"0\" style=\"clear:both;display:block;\"><\/div><\/div><\/div><\/div><div class=\"vc_col-sm-6 wpb_column vc_column_container us_animate_afc stretched\" style=\"animation-delay:0.25s\"><div class=\"vc_column-inner\"><div class=\"wpb_wrapper\"><div class=\"ult-spacer spacer-69d03ae5c4386\" data-id=\"69d03ae5c4386\" data-height=\"40\" data-height-mobile=\"0\" data-height-tab=\"40\" data-height-tab-portrait=\"40\" data-height-mobile-landscape=\"0\" style=\"clear:both;display:block;\"><\/div><div class=\"w-image align_center\"><div class=\"w-image-h\"><img fetchpriority=\"high\" decoding=\"async\" width=\"1856\" height=\"1088\" src=\"https:\/\/ew-nutrition.com\/wp-content\/uploads\/headerimages\/header-graphics\/headervisual_ewn.png\" class=\"attachment-full size-full\" alt=\"headervisual ewn\" loading=\"eager\" srcset=\"https:\/\/ew-nutrition.com\/wp-content\/uploads\/headerimages\/header-graphics\/headervisual_ewn.png 1856w, https:\/\/ew-nutrition.com\/wp-content\/uploads\/headerimages\/header-graphics\/headervisual_ewn-300x176.png 300w, https:\/\/ew-nutrition.com\/wp-content\/uploads\/headerimages\/header-graphics\/headervisual_ewn-150x88.png 150w, https:\/\/ew-nutrition.com\/wp-content\/uploads\/headerimages\/header-graphics\/headervisual_ewn-120x70.png 120w, https:\/\/ew-nutrition.com\/wp-content\/uploads\/headerimages\/header-graphics\/headervisual_ewn-36x21.png 36w, https:\/\/ew-nutrition.com\/wp-content\/uploads\/headerimages\/header-graphics\/headervisual_ewn-600x352.png 600w, https:\/\/ew-nutrition.com\/wp-content\/uploads\/headerimages\/header-graphics\/headervisual_ewn-225x132.png 225w\" sizes=\"auto, (max-width: 1856px) 100vw, 1856px\" \/><\/div><\/div><div class=\"ult-spacer spacer-69d03ae5c4f75\" data-id=\"69d03ae5c4f75\" data-height=\"0\" data-height-mobile=\"80\" data-height-tab=\"0\" data-height-tab-portrait=\"0\" data-height-mobile-landscape=\"80\" style=\"clear:both;display:block;\"><\/div><\/div><\/div><\/div><\/div><\/div><\/section><section class=\"l-section wpb_row height_small\"><div class=\"l-section-h i-cf\"><div class=\"g-cols vc_row via_flex valign_top type_default stacking_default\"><div class=\"vc_col-sm-12 wpb_column vc_column_container us_animate_fade\" style=\"animation-delay:0.75s\"><div class=\"vc_column-inner\"><div class=\"wpb_wrapper\"><div class=\"ult-spacer spacer-69d03ae5c52af\" data-id=\"69d03ae5c52af\" data-height=\"100\" data-height-mobile=\"40\" data-height-tab=\"60\" data-height-tab-portrait=\"80\" data-height-mobile-landscape=\"40\" style=\"clear:both;display:block;\"><\/div><div class=\"g-cols wpb_row via_flex valign_top type_default stacking_default\"><div class=\"vc_col-sm-6 wpb_column vc_column_container\"><div class=\"vc_column-inner\"><div class=\"wpb_wrapper\"><div class=\"wpb_text_column\"><div class=\"wpb_wrapper\"><h2>Ihre Herausforderungen, <strong>Ihre Vorteile<\/strong>, Ihr Gewinn<br \/>\n<span style=\"color: #e8e100;\"><strong>__________<\/strong><\/span><\/h2>\n<\/div><\/div><\/div><\/div><\/div><div class=\"vc_col-sm-6 wpb_column vc_column_container\"><div class=\"vc_column-inner\"><div class=\"wpb_wrapper\"><div class=\"wpb_text_column\"><div class=\"wpb_wrapper\"><p><strong>Bessere Gesundheit, mehr Tierwohl und h\u00f6here Profite durch intelligente Ern\u00e4hrung.<\/strong> Wir sind Ihre Partner beim Aufbau eines soliden, best\u00e4ndigen und profitablen Gesch\u00e4fts mit gewissenhaften Praktiken, die gut f\u00fcr Sie und die Welt sind.<\/p>\n<\/div><\/div><div class=\"ult-spacer spacer-69d03ae5c603e\" data-id=\"69d03ae5c603e\" data-height=\"20\" data-height-mobile=\"20\" data-height-tab=\"20\" data-height-tab-portrait=\"20\" data-height-mobile-landscape=\"20\" style=\"clear:both;display:block;\"><\/div><div class=\"w-btn-wrapper align_none\"><a class=\"w-btn us-btn-style_1\" title=\"Unser Unternehmen\" href=\"\/de\/about-us\/company\/\"><span class=\"w-btn-label\">Unser Unternehmen<\/span><\/a><\/div><\/div><\/div><\/div><\/div><div class=\"ult-spacer spacer-69d03ae5c6183\" data-id=\"69d03ae5c6183\" data-height=\"120\" data-height-mobile=\"40\" data-height-tab=\"60\" data-height-tab-portrait=\"80\" data-height-mobile-landscape=\"40\" style=\"clear:both;display:block;\"><\/div><\/div><\/div><\/div><\/div><\/div><\/section><section class=\"l-section wpb_row height_small\"><div class=\"l-section-overlay\" style=\"background:var(--color-chrome-toolbar)\"><\/div><div class=\"l-section-h i-cf\"><div class=\"g-cols vc_row via_flex valign_top type_default stacking_default\"><div class=\"vc_col-sm-12 wpb_column vc_column_container us_animate_fade\" style=\"animation-delay:0.75s\"><div class=\"vc_column-inner\"><div class=\"wpb_wrapper\"><div class=\"ult-spacer spacer-69d03ae5c6391\" data-id=\"69d03ae5c6391\" data-height=\"100\" data-height-mobile=\"40\" data-height-tab=\"60\" data-height-tab-portrait=\"80\" data-height-mobile-landscape=\"40\" style=\"clear:both;display:block;\"><\/div><div class=\"wpb_text_column\"><div class=\"wpb_wrapper\"><h2 style=\"text-align: center;\">Funktionelle Innovationen mit wissenschaftlicher Unterst\u00fctzung<\/h2>\n<\/div><\/div><div class=\"w-video align_none ratio_16x9 has_iframe\"><div class=\"w-video-h\"><iframe title=\"Youtube video player\" src=\"\/\/www.youtube.com\/embed\/XeCTnGKsanA?autoplay=1&controls=1&origin=https:\/\/ew-nutrition.com\/de\/&loop=0&mute=0\" allowfullscreen=\"1\" loading=\"lazy\"><\/iframe><\/div><\/div><div class=\"ult-spacer spacer-69d03ae5c66ea\" data-id=\"69d03ae5c66ea\" data-height=\"100\" data-height-mobile=\"40\" data-height-tab=\"60\" data-height-tab-portrait=\"80\" data-height-mobile-landscape=\"40\" style=\"clear:both;display:block;\"><\/div><\/div><\/div><\/div><\/div><\/div><\/section><section class=\"l-section wpb_row height_small with_img parallax_fixed\"><div class=\"l-section-img\" role=\"img\" aria-label=\"career meeting\" data-img-width=\"1920\" data-img-height=\"1080\" style=\"background-image: url(https:\/\/ew-nutrition.com\/wp-content\/uploads\/backgrounds\/brighter\/career_meeting.jpg);background-repeat: no-repeat;\"><\/div><div class=\"l-section-overlay\" style=\"background:var(--color-content-overlay)\"><\/div><div class=\"l-section-h i-cf\"><div class=\"g-cols vc_row via_flex valign_top type_default stacking_default\"><div class=\"vc_col-sm-2 wpb_column vc_column_container\"><div class=\"vc_column-inner\"><div class=\"wpb_wrapper\"><\/div><\/div><\/div><div class=\"vc_col-sm-8 wpb_column vc_column_container\"><div class=\"vc_column-inner\"><div class=\"wpb_wrapper\"><div class=\"ult-spacer spacer-69d03ae5c6a2b\" data-id=\"69d03ae5c6a2b\" data-height=\"100\" data-height-mobile=\"40\" data-height-tab=\"60\" data-height-tab-portrait=\"80\" data-height-mobile-landscape=\"40\" style=\"clear:both;display:block;\"><\/div><div class=\"wpb_text_column us_custom_6df4bc3a has_text_color\"><div class=\"wpb_wrapper\"><h1 style=\"text-align: center;\"><span style=\"color: #ffffff;\"><strong>Treten<\/strong> Sie unserem globalen Team bei<\/span><\/h1>\n<\/div><\/div><div class=\"ult-spacer spacer-69d03ae5c6b32\" data-id=\"69d03ae5c6b32\" data-height=\"40\" data-height-mobile=\"20\" data-height-tab=\"20\" data-height-tab-portrait=\"40\" data-height-mobile-landscape=\"20\" style=\"clear:both;display:block;\"><\/div><div class=\"wpb_text_column us_custom_6df4bc3a has_text_color\"><div class=\"wpb_wrapper\"><p style=\"text-align: center;\">Sie kennen sich aus in der Branche, sind ehrgeizig und haben ein Auge f\u00fcr wertorientiertes Wachstum?<\/p>\n<\/div><\/div><div class=\"wpb_text_column us_custom_6df4bc3a has_text_color\"><div class=\"wpb_wrapper\"><p style=\"text-align: center;\">Sind Sie ein Student, der die Welt retten und\/oder Tierern\u00e4hrung verstehen m\u00f6chte?<\/p>\n<\/div><\/div><div class=\"wpb_text_column us_custom_6df4bc3a has_text_color\"><div class=\"wpb_wrapper\"><p style=\"text-align: center;\">Kommen Sie frisch von der Uni und m\u00f6chten gerne lernen, wie starke Unternehmen Gewinne durch Innovation und Kundenorientierung treiben?<\/p>\n<p style=\"text-align: center;\"><strong>So oder so, wir haben vielleicht genau die Position, die Sie suchen.<\/strong><\/p>\n<\/div><\/div><div class=\"ult-spacer spacer-69d03ae5c6d4e\" data-id=\"69d03ae5c6d4e\" data-height=\"40\" data-height-mobile=\"20\" data-height-tab=\"20\" data-height-tab-portrait=\"40\" data-height-mobile-landscape=\"20\" style=\"clear:both;display:block;\"><\/div><div class=\"w-btn-wrapper align_center\"><a class=\"w-btn us-btn-style_1\" href=\"\/de\/about-us\/career\/\"><span class=\"w-btn-label\">Erfahren Sie mehr<\/span><\/a><\/div><div class=\"ult-spacer spacer-69d03ae5c6dca\" data-id=\"69d03ae5c6dca\" data-height=\"120\" data-height-mobile=\"40\" data-height-tab=\"60\" data-height-tab-portrait=\"80\" data-height-mobile-landscape=\"40\" style=\"clear:both;display:block;\"><\/div><\/div><\/div><\/div><div class=\"vc_col-sm-2 wpb_column vc_column_container\"><div class=\"vc_column-inner\"><div class=\"wpb_wrapper\"><\/div><\/div><\/div><\/div><\/div><\/section><section class=\"l-section wpb_row height_small\"><div class=\"l-section-h i-cf\"><div class=\"g-cols vc_row via_flex valign_top type_default stacking_default\"><div class=\"vc_col-sm-12 wpb_column vc_column_container\"><div class=\"vc_column-inner\"><div class=\"wpb_wrapper\"><div class=\"ult-spacer spacer-69d03ae5c7826\" data-id=\"69d03ae5c7826\" data-height=\"100\" data-height-mobile=\"40\" data-height-tab=\"60\" data-height-tab-portrait=\"80\" data-height-mobile-landscape=\"40\" style=\"clear:both;display:block;\"><\/div><div class=\"g-cols wpb_row via_flex valign_top type_default stacking_default\"><div class=\"vc_col-sm-3 wpb_column vc_column_container\"><div class=\"vc_column-inner\"><div class=\"wpb_wrapper\"><\/div><\/div><\/div><div class=\"vc_col-sm-6 wpb_column vc_column_container\"><div class=\"vc_column-inner\"><div class=\"wpb_wrapper\"><div class=\"wpb_text_column\"><div class=\"wpb_wrapper\"><h2 style=\"text-align: center;\"><strong>Kontaktieren<\/strong> Sie uns<\/h2>\n<\/div><\/div><div class=\"wpb_text_column\"><div class=\"wpb_wrapper\"><p style=\"text-align: center;\">Erfahren Sie, wie wir Ihrem Unternehmen mit nachhaltigen, ganzheitlichen L\u00f6sungen helfen k\u00f6nnen &#8211; ganz auf Ihre spezielle Situation abgestimmt.<\/p>\n<\/div><\/div><div class=\"ult-spacer spacer-69d03ae5c7b31\" data-id=\"69d03ae5c7b31\" data-height=\"40\" data-height-mobile=\"20\" data-height-tab=\"20\" data-height-tab-portrait=\"40\" data-height-mobile-landscape=\"20\" style=\"clear:both;display:block;\"><\/div><div class=\"w-btn-wrapper align_center\"><a class=\"w-btn us-btn-style_1\" title=\"Kontakt\" href=\"\/de\/about-us\/contact\/\"><span class=\"w-btn-label\">Sprechen Sie uns an<\/span><\/a><\/div><\/div><\/div><\/div><div class=\"vc_col-sm-3 wpb_column vc_column_container\"><div class=\"vc_column-inner\"><div class=\"wpb_wrapper\"><\/div><\/div><\/div><\/div><div class=\"w-separator size_medium with_line width_default thick_1 style_solid color_border align_center\"><div class=\"w-separator-h\"><\/div><\/div><div class=\"wpb_text_column us_custom_6f9c3709\"><div class=\"wpb_wrapper\"><p style=\"text-align: center;\"><strong>W\u00e4hlen Sie<\/strong> die Region aus, in der Sie nach einer Kontaktperson suchen:<\/p>\n<\/div><\/div><div class='ult_hotspot_container ult-adjust-bottom-margin ult-hotspot-tooltip-wrapper ' style=>  <img class='ult_hotspot_image' src=https:\/\/ew-nutrition.com\/wp-content\/uploads\/backgrounds\/worldmap_contact.svg alt='null'\/>     <div class='utl-hotspot-items ult-hotspot-item'><div class='ult-hotspot-item  ' style='top:-webkit-calc(47.561961206896555% - 16px);top:-moz-calc(47.561961206896555% - 16px);top:calc(47.561961206896555% - 16px);left: -webkit-calc(17.20142602495544% - 16px);left: -moz-calc(17.20142602495544% - 16px);left: calc(17.20142602495544% - 16px);' >  <div style='z-index: 39;position: relative;'>   <a data-link_style='simple' class='ult-tooltipstered ult-hotspot-tooltip' href=\"\/de\/about-us\/contact\/#americas\"  data-status='hide'><div class=\"ult-just-icon-wrapper  \"><div class=\"align-icon\" style=\"text-align:center;\">\n<div class=\"aio-icon advanced \"  style=\"color:#282828;background:#e8e100;border-style:solid;border-color:#ffffff;border-width:2px;width:48px;height:48px;line-height:48px;border-radius:500px;font-size:32px;display:inline-block;\">\n\t<i class=\"Defaults-map-marker\"><\/i>\n<\/div><\/div><\/div>  <\/a> <\/div><!-- ICON WRAP --> <div class='ult-glow' ><\/div><\/div><div class='ult-hotspot-item  ' style='top:-webkit-calc(47.618534482758626% - 16px);top:-moz-calc(47.618534482758626% - 16px);top:calc(47.618534482758626% - 16px);left: -webkit-calc(48.752228163992875% - 16px);left: -moz-calc(48.752228163992875% - 16px);left: calc(48.752228163992875% - 16px);' >  <div style='z-index: 39;position: relative;'>   <a data-link_style='simple' class='ult-tooltipstered ult-hotspot-tooltip' href=\"\/de\/about-us\/contact\/#europe-mea\"  data-status='hide'><div class=\"ult-just-icon-wrapper  \"><div class=\"align-icon\" style=\"text-align:center;\">\n<div class=\"aio-icon advanced \"  style=\"color:#282828;background:#e8e100;border-style:solid;border-color:#ffffff;border-width:2px;width:48px;height:48px;line-height:48px;border-radius:500px;font-size:32px;display:inline-block;\">\n\t<i class=\"Defaults-map-marker\"><\/i>\n<\/div><\/div><\/div>  <\/a> <\/div><!-- ICON WRAP --> <div class='ult-glow' ><\/div><\/div><div class='ult-hotspot-item  ' style='top:-webkit-calc(47.60506465517241% - 16px);top:-moz-calc(47.60506465517241% - 16px);top:calc(47.60506465517241% - 16px);left: -webkit-calc(80.3030303030303% - 16px);left: -moz-calc(80.3030303030303% - 16px);left: calc(80.3030303030303% - 16px);' >  <div style='z-index: 39;position: relative;'>   <a data-link_style='simple' class='ult-tooltipstered ult-hotspot-tooltip' href=\"\/de\/about-us\/contact\/#asia-pacific\"  data-status='hide'><div class=\"ult-just-icon-wrapper  \"><div class=\"align-icon\" style=\"text-align:center;\">\n<div class=\"aio-icon advanced \"  style=\"color:#282828;background:#e8e100;border-style:solid;border-color:#ffffff;border-width:2px;width:48px;height:48px;line-height:48px;border-radius:500px;font-size:32px;display:inline-block;\">\n\t<i class=\"Defaults-map-marker\"><\/i>\n<\/div><\/div><\/div>  <\/a> <\/div><!-- ICON WRAP --> <div class='ult-glow' ><\/div><\/div>\n<\/div>     <div style='color:#000;' data-image='    '><\/div><\/div><div class=\"ult-spacer spacer-69d03ae5c814f\" data-id=\"69d03ae5c814f\" data-height=\"120\" data-height-mobile=\"40\" data-height-tab=\"60\" data-height-tab-portrait=\"80\" data-height-mobile-landscape=\"40\" style=\"clear:both;display:block;\"><\/div><\/div><\/div><\/div><\/div><\/div><\/section><!-- Row Backgrounds --><div class=\"upb_color\" data-bg-override=\"0\" data-bg-color=\"#f4f4f4\" data-fadeout=\"\" data-fadeout-percentage=\"30\" data-parallax-content=\"\" data-parallax-content-sense=\"30\" data-row-effect-mobile-disable=\"true\" data-img-parallax-mobile-disable=\"true\" data-rtl=\"false\"  data-custom-vc-row=\"\"  data-vc=\"8.7.2\"  data-is_old_vc=\"\"  data-theme-support=\"\"   data-overlay=\"false\" data-overlay-color=\"\" data-overlay-pattern=\"\" data-overlay-pattern-opacity=\"\" data-overlay-pattern-size=\"\"    ><\/div>\n","protected":false},"excerpt":{"rendered":"PagesEigentlich \u00fcber Sie Quantifizierbare Vorteile mit kompetenter Unterst\u00fctzung. EW Nutrition will Ihnen und Ihrem Unternehmen Unterst\u00fctzung f\u00fcr kontinuierliches, vorhersehbares und nachhaltiges Wachstum leisten. Ihre Herausforderungen, Ihre Vorteile, Ihr Gewinn __________ Bessere Gesundheit, mehr Tierwohl und h\u00f6here Profite durch intelligente Ern\u00e4hrung. Wir sind Ihre Partner beim Aufbau eines soliden, best\u00e4ndigen und profitablen Gesch\u00e4fts mit gewissenhaften Praktiken,...","protected":false},"author":8,"featured_media":0,"parent":0,"menu_order":0,"comment_status":"closed","ping_status":"closed","template":"","meta":{"_acf_changed":false,"footnotes":""},"class_list":["post-57800","page","type-page","status-publish","hentry"],"acf":[],"yoast_head":"<!-- This site is optimized with the Yoast SEO Premium plugin v26.5 (Yoast SEO v27.3) - https:\/\/yoast.com\/product\/yoast-seo-premium-wordpress\/ -->\n<title>\u00dcber uns - EW Nutrition<\/title>\n<meta name=\"robots\" content=\"index, follow, max-snippet:-1, max-image-preview:large, max-video-preview:-1\" \/>\n<link rel=\"canonical\" href=\"https:\/\/ew-nutrition.com\/de\/about-us\/\" \/>\n<meta property=\"og:locale\" content=\"de_DE\" \/>\n<meta property=\"og:type\" content=\"article\" \/>\n<meta property=\"og:title\" content=\"\u00dcber uns\" \/>\n<meta property=\"og:url\" content=\"https:\/\/ew-nutrition.com\/de\/about-us\/\" \/>\n<meta property=\"og:site_name\" content=\"EW Nutrition\" \/>\n<meta property=\"article:modified_time\" content=\"2023-12-19T17:16:34+00:00\" \/>\n<meta name=\"twitter:card\" content=\"summary_large_image\" \/>\n<meta name=\"twitter:site\" content=\"@EWNutritionGmbH\" \/>\n<meta name=\"twitter:label1\" content=\"Est. reading time\" \/>\n\t<meta name=\"twitter:data1\" content=\"2 minutes\" \/>\n<!-- \/ Yoast SEO Premium plugin. -->","yoast_head_json":{"title":"\u00dcber uns - EW Nutrition","robots":{"index":"index","follow":"follow","max-snippet":"max-snippet:-1","max-image-preview":"max-image-preview:large","max-video-preview":"max-video-preview:-1"},"canonical":"https:\/\/ew-nutrition.com\/de\/about-us\/","og_locale":"de_DE","og_type":"article","og_title":"\u00dcber uns","og_url":"https:\/\/ew-nutrition.com\/de\/about-us\/","og_site_name":"EW Nutrition","article_modified_time":"2023-12-19T17:16:34+00:00","twitter_card":"summary_large_image","twitter_site":"@EWNutritionGmbH","twitter_misc":{"Est. reading time":"2 minutes"},"schema":{"@context":"https:\/\/schema.org","@graph":[{"@type":"WebPage","@id":"https:\/\/ew-nutrition.com\/de\/about-us\/","url":"https:\/\/ew-nutrition.com\/de\/about-us\/","name":"\u00dcber uns - EW Nutrition","isPartOf":{"@id":"https:\/\/ew-nutrition.com\/#website"},"datePublished":"2020-11-27T10:23:11+00:00","dateModified":"2023-12-19T17:16:34+00:00","breadcrumb":{"@id":"https:\/\/ew-nutrition.com\/de\/about-us\/#breadcrumb"},"inLanguage":"de","potentialAction":[{"@type":"ReadAction","target":["https:\/\/ew-nutrition.com\/de\/about-us\/"]}]},{"@type":"BreadcrumbList","@id":"https:\/\/ew-nutrition.com\/de\/about-us\/#breadcrumb","itemListElement":[{"@type":"ListItem","position":1,"name":"Home","item":"https:\/\/ew-nutrition.com\/de\/"},{"@type":"ListItem","position":2,"name":"\u00dcber uns"}]},{"@type":"WebSite","@id":"https:\/\/ew-nutrition.com\/#website","url":"https:\/\/ew-nutrition.com\/","name":"EW Nutrition","description":"Functional Innovations backed by Science","publisher":{"@id":"https:\/\/ew-nutrition.com\/#organization"},"potentialAction":[{"@type":"SearchAction","target":{"@type":"EntryPoint","urlTemplate":"https:\/\/ew-nutrition.com\/?s={search_term_string}"},"query-input":{"@type":"PropertyValueSpecification","valueRequired":true,"valueName":"search_term_string"}}],"inLanguage":"de"},{"@type":"Organization","@id":"https:\/\/ew-nutrition.com\/#organization","name":"EW Nutrition GmbH","url":"https:\/\/ew-nutrition.com\/","logo":{"@type":"ImageObject","inLanguage":"de","@id":"https:\/\/ew-nutrition.com\/#\/schema\/logo\/image\/","url":"","contentUrl":"","caption":"EW Nutrition GmbH"},"image":{"@id":"https:\/\/ew-nutrition.com\/#\/schema\/logo\/image\/"},"sameAs":["https:\/\/x.com\/EWNutritionGmbH","https:\/\/www.instagram.com\/ewnutrition\/","https:\/\/www.linkedin.com\/company\/ew-nutrition","https:\/\/www.youtube.com\/channel\/UCIvcb19uSOJXrUecTY8n_dA"]}]}},"_links":{"self":[{"href":"https:\/\/ew-nutrition.com\/de\/wp-json\/wp\/v2\/pages\/57800","targetHints":{"allow":["GET"]}}],"collection":[{"href":"https:\/\/ew-nutrition.com\/de\/wp-json\/wp\/v2\/pages"}],"about":[{"href":"https:\/\/ew-nutrition.com\/de\/wp-json\/wp\/v2\/types\/page"}],"author":[{"embeddable":true,"href":"https:\/\/ew-nutrition.com\/de\/wp-json\/wp\/v2\/users\/8"}],"replies":[{"embeddable":true,"href":"https:\/\/ew-nutrition.com\/de\/wp-json\/wp\/v2\/comments?post=57800"}],"version-history":[{"count":0,"href":"https:\/\/ew-nutrition.com\/de\/wp-json\/wp\/v2\/pages\/57800\/revisions"}],"wp:attachment":[{"href":"https:\/\/ew-nutrition.com\/de\/wp-json\/wp\/v2\/media?parent=57800"}],"curies":[{"name":"wp","href":"https:\/\/api.w.org\/{rel}","templated":true}]}}