{"id":199547,"date":"2023-12-27T05:14:59","date_gmt":"2023-12-27T04:14:59","guid":{"rendered":"https:\/\/ew-nutrition.com\/?page_id=199547"},"modified":"2024-01-02T09:03:06","modified_gmt":"2024-01-02T08:03:06","slug":"whistleblowing","status":"publish","type":"page","link":"https:\/\/ew-nutrition.com\/de\/whistleblowing\/","title":{"rendered":"Hinweisgeberschutz"},"content":{"rendered":"<section class=\"l-section wpb_row height_small with_img\"><div class=\"l-section-img\" role=\"img\" aria-label=\"ewn header yellow 1\" data-img-width=\"\" data-img-height=\"\" style=\"background-image: url(https:\/\/ew-nutrition.com\/wp-content\/uploads\/headerimages\/basic-swooshes\/ewn_header_yellow-1.svg);background-position: bottom center;background-repeat: no-repeat;\"><\/div><div class=\"l-section-h i-cf\"><div class=\"g-cols vc_row via_flex valign_middle type_default stacking_default\"><div class=\"vc_col-sm-3\/5 wpb_column vc_column_container us_animate_afl\"><div class=\"vc_column-inner\"><div class=\"wpb_wrapper\"><nav class=\"g-breadcrumbs us_custom_a46129b6 has_text_color separator_icon align_none\" itemscope itemtype=\"http:\/\/schema.org\/BreadcrumbList\"><div class=\"g-breadcrumbs-item\">Pages<\/div><\/nav><div class=\"ult-spacer spacer-69da654581bec\" data-id=\"69da654581bec\" data-height=\"100\" data-height-mobile=\"40\" data-height-tab=\"40\" data-height-tab-portrait=\"60\" data-height-mobile-landscape=\"40\" style=\"clear:both;display:block;\"><\/div><div class=\"wpb_text_column\"><div class=\"wpb_wrapper\"><h1><strong>Das Melden von Verst\u00f6\u00dfen<\/strong> ist legal, sicher und hilfreich!<\/h1>\n<\/div><\/div><div class=\"ult-spacer spacer-69da654581eab\" data-id=\"69da654581eab\" data-height=\"120\" data-height-mobile=\"0\" data-height-tab=\"80\" data-height-tab-portrait=\"80\" data-height-mobile-landscape=\"0\" style=\"clear:both;display:block;\"><\/div><\/div><\/div><\/div><div class=\"vc_col-sm-2\/5 wpb_column vc_column_container us_animate_afc stretched\" style=\"animation-delay:0.1s\"><div class=\"vc_column-inner\"><div class=\"wpb_wrapper\"><div class=\"ult-spacer spacer-69da654581fa5\" data-id=\"69da654581fa5\" data-height=\"40\" data-height-mobile=\"0\" data-height-tab=\"40\" data-height-tab-portrait=\"40\" data-height-mobile-landscape=\"0\" style=\"clear:both;display:block;\"><\/div><div class=\"w-image us_custom_50f3a02a align_none\"><div class=\"w-image-h\"><img fetchpriority=\"high\" decoding=\"async\" width=\"700\" height=\"700\" src=\"https:\/\/ew-nutrition.com\/wp-content\/uploads\/headerimages\/header-graphics\/promotion.png\" class=\"attachment-full size-full\" alt=\"\" loading=\"eager\" srcset=\"https:\/\/ew-nutrition.com\/wp-content\/uploads\/headerimages\/header-graphics\/promotion.png 700w, https:\/\/ew-nutrition.com\/wp-content\/uploads\/headerimages\/header-graphics\/promotion-280x280.png 280w, https:\/\/ew-nutrition.com\/wp-content\/uploads\/headerimages\/header-graphics\/promotion-150x150.png 150w, https:\/\/ew-nutrition.com\/wp-content\/uploads\/headerimages\/header-graphics\/promotion-120x120.png 120w, https:\/\/ew-nutrition.com\/wp-content\/uploads\/headerimages\/header-graphics\/promotion-36x36.png 36w, https:\/\/ew-nutrition.com\/wp-content\/uploads\/headerimages\/header-graphics\/promotion-225x225.png 225w, https:\/\/ew-nutrition.com\/wp-content\/uploads\/headerimages\/header-graphics\/promotion-80x80.png 80w, https:\/\/ew-nutrition.com\/wp-content\/uploads\/headerimages\/header-graphics\/promotion-48x48.png 48w, https:\/\/ew-nutrition.com\/wp-content\/uploads\/headerimages\/header-graphics\/promotion-64x64.png 64w, https:\/\/ew-nutrition.com\/wp-content\/uploads\/headerimages\/header-graphics\/promotion-28x28.png 28w, https:\/\/ew-nutrition.com\/wp-content\/uploads\/headerimages\/header-graphics\/promotion-539x539.png 539w, https:\/\/ew-nutrition.com\/wp-content\/uploads\/headerimages\/header-graphics\/promotion-24x24.png 24w, https:\/\/ew-nutrition.com\/wp-content\/uploads\/headerimages\/header-graphics\/promotion-50x50.png 50w\" sizes=\"auto, (max-width: 700px) 100vw, 700px\" \/><\/div><\/div><\/div><\/div><\/div><\/div><\/div><\/section><section class=\"l-section wpb_row height_small\"><div class=\"l-section-h i-cf\"><div class=\"g-cols vc_row via_flex valign_middle type_default reversed stacking_default\"><div class=\"vc_col-sm-12 wpb_column vc_column_container\"><div class=\"vc_column-inner\"><div class=\"wpb_wrapper\">[vc_empty_space height=&#8221;100px&#8221;]<div class=\"wpb_text_column\"><div class=\"wpb_wrapper\"><p><strong>Wir wollen wissen, ob etwas nicht stimmt \u2013 und es beheben!<\/strong><\/p>\n<p>EW Nutrition bietet ein unabh\u00e4ngiges und sicheres System zur Meldung von Verst\u00f6\u00dfen.<\/p>\n<p>Sie haben die M\u00f6glichkeit, \u00fcber unsere Meldestelle Ihre Meldung abzugeben. Dabei entscheiden Sie, ob und welche Ihrer Kontaktdaten Sie angeben und ob Sie eine R\u00fcckmeldung w\u00fcnschen. Sofern Sie eine R\u00fcckmeldung w\u00fcnschen und Ihre Kontaktdaten angeben, erhalten Sie innerhalb von 7 Tagen eine Best\u00e4tigung \u00fcber den Eingang Ihrer Meldung auf dem angegebenen Kommunikationsweg.<\/p>\n<p>Im Weiteren bekommen Sie innerhalb von 3 Monaten eine Information \u00fcber den Umgang mit Ihrem Hinweis einschlie\u00dflich etwaiger ergriffener Ma\u00dfnahmen.<\/p>\n<p>Ihre Meldung geht direkt an unsere <strong>externe Ombudsstelle (Datenschutz nord GmbH, Dominik Bleckmann, Volljurist)<\/strong>, die sie vertraulich behandelt und nach einer ersten Pr\u00fcfung zur weiteren Veranlassung an unsere interne Stelle weiterleitet.<\/p>\n<p>Ihre Meldungen k\u00f6nnen wie folgt erfolgen:<\/p>\n<ul>\n<li>Pers\u00f6nliche Vorsprache nach Vereinbarung eines Termins,<\/li>\n<li>Durch \u00dcbersendung einer schriftlichen Meldung per Post,<\/li>\n<li>Telefonisch<\/li>\n<li>\u00a0Per E-Mail<\/li>\n<\/ul>\n<p>&nbsp;<\/p>\n<p><strong>Datenschutz nord GmbH, Konsul-Smidt-Str. 88, 28217 Bremen<\/strong><\/p>\n<p><strong>Telefon: +49 421 6966 32 349<\/strong><\/p>\n<p><strong>E-Mail-Adresse:\u00a0<\/strong><a href=\"mailto:compliance@dsn-group.de\"><strong>compliance@dsn-group.de<\/strong><\/a><\/p>\n<p>&nbsp;<\/p>\n<p>Sie haben die M\u00f6glichkeit, Meldungen zu Rechtsverst\u00f6\u00dfen oder rechtsmissbr\u00e4uchlichem Verhalten, insbesondere in folgenden Bereichen abzugeben:<\/p>\n<ul>\n<li>strafbewehrte Verst\u00f6\u00dfe<\/li>\n<li>bu\u00dfgeldbewehrte Verst\u00f6\u00dfe gegen Schutznormen f\u00fcr Leib, Leben und Gesundheit, oder Besch\u00e4ftigte und ihre Vertretungsorgane<\/li>\n<li>\u00d6ffentliches Auftragswesen<\/li>\n<li>Finanzdienstleistungen, Finanzprodukte und Finanzm\u00e4rkte sowie Verhinderung von Geldw\u00e4sche und Terrorismusfinanzierung,<\/li>\n<li>Produktsicherheit und -konformit\u00e4t<\/li>\n<li>Verkehrssicherheit<\/li>\n<li>Umweltschutz<\/li>\n<li>Lebensmittelsicherheit<\/li>\n<li>Tiergesundheit und \u00f6ffentliche Gesundheit<\/li>\n<li>Verbraucherschutz<\/li>\n<li>Schutz der Privatsph\u00e4re und personenbezogener Daten sowie Sicherheit von Netz- und Informationssystemen<\/li>\n<li>Verst\u00f6\u00dfe gegen die finanziellen Interessen der Union im Sinne von Artikel 325 AEUV sowie gem\u00e4\u00df den genaueren Definitionen in einschl\u00e4gigen Unionsma\u00dfnahmen<\/li>\n<li>Verst\u00f6\u00dfe gegen die Binnenmarktvorschriften im Sinne von Artikel 26 Absatz 2 AEUV, einschlie\u00dflich Verst\u00f6\u00dfe gegen Unionsvorschriften \u00fcber Wettbewerb und staatliche Beihilfen, sowie -Verst\u00f6\u00dfe gegen die Binnenmarktvorschriften in Bezug auf Handlungen, die die K\u00f6rperschaftsteuer-Vorschriften verletzen oder in Bezug auf Vereinbarungen, die darauf abzielen, sich einen steuerlichen Vorteil zu verschaffen, der dem Ziel oder dem Zweck des geltenden K\u00f6rperschaftsteuerrechts zuwiderl\u00e4uft.<\/li>\n<\/ul>\n<p>&nbsp;<\/p>\n<p>Diese Aufz\u00e4hlung ist nicht abschlie\u00dfend. Sie k\u00f6nnen auch Hinweise zu Verst\u00f6\u00dfen in anderen Bereichen abgeben. Den genauen Anwendungsbereich entnehmen Sie bitte <span style=\"text-decoration: underline;\"><a href=\"https:\/\/www.gesetze-im-internet.de\/hinschg\/__2.html\" target=\"_blank\" rel=\"noopener\">\u00a72 HinSchG<\/a><\/span>.<\/p>\n<p>&nbsp;<\/p>\n<p style=\"text-align: center;\"><strong>Vielen Dank, dass Sie uns dabei helfen, h\u00f6chste Verhaltens- und Leistungsstandards aufrechtzuerhalten!<\/strong><\/p>\n<\/div><\/div>[vc_empty_space height=&#8221;50px&#8221;][vc_empty_space height=&#8221;50px&#8221;]<\/div><\/div><\/div><\/div><\/div><\/section>\n","protected":false},"excerpt":{"rendered":"PagesDas Melden von Verst\u00f6\u00dfen ist legal, sicher und hilfreich! [vc_empty_space height=\"100px\"]Wir wollen wissen, ob etwas nicht stimmt \u2013 und es beheben! EW Nutrition bietet ein unabh\u00e4ngiges und sicheres System zur Meldung von Verst\u00f6\u00dfen. Sie haben die M\u00f6glichkeit, \u00fcber unsere Meldestelle Ihre Meldung abzugeben. Dabei entscheiden Sie, ob und welche Ihrer Kontaktdaten Sie angeben und ob...","protected":false},"author":19,"featured_media":0,"parent":0,"menu_order":0,"comment_status":"closed","ping_status":"closed","template":"","meta":{"_acf_changed":false,"footnotes":""},"class_list":["post-199547","page","type-page","status-publish","hentry"],"acf":[],"yoast_head":"<!-- This site is optimized with the Yoast SEO Premium plugin v26.5 (Yoast SEO v27.3) - https:\/\/yoast.com\/product\/yoast-seo-premium-wordpress\/ -->\n<title>Hinweisgeberschutz - EW Nutrition<\/title>\n<meta name=\"robots\" content=\"index, follow, max-snippet:-1, max-image-preview:large, max-video-preview:-1\" \/>\n<link rel=\"canonical\" href=\"https:\/\/ew-nutrition.com\/de\/whistleblowing\/\" \/>\n<meta property=\"og:locale\" content=\"de_DE\" \/>\n<meta property=\"og:type\" content=\"article\" \/>\n<meta property=\"og:title\" content=\"Hinweisgeberschutz\" \/>\n<meta property=\"og:url\" content=\"https:\/\/ew-nutrition.com\/de\/whistleblowing\/\" \/>\n<meta property=\"og:site_name\" content=\"EW Nutrition\" \/>\n<meta property=\"article:modified_time\" content=\"2024-01-02T08:03:06+00:00\" \/>\n<meta name=\"twitter:card\" content=\"summary_large_image\" \/>\n<meta name=\"twitter:site\" content=\"@EWNutritionGmbH\" \/>\n<meta name=\"twitter:label1\" content=\"Est. reading time\" \/>\n\t<meta name=\"twitter:data1\" content=\"3 minutes\" \/>\n<!-- \/ Yoast SEO Premium plugin. -->","yoast_head_json":{"title":"Hinweisgeberschutz - EW Nutrition","robots":{"index":"index","follow":"follow","max-snippet":"max-snippet:-1","max-image-preview":"max-image-preview:large","max-video-preview":"max-video-preview:-1"},"canonical":"https:\/\/ew-nutrition.com\/de\/whistleblowing\/","og_locale":"de_DE","og_type":"article","og_title":"Hinweisgeberschutz","og_url":"https:\/\/ew-nutrition.com\/de\/whistleblowing\/","og_site_name":"EW Nutrition","article_modified_time":"2024-01-02T08:03:06+00:00","twitter_card":"summary_large_image","twitter_site":"@EWNutritionGmbH","twitter_misc":{"Est. reading time":"3 minutes"},"schema":{"@context":"https:\/\/schema.org","@graph":[{"@type":"WebPage","@id":"https:\/\/ew-nutrition.com\/de\/whistleblowing\/","url":"https:\/\/ew-nutrition.com\/de\/whistleblowing\/","name":"Hinweisgeberschutz - EW Nutrition","isPartOf":{"@id":"https:\/\/ew-nutrition.com\/#website"},"datePublished":"2023-12-27T04:14:59+00:00","dateModified":"2024-01-02T08:03:06+00:00","breadcrumb":{"@id":"https:\/\/ew-nutrition.com\/de\/whistleblowing\/#breadcrumb"},"inLanguage":"de","potentialAction":[{"@type":"ReadAction","target":["https:\/\/ew-nutrition.com\/de\/whistleblowing\/"]}]},{"@type":"BreadcrumbList","@id":"https:\/\/ew-nutrition.com\/de\/whistleblowing\/#breadcrumb","itemListElement":[{"@type":"ListItem","position":1,"name":"Home","item":"https:\/\/ew-nutrition.com\/de\/"},{"@type":"ListItem","position":2,"name":"Hinweisgeberschutz"}]},{"@type":"WebSite","@id":"https:\/\/ew-nutrition.com\/#website","url":"https:\/\/ew-nutrition.com\/","name":"EW Nutrition","description":"Functional Innovations backed by Science","publisher":{"@id":"https:\/\/ew-nutrition.com\/#organization"},"potentialAction":[{"@type":"SearchAction","target":{"@type":"EntryPoint","urlTemplate":"https:\/\/ew-nutrition.com\/?s={search_term_string}"},"query-input":{"@type":"PropertyValueSpecification","valueRequired":true,"valueName":"search_term_string"}}],"inLanguage":"de"},{"@type":"Organization","@id":"https:\/\/ew-nutrition.com\/#organization","name":"EW Nutrition GmbH","url":"https:\/\/ew-nutrition.com\/","logo":{"@type":"ImageObject","inLanguage":"de","@id":"https:\/\/ew-nutrition.com\/#\/schema\/logo\/image\/","url":"","contentUrl":"","caption":"EW Nutrition GmbH"},"image":{"@id":"https:\/\/ew-nutrition.com\/#\/schema\/logo\/image\/"},"sameAs":["https:\/\/x.com\/EWNutritionGmbH","https:\/\/www.instagram.com\/ewnutrition\/","https:\/\/www.linkedin.com\/company\/ew-nutrition","https:\/\/www.youtube.com\/channel\/UCIvcb19uSOJXrUecTY8n_dA"]}]}},"_links":{"self":[{"href":"https:\/\/ew-nutrition.com\/de\/wp-json\/wp\/v2\/pages\/199547","targetHints":{"allow":["GET"]}}],"collection":[{"href":"https:\/\/ew-nutrition.com\/de\/wp-json\/wp\/v2\/pages"}],"about":[{"href":"https:\/\/ew-nutrition.com\/de\/wp-json\/wp\/v2\/types\/page"}],"author":[{"embeddable":true,"href":"https:\/\/ew-nutrition.com\/de\/wp-json\/wp\/v2\/users\/19"}],"replies":[{"embeddable":true,"href":"https:\/\/ew-nutrition.com\/de\/wp-json\/wp\/v2\/comments?post=199547"}],"version-history":[{"count":0,"href":"https:\/\/ew-nutrition.com\/de\/wp-json\/wp\/v2\/pages\/199547\/revisions"}],"wp:attachment":[{"href":"https:\/\/ew-nutrition.com\/de\/wp-json\/wp\/v2\/media?parent=199547"}],"curies":[{"name":"wp","href":"https:\/\/api.w.org\/{rel}","templated":true}]}}