{"id":199397,"date":"2023-04-03T09:03:00","date_gmt":"2023-04-03T07:03:00","guid":{"rendered":"https:\/\/ew-nutrition.com\/amr-pledge\/"},"modified":"2023-12-21T05:55:10","modified_gmt":"2023-12-21T04:55:10","slug":"amr-pledge","status":"publish","type":"page","link":"https:\/\/ew-nutrition.com\/de\/amr-pledge\/","title":{"rendered":"Verpflichtung in Hinblick auf AMR"},"content":{"rendered":"<section class=\"l-section wpb_row height_small with_img\"><div class=\"l-section-img\" role=\"img\" aria-label=\"ewn header yellow 1\" data-img-width=\"\" data-img-height=\"\" style=\"background-image: url(https:\/\/ew-nutrition.com\/wp-content\/uploads\/headerimages\/basic-swooshes\/ewn_header_yellow-1.svg);background-position: bottom center;background-repeat: no-repeat;\"><\/div><div class=\"l-section-h i-cf\"><div class=\"g-cols vc_row via_flex valign_middle type_default stacking_default\"><div class=\"vc_col-sm-6 wpb_column vc_column_container us_animate_afl\"><div class=\"vc_column-inner\"><div class=\"wpb_wrapper\"><nav class=\"g-breadcrumbs us_custom_a46129b6 has_text_color separator_icon align_none\" itemscope itemtype=\"http:\/\/schema.org\/BreadcrumbList\"><div class=\"g-breadcrumbs-item\">Pages<\/div><\/nav><div class=\"ult-spacer spacer-69e2aff27bf61\" data-id=\"69e2aff27bf61\" data-height=\"100\" data-height-mobile=\"40\" data-height-tab=\"40\" data-height-tab-portrait=\"60\" data-height-mobile-landscape=\"40\" style=\"clear:both;display:block;\"><\/div><div class=\"wpb_text_column\"><div class=\"wpb_wrapper\"><h1 style=\"text-align: left;\">Ihre Verpflichtung in Hinblick auf AMR<\/h1>\n<\/div><\/div><div class=\"wpb_text_column\"><div class=\"wpb_wrapper\"><h3>Bekennen Sie sich zum Kampf gegen antimikrobielle Resistenz<\/h3>\n<\/div><\/div><div class=\"w-btn-wrapper align_none\"><a class=\"w-btn us-btn-style_4\" href=\"#take-pledge-strip\"><span class=\"w-btn-label\">Stellen Sie sich Ihrer Verpflichtung!<\/span><\/a><\/div><div class=\"ult-spacer spacer-69e2aff27c3de\" data-id=\"69e2aff27c3de\" data-height=\"40\" data-height-mobile=\"20\" data-height-tab=\"30\" data-height-tab-portrait=\"40\" data-height-mobile-landscape=\"20\" style=\"clear:both;display:block;\"><\/div><\/div><\/div><\/div><div class=\"vc_col-sm-6 wpb_column vc_column_container us_animate_afc stretched\" style=\"animation-delay:0.5s\"><div class=\"vc_column-inner\"><div class=\"wpb_wrapper\"><div class=\"ult-spacer spacer-69e2aff27c48a\" data-id=\"69e2aff27c48a\" data-height=\"40\" data-height-mobile=\"0\" data-height-tab=\"40\" data-height-tab-portrait=\"40\" data-height-mobile-landscape=\"0\" style=\"clear:both;display:block;\"><\/div><div class=\"w-image align_none\"><div class=\"w-image-h\"><img fetchpriority=\"high\" decoding=\"async\" width=\"1000\" height=\"1117\" src=\"https:\/\/ew-nutrition.com\/wp-content\/uploads\/headerimages\/header-graphics\/gut-bacteria-mycos-kv-yellow-min.png\" class=\"attachment-full size-full\" alt=\"\" loading=\"eager\" srcset=\"https:\/\/ew-nutrition.com\/wp-content\/uploads\/headerimages\/header-graphics\/gut-bacteria-mycos-kv-yellow-min.png 1000w, https:\/\/ew-nutrition.com\/wp-content\/uploads\/headerimages\/header-graphics\/gut-bacteria-mycos-kv-yellow-min-269x300.png 269w, https:\/\/ew-nutrition.com\/wp-content\/uploads\/headerimages\/header-graphics\/gut-bacteria-mycos-kv-yellow-min-134x150.png 134w, https:\/\/ew-nutrition.com\/wp-content\/uploads\/headerimages\/header-graphics\/gut-bacteria-mycos-kv-yellow-min-107x120.png 107w, https:\/\/ew-nutrition.com\/wp-content\/uploads\/headerimages\/header-graphics\/gut-bacteria-mycos-kv-yellow-min-32x36.png 32w, https:\/\/ew-nutrition.com\/wp-content\/uploads\/headerimages\/header-graphics\/gut-bacteria-mycos-kv-yellow-min-201x225.png 201w, https:\/\/ew-nutrition.com\/wp-content\/uploads\/headerimages\/header-graphics\/gut-bacteria-mycos-kv-yellow-min-72x80.png 72w, https:\/\/ew-nutrition.com\/wp-content\/uploads\/headerimages\/header-graphics\/gut-bacteria-mycos-kv-yellow-min-43x48.png 43w, https:\/\/ew-nutrition.com\/wp-content\/uploads\/headerimages\/header-graphics\/gut-bacteria-mycos-kv-yellow-min-57x64.png 57w, https:\/\/ew-nutrition.com\/wp-content\/uploads\/headerimages\/header-graphics\/gut-bacteria-mycos-kv-yellow-min-25x28.png 25w, https:\/\/ew-nutrition.com\/wp-content\/uploads\/headerimages\/header-graphics\/gut-bacteria-mycos-kv-yellow-min-483x539.png 483w\" sizes=\"auto, (max-width: 1000px) 100vw, 1000px\" \/><\/div><\/div><div class=\"ult-spacer spacer-69e2aff27c96a\" data-id=\"69e2aff27c96a\" data-height=\"0\" data-height-mobile=\"80\" data-height-tab=\"0\" data-height-tab-portrait=\"0\" data-height-mobile-landscape=\"80\" style=\"clear:both;display:block;\"><\/div><\/div><\/div><\/div><\/div><\/div><\/section><!-- Row Backgrounds --><section class=\"l-section wpb_row height_small\"><div class=\"l-section-h i-cf\"><div class=\"g-cols vc_row via_flex valign_top type_default stacking_default\"><div class=\"vc_col-sm-12 wpb_column vc_column_container\"><div class=\"vc_column-inner\"><div class=\"wpb_wrapper\"><div class=\"ult-spacer spacer-69e2aff27cd8e\" data-id=\"69e2aff27cd8e\" data-height=\"100\" data-height-mobile=\"40\" data-height-tab=\"40\" data-height-tab-portrait=\"60\" data-height-mobile-landscape=\"40\" style=\"clear:both;display:block;\"><\/div><div class=\"g-cols wpb_row via_flex valign_top type_default stacking_default\"><div class=\"vc_col-sm-5 wpb_column vc_column_container\"><div class=\"vc_column-inner\"><div class=\"wpb_wrapper\"><div class=\"wpb_text_column\"><div class=\"wpb_wrapper\"><h2>Was ist die Verpflichtungserkl\u00e4rung zu AMR?<br \/>\n<strong><span style=\"color: #e8e100;\">__________<\/span><\/strong><\/h2>\n<\/div><\/div><\/div><\/div><\/div><div class=\"vc_col-sm-7 wpb_column vc_column_container\"><div class=\"vc_column-inner\"><div class=\"wpb_wrapper\"><div class=\"wpb_text_column\"><div class=\"wpb_wrapper\"><p>Die Verpflichtungserkl\u00e4rung zur Reduktion des Antibiotikaeinsatzes ist ein herunterladbares, ausdruckbares Dokument, das Ihr Engagement f\u00fcr den verantwortungsvollen Einsatz von Antibiotika in Worte fasst. Indem wir handeln, um das Bewusstsein zu sch\u00e4rfen, Infektionen zu verhindern und den unn\u00f6tigen Einsatz antimikrobieller Mittel zu verringern, tragen wir dazu bei, die Ausbreitung von Resistenzen einzud\u00e4mmen und eine nachhaltige Welt f\u00fcr die n\u00e4chsten Generationen zu sichern.<\/p>\n<\/div><\/div><\/div><\/div><\/div><\/div><div class=\"ult-spacer spacer-69e2aff27d2fd\" data-id=\"69e2aff27d2fd\" data-height=\"100\" data-height-mobile=\"40\" data-height-tab=\"40\" data-height-tab-portrait=\"60\" data-height-mobile-landscape=\"40\" style=\"clear:both;display:block;\"><\/div><\/div><\/div><\/div><\/div><\/div><\/section><section class=\"l-section wpb_row height_small\" id=\"take-pledge-strip\"><div class=\"l-section-overlay\" style=\"background:#e8e100\"><\/div><div class=\"l-section-h i-cf\"><div class=\"g-cols vc_row via_flex valign_top type_default stacking_default\"><div class=\"vc_col-sm-12 wpb_column vc_column_container\"><div class=\"vc_column-inner\"><div class=\"wpb_wrapper\"><div class=\"ult-spacer spacer-69e2aff27d43f\" data-id=\"69e2aff27d43f\" data-height=\"60\" data-height-mobile=\"60\" data-height-tab=\"60\" data-height-tab-portrait=\"60\" data-height-mobile-landscape=\"60\" style=\"clear:both;display:block;\"><\/div><div class=\"g-cols wpb_row via_flex valign_middle type_default stacking_default\"><div class=\"vc_col-sm-8 wpb_column vc_column_container\"><div class=\"vc_column-inner\"><div class=\"wpb_wrapper\"><div class=\"wpb_text_column\"><div class=\"wpb_wrapper\"><h2>Sichern Sie die Zukunft<\/h2>\n<\/div><\/div><\/div><\/div><\/div><div class=\"vc_col-sm-4 wpb_column vc_column_container\"><div class=\"vc_column-inner\"><div class=\"wpb_wrapper\"><div class=\"w-btn-wrapper align_none\"><a class=\"w-btn us-btn-style_4\" href=\"https:\/\/ew-nutrition.com\/de\/pledge-certificate\/\"><span class=\"w-btn-label\">Verpflichen Sie sich!<\/span><\/a><\/div><\/div><\/div><\/div><\/div><div class=\"ult-spacer spacer-69e2aff27d73b\" data-id=\"69e2aff27d73b\" data-height=\"60\" data-height-mobile=\"60\" data-height-tab=\"60\" data-height-tab-portrait=\"60\" data-height-mobile-landscape=\"60\" style=\"clear:both;display:block;\"><\/div><\/div><\/div><\/div><\/div><\/div><\/section>\n","protected":false},"excerpt":{"rendered":"PagesIhre Verpflichtung in Hinblick auf AMR Bekennen Sie sich zum Kampf gegen antimikrobielle Resistenz Stellen Sie sich Ihrer Verpflichtung!Was ist die Verpflichtungserkl\u00e4rung zu AMR? __________ Die Verpflichtungserkl\u00e4rung zur Reduktion des Antibiotikaeinsatzes ist ein herunterladbares, ausdruckbares Dokument, das Ihr Engagement f\u00fcr den verantwortungsvollen Einsatz von Antibiotika in Worte fasst. Indem wir handeln, um das Bewusstsein zu...","protected":false},"author":9,"featured_media":0,"parent":0,"menu_order":0,"comment_status":"closed","ping_status":"closed","template":"","meta":{"_acf_changed":false,"footnotes":""},"class_list":["post-199397","page","type-page","status-publish","hentry"],"acf":[],"yoast_head":"<!-- This site is optimized with the Yoast SEO Premium plugin v26.5 (Yoast SEO v27.4) - https:\/\/yoast.com\/product\/yoast-seo-premium-wordpress\/ -->\n<title>Verpflichtung in Hinblick auf AMR - EW Nutrition<\/title>\n<meta name=\"robots\" content=\"index, follow, max-snippet:-1, max-image-preview:large, max-video-preview:-1\" \/>\n<link rel=\"canonical\" href=\"https:\/\/ew-nutrition.com\/de\/amr-pledge\/\" \/>\n<meta property=\"og:locale\" content=\"de_DE\" \/>\n<meta property=\"og:type\" content=\"article\" \/>\n<meta property=\"og:title\" content=\"Verpflichtung in Hinblick auf AMR\" \/>\n<meta property=\"og:url\" content=\"https:\/\/ew-nutrition.com\/de\/amr-pledge\/\" \/>\n<meta property=\"og:site_name\" content=\"EW Nutrition\" \/>\n<meta property=\"article:modified_time\" content=\"2023-12-21T04:55:10+00:00\" \/>\n<meta name=\"twitter:card\" content=\"summary_large_image\" \/>\n<meta name=\"twitter:site\" content=\"@EWNutritionGmbH\" \/>\n<meta name=\"twitter:label1\" content=\"Est. reading time\" \/>\n\t<meta name=\"twitter:data1\" content=\"2 minutes\" \/>\n<!-- \/ Yoast SEO Premium plugin. -->","yoast_head_json":{"title":"Verpflichtung in Hinblick auf AMR - EW Nutrition","robots":{"index":"index","follow":"follow","max-snippet":"max-snippet:-1","max-image-preview":"max-image-preview:large","max-video-preview":"max-video-preview:-1"},"canonical":"https:\/\/ew-nutrition.com\/de\/amr-pledge\/","og_locale":"de_DE","og_type":"article","og_title":"Verpflichtung in Hinblick auf AMR","og_url":"https:\/\/ew-nutrition.com\/de\/amr-pledge\/","og_site_name":"EW Nutrition","article_modified_time":"2023-12-21T04:55:10+00:00","twitter_card":"summary_large_image","twitter_site":"@EWNutritionGmbH","twitter_misc":{"Est. reading time":"2 minutes"},"schema":{"@context":"https:\/\/schema.org","@graph":[{"@type":"WebPage","@id":"https:\/\/ew-nutrition.com\/de\/amr-pledge\/","url":"https:\/\/ew-nutrition.com\/de\/amr-pledge\/","name":"Verpflichtung in Hinblick auf AMR - EW Nutrition","isPartOf":{"@id":"https:\/\/ew-nutrition.com\/#website"},"datePublished":"2023-04-03T07:03:00+00:00","dateModified":"2023-12-21T04:55:10+00:00","breadcrumb":{"@id":"https:\/\/ew-nutrition.com\/de\/amr-pledge\/#breadcrumb"},"inLanguage":"de","potentialAction":[{"@type":"ReadAction","target":["https:\/\/ew-nutrition.com\/de\/amr-pledge\/"]}]},{"@type":"BreadcrumbList","@id":"https:\/\/ew-nutrition.com\/de\/amr-pledge\/#breadcrumb","itemListElement":[{"@type":"ListItem","position":1,"name":"Home","item":"https:\/\/ew-nutrition.com\/de\/"},{"@type":"ListItem","position":2,"name":"Verpflichtung in Hinblick auf AMR"}]},{"@type":"WebSite","@id":"https:\/\/ew-nutrition.com\/#website","url":"https:\/\/ew-nutrition.com\/","name":"EW Nutrition","description":"Functional Innovations backed by Science","publisher":{"@id":"https:\/\/ew-nutrition.com\/#organization"},"potentialAction":[{"@type":"SearchAction","target":{"@type":"EntryPoint","urlTemplate":"https:\/\/ew-nutrition.com\/?s={search_term_string}"},"query-input":{"@type":"PropertyValueSpecification","valueRequired":true,"valueName":"search_term_string"}}],"inLanguage":"de"},{"@type":"Organization","@id":"https:\/\/ew-nutrition.com\/#organization","name":"EW Nutrition GmbH","url":"https:\/\/ew-nutrition.com\/","logo":{"@type":"ImageObject","inLanguage":"de","@id":"https:\/\/ew-nutrition.com\/#\/schema\/logo\/image\/","url":"","contentUrl":"","caption":"EW Nutrition GmbH"},"image":{"@id":"https:\/\/ew-nutrition.com\/#\/schema\/logo\/image\/"},"sameAs":["https:\/\/x.com\/EWNutritionGmbH","https:\/\/www.instagram.com\/ewnutrition\/","https:\/\/www.linkedin.com\/company\/ew-nutrition","https:\/\/www.youtube.com\/channel\/UCIvcb19uSOJXrUecTY8n_dA"]}]}},"_links":{"self":[{"href":"https:\/\/ew-nutrition.com\/de\/wp-json\/wp\/v2\/pages\/199397","targetHints":{"allow":["GET"]}}],"collection":[{"href":"https:\/\/ew-nutrition.com\/de\/wp-json\/wp\/v2\/pages"}],"about":[{"href":"https:\/\/ew-nutrition.com\/de\/wp-json\/wp\/v2\/types\/page"}],"author":[{"embeddable":true,"href":"https:\/\/ew-nutrition.com\/de\/wp-json\/wp\/v2\/users\/9"}],"replies":[{"embeddable":true,"href":"https:\/\/ew-nutrition.com\/de\/wp-json\/wp\/v2\/comments?post=199397"}],"version-history":[{"count":0,"href":"https:\/\/ew-nutrition.com\/de\/wp-json\/wp\/v2\/pages\/199397\/revisions"}],"wp:attachment":[{"href":"https:\/\/ew-nutrition.com\/de\/wp-json\/wp\/v2\/media?parent=199397"}],"curies":[{"name":"wp","href":"https:\/\/api.w.org\/{rel}","templated":true}]}}