{"id":199302,"date":"2021-01-19T11:21:06","date_gmt":"2021-01-19T10:21:06","guid":{"rendered":"https:\/\/ew-nutrition.com\/animal-nutrition\/services\/"},"modified":"2023-12-19T17:35:38","modified_gmt":"2023-12-19T16:35:38","slug":"services","status":"publish","type":"page","link":"https:\/\/ew-nutrition.com\/de\/animal-nutrition\/services\/","title":{"rendered":"Serviceleistungen"},"content":{"rendered":"<section class=\"l-section wpb_row product-wrapper height_small with_img\" id=\"header\"><div class=\"l-section-img\" role=\"img\" aria-label=\"ewn header white 1\" data-img-width=\"\" data-img-height=\"\" style=\"background-image: url(https:\/\/ew-nutrition.com\/wp-content\/uploads\/headerimages\/basic-swooshes\/ewn_header_white-1.svg);background-position: bottom center;background-repeat: no-repeat;\"><\/div><div class=\"l-section-h i-cf\"><div class=\"g-cols vc_row via_flex valign_top type_default stacking_default\"><div class=\"vc_col-sm-6 wpb_column vc_column_container us_animate_afl\"><div class=\"vc_column-inner\"><div class=\"wpb_wrapper\"><nav class=\"g-breadcrumbs us_custom_edbee97e separator_icon align_none\" itemscope itemtype=\"http:\/\/schema.org\/BreadcrumbList\"><div class=\"g-breadcrumbs-item\">Pages<\/div><\/nav><div class=\"ult-spacer spacer-69ece188d3ff0\" data-id=\"69ece188d3ff0\" data-height=\"100\" data-height-mobile=\"40\" data-height-tab=\"40\" data-height-tab-portrait=\"60\" data-height-mobile-landscape=\"40\" style=\"clear:both;display:block;\"><\/div><div class=\"wpb_text_column\"><div class=\"wpb_wrapper\"><h1><strong>Kundenorientierte <\/strong>Serviceleistungen<\/h1>\n<\/div><\/div><div class=\"ult-spacer spacer-69ece188d4260\" data-id=\"69ece188d4260\" data-height=\"40\" data-height-mobile=\"20\" data-height-tab=\"30\" data-height-tab-portrait=\"40\" data-height-mobile-landscape=\"20\" style=\"clear:both;display:block;\"><\/div><div class=\"wpb_text_column\"><div class=\"wpb_wrapper\"><p>Noch bessere Produkterfahrung durch kundenindividuelle Unterst\u00fctzung<\/p>\n<\/div><\/div><div class=\"w-btn-wrapper align_none\"><a class=\"w-btn us-btn-style_8\" href=\"#services\"><span class=\"w-btn-label\">Serviceleistungen<\/span><\/a><\/div><div class=\"ult-spacer spacer-69ece188d4499\" data-id=\"69ece188d4499\" data-height=\"120\" data-height-mobile=\"0\" data-height-tab=\"80\" data-height-tab-portrait=\"80\" data-height-mobile-landscape=\"0\" style=\"clear:both;display:block;\"><\/div><\/div><\/div><\/div><div class=\"vc_col-sm-6 wpb_column vc_column_container stretched\"><div class=\"vc_column-inner\"><div class=\"wpb_wrapper\"><div class=\"ult-spacer spacer-69ece188d4584\" data-id=\"69ece188d4584\" data-height=\"40\" data-height-mobile=\"0\" data-height-tab=\"40\" data-height-tab-portrait=\"40\" data-height-mobile-landscape=\"0\" style=\"clear:both;display:block;\"><\/div><div class=\"w-image us_custom_2fe7c7a1 us_animate_this align_none\"><div class=\"w-image-h\"><img fetchpriority=\"high\" decoding=\"async\" width=\"1856\" height=\"1088\" src=\"https:\/\/ew-nutrition.com\/wp-content\/uploads\/headerimages\/header-graphics\/headervisual_services.png\" class=\"attachment-full size-full\" alt=\"headervisual services\" loading=\"eager\" srcset=\"https:\/\/ew-nutrition.com\/wp-content\/uploads\/headerimages\/header-graphics\/headervisual_services.png 1856w, https:\/\/ew-nutrition.com\/wp-content\/uploads\/headerimages\/header-graphics\/headervisual_services-300x176.png 300w, https:\/\/ew-nutrition.com\/wp-content\/uploads\/headerimages\/header-graphics\/headervisual_services-150x88.png 150w, https:\/\/ew-nutrition.com\/wp-content\/uploads\/headerimages\/header-graphics\/headervisual_services-120x70.png 120w, https:\/\/ew-nutrition.com\/wp-content\/uploads\/headerimages\/header-graphics\/headervisual_services-36x21.png 36w, https:\/\/ew-nutrition.com\/wp-content\/uploads\/headerimages\/header-graphics\/headervisual_services-225x132.png 225w, https:\/\/ew-nutrition.com\/wp-content\/uploads\/headerimages\/header-graphics\/headervisual_services-80x47.png 80w, https:\/\/ew-nutrition.com\/wp-content\/uploads\/headerimages\/header-graphics\/headervisual_services-48x28.png 48w\" sizes=\"auto, (max-width: 1856px) 100vw, 1856px\" \/><\/div><\/div><div class=\"ult-spacer spacer-69ece188d4a68\" data-id=\"69ece188d4a68\" data-height=\"0\" data-height-mobile=\"80\" data-height-tab=\"0\" data-height-tab-portrait=\"0\" data-height-mobile-landscape=\"80\" style=\"clear:both;display:block;\"><\/div><\/div><\/div><\/div><\/div><\/div><\/section><!-- Row Backgrounds --><div class=\"upb_color\" data-bg-override=\"0\" data-bg-color=\"#f5f5f5\" data-fadeout=\"\" data-fadeout-percentage=\"30\" data-parallax-content=\"\" data-parallax-content-sense=\"30\" data-row-effect-mobile-disable=\"true\" data-img-parallax-mobile-disable=\"true\" data-rtl=\"false\"  data-custom-vc-row=\"\"  data-vc=\"8.7.2\"  data-is_old_vc=\"\"  data-theme-support=\"\"   data-overlay=\"false\" data-overlay-color=\"\" data-overlay-pattern=\"\" data-overlay-pattern-opacity=\"\" data-overlay-pattern-size=\"\"    ><\/div><section class=\"l-section wpb_row height_small\" id=\"intro section\"><div class=\"l-section-overlay\" style=\"background:linear-gradient(180deg,#f6f6f6,#ffffff)\"><\/div><div class=\"l-section-h i-cf\"><div class=\"g-cols vc_row via_flex valign_top type_default stacking_default\"><div class=\"vc_col-sm-12 wpb_column vc_column_container us_animate_afb\" style=\"animation-delay:0.5s\"><div class=\"vc_column-inner\"><div class=\"wpb_wrapper\"><div class=\"ult-spacer spacer-69ece188d4ea6\" data-id=\"69ece188d4ea6\" data-height=\"100\" data-height-mobile=\"40\" data-height-tab=\"60\" data-height-tab-portrait=\"80\" data-height-mobile-landscape=\"40\" style=\"clear:both;display:block;\"><\/div><div class=\"g-cols wpb_row via_flex valign_top type_default stacking_default\" id=\"services\"><div class=\"vc_col-sm-6 wpb_column vc_column_container\"><div class=\"vc_column-inner\"><div class=\"wpb_wrapper\"><div class=\"wpb_text_column\"><div class=\"wpb_wrapper\"><h2>Spezielle Probleme<strong><br \/>\nIndividueller Service<\/strong><br \/>\n<span style=\"color: #e8e100;\"><strong>__________<\/strong><\/span><\/h2>\n<\/div><\/div><\/div><\/div><\/div><div class=\"vc_col-sm-6 wpb_column vc_column_container\"><div class=\"vc_column-inner\"><div class=\"wpb_wrapper\"><div class=\"wpb_text_column\"><div class=\"wpb_wrapper\"><p>F\u00fcr Ihre individuellen Anforderungen ist eine Standardl\u00f6sung nicht das Richtige. Die fachkundigen Mitarbeiter von EW Nutrition liefern Ihnen mit unseren ma\u00dfgeschneiderten Serviceleistungen genau das, was Sie brauchen, um die Produktivit\u00e4t und Profitabilit\u00e4t Ihres Betriebes zu verbessern.<\/p>\n<\/div><\/div><\/div><\/div><\/div><\/div><div class=\"ult-spacer spacer-69ece188d5454\" data-id=\"69ece188d5454\" data-height=\"100\" data-height-mobile=\"40\" data-height-tab=\"40\" data-height-tab-portrait=\"60\" data-height-mobile-landscape=\"40\" style=\"clear:both;display:block;\"><\/div><div class=\"w-image align_none\"><div class=\"w-image-h\"><img decoding=\"async\" width=\"150\" height=\"36\" src=\"https:\/\/ew-nutrition.com\/wp-content\/uploads\/logos\/service-app-logos\/service-brand_sofi_new2-150x36.png\" class=\"attachment-us_150_150 size-us_150_150\" alt=\"service brand sofi new2\" loading=\"eager\" srcset=\"https:\/\/ew-nutrition.com\/wp-content\/uploads\/logos\/service-app-logos\/service-brand_sofi_new2-150x36.png 150w, https:\/\/ew-nutrition.com\/wp-content\/uploads\/logos\/service-app-logos\/service-brand_sofi_new2-300x71.png 300w, https:\/\/ew-nutrition.com\/wp-content\/uploads\/logos\/service-app-logos\/service-brand_sofi_new2-120x29.png 120w, https:\/\/ew-nutrition.com\/wp-content\/uploads\/logos\/service-app-logos\/service-brand_sofi_new2-36x9.png 36w, https:\/\/ew-nutrition.com\/wp-content\/uploads\/logos\/service-app-logos\/service-brand_sofi_new2-225x54.png 225w, https:\/\/ew-nutrition.com\/wp-content\/uploads\/logos\/service-app-logos\/service-brand_sofi_new2-80x19.png 80w, https:\/\/ew-nutrition.com\/wp-content\/uploads\/logos\/service-app-logos\/service-brand_sofi_new2-48x11.png 48w, https:\/\/ew-nutrition.com\/wp-content\/uploads\/logos\/service-app-logos\/service-brand_sofi_new2-64x15.png 64w, https:\/\/ew-nutrition.com\/wp-content\/uploads\/logos\/service-app-logos\/service-brand_sofi_new2-28x7.png 28w, https:\/\/ew-nutrition.com\/wp-content\/uploads\/logos\/service-app-logos\/service-brand_sofi_new2.png 315w\" sizes=\"auto, (max-width: 150px) 100vw, 150px\" \/><\/div><\/div><div class=\"wpb_text_column us_custom_d7bce3a2 has_text_color\"><div class=\"wpb_wrapper\"><p>Profitabel, Professionell, Pr\u00e4zise<\/p>\n<\/div><\/div><div class=\"w-separator size_small with_line width_default thick_1 style_solid color_border align_center\"><div class=\"w-separator-h\"><\/div><\/div><div class=\"g-cols wpb_row us_custom_916d5e53 via_flex valign_top type_default stacking_default\"><div class=\"vc_col-sm-4 wpb_column vc_column_container\"><div class=\"vc_column-inner\"><div class=\"wpb_wrapper\"><div class=\"aio-icon-component    style_2\"><a class=\"aio-icon-box-link\" href=\"\/de\/animal-nutrition\/services\/feed-hygiene\/\" ><div id=\"Info-box-wrap-7899\" class=\"aio-icon-box top-icon\" style=\"\"  ><div class=\"aio-icon-top\"><div class=\"ult-just-icon-wrapper  \"><div class=\"align-icon\" style=\"text-align:center;\">\n<div class=\"aio-icon-img \" style=\"font-size:150px;display:inline-block;\" >\n\t<img decoding=\"async\" class=\"img-icon\" alt=\"null\" src=\"https:\/\/ew-nutrition.com\/wp-content\/uploads\/icons\/icons-species_challenges\/icon_feed_hygiene.png\"\/>\n<\/div><\/div><\/div><\/div><div class=\"aio-icon-header\" ><h3 class=\"aio-icon-title ult-responsive\"  data-ultimate-target='#Info-box-wrap-7899 .aio-icon-title'  data-responsive-json-new='{\"font-size\":\"\",\"line-height\":\"\"}'  style=\"\">Analyse-Service<\/h3><\/div> <!-- header --><div class=\"aio-icon-description ult-responsive\"  data-ultimate-target='#Info-box-wrap-7899 .aio-icon-description'  data-responsive-json-new='{\"font-size\":\"\",\"line-height\":\"\"}'  style=\"\">\n<h6><strong>Futterhygiene<\/strong><\/h6>\n<\/div> <!-- description --><\/div> <!-- aio-icon-box --><\/a><\/div> <!-- aio-icon-component --><\/div><\/div><\/div><div class=\"vc_col-sm-4 wpb_column vc_column_container\"><div class=\"vc_column-inner\"><div class=\"wpb_wrapper\"><div class=\"aio-icon-component    style_2\"><a class=\"aio-icon-box-link\" ><div id=\"Info-box-wrap-9395\" class=\"aio-icon-box top-icon\" style=\"\"  ><div class=\"aio-icon-top\"><div class=\"ult-just-icon-wrapper  \"><div class=\"align-icon\" style=\"text-align:center;\">\n<div class=\"aio-icon-img \" style=\"font-size:150px;display:inline-block;\" >\n\t<img decoding=\"async\" class=\"img-icon\" alt=\"null\" src=\"https:\/\/ew-nutrition.com\/wp-content\/uploads\/icons\/icons-species_challenges\/icon_new_service.png\"\/>\n<\/div><\/div><\/div><\/div><div class=\"aio-icon-header\" ><h3 class=\"aio-icon-title ult-responsive\"  data-ultimate-target='#Info-box-wrap-9395 .aio-icon-title'  data-responsive-json-new='{\"font-size\":\"\",\"line-height\":\"\"}'  style=\"\">Neuer Service<\/h3><\/div> <!-- header --><div class=\"aio-icon-description ult-responsive\"  data-ultimate-target='#Info-box-wrap-9395 .aio-icon-description'  data-responsive-json-new='{\"font-size\":\"\",\"line-height\":\"\"}'  style=\"\">\n<h6><strong>in K\u00fcrze<\/strong><\/h6>\n<\/div> <!-- description --><\/div> <!-- aio-icon-box --><\/a><\/div> <!-- aio-icon-component --><\/div><\/div><\/div><div class=\"vc_col-sm-4 wpb_column vc_column_container\"><div class=\"vc_column-inner\"><div class=\"wpb_wrapper\"><div class=\"aio-icon-component    style_2\"><a class=\"aio-icon-box-link\" ><div id=\"Info-box-wrap-3551\" class=\"aio-icon-box top-icon\" style=\"\"  ><div class=\"aio-icon-top\"><div class=\"ult-just-icon-wrapper  \"><div class=\"align-icon\" style=\"text-align:center;\">\n<div class=\"aio-icon-img \" style=\"font-size:150px;display:inline-block;\" >\n\t<img decoding=\"async\" class=\"img-icon\" alt=\"null\" src=\"https:\/\/ew-nutrition.com\/wp-content\/uploads\/icons\/icons-species_challenges\/icon_new_service.png\"\/>\n<\/div><\/div><\/div><\/div><div class=\"aio-icon-header\" ><h3 class=\"aio-icon-title ult-responsive\"  data-ultimate-target='#Info-box-wrap-3551 .aio-icon-title'  data-responsive-json-new='{\"font-size\":\"\",\"line-height\":\"\"}'  style=\"\">Neuer Service<\/h3><\/div> <!-- header --><div class=\"aio-icon-description ult-responsive\"  data-ultimate-target='#Info-box-wrap-3551 .aio-icon-description'  data-responsive-json-new='{\"font-size\":\"\",\"line-height\":\"\"}'  style=\"\">\n<h6><strong>in K\u00fcrze<\/strong><\/h6>\n<\/div> <!-- description --><\/div> <!-- aio-icon-box --><\/a><\/div> <!-- aio-icon-component --><\/div><\/div><\/div><\/div><div class=\"ult-spacer spacer-69ece188d6147\" data-id=\"69ece188d6147\" data-height=\"120\" data-height-mobile=\"40\" data-height-tab=\"60\" data-height-tab-portrait=\"80\" data-height-mobile-landscape=\"40\" style=\"clear:both;display:block;\"><\/div><\/div><\/div><\/div><\/div><\/div><\/section><section class=\"l-section wpb_row height_small\" id=\"contact\"><div class=\"l-section-h i-cf\"><div class=\"g-cols vc_row via_flex valign_top type_default stacking_default\"><div class=\"vc_col-sm-3 wpb_column vc_column_container\"><div class=\"vc_column-inner\"><div class=\"wpb_wrapper\"><div class=\"wpb_text_column\"><div class=\"wpb_wrapper\"><h2 style=\"text-align: left;\"><strong>Kontaktieren <\/strong>Sie uns!<\/h2>\n<\/div><\/div><div class=\"ult-spacer spacer-69ece188d63b5\" data-id=\"69ece188d63b5\" data-height=\"40\" data-height-mobile=\"20\" data-height-tab=\"20\" data-height-tab-portrait=\"40\" data-height-mobile-landscape=\"20\" style=\"clear:both;display:block;\"><\/div><div class=\"w-btn-wrapper align_none\"><a class=\"w-btn us-btn-style_7\" title=\"Contact\" href=\"\/de\/about-us\/contact\/\"><span class=\"w-btn-label\">Suchen Sie das Gespr\u00e4ch<\/span><\/a><\/div><\/div><\/div><\/div><div class=\"vc_col-sm-9 wpb_column vc_column_container\"><div class=\"vc_column-inner\"><div class=\"wpb_wrapper\"><div class=\"wpb_text_column us_custom_6f9c3709\"><div class=\"wpb_wrapper\"><p style=\"text-align: left;\">Wo k\u00f6nnen wir Ihnen helfen? <strong>W\u00e4hlen Sie die entsprechende Region!<\/strong><\/p>\n<\/div><\/div><div class='ult_hotspot_container ult-adjust-bottom-margin ult-hotspot-tooltip-wrapper ' style=>  <img class='ult_hotspot_image' src=https:\/\/ew-nutrition.com\/wp-content\/uploads\/worldmap_contact-de.png alt='Worldmap Contact De'\/>     <div class='utl-hotspot-items ult-hotspot-item'><div class='ult-hotspot-item  ' style='top:-webkit-calc(47.561961206896555% - 16px);top:-moz-calc(47.561961206896555% - 16px);top:calc(47.561961206896555% - 16px);left: -webkit-calc(17.20142602495544% - 16px);left: -moz-calc(17.20142602495544% - 16px);left: calc(17.20142602495544% - 16px);' >  <div style='z-index: 39;position: relative;'>   <a data-link_style='simple' class='ult-tooltipstered ult-hotspot-tooltip' href=\"\/de\/about-us\/contact\/#americas\"  data-status='hide'><div class=\"ult-just-icon-wrapper  \"><div class=\"align-icon\" style=\"text-align:center;\">\n<div class=\"aio-icon advanced \"  style=\"color:#282828;background:#e8e100;border-style:solid;border-color:#ffffff;border-width:2px;width:48px;height:48px;line-height:48px;border-radius:500px;font-size:32px;display:inline-block;\">\n\t<i class=\"Defaults-map-marker\"><\/i>\n<\/div><\/div><\/div>  <\/a> <\/div><!-- ICON WRAP --> <div class='ult-glow' ><\/div><\/div><div class='ult-hotspot-item  ' style='top:-webkit-calc(47.618534482758626% - 16px);top:-moz-calc(47.618534482758626% - 16px);top:calc(47.618534482758626% - 16px);left: -webkit-calc(48.752228163992875% - 16px);left: -moz-calc(48.752228163992875% - 16px);left: calc(48.752228163992875% - 16px);' >  <div style='z-index: 39;position: relative;'>   <a data-link_style='simple' class='ult-tooltipstered ult-hotspot-tooltip' href=\"\/de\/about-us\/contact\/#europe-mea\"  data-status='hide'><div class=\"ult-just-icon-wrapper  \"><div class=\"align-icon\" style=\"text-align:center;\">\n<div class=\"aio-icon advanced \"  style=\"color:#282828;background:#e8e100;border-style:solid;border-color:#ffffff;border-width:2px;width:48px;height:48px;line-height:48px;border-radius:500px;font-size:32px;display:inline-block;\">\n\t<i class=\"Defaults-map-marker\"><\/i>\n<\/div><\/div><\/div>  <\/a> <\/div><!-- ICON WRAP --> <div class='ult-glow' ><\/div><\/div><div class='ult-hotspot-item  ' style='top:-webkit-calc(47.60506465517241% - 16px);top:-moz-calc(47.60506465517241% - 16px);top:calc(47.60506465517241% - 16px);left: -webkit-calc(80.3030303030303% - 16px);left: -moz-calc(80.3030303030303% - 16px);left: calc(80.3030303030303% - 16px);' >  <div style='z-index: 39;position: relative;'>   <a data-link_style='simple' class='ult-tooltipstered ult-hotspot-tooltip' href=\"\/de\/about-us\/contact\/#asia-pacific\"  data-status='hide'><div class=\"ult-just-icon-wrapper  \"><div class=\"align-icon\" style=\"text-align:center;\">\n<div class=\"aio-icon advanced \"  style=\"color:#282828;background:#e8e100;border-style:solid;border-color:#ffffff;border-width:2px;width:48px;height:48px;line-height:48px;border-radius:500px;font-size:32px;display:inline-block;\">\n\t<i class=\"Defaults-map-marker\"><\/i>\n<\/div><\/div><\/div>  <\/a> <\/div><!-- ICON WRAP --> <div class='ult-glow' ><\/div><\/div>\n<\/div>     <div style='color:#000;' data-image='    '><\/div><\/div><\/div><\/div><\/div><div class=\"vc_col-sm-12 wpb_column vc_column_container\"><div class=\"vc_column-inner\"><div class=\"wpb_wrapper\"><div class=\"ult-spacer spacer-69ece188d698a\" data-id=\"69ece188d698a\" data-height=\"120\" data-height-mobile=\"40\" data-height-tab=\"60\" data-height-tab-portrait=\"80\" data-height-mobile-landscape=\"40\" style=\"clear:both;display:block;\"><\/div><\/div><\/div><\/div><\/div><\/div><\/section><!-- Row Backgrounds --><div class=\"upb_color\" data-bg-override=\"0\" data-bg-color=\"\" data-fadeout=\"\" data-fadeout-percentage=\"30\" data-parallax-content=\"\" data-parallax-content-sense=\"30\" data-row-effect-mobile-disable=\"true\" data-img-parallax-mobile-disable=\"true\" data-rtl=\"false\"  data-custom-vc-row=\"\"  data-vc=\"8.7.2\"  data-is_old_vc=\"\"  data-theme-support=\"\"   data-overlay=\"false\" data-overlay-color=\"\" data-overlay-pattern=\"\" data-overlay-pattern-opacity=\"\" data-overlay-pattern-size=\"\"    ><\/div>\n","protected":false},"excerpt":{"rendered":"PagesKundenorientierte Serviceleistungen Noch bessere Produkterfahrung durch kundenindividuelle Unterst\u00fctzung ServiceleistungenSpezielle Probleme Individueller Service __________ F\u00fcr Ihre individuellen Anforderungen ist eine Standardl\u00f6sung nicht das Richtige. Die fachkundigen Mitarbeiter von EW Nutrition liefern Ihnen mit unseren ma\u00dfgeschneiderten Serviceleistungen genau das, was Sie brauchen, um die Produktivit\u00e4t und Profitabilit\u00e4t Ihres Betriebes zu verbessern. Profitabel, Professionell, Pr\u00e4zise Analyse-Service Futterhygiene Neuer...","protected":false},"author":8,"featured_media":0,"parent":57802,"menu_order":0,"comment_status":"closed","ping_status":"closed","template":"","meta":{"_acf_changed":false,"footnotes":""},"class_list":["post-199302","page","type-page","status-publish","hentry"],"acf":[],"yoast_head":"<!-- This site is optimized with the Yoast SEO Premium plugin v26.5 (Yoast SEO v27.4) - https:\/\/yoast.com\/product\/yoast-seo-premium-wordpress\/ -->\n<title>Serviceleistungen - EW Nutrition<\/title>\n<meta name=\"description\" content=\"Easy access to LISA, a system for product telemonitoring. Customers can login to view inventory, usage, history data and more.\" \/>\n<meta name=\"robots\" content=\"index, follow, max-snippet:-1, max-image-preview:large, max-video-preview:-1\" \/>\n<link rel=\"canonical\" href=\"https:\/\/ew-nutrition.com\/de\/animal-nutrition\/services\/\" \/>\n<meta property=\"og:locale\" content=\"de_DE\" \/>\n<meta property=\"og:type\" content=\"article\" \/>\n<meta property=\"og:title\" content=\"Serviceleistungen\" \/>\n<meta property=\"og:description\" content=\"Easy access to LISA, a system for product telemonitoring. Customers can login to view inventory, usage, history data and more.\" \/>\n<meta property=\"og:url\" content=\"https:\/\/ew-nutrition.com\/de\/animal-nutrition\/services\/\" \/>\n<meta property=\"og:site_name\" content=\"EW Nutrition\" \/>\n<meta property=\"article:modified_time\" content=\"2023-12-19T16:35:38+00:00\" \/>\n<meta name=\"twitter:card\" content=\"summary_large_image\" \/>\n<meta name=\"twitter:site\" content=\"@EWNutritionGmbH\" \/>\n<meta name=\"twitter:label1\" content=\"Est. reading time\" \/>\n\t<meta name=\"twitter:data1\" content=\"3 minutes\" \/>\n<!-- \/ Yoast SEO Premium plugin. -->","yoast_head_json":{"title":"Serviceleistungen - EW Nutrition","description":"Easy access to LISA, a system for product telemonitoring. Customers can login to view inventory, usage, history data and more.","robots":{"index":"index","follow":"follow","max-snippet":"max-snippet:-1","max-image-preview":"max-image-preview:large","max-video-preview":"max-video-preview:-1"},"canonical":"https:\/\/ew-nutrition.com\/de\/animal-nutrition\/services\/","og_locale":"de_DE","og_type":"article","og_title":"Serviceleistungen","og_description":"Easy access to LISA, a system for product telemonitoring. Customers can login to view inventory, usage, history data and more.","og_url":"https:\/\/ew-nutrition.com\/de\/animal-nutrition\/services\/","og_site_name":"EW Nutrition","article_modified_time":"2023-12-19T16:35:38+00:00","twitter_card":"summary_large_image","twitter_site":"@EWNutritionGmbH","twitter_misc":{"Est. reading time":"3 minutes"},"schema":{"@context":"https:\/\/schema.org","@graph":[{"@type":"WebPage","@id":"https:\/\/ew-nutrition.com\/de\/animal-nutrition\/services\/","url":"https:\/\/ew-nutrition.com\/de\/animal-nutrition\/services\/","name":"Serviceleistungen - EW Nutrition","isPartOf":{"@id":"https:\/\/ew-nutrition.com\/#website"},"datePublished":"2021-01-19T10:21:06+00:00","dateModified":"2023-12-19T16:35:38+00:00","description":"Easy access to LISA, a system for product telemonitoring. Customers can login to view inventory, usage, history data and more.","breadcrumb":{"@id":"https:\/\/ew-nutrition.com\/de\/animal-nutrition\/services\/#breadcrumb"},"inLanguage":"de","potentialAction":[{"@type":"ReadAction","target":["https:\/\/ew-nutrition.com\/de\/animal-nutrition\/services\/"]}]},{"@type":"BreadcrumbList","@id":"https:\/\/ew-nutrition.com\/de\/animal-nutrition\/services\/#breadcrumb","itemListElement":[{"@type":"ListItem","position":1,"name":"Home","item":"https:\/\/ew-nutrition.com\/de\/"},{"@type":"ListItem","position":2,"name":"Tierern\u00e4hrung","item":"https:\/\/ew-nutrition.com\/de\/animal-nutrition\/"},{"@type":"ListItem","position":3,"name":"Serviceleistungen"}]},{"@type":"WebSite","@id":"https:\/\/ew-nutrition.com\/#website","url":"https:\/\/ew-nutrition.com\/","name":"EW Nutrition","description":"Functional Innovations backed by Science","publisher":{"@id":"https:\/\/ew-nutrition.com\/#organization"},"potentialAction":[{"@type":"SearchAction","target":{"@type":"EntryPoint","urlTemplate":"https:\/\/ew-nutrition.com\/?s={search_term_string}"},"query-input":{"@type":"PropertyValueSpecification","valueRequired":true,"valueName":"search_term_string"}}],"inLanguage":"de"},{"@type":"Organization","@id":"https:\/\/ew-nutrition.com\/#organization","name":"EW Nutrition GmbH","url":"https:\/\/ew-nutrition.com\/","logo":{"@type":"ImageObject","inLanguage":"de","@id":"https:\/\/ew-nutrition.com\/#\/schema\/logo\/image\/","url":"","contentUrl":"","caption":"EW Nutrition GmbH"},"image":{"@id":"https:\/\/ew-nutrition.com\/#\/schema\/logo\/image\/"},"sameAs":["https:\/\/x.com\/EWNutritionGmbH","https:\/\/www.instagram.com\/ewnutrition\/","https:\/\/www.linkedin.com\/company\/ew-nutrition","https:\/\/www.youtube.com\/channel\/UCIvcb19uSOJXrUecTY8n_dA"]}]}},"_links":{"self":[{"href":"https:\/\/ew-nutrition.com\/de\/wp-json\/wp\/v2\/pages\/199302","targetHints":{"allow":["GET"]}}],"collection":[{"href":"https:\/\/ew-nutrition.com\/de\/wp-json\/wp\/v2\/pages"}],"about":[{"href":"https:\/\/ew-nutrition.com\/de\/wp-json\/wp\/v2\/types\/page"}],"author":[{"embeddable":true,"href":"https:\/\/ew-nutrition.com\/de\/wp-json\/wp\/v2\/users\/8"}],"replies":[{"embeddable":true,"href":"https:\/\/ew-nutrition.com\/de\/wp-json\/wp\/v2\/comments?post=199302"}],"version-history":[{"count":0,"href":"https:\/\/ew-nutrition.com\/de\/wp-json\/wp\/v2\/pages\/199302\/revisions"}],"up":[{"embeddable":true,"href":"https:\/\/ew-nutrition.com\/de\/wp-json\/wp\/v2\/pages\/57802"}],"wp:attachment":[{"href":"https:\/\/ew-nutrition.com\/de\/wp-json\/wp\/v2\/media?parent=199302"}],"curies":[{"name":"wp","href":"https:\/\/api.w.org\/{rel}","templated":true}]}}